{"id":5942,"date":"2019-10-24T09:52:36","date_gmt":"2019-10-24T07:52:36","guid":{"rendered":"https:\/\/skabuhus.no\/home-page\/"},"modified":"2026-01-06T12:46:14","modified_gmt":"2026-01-06T11:46:14","slug":"home-page","status":"publish","type":"page","link":"https:\/\/skabutradisjonsbygg.no\/en\/","title":{"rendered":"Home page"},"content":{"rendered":"<p>[et_pb_section fb_built=&#8221;1&#8243; fullwidth=&#8221;on&#8221; _builder_version=&#8221;4.23.4&#8243; background_color=&#8221;#8F8F8F&#8221; parallax=&#8221;on&#8221; max_width_tablet=&#8221;&#8221; max_width_phone=&#8221;100%&#8221; max_width_last_edited=&#8221;on|desktop&#8221; top_divider_flip=&#8221;vertical&#8221; bottom_divider_style=&#8221;ramp2&#8243; bottom_divider_color=&#8221;#ffffff&#8221; bottom_divider_height=&#8221;90px&#8221; bottom_divider_flip=&#8221;horizontal&#8221; hover_enabled=&#8221;0&#8243; global_colors_info=&#8221;{}&#8221; sticky_enabled=&#8221;0&#8243;][et_pb_fullwidth_slider _builder_version=&#8221;4.27.5&#8243; _module_preset=&#8221;default&#8221; background_image=&#8221;https:\/\/skabutradisjonsbygg.no\/wp-content\/uploads\/2023\/11\/Detalj-frukt-1-of-1.jpg&#8221; custom_button=&#8221;on&#8221; width=&#8221;100%&#8221; content_width=&#8221;130%&#8221; custom_margin=&#8221;-1px||||false|false&#8221; custom_padding=&#8221;450px||||false|false&#8221; animation_style=&#8221;fade&#8221; auto=&#8221;on&#8221; hover_enabled=&#8221;0&#8243; button_text_size_tablet=&#8221;10px&#8221; button_text_size_phone=&#8221;5px&#8221; button_text_size_last_edited=&#8221;on|phone&#8221; global_colors_info=&#8221;{}&#8221; sticky_enabled=&#8221;0&#8243;][et_pb_slide _builder_version=&#8221;4.27.5&#8243; _module_preset=&#8221;default&#8221; background_image=&#8221;https:\/\/skabutradisjonsbygg.no\/wp-content\/uploads\/2026\/01\/Ottesen-redigert-bakgrunn-scaled.jpg&#8221; background_enable_image=&#8221;on&#8221; hover_enabled=&#8221;0&#8243; global_colors_info=&#8221;{}&#8221; sticky_transition=&#8221;on&#8221; title_text=&#8221;Ottesen redigert bakgrunn&#8221; sticky_enabled=&#8221;0&#8243;][\/et_pb_slide][\/et_pb_fullwidth_slider][et_pb_fullwidth_header title=&#8221;On nature&#039;s terms&#8221; _builder_version=&#8221;4.24.2&#8243; _module_preset=&#8221;default&#8221; background_color=&#8221;#0972AE&#8221; global_colors_info=&#8221;{}&#8221;]<\/p>\n<p>Since 1989, Sk\u00e5bu Tradisjonsbygg has built a couple of hundred cabins, none of them the same because we help you create something unique and completely customized for you and your family. We&#8217;ve created some great cabin models to use as a starting point, all with our distinctive look and feel, with sturdy, robust posts and large windows for light and views. We want what we build to become part of the mountain and nature, which is why we build with renewable, locally sourced materials. We look forward to welcoming you and showing you our cabins, plots and opportunities!   <\/p>\n<p>[\/et_pb_fullwidth_header][\/et_pb_section][et_pb_section fb_built=&#8221;1&#8243; _builder_version=&#8221;4.24.2&#8243; _module_preset=&#8221;default&#8221; global_colors_info=&#8221;{}&#8221;][et_pb_row _builder_version=&#8221;4.24.2&#8243; _module_preset=&#8221;default&#8221; global_colors_info=&#8221;{}&#8221;][et_pb_column type=&#8221;4_4&#8243; _builder_version=&#8221;4.24.2&#8243; _module_preset=&#8221;default&#8221; global_colors_info=&#8221;{}&#8221;][et_pb_image src=&#8221;https:\/\/skabutradisjonsbygg.no\/wp-content\/uploads\/2024\/07\/Skaget-med-hems-16-9.jpg&#8221; title_text=&#8221;Skaget with hems 16 9&#8243; url=&#8221;@ET-DC@eyJkeW5hbWljIjp0cnVlLCJjb250ZW50IjoicG9zdF9saW5rX3VybF9wYWdlIiwic2V0dGluZ3MiOnsicG9zdF9pZCI6IjQ5NzAifX0=@&#8221; _builder_version=&#8221;4.27.0&#8243; _dynamic_attributes=&#8221;url&#8221; _module_preset=&#8221;default&#8221; border_width_all=&#8221;1px&#8221; global_colors_info=&#8221;{}&#8221;][\/et_pb_image][\/et_pb_column][\/et_pb_row][et_pb_row _builder_version=&#8221;4.24.2&#8243; _module_preset=&#8221;default&#8221; global_colors_info=&#8221;{}&#8221;][et_pb_column type=&#8221;4_4&#8243; _builder_version=&#8221;4.24.2&#8243; _module_preset=&#8221;default&#8221; global_colors_info=&#8221;{}&#8221;][et_pb_image src=&#8221;https:\/\/skabutradisjonsbygg.no\/wp-content\/uploads\/2022\/10\/DSC0432-HDR-1.jpg&#8221; title_text=&#8221;Living room and kitchen in cabin model G\u00e5l\u00e5.&#8221; url=&#8221;@ET-DC@eyJkeW5hbWljIjp0cnVlLCJjb250ZW50IjoicG9zdF9saW5rX3VybF9wYWdlIiwic2V0dGluZ3MiOnsicG9zdF9pZCI6IjUwMTMifX0=@&#8221; _builder_version=&#8221;4.27.0&#8243; _dynamic_attributes=&#8221;url&#8221; _module_preset=&#8221;default&#8221; border_width_all=&#8221;1px&#8221; global_colors_info=&#8221;{}&#8221;][\/et_pb_image][\/et_pb_column][\/et_pb_row][et_pb_row _builder_version=&#8221;4.24.2&#8243; _module_preset=&#8221;default&#8221; global_colors_info=&#8221;{}&#8221;][et_pb_column type=&#8221;4_4&#8243; _builder_version=&#8221;4.24.2&#8243; _module_preset=&#8221;default&#8221; global_colors_info=&#8221;{}&#8221;][et_pb_image src=&#8221;https:\/\/skabutradisjonsbygg.no\/wp-content\/uploads\/2024\/01\/skabutrad_301123_0795-e1711114487137.jpg&#8221; title_text=&#8221;Sk\u00e5bu traditional building&#8221; _builder_version=&#8221;4.27.0&#8243; _module_preset=&#8221;default&#8221; border_width_all=&#8221;1px&#8221; global_colors_info=&#8221;{}&#8221;][\/et_pb_image][\/et_pb_column][\/et_pb_row][et_pb_row _builder_version=&#8221;4.24.2&#8243; _module_preset=&#8221;default&#8221; global_colors_info=&#8221;{}&#8221;][et_pb_column type=&#8221;4_4&#8243; _builder_version=&#8221;4.24.2&#8243; _module_preset=&#8221;default&#8221; global_colors_info=&#8221;{}&#8221;][et_pb_image src=&#8221;https:\/\/skabutradisjonsbygg.no\/wp-content\/uploads\/2024\/07\/Jotunheimen113_Gjethammer.jpg&#8221; title_text=&#8221;Jotunheimen113_Gjethammer&#8221; _builder_version=&#8221;4.27.4&#8243; _module_preset=&#8221;default&#8221; border_width_all=&#8221;1px&#8221; global_colors_info=&#8221;{}&#8221;][\/et_pb_image][\/et_pb_column][\/et_pb_row][et_pb_row _builder_version=&#8221;4.24.2&#8243; _module_preset=&#8221;default&#8221; global_colors_info=&#8221;{}&#8221;][et_pb_column type=&#8221;4_4&#8243; _builder_version=&#8221;4.24.2&#8243; _module_preset=&#8221;default&#8221; global_colors_info=&#8221;{}&#8221;][et_pb_image src=&#8221;https:\/\/skabutradisjonsbygg.no\/wp-content\/uploads\/2022\/05\/Forsidebilde-web-scaled.jpg&#8221; title_text=&#8221;Cabin model Skaget with loft with Ruten in the background.&#8221; _builder_version=&#8221;4.27.4&#8243; _module_preset=&#8221;default&#8221; border_width_all=&#8221;1px&#8221; global_colors_info=&#8221;{}&#8221;][\/et_pb_image][\/et_pb_column][\/et_pb_row][\/et_pb_section][et_pb_section fb_built=&#8221;1&#8243; fullwidth=&#8221;on&#8221; _builder_version=&#8221;4.27.4&#8243; _module_preset=&#8221;default&#8221; global_colors_info=&#8221;{}&#8221;][et_pb_fullwidth_header title=&#8221;Local craftsmanship for almost 30 years&#8221; _builder_version=&#8221;4.27.4&#8243; _module_preset=&#8221;default&#8221; background_color=&#8221;#0972AE&#8221; global_colors_info=&#8221;{}&#8221;]<\/p>\n<p>Sk\u00e5bu Tradisjonsbygg was founded by P\u00e5l Hallvard Virik in 1989, and has been registered as a company since 1997. The company&#8217;s premises are located in Sk\u00e5bu, Northern Europe&#8217;s highest inhabited rural community, and is the largest private workplace in Sk\u00e5bu. Sk\u00e5bu Tradisjonsbygg is a master craftsman company, a publicly approved apprentice company and has central approval.  <\/p>\n<p>&nbsp;<\/p>\n<p>Through decades of construction and restoration projects, Sk\u00e5bu Tradisjonsbygg has built up solid expertise in hand lay-up and stick-building. Sk\u00e5bu Tradisjonsbygg&#8217;s specialty is the combination technique known as post and log construction (stavlaft). <\/p>\n<p>&nbsp;<\/p>\n<p>Sk\u00e5bu Tradisjonsbygg has employees with vocational training in bricklaying, tiling and paving, and spring room certification. The expertise available in Sk\u00e5bu Tradisjonsbygg ranges from a trade certificate to a degree in history at university level. Sk\u00e5bu Tradisjonsbygg stands out in the industry with this combination of vision and down-to-earth craftsmanship.  <\/p>\n<p>&nbsp;<\/p>\n<p>At Sk\u00e5bu Tradisjonsbygg, we emphasize close dialogue before, during and after the building process has been completed. Sk\u00e5bu Tradisjonsbygg has central approval and we take care of the entire building application process from application to the building being ready for occupation. We prepare construction drawings in close collaboration with you so that the building meets your wishes and needs, and also coordinate the other suppliers in the building process, such as the foundation contractor, plumber and electrician. You&#8217;ll have fewer companies to deal with and the construction process will be more efficient and coordinated.   <\/p>\n<p>&nbsp;<\/p>\n<p>Each cabin is tailored to the customer&#8217;s wishes and needs, which is why we haven&#8217;t yet built two completely identical cabins! Our goal is for customers to be satisfied with everything from start to finish and that when the key is handed over, they unlock their dream cabin. <\/p>\n<p>&nbsp;<\/p>\n<p>We often find that the people we&#8217;ve built cabins for come back to us when they want to build a garage, shed or guest cabin &#8211; that&#8217;s the best praise we can get. We have a particularly close relationship with those who build cabins in Sk\u00e5bu, because in this small mountain village everyone becomes part of the local community. <\/p>\n<p>[\/et_pb_fullwidth_header][\/et_pb_section]<\/p>\n","protected":false},"excerpt":{"rendered":"<p>Since 1989, Sk\u00e5bu Tradisjonsbygg has built a couple of hundred cabins, none of them the same because we help you create something unique and completely customized for you and your family. We&#8217;ve created some great cabin models to use as a starting point, all with our distinctive look and feel, with sturdy, robust posts and [&hellip;]<\/p>\n","protected":false},"author":2,"featured_media":0,"parent":0,"menu_order":0,"comment_status":"closed","ping_status":"closed","template":"","meta":{"_et_pb_use_builder":"on","_et_pb_old_content":"","_et_gb_content_width":"","footnotes":""},"class_list":["post-5942","page","type-page","status-publish","hentry"],"yoast_head":"<!-- This site is optimized with the Yoast SEO plugin v27.4 - https:\/\/yoast.com\/product\/yoast-seo-wordpress\/ -->\n<title>Home page - Sk\u00e5bu Tradisjonsbygg AS<\/title>\n<meta name=\"robots\" content=\"index, follow, max-snippet:-1, max-image-preview:large, max-video-preview:-1\" \/>\n<link rel=\"canonical\" href=\"https:\/\/skabutradisjonsbygg.no\/en\/\" \/>\n<meta property=\"og:locale\" content=\"en_US\" \/>\n<meta property=\"og:type\" content=\"article\" \/>\n<meta property=\"og:title\" content=\"Home page - Sk\u00e5bu Tradisjonsbygg AS\" \/>\n<meta property=\"og:description\" content=\"Since 1989, Sk\u00e5bu Tradisjonsbygg has built a couple of hundred cabins, none of them the same because we help you create something unique and completely customized for you and your family. We&#039;ve created some great cabin models to use as a starting point, all with our distinctive look and feel, with sturdy, robust posts and [&hellip;]\" \/>\n<meta property=\"og:url\" content=\"https:\/\/skabutradisjonsbygg.no\/en\/\" \/>\n<meta property=\"og:site_name\" content=\"Sk\u00e5bu Tradisjonsbygg AS\" \/>\n<meta property=\"article:modified_time\" content=\"2026-01-06T11:46:14+00:00\" \/>\n<meta name=\"twitter:card\" content=\"summary_large_image\" \/>\n<meta name=\"twitter:label1\" content=\"Est. reading time\" \/>\n\t<meta name=\"twitter:data1\" content=\"5 minutes\" \/>\n<script type=\"application\/ld+json\" class=\"yoast-schema-graph\">{\"@context\":\"https:\\\/\\\/schema.org\",\"@graph\":[{\"@type\":\"WebPage\",\"@id\":\"https:\\\/\\\/skabutradisjonsbygg.no\\\/en\\\/\",\"url\":\"https:\\\/\\\/skabutradisjonsbygg.no\\\/en\\\/\",\"name\":\"Home page - Sk\u00e5bu Tradisjonsbygg AS\",\"isPartOf\":{\"@id\":\"https:\\\/\\\/skabutradisjonsbygg.no\\\/en\\\/#website\"},\"datePublished\":\"2019-10-24T07:52:36+00:00\",\"dateModified\":\"2026-01-06T11:46:14+00:00\",\"breadcrumb\":{\"@id\":\"https:\\\/\\\/skabutradisjonsbygg.no\\\/en\\\/#breadcrumb\"},\"inLanguage\":\"en-US\",\"potentialAction\":[{\"@type\":\"ReadAction\",\"target\":[\"https:\\\/\\\/skabutradisjonsbygg.no\\\/en\\\/\"]}]},{\"@type\":\"BreadcrumbList\",\"@id\":\"https:\\\/\\\/skabutradisjonsbygg.no\\\/en\\\/#breadcrumb\",\"itemListElement\":[{\"@type\":\"ListItem\",\"position\":1,\"name\":\"Hjem\",\"item\":\"https:\\\/\\\/skabutradisjonsbygg.no\\\/en\\\/\"},{\"@type\":\"ListItem\",\"position\":2,\"name\":\"Home page\"}]},{\"@type\":\"WebSite\",\"@id\":\"https:\\\/\\\/skabutradisjonsbygg.no\\\/en\\\/#website\",\"url\":\"https:\\\/\\\/skabutradisjonsbygg.no\\\/en\\\/\",\"name\":\"Sk\u00e5bu Tradisjonsbygg AS\",\"description\":\"Tradisjonelle bygg for mennesker i v\u00e5r egen tid\",\"potentialAction\":[{\"@type\":\"SearchAction\",\"target\":{\"@type\":\"EntryPoint\",\"urlTemplate\":\"https:\\\/\\\/skabutradisjonsbygg.no\\\/en\\\/?s={search_term_string}\"},\"query-input\":{\"@type\":\"PropertyValueSpecification\",\"valueRequired\":true,\"valueName\":\"search_term_string\"}}],\"inLanguage\":\"en-US\"}]}<\/script>\n<!-- \/ Yoast SEO plugin. -->","yoast_head_json":{"title":"Home page - Sk\u00e5bu Tradisjonsbygg AS","robots":{"index":"index","follow":"follow","max-snippet":"max-snippet:-1","max-image-preview":"max-image-preview:large","max-video-preview":"max-video-preview:-1"},"canonical":"https:\/\/skabutradisjonsbygg.no\/en\/","og_locale":"en_US","og_type":"article","og_title":"Home page - Sk\u00e5bu Tradisjonsbygg AS","og_description":"Since 1989, Sk\u00e5bu Tradisjonsbygg has built a couple of hundred cabins, none of them the same because we help you create something unique and completely customized for you and your family. We've created some great cabin models to use as a starting point, all with our distinctive look and feel, with sturdy, robust posts and [&hellip;]","og_url":"https:\/\/skabutradisjonsbygg.no\/en\/","og_site_name":"Sk\u00e5bu Tradisjonsbygg AS","article_modified_time":"2026-01-06T11:46:14+00:00","twitter_card":"summary_large_image","twitter_misc":{"Est. reading time":"5 minutes"},"schema":{"@context":"https:\/\/schema.org","@graph":[{"@type":"WebPage","@id":"https:\/\/skabutradisjonsbygg.no\/en\/","url":"https:\/\/skabutradisjonsbygg.no\/en\/","name":"Home page - Sk\u00e5bu Tradisjonsbygg AS","isPartOf":{"@id":"https:\/\/skabutradisjonsbygg.no\/en\/#website"},"datePublished":"2019-10-24T07:52:36+00:00","dateModified":"2026-01-06T11:46:14+00:00","breadcrumb":{"@id":"https:\/\/skabutradisjonsbygg.no\/en\/#breadcrumb"},"inLanguage":"en-US","potentialAction":[{"@type":"ReadAction","target":["https:\/\/skabutradisjonsbygg.no\/en\/"]}]},{"@type":"BreadcrumbList","@id":"https:\/\/skabutradisjonsbygg.no\/en\/#breadcrumb","itemListElement":[{"@type":"ListItem","position":1,"name":"Hjem","item":"https:\/\/skabutradisjonsbygg.no\/en\/"},{"@type":"ListItem","position":2,"name":"Home page"}]},{"@type":"WebSite","@id":"https:\/\/skabutradisjonsbygg.no\/en\/#website","url":"https:\/\/skabutradisjonsbygg.no\/en\/","name":"Sk\u00e5bu Tradisjonsbygg AS","description":"Tradisjonelle bygg for mennesker i v\u00e5r egen tid","potentialAction":[{"@type":"SearchAction","target":{"@type":"EntryPoint","urlTemplate":"https:\/\/skabutradisjonsbygg.no\/en\/?s={search_term_string}"},"query-input":{"@type":"PropertyValueSpecification","valueRequired":true,"valueName":"search_term_string"}}],"inLanguage":"en-US"}]}},"_links":{"self":[{"href":"https:\/\/skabutradisjonsbygg.no\/en\/wp-json\/wp\/v2\/pages\/5942","targetHints":{"allow":["GET"]}}],"collection":[{"href":"https:\/\/skabutradisjonsbygg.no\/en\/wp-json\/wp\/v2\/pages"}],"about":[{"href":"https:\/\/skabutradisjonsbygg.no\/en\/wp-json\/wp\/v2\/types\/page"}],"author":[{"embeddable":true,"href":"https:\/\/skabutradisjonsbygg.no\/en\/wp-json\/wp\/v2\/users\/2"}],"replies":[{"embeddable":true,"href":"https:\/\/skabutradisjonsbygg.no\/en\/wp-json\/wp\/v2\/comments?post=5942"}],"version-history":[{"count":0,"href":"https:\/\/skabutradisjonsbygg.no\/en\/wp-json\/wp\/v2\/pages\/5942\/revisions"}],"wp:attachment":[{"href":"https:\/\/skabutradisjonsbygg.no\/en\/wp-json\/wp\/v2\/media?parent=5942"}],"curies":[{"name":"wp","href":"https:\/\/api.w.org\/{rel}","templated":true}]}}