{"id":5939,"date":"2019-10-28T13:04:37","date_gmt":"2019-10-28T12:04:37","guid":{"rendered":"https:\/\/skabuhus.no\/about-us\/"},"modified":"2025-05-26T14:27:49","modified_gmt":"2025-05-26T12:27:49","slug":"about-us","status":"publish","type":"page","link":"https:\/\/skabutradisjonsbygg.no\/en\/about-us\/","title":{"rendered":"About us"},"content":{"rendered":"<p>[et_pb_section fb_built=&#8221;1&#8243; custom_padding_last_edited=&#8221;on|desktop&#8221; _builder_version=&#8221;4.16&#8243; background_color=&#8221;#ffffff&#8221; custom_padding=&#8221;110px||160px||false|false&#8221; custom_padding_tablet=&#8221;&#8221; custom_padding_phone=&#8221;40px||||false|false&#8221; top_divider_color=&#8221;rgba(81,123,189,0.4)&#8221; top_divider_height=&#8221;90px&#8221; top_divider_flip=&#8221;vertical&#8221; bottom_divider_color=&#8221;#0e4b80&#8243; global_colors_info=&#8221;{}&#8221;][et_pb_row custom_padding_last_edited=&#8221;on|phone&#8221; _builder_version=&#8221;4.16&#8243; custom_padding=&#8221;28px||0px||false|false&#8221; custom_padding_tablet=&#8221;&#8221; custom_padding_phone=&#8221;&#8221; global_colors_info=&#8221;{}&#8221;][et_pb_column type=&#8221;4_4&#8243; _builder_version=&#8221;4.16&#8243; global_colors_info=&#8221;{}&#8221;][et_pb_text _builder_version=&#8221;4.16&#8243; text_font=&#8221;||||||||&#8221; header_font=&#8221;||||||||&#8221; custom_padding=&#8221;||0px||false|false&#8221; custom_padding_tablet=&#8221;&#8221; custom_padding_phone=&#8221;||0px||false|false&#8221; custom_padding_last_edited=&#8221;on|desktop&#8221; header_line_height_tablet=&#8221;&#8221; header_line_height_phone=&#8221;1.6em&#8221; header_line_height_last_edited=&#8221;on|phone&#8221; global_colors_info=&#8221;{}&#8221;]<\/p>\n<h1 style=\"text-align: center;\">About Sk\u00e5bu Tradisjonsbygg<\/h1>\n<p>[\/et_pb_text][\/et_pb_column][\/et_pb_row][et_pb_row column_structure=&#8221;1_2,1_2&#8243; _builder_version=&#8221;4.16&#8243; custom_margin=&#8221;90px|auto||auto||&#8221; custom_margin_tablet=&#8221;&#8221; custom_margin_phone=&#8221;40px||||false|false&#8221; custom_margin_last_edited=&#8221;on|desktop&#8221; custom_padding=&#8221;0px||60px|||&#8221; border_width_bottom=&#8221;8px&#8221; border_color_bottom=&#8221;#918b64&#8243; global_colors_info=&#8221;{}&#8221;][et_pb_column type=&#8221;1_2&#8243; _builder_version=&#8221;4.16&#8243; global_colors_info=&#8221;{}&#8221;][et_pb_image src=&#8221;https:\/\/skabutradisjonsbygg.no\/wp-content\/uploads\/2019\/10\/245effadf41c6129f4fe7accc564ef86_L.jpg&#8221; _builder_version=&#8221;4.16&#8243; global_colors_info=&#8221;{}&#8221;][\/et_pb_image][\/et_pb_column][et_pb_column type=&#8221;1_2&#8243; _builder_version=&#8221;4.16&#8243; global_colors_info=&#8221;{}&#8221;][et_pb_text _builder_version=&#8221;4.16&#8243; header_2_font_size_tablet=&#8221;&#8221; header_2_font_size_phone=&#8221;24px&#8221; header_2_font_size_last_edited=&#8221;on|phone&#8221; global_colors_info=&#8221;{}&#8221;]<\/p>\n<h2>Our history<\/h2>\n<p>Sk\u00e5bu Tradisjonsbygg was founded by P\u00e5l Hallvard Virik in 1989, and has been registered as a company since 1997. The company is the largest private workplace in Sk\u00e5bu, and currently has 14 employees. Sk\u00e5bu Tradisjonsbygg AS is a master craftsman company, a publicly approved apprenticeship company and has central approval.  <\/p>\n<p>For three consecutive years from 2006 and in 2017, Sk\u00e5bu Tradisjonsbygg received the Gaselle company award from Dagens N\u00e6ringsliv.<\/p>\n<p>The company has also received grants from Innovation Norway for the Sk\u00e5buhus project in 2005 and Framtidsrettet Tradition in 2014.<\/p>\n<p>On July 15, 2012, Sk\u00e5bu Tradisjonsbygg took over the daily operation of Sk\u00e5bu Fjellgrend. P\u00e5l Hallvard Virik is the general manager of both Sk\u00e5bu Fjellgrend and Sk\u00e5bu Tradisjonsbygg. <\/p>\n<p>[\/et_pb_text][\/et_pb_column][\/et_pb_row][et_pb_row column_structure=&#8221;1_2,1_2&#8243; _builder_version=&#8221;4.16&#8243; custom_padding=&#8221;60px||60px|||&#8221; border_color_all=&#8221;#f8c47c&#8221; border_width_bottom=&#8221;8px&#8221; global_colors_info=&#8221;{}&#8221;][et_pb_column type=&#8221;1_2&#8243; _builder_version=&#8221;4.16&#8243; global_colors_info=&#8221;{}&#8221;][et_pb_text _builder_version=&#8221;4.16&#8243; header_2_font_size_tablet=&#8221;&#8221; header_2_font_size_phone=&#8221;24px&#8221; header_2_font_size_last_edited=&#8221;on|phone&#8221; global_colors_info=&#8221;{}&#8221;]<\/p>\n<h2><span>Our services<\/span><\/h2>\n<p><span>Sk\u00e5bu Tradisjonsbygg has central approval and often takes care of the entire building application process from application until the building is ready for occupation. We prepare construction drawings in close collaboration with you, so that the building meets your wishes and needs. We also coordinate the other suppliers in the building process, such as the foundation contractor, plumber and electrician. You&#8217;ll have fewer companies to deal with, and the construction process will be more efficient and coordinated.   <\/span><\/p>\n<p>[\/et_pb_text][\/et_pb_column][et_pb_column type=&#8221;1_2&#8243; _builder_version=&#8221;4.16&#8243; global_colors_info=&#8221;{}&#8221;][et_pb_image src=&#8221;https:\/\/skabutradisjonsbygg.no\/wp-content\/uploads\/2019\/10\/IMG_3345-567-1920-1080-90.jpg&#8221; _builder_version=&#8221;4.16&#8243; global_colors_info=&#8221;{}&#8221;][\/et_pb_image][\/et_pb_column][\/et_pb_row][et_pb_row column_structure=&#8221;1_2,1_2&#8243; _builder_version=&#8221;4.16&#8243; custom_padding=&#8221;60px||60px|||&#8221; border_width_bottom=&#8221;8px&#8221; border_color_bottom=&#8221;#d7e0f1&#8243; global_colors_info=&#8221;{}&#8221;][et_pb_column type=&#8221;1_2&#8243; _builder_version=&#8221;4.16&#8243; global_colors_info=&#8221;{}&#8221;][et_pb_image src=&#8221;https:\/\/skabutradisjonsbygg.no\/wp-content\/uploads\/2019\/10\/c3997142576e6f4d163ead570965368d_L.jpg&#8221; _builder_version=&#8221;4.16&#8243; global_colors_info=&#8221;{}&#8221;][\/et_pb_image][\/et_pb_column][et_pb_column type=&#8221;1_2&#8243; _builder_version=&#8221;4.16&#8243; global_colors_info=&#8221;{}&#8221;][et_pb_text _builder_version=&#8221;4.24.1&#8243; custom_padding=&#8221;||8px|||&#8221; header_2_font_size_tablet=&#8221;&#8221; header_2_font_size_phone=&#8221;24px&#8221; header_2_font_size_last_edited=&#8221;on|phone&#8221; global_colors_info=&#8221;{}&#8221;]<\/p>\n<h2><span>Expertise<\/span><\/h2>\n<p>Trough decades of construction and restoration projects, Sk\u00e5bu Tradisjonsbygg has built up solid expertise in hand-hewn and stick-built structures. The combination technique of post and log is our specialty. The company also has employees with vocational training in bricklaying, tiling and paving, and spring room certification. Sk\u00e5bu Tradisjonsbygg is a publicly approved apprentice company. The expertise of our employees ranges from a trade certificate to a degree in history at university level. Sk\u00e5bu Tradisjonsbygg stands out in the industry with this combination of vision and down-to-earth craftsmanship.      <\/p>\n<p>[\/et_pb_text][\/et_pb_column][\/et_pb_row][et_pb_row column_structure=&#8221;1_2,1_2&#8243; _builder_version=&#8221;4.16&#8243; custom_padding=&#8221;60px||60px|||&#8221; border_width_bottom=&#8221;8px&#8221; border_color_bottom=&#8221;#f4a82a&#8221; global_colors_info=&#8221;{}&#8221;][et_pb_column type=&#8221;1_2&#8243; _builder_version=&#8221;4.16&#8243; global_colors_info=&#8221;{}&#8221;][et_pb_text _builder_version=&#8221;4.16&#8243; header_2_font_size_tablet=&#8221;&#8221; header_2_font_size_phone=&#8221;24px&#8221; header_2_font_size_last_edited=&#8221;on|phone&#8221; global_colors_info=&#8221;{}&#8221;]<\/p>\n<h2>Timber<\/h2>\n<p><span>Post and log buildings are environmental buildings. Wood is a natural material and sheep&#8217;s wool is used between the logs. So these are not tight boxes, but buildings that are allowed to breathe. This also ensures a good indoor climate. We hand-veneer the walls, which gives them more life and soul than machine-veneered walls. Solid craftsmanship and slowly dried timber are very important for the high quality of our timber frame buildings. A timber frame cabin is a cabin for the future. With a tight roof and a solid foundation, it can last for hundreds of years.       <\/span><\/p>\n<p>[\/et_pb_text][\/et_pb_column][et_pb_column type=&#8221;1_2&#8243; _builder_version=&#8221;4.16&#8243; global_colors_info=&#8221;{}&#8221;][et_pb_image src=&#8221;https:\/\/skabutradisjonsbygg.no\/wp-content\/uploads\/2019\/10\/9415f9bcd76598f9c08127db1641b596_L.jpg&#8221; _builder_version=&#8221;4.16&#8243; global_colors_info=&#8221;{}&#8221;][\/et_pb_image][\/et_pb_column][\/et_pb_row][et_pb_row column_structure=&#8221;1_2,1_2&#8243; _builder_version=&#8221;4.16&#8243; custom_padding=&#8221;60px||0px|||&#8221; border_color_bottom=&#8221;#f4a82a&#8221; global_colors_info=&#8221;{}&#8221;][et_pb_column type=&#8221;1_2&#8243; _builder_version=&#8221;4.16&#8243; global_colors_info=&#8221;{}&#8221;][et_pb_image src=&#8221;https:\/\/skabutradisjonsbygg.no\/wp-content\/uploads\/2024\/02\/Bilde-kundeforhold-1-scaled.jpg&#8221; title_text=&#8221;Image customer relationship-1&#8243; _builder_version=&#8221;4.24.1&#8243; global_colors_info=&#8221;{}&#8221;][\/et_pb_image][\/et_pb_column][et_pb_column type=&#8221;1_2&#8243; _builder_version=&#8221;4.16&#8243; global_colors_info=&#8221;{}&#8221;][et_pb_text _builder_version=&#8221;4.16&#8243; header_2_font_size_tablet=&#8221;&#8221; header_2_font_size_phone=&#8221;24px&#8221; header_2_font_size_last_edited=&#8221;on|phone&#8221; global_colors_info=&#8221;{}&#8221;]<\/p>\n<h2>Customer relations<\/h2>\n<p>We emphasize close dialogue before, during and after the construction process is completed. Each cabin is adapted to the customer&#8217;s wishes and needs. Our goal is for customers to be satisfied with our services and buildings. We often find that the people we have built cabins for come back to us when they want to build a garage, shed or guest cabin. That&#8217;s the best praise we can get. We are happy to provide references, if you wish. We have a particularly close relationship with those who build cabins in Sk\u00e5bu. In this small mountain village, everyone becomes part of the local community.      <\/p>\n<p>[\/et_pb_text][\/et_pb_column][\/et_pb_row][\/et_pb_section]<\/p>\n","protected":false},"excerpt":{"rendered":"<p>About Sk\u00e5bu TradisjonsbyggOur history Sk\u00e5bu Tradisjonsbygg was founded by P\u00e5l Hallvard Virik in 1989, and has been registered as a company since 1997. The company is the largest private workplace in Sk\u00e5bu, and currently has 14 employees. Sk\u00e5bu Tradisjonsbygg AS is a master craftsman company, a publicly approved apprenticeship company and has central approval. For [&hellip;]<\/p>\n","protected":false},"author":2,"featured_media":0,"parent":0,"menu_order":0,"comment_status":"closed","ping_status":"closed","template":"","meta":{"_et_pb_use_builder":"on","_et_pb_old_content":"","_et_gb_content_width":"","footnotes":""},"class_list":["post-5939","page","type-page","status-publish","hentry"],"yoast_head":"<!-- This site is optimized with the Yoast SEO plugin v27.5 - https:\/\/yoast.com\/product\/yoast-seo-wordpress\/ -->\n<title>About us - Sk\u00e5bu Tradisjonsbygg AS<\/title>\n<meta name=\"robots\" content=\"index, follow, max-snippet:-1, max-image-preview:large, max-video-preview:-1\" \/>\n<link rel=\"canonical\" href=\"https:\/\/skabutradisjonsbygg.no\/en\/about-us\/\" \/>\n<meta property=\"og:locale\" content=\"en_US\" \/>\n<meta property=\"og:type\" content=\"article\" \/>\n<meta property=\"og:title\" content=\"About us - Sk\u00e5bu Tradisjonsbygg AS\" \/>\n<meta property=\"og:description\" content=\"About Sk\u00e5bu TradisjonsbyggOur history Sk\u00e5bu Tradisjonsbygg was founded by P\u00e5l Hallvard Virik in 1989, and has been registered as a company since 1997. The company is the largest private workplace in Sk\u00e5bu, and currently has 14 employees. Sk\u00e5bu Tradisjonsbygg AS is a master craftsman company, a publicly approved apprenticeship company and has central approval. For [&hellip;]\" \/>\n<meta property=\"og:url\" content=\"https:\/\/skabutradisjonsbygg.no\/en\/about-us\/\" \/>\n<meta property=\"og:site_name\" content=\"Sk\u00e5bu Tradisjonsbygg AS\" \/>\n<meta property=\"article:modified_time\" content=\"2025-05-26T12:27:49+00:00\" \/>\n<meta name=\"twitter:card\" content=\"summary_large_image\" \/>\n<meta name=\"twitter:label1\" content=\"Est. reading time\" \/>\n\t<meta name=\"twitter:data1\" content=\"6 minutes\" \/>\n<script type=\"application\/ld+json\" class=\"yoast-schema-graph\">{\"@context\":\"https:\\\/\\\/schema.org\",\"@graph\":[{\"@type\":\"WebPage\",\"@id\":\"https:\\\/\\\/skabutradisjonsbygg.no\\\/en\\\/about-us\\\/\",\"url\":\"https:\\\/\\\/skabutradisjonsbygg.no\\\/en\\\/about-us\\\/\",\"name\":\"About us - Sk\u00e5bu Tradisjonsbygg AS\",\"isPartOf\":{\"@id\":\"https:\\\/\\\/skabutradisjonsbygg.no\\\/en\\\/#website\"},\"datePublished\":\"2019-10-28T12:04:37+00:00\",\"dateModified\":\"2025-05-26T12:27:49+00:00\",\"breadcrumb\":{\"@id\":\"https:\\\/\\\/skabutradisjonsbygg.no\\\/en\\\/about-us\\\/#breadcrumb\"},\"inLanguage\":\"en-US\",\"potentialAction\":[{\"@type\":\"ReadAction\",\"target\":[\"https:\\\/\\\/skabutradisjonsbygg.no\\\/en\\\/about-us\\\/\"]}]},{\"@type\":\"BreadcrumbList\",\"@id\":\"https:\\\/\\\/skabutradisjonsbygg.no\\\/en\\\/about-us\\\/#breadcrumb\",\"itemListElement\":[{\"@type\":\"ListItem\",\"position\":1,\"name\":\"Hjem\",\"item\":\"https:\\\/\\\/skabutradisjonsbygg.no\\\/en\\\/\"},{\"@type\":\"ListItem\",\"position\":2,\"name\":\"About us\"}]},{\"@type\":\"WebSite\",\"@id\":\"https:\\\/\\\/skabutradisjonsbygg.no\\\/en\\\/#website\",\"url\":\"https:\\\/\\\/skabutradisjonsbygg.no\\\/en\\\/\",\"name\":\"Sk\u00e5bu Tradisjonsbygg AS\",\"description\":\"Tradisjonelle bygg for mennesker i v\u00e5r egen tid\",\"potentialAction\":[{\"@type\":\"SearchAction\",\"target\":{\"@type\":\"EntryPoint\",\"urlTemplate\":\"https:\\\/\\\/skabutradisjonsbygg.no\\\/en\\\/?s={search_term_string}\"},\"query-input\":{\"@type\":\"PropertyValueSpecification\",\"valueRequired\":true,\"valueName\":\"search_term_string\"}}],\"inLanguage\":\"en-US\"}]}<\/script>\n<!-- \/ Yoast SEO plugin. -->","yoast_head_json":{"title":"About us - Sk\u00e5bu Tradisjonsbygg AS","robots":{"index":"index","follow":"follow","max-snippet":"max-snippet:-1","max-image-preview":"max-image-preview:large","max-video-preview":"max-video-preview:-1"},"canonical":"https:\/\/skabutradisjonsbygg.no\/en\/about-us\/","og_locale":"en_US","og_type":"article","og_title":"About us - Sk\u00e5bu Tradisjonsbygg AS","og_description":"About Sk\u00e5bu TradisjonsbyggOur history Sk\u00e5bu Tradisjonsbygg was founded by P\u00e5l Hallvard Virik in 1989, and has been registered as a company since 1997. The company is the largest private workplace in Sk\u00e5bu, and currently has 14 employees. Sk\u00e5bu Tradisjonsbygg AS is a master craftsman company, a publicly approved apprenticeship company and has central approval. For [&hellip;]","og_url":"https:\/\/skabutradisjonsbygg.no\/en\/about-us\/","og_site_name":"Sk\u00e5bu Tradisjonsbygg AS","article_modified_time":"2025-05-26T12:27:49+00:00","twitter_card":"summary_large_image","twitter_misc":{"Est. reading time":"6 minutes"},"schema":{"@context":"https:\/\/schema.org","@graph":[{"@type":"WebPage","@id":"https:\/\/skabutradisjonsbygg.no\/en\/about-us\/","url":"https:\/\/skabutradisjonsbygg.no\/en\/about-us\/","name":"About us - Sk\u00e5bu Tradisjonsbygg AS","isPartOf":{"@id":"https:\/\/skabutradisjonsbygg.no\/en\/#website"},"datePublished":"2019-10-28T12:04:37+00:00","dateModified":"2025-05-26T12:27:49+00:00","breadcrumb":{"@id":"https:\/\/skabutradisjonsbygg.no\/en\/about-us\/#breadcrumb"},"inLanguage":"en-US","potentialAction":[{"@type":"ReadAction","target":["https:\/\/skabutradisjonsbygg.no\/en\/about-us\/"]}]},{"@type":"BreadcrumbList","@id":"https:\/\/skabutradisjonsbygg.no\/en\/about-us\/#breadcrumb","itemListElement":[{"@type":"ListItem","position":1,"name":"Hjem","item":"https:\/\/skabutradisjonsbygg.no\/en\/"},{"@type":"ListItem","position":2,"name":"About us"}]},{"@type":"WebSite","@id":"https:\/\/skabutradisjonsbygg.no\/en\/#website","url":"https:\/\/skabutradisjonsbygg.no\/en\/","name":"Sk\u00e5bu Tradisjonsbygg AS","description":"Tradisjonelle bygg for mennesker i v\u00e5r egen tid","potentialAction":[{"@type":"SearchAction","target":{"@type":"EntryPoint","urlTemplate":"https:\/\/skabutradisjonsbygg.no\/en\/?s={search_term_string}"},"query-input":{"@type":"PropertyValueSpecification","valueRequired":true,"valueName":"search_term_string"}}],"inLanguage":"en-US"}]}},"_links":{"self":[{"href":"https:\/\/skabutradisjonsbygg.no\/en\/wp-json\/wp\/v2\/pages\/5939","targetHints":{"allow":["GET"]}}],"collection":[{"href":"https:\/\/skabutradisjonsbygg.no\/en\/wp-json\/wp\/v2\/pages"}],"about":[{"href":"https:\/\/skabutradisjonsbygg.no\/en\/wp-json\/wp\/v2\/types\/page"}],"author":[{"embeddable":true,"href":"https:\/\/skabutradisjonsbygg.no\/en\/wp-json\/wp\/v2\/users\/2"}],"replies":[{"embeddable":true,"href":"https:\/\/skabutradisjonsbygg.no\/en\/wp-json\/wp\/v2\/comments?post=5939"}],"version-history":[{"count":0,"href":"https:\/\/skabutradisjonsbygg.no\/en\/wp-json\/wp\/v2\/pages\/5939\/revisions"}],"wp:attachment":[{"href":"https:\/\/skabutradisjonsbygg.no\/en\/wp-json\/wp\/v2\/media?parent=5939"}],"curies":[{"name":"wp","href":"https:\/\/api.w.org\/{rel}","templated":true}]}}