{"id":5909,"date":"2020-04-30T10:34:16","date_gmt":"2020-04-30T08:34:16","guid":{"rendered":"https:\/\/skabuhus.no\/gala\/"},"modified":"2025-05-07T14:31:17","modified_gmt":"2025-05-07T12:31:17","slug":"gala","status":"publish","type":"page","link":"https:\/\/skabutradisjonsbygg.no\/en\/gala\/","title":{"rendered":"G\u00e5l\u00e5"},"content":{"rendered":"<p>[et_pb_section fb_built=&#8221;1&#8243; custom_padding_last_edited=&#8221;on|phone&#8221; _builder_version=&#8221;4.16&#8243; custom_padding=&#8221;0px||0px||false|false&#8221; custom_padding_tablet=&#8221;&#8221; custom_padding_phone=&#8221;&#8221; bottom_divider_color=&#8221;rgba(81,123,189,0.4)&#8221; bottom_divider_height=&#8221;90px&#8221; border_color_bottom=&#8221;#918b64&#8243; global_colors_info=&#8221;{}&#8221;][et_pb_row _builder_version=&#8221;4.16&#8243; background_enable_image=&#8221;off&#8221; width_tablet=&#8221;86.9%&#8221; width_phone=&#8221;100%&#8221; width_last_edited=&#8221;on|phone&#8221; module_alignment=&#8221;center&#8221; global_colors_info=&#8221;{}&#8221;][et_pb_column type=&#8221;4_4&#8243; _builder_version=&#8221;4.16&#8243; global_colors_info=&#8221;{}&#8221;][et_pb_slider use_bg_overlay=&#8221;off&#8221; arrows_custom_color=&#8221;#f8c47c&#8221; dot_nav_custom_color=&#8221;#f8c47c&#8221; _builder_version=&#8221;4.24.2&#8243; background_color=&#8221;rgba(0,0,0,0)&#8221; background_size=&#8221;contain&#8221; content_max_width=&#8221;100%&#8221; min_height=&#8221;600px&#8221; min_height_tablet=&#8221;&#8221; min_height_phone=&#8221;&#8221; min_height_last_edited=&#8221;on|tablet&#8221; height=&#8221;620px&#8221; height_tablet=&#8221;370px&#8221; height_phone=&#8221;270px&#8221; height_last_edited=&#8221;on|phone&#8221; max_height=&#8221;600px&#8221; max_height_tablet=&#8221;&#8221; max_height_phone=&#8221;&#8221; max_height_last_edited=&#8221;on|phone&#8221; custom_padding=&#8221;0px||0px||false|false&#8221; global_colors_info=&#8221;{}&#8221; custom_css_slide_description_last_edited=&#8221;on|tablet&#8221; custom_css_slide_description_phone=&#8221;text-align: center;padding-top: 43vh !important;&#8221;][et_pb_slide _builder_version=&#8221;4.16&#8243; background_image=&#8221;https:\/\/skabutradisjonsbygg.no\/wp-content\/uploads\/2020\/04\/L\u00f8yper_mot_rondane.jpg&#8221; background_enable_image=&#8221;on&#8221; background_color_tablet=&#8221;rgba(0,0,0,0)&#8221; background_color_phone=&#8221;rgba(0,0,0,0)&#8221; background_last_edited=&#8221;on|tablet&#8221; background_enable_color_tablet=&#8221;on&#8221; background_enable_color_phone=&#8221;on&#8221; background_size_phone=&#8221;contain&#8221; global_colors_info=&#8221;{}&#8221; sticky_transition=&#8221;on&#8221;][\/et_pb_slide][et_pb_slide _builder_version=&#8221;4.16&#8243; background_image=&#8221;https:\/\/skabutradisjonsbygg.no\/wp-content\/uploads\/2020\/04\/DSC0259.jpg&#8221; background_enable_image=&#8221;on&#8221; custom_padding=&#8221;570px||||false|false&#8221; background_color_tablet=&#8221;rgba(0,0,0,0)&#8221; background_last_edited=&#8221;on|phone&#8221; background_enable_color_tablet=&#8221;on&#8221; background_size_tablet=&#8221;contain&#8221; global_colors_info=&#8221;{}&#8221; sticky_transition=&#8221;on&#8221;][\/et_pb_slide][et_pb_slide _builder_version=&#8221;4.16&#8243; background_image=&#8221;https:\/\/skabutradisjonsbygg.no\/wp-content\/uploads\/2020\/04\/Solnedgang_vatnet.jpg&#8221; background_enable_image=&#8221;on&#8221; custom_padding=&#8221;570px||||false|false&#8221; background_color_tablet=&#8221;rgba(0,0,0,0)&#8221; background_last_edited=&#8221;on|phone&#8221; background_enable_color_tablet=&#8221;on&#8221; background_size_tablet=&#8221;contain&#8221; global_colors_info=&#8221;{}&#8221; sticky_transition=&#8221;on&#8221;][\/et_pb_slide][et_pb_slide _builder_version=&#8221;4.16&#8243; background_color=&#8221;rgba(0,0,0,0)&#8221; background_enable_color=&#8221;on&#8221; background_image=&#8221;https:\/\/skabutradisjonsbygg.no\/wp-content\/uploads\/2020\/07\/DSC0838.jpg&#8221; background_enable_image=&#8221;on&#8221; background_color_tablet=&#8221;rgba(0,0,0,0)&#8221; background_color_phone=&#8221;rgba(0,0,0,0)&#8221; background_last_edited=&#8221;on|tablet&#8221; background_enable_color_tablet=&#8221;on&#8221; background_enable_color_phone=&#8221;on&#8221; global_colors_info=&#8221;{}&#8221; sticky_transition=&#8221;on&#8221;][\/et_pb_slide][et_pb_slide _builder_version=&#8221;4.16&#8243; background_color=&#8221;rgba(0,0,0,0)&#8221; background_enable_color=&#8221;on&#8221; background_image=&#8221;https:\/\/skabutradisjonsbygg.no\/wp-content\/uploads\/2020\/07\/untitled-117.jpg&#8221; background_enable_image=&#8221;on&#8221; global_colors_info=&#8221;{}&#8221; sticky_transition=&#8221;on&#8221;][\/et_pb_slide][et_pb_slide _builder_version=&#8221;4.16&#8243; background_color=&#8221;rgba(0,0,0,0)&#8221; background_enable_color=&#8221;on&#8221; background_image=&#8221;https:\/\/skabutradisjonsbygg.no\/wp-content\/uploads\/2020\/07\/untitled-55.jpg&#8221; background_enable_image=&#8221;on&#8221; global_colors_info=&#8221;{}&#8221; sticky_transition=&#8221;on&#8221;][\/et_pb_slide][et_pb_slide _builder_version=&#8221;4.16&#8243; background_color=&#8221;rgba(0,0,0,0)&#8221; background_enable_color=&#8221;on&#8221; background_image=&#8221;https:\/\/skabutradisjonsbygg.no\/wp-content\/uploads\/2020\/07\/untitled-34.jpg&#8221; background_enable_image=&#8221;on&#8221; global_colors_info=&#8221;{}&#8221; sticky_transition=&#8221;on&#8221;][\/et_pb_slide][et_pb_slide _builder_version=&#8221;4.16&#8243; background_color=&#8221;rgba(0,0,0,0)&#8221; background_enable_color=&#8221;on&#8221; background_image=&#8221;https:\/\/skabutradisjonsbygg.no\/wp-content\/uploads\/2020\/07\/DSC0801-e1594277709791.jpg&#8221; background_enable_image=&#8221;on&#8221; global_colors_info=&#8221;{}&#8221; sticky_transition=&#8221;on&#8221;][\/et_pb_slide][\/et_pb_slider][\/et_pb_column][\/et_pb_row][et_pb_row custom_padding_last_edited=&#8221;on|phone&#8221; _builder_version=&#8221;4.16&#8243; custom_margin=&#8221;1px|auto||auto|false|false&#8221; custom_margin_tablet=&#8221;&#8221; custom_margin_phone=&#8221;0px|auto|||false|false&#8221; custom_margin_last_edited=&#8221;on|phone&#8221; custom_padding=&#8221;1px||||false|false&#8221; custom_padding_tablet=&#8221;&#8221; custom_padding_phone=&#8221;0px||||false|false&#8221; global_colors_info=&#8221;{}&#8221;][et_pb_column type=&#8221;4_4&#8243; _builder_version=&#8221;4.16&#8243; global_colors_info=&#8221;{}&#8221;][et_pb_text _builder_version=&#8221;4.27.4&#8243; header_text_color=&#8221;#303030&#8243; header_3_text_color=&#8221;#0e4b80&#8243; text_orientation=&#8221;center&#8221; custom_margin=&#8221;30px|80px||80px|false|false&#8221; custom_margin_tablet=&#8221;&#8221; custom_margin_phone=&#8221;|0px||0px|false|false&#8221; custom_margin_last_edited=&#8221;on|phone&#8221; custom_padding=&#8221;||60px||false|false&#8221; custom_padding_tablet=&#8221;&#8221; custom_padding_phone=&#8221;||30px||false|false&#8221; custom_padding_last_edited=&#8221;on|phone&#8221; hover_enabled=&#8221;0&#8243; header_line_height_tablet=&#8221;&#8221; header_line_height_phone=&#8221;1.4em&#8221; header_line_height_last_edited=&#8221;on|phone&#8221; global_colors_info=&#8221;{}&#8221; sticky_enabled=&#8221;0&#8243;]<\/p>\n<h1>Cabin plots G\u00e5l\u00e5<\/h1>\n<h3>(Plots G\u00e5l\u00e5 Eiendom AS<span>)<\/span><\/h3>\n<p>&nbsp;<\/p>\n<p>Cabin plots at G\u00e5l\u00e5 with stunning views down to Lake G\u00e5l\u00e5vatnet and all the way into Jotunheimen. G\u00e5l\u00e5 is located on a mountain plateau at 960m above sea level and boasts some of the country&#8217;s best cross-country ski trails, including a 630km network of trails and its own alpine skiing facility. Here you&#8217;ll find everything from old mountain huts to modern cabins and apartments with ski in &#8211; ski out. In the summer, there are hiking opportunities in all directions and Lake G\u00e5l\u00e5vatnet can tempt you with both fishing and swimming opportunities. At G\u00e5l\u00e5 there are activities for young and old, old and young, both summer and winter.    <\/p>\n<p>[\/et_pb_text][\/et_pb_column][\/et_pb_row][et_pb_row column_structure=&#8221;1_2,1_2&#8243; custom_padding_last_edited=&#8221;on|phone&#8221; _builder_version=&#8221;4.16&#8243; custom_padding=&#8221;0px||51px||false|false&#8221; custom_padding_tablet=&#8221;&#8221; custom_padding_phone=&#8221;0px||80px||false|false&#8221; border_width_bottom=&#8221;8px&#8221; border_color_bottom=&#8221;#f4a82a&#8221; global_colors_info=&#8221;{}&#8221;][et_pb_column type=&#8221;1_2&#8243; _builder_version=&#8221;4.16&#8243; global_colors_info=&#8221;{}&#8221;][et_pb_text _builder_version=&#8221;4.23.4&#8243; text_text_color=&#8221;#ffffff&#8221; header_4_text_color=&#8221;#ffffff&#8221; background_color=&#8221;#0e4b80&#8243; custom_padding=&#8221;30px|30px|30px|30px|false|false&#8221; link_option_url=&#8221;https:\/\/skabutradisjonsbygg.no\/kontakt\/&#8221; global_colors_info=&#8221;{}&#8221;]<\/p>\n<p><strong>Information\/site viewing<\/strong><\/p>\n<p>P\u00e5l Hallvard Virik 92605101<\/p>\n<p>Click <a href=\"https:\/\/skabutradisjonsbygg.no\/kontakt\/\">here<\/a> for contact form.<\/p>\n<p>[\/et_pb_text][\/et_pb_column][et_pb_column type=&#8221;1_2&#8243; _builder_version=&#8221;4.16&#8243; global_colors_info=&#8221;{}&#8221;][et_pb_text _builder_version=&#8221;4.23.4&#8243; text_text_color=&#8221;#ffffff&#8221; header_4_text_color=&#8221;#ffffff&#8221; background_color=&#8221;#517bbd&#8221; custom_padding=&#8221;30px|30px|30px|30px|false|false&#8221; link_option_url=&#8221;https:\/\/www.finn.no\/realestate\/leisuresale\/ad.html?finnkode=292155049&#8243; global_colors_info=&#8221;{}&#8221;]<\/p>\n<p>&nbsp;<\/p>\n<p>See ad on finn.no for planned cabin at G\u00e5l\u00e5.<\/p>\n<p>&nbsp;<\/p>\n<p>[\/et_pb_text][\/et_pb_column][\/et_pb_row][\/et_pb_section][et_pb_section fb_built=&#8221;1&#8243; custom_padding_last_edited=&#8221;on|phone&#8221; _builder_version=&#8221;4.16&#8243; background_color=&#8221;#ffffff&#8221; custom_padding=&#8221;80px||||false|false&#8221; custom_padding_tablet=&#8221;&#8221; custom_padding_phone=&#8221;80px||||false|false&#8221; top_divider_color=&#8221;rgba(81,123,189,0.4)&#8221; top_divider_height=&#8221;90px&#8221; top_divider_flip=&#8221;vertical&#8221; global_colors_info=&#8221;{}&#8221;][et_pb_row _builder_version=&#8221;4.16&#8243; custom_padding=&#8221;0px|||||&#8221; global_colors_info=&#8221;{}&#8221;][et_pb_column type=&#8221;4_4&#8243; _builder_version=&#8221;4.16&#8243; global_colors_info=&#8221;{}&#8221;][et_pb_text _builder_version=&#8221;4.16&#8243; text_font=&#8221;||||||||&#8221; header_font=&#8221;||||on||||&#8221; custom_padding=&#8221;||30px||false|false&#8221; custom_padding_tablet=&#8221;&#8221; custom_padding_phone=&#8221;&#8221; custom_padding_last_edited=&#8221;on|phone&#8221; header_2_font_size_tablet=&#8221;&#8221; header_2_font_size_phone=&#8221;26px&#8221; header_2_font_size_last_edited=&#8221;on|phone&#8221; global_colors_info=&#8221;{}&#8221;]<\/p>\n<h2 style=\"text-align: center;\">Our cabin models<\/h2>\n<p>[\/et_pb_text][\/et_pb_column][\/et_pb_row][et_pb_row column_structure=&#8221;1_3,1_3,1_3&#8243; _builder_version=&#8221;4.16&#8243; custom_padding=&#8221;1px||0px||false|false&#8221; global_colors_info=&#8221;{}&#8221;][et_pb_column type=&#8221;1_3&#8243; _builder_version=&#8221;4.16&#8243; global_colors_info=&#8221;{}&#8221;][et_pb_blurb title=&#8221;Cabin model Skaget with loft&#8221; url=&#8221;@ET-DC@eyJkeW5hbWljIjp0cnVlLCJjb250ZW50IjoicG9zdF9saW5rX3VybF9wcm9qZWN0Iiwic2V0dGluZ3MiOnsicG9zdF9pZCI6IjEwNzQifX0=@&#8221; image=&#8221;https:\/\/skabutradisjonsbygg.no\/wp-content\/uploads\/2024\/07\/Skaget-med-hems-16-9.jpg&#8221; _builder_version=&#8221;4.27.0&#8243; _dynamic_attributes=&#8221;url&#8221; custom_padding=&#8221;||0px||false|false&#8221; custom_padding_tablet=&#8221;&#8221; custom_padding_phone=&#8221;||40px||false|false&#8221; custom_padding_last_edited=&#8221;on|phone&#8221; global_colors_info=&#8221;{}&#8221;][\/et_pb_blurb][\/et_pb_column][et_pb_column type=&#8221;1_3&#8243; _builder_version=&#8221;4.16&#8243; global_colors_info=&#8221;{}&#8221;][et_pb_blurb title=&#8221;Cabin model Jotunheimen&#8221; url=&#8221;@ET-DC@eyJkeW5hbWljIjp0cnVlLCJjb250ZW50IjoicG9zdF9saW5rX3VybF9wcm9qZWN0Iiwic2V0dGluZ3MiOnsicG9zdF9pZCI6IjI5MTgifX0=@&#8221; image=&#8221;https:\/\/skabutradisjonsbygg.no\/wp-content\/uploads\/2024\/03\/skabutrad_301123_0795-16-9-scaled.jpg&#8221; _builder_version=&#8221;4.27.0&#8243; _dynamic_attributes=&#8221;url&#8221; custom_padding=&#8221;||0px||false|false&#8221; custom_padding_tablet=&#8221;&#8221; custom_padding_phone=&#8221;||40px||false|false&#8221; custom_padding_last_edited=&#8221;on|phone&#8221; global_colors_info=&#8221;{}&#8221;][\/et_pb_blurb][\/et_pb_column][et_pb_column type=&#8221;1_3&#8243; _builder_version=&#8221;4.16&#8243; global_colors_info=&#8221;{}&#8221;][et_pb_blurb title=&#8221;Cabin model Fefor&#8221; url=&#8221;@ET-DC@eyJkeW5hbWljIjp0cnVlLCJjb250ZW50IjoicG9zdF9saW5rX3VybF9wcm9qZWN0Iiwic2V0dGluZ3MiOnsicG9zdF9pZCI6IjI5MjQifX0=@&#8221; image=&#8221;https:\/\/skabutradisjonsbygg.no\/wp-content\/uploads\/2020\/02\/Fefor112_Runer.jpg&#8221; _builder_version=&#8221;4.16&#8243; _dynamic_attributes=&#8221;url&#8221; global_colors_info=&#8221;{}&#8221;][\/et_pb_blurb][\/et_pb_column][\/et_pb_row][et_pb_row _builder_version=&#8221;4.16&#8243; custom_padding=&#8221;0px|||||&#8221; global_colors_info=&#8221;{}&#8221;][et_pb_column type=&#8221;4_4&#8243; _builder_version=&#8221;4.16&#8243; global_colors_info=&#8221;{}&#8221;][et_pb_button button_url=&#8221;@ET-DC@eyJkeW5hbWljIjp0cnVlLCJjb250ZW50IjoicG9zdF9saW5rX3VybF9wYWdlIiwic2V0dGluZ3MiOnsicG9zdF9pZCI6IjIyNCJ9fQ==@&#8221; button_text=&#8221;See all cabin models&#8221; button_alignment=&#8221;left&#8221; _builder_version=&#8221;4.16&#8243; _dynamic_attributes=&#8221;button_url&#8221; custom_button=&#8221;on&#8221; button_text_size=&#8221;16px&#8221; button_text_color=&#8221;#0e4b80&#8243; button_bg_color=&#8221;#d7e0f1&#8243; button_border_width=&#8221;0px&#8221; button_border_radius=&#8221;0px&#8221; button_font=&#8221;|600|||||||&#8221; button_use_icon=&#8221;off&#8221; custom_margin=&#8221;40px|||0px|false|false&#8221; custom_padding=&#8221;15px|0px|15px|0px|false|false&#8221; custom_css_main_element=&#8221;width: 100%;||text-align:center;&#8221; global_colors_info=&#8221;{}&#8221; button_text_color__hover_enabled=&#8221;on|hover&#8221; button_text_color__hover=&#8221;#d7e0f1&#8243; button_bg_color__hover_enabled=&#8221;on|hover&#8221; button_bg_color__hover=&#8221;#0e4b80&#8243; button_bg_enable_color__hover=&#8221;on&#8221;][\/et_pb_button][\/et_pb_column][\/et_pb_row][\/et_pb_section]<\/p>\n","protected":false},"excerpt":{"rendered":"<p>Cabin plots G\u00e5l\u00e5 (Plots G\u00e5l\u00e5 Eiendom AS) &nbsp; Cabin plots at G\u00e5l\u00e5 with stunning views down to Lake G\u00e5l\u00e5vatnet and all the way into Jotunheimen. G\u00e5l\u00e5 is located on a mountain plateau at 960m above sea level and boasts some of the country&#8217;s best cross-country ski trails, including a 630km network of trails and its [&hellip;]<\/p>\n","protected":false},"author":5,"featured_media":0,"parent":0,"menu_order":0,"comment_status":"closed","ping_status":"closed","template":"","meta":{"_et_pb_use_builder":"on","_et_pb_old_content":"","_et_gb_content_width":"","footnotes":""},"class_list":["post-5909","page","type-page","status-publish","hentry"],"yoast_head":"<!-- This site is optimized with the Yoast SEO plugin v27.5 - https:\/\/yoast.com\/product\/yoast-seo-wordpress\/ -->\n<title>G\u00e5l\u00e5 - Sk\u00e5bu Tradisjonsbygg AS<\/title>\n<meta name=\"robots\" content=\"index, follow, max-snippet:-1, max-image-preview:large, max-video-preview:-1\" \/>\n<link rel=\"canonical\" href=\"https:\/\/skabutradisjonsbygg.no\/en\/gala\/\" \/>\n<meta property=\"og:locale\" content=\"en_US\" \/>\n<meta property=\"og:type\" content=\"article\" \/>\n<meta property=\"og:title\" content=\"G\u00e5l\u00e5 - Sk\u00e5bu Tradisjonsbygg AS\" \/>\n<meta property=\"og:description\" content=\"Cabin plots G\u00e5l\u00e5 (Plots G\u00e5l\u00e5 Eiendom AS) &nbsp; Cabin plots at G\u00e5l\u00e5 with stunning views down to Lake G\u00e5l\u00e5vatnet and all the way into Jotunheimen. G\u00e5l\u00e5 is located on a mountain plateau at 960m above sea level and boasts some of the country&#039;s best cross-country ski trails, including a 630km network of trails and its [&hellip;]\" \/>\n<meta property=\"og:url\" content=\"https:\/\/skabutradisjonsbygg.no\/en\/gala\/\" \/>\n<meta property=\"og:site_name\" content=\"Sk\u00e5bu Tradisjonsbygg AS\" \/>\n<meta property=\"article:modified_time\" content=\"2025-05-07T12:31:17+00:00\" \/>\n<meta name=\"twitter:card\" content=\"summary_large_image\" \/>\n<meta name=\"twitter:label1\" content=\"Est. reading time\" \/>\n\t<meta name=\"twitter:data1\" content=\"8 minutes\" \/>\n<script type=\"application\/ld+json\" class=\"yoast-schema-graph\">{\"@context\":\"https:\\\/\\\/schema.org\",\"@graph\":[{\"@type\":\"WebPage\",\"@id\":\"https:\\\/\\\/skabutradisjonsbygg.no\\\/en\\\/gala\\\/\",\"url\":\"https:\\\/\\\/skabutradisjonsbygg.no\\\/en\\\/gala\\\/\",\"name\":\"G\u00e5l\u00e5 - Sk\u00e5bu Tradisjonsbygg AS\",\"isPartOf\":{\"@id\":\"https:\\\/\\\/skabutradisjonsbygg.no\\\/en\\\/#website\"},\"datePublished\":\"2020-04-30T08:34:16+00:00\",\"dateModified\":\"2025-05-07T12:31:17+00:00\",\"breadcrumb\":{\"@id\":\"https:\\\/\\\/skabutradisjonsbygg.no\\\/en\\\/gala\\\/#breadcrumb\"},\"inLanguage\":\"en-US\",\"potentialAction\":[{\"@type\":\"ReadAction\",\"target\":[\"https:\\\/\\\/skabutradisjonsbygg.no\\\/en\\\/gala\\\/\"]}]},{\"@type\":\"BreadcrumbList\",\"@id\":\"https:\\\/\\\/skabutradisjonsbygg.no\\\/en\\\/gala\\\/#breadcrumb\",\"itemListElement\":[{\"@type\":\"ListItem\",\"position\":1,\"name\":\"Hjem\",\"item\":\"https:\\\/\\\/skabutradisjonsbygg.no\\\/en\\\/\"},{\"@type\":\"ListItem\",\"position\":2,\"name\":\"G\u00e5l\u00e5\"}]},{\"@type\":\"WebSite\",\"@id\":\"https:\\\/\\\/skabutradisjonsbygg.no\\\/en\\\/#website\",\"url\":\"https:\\\/\\\/skabutradisjonsbygg.no\\\/en\\\/\",\"name\":\"Sk\u00e5bu Tradisjonsbygg AS\",\"description\":\"Tradisjonelle bygg for mennesker i v\u00e5r egen tid\",\"potentialAction\":[{\"@type\":\"SearchAction\",\"target\":{\"@type\":\"EntryPoint\",\"urlTemplate\":\"https:\\\/\\\/skabutradisjonsbygg.no\\\/en\\\/?s={search_term_string}\"},\"query-input\":{\"@type\":\"PropertyValueSpecification\",\"valueRequired\":true,\"valueName\":\"search_term_string\"}}],\"inLanguage\":\"en-US\"}]}<\/script>\n<!-- \/ Yoast SEO plugin. -->","yoast_head_json":{"title":"G\u00e5l\u00e5 - Sk\u00e5bu Tradisjonsbygg AS","robots":{"index":"index","follow":"follow","max-snippet":"max-snippet:-1","max-image-preview":"max-image-preview:large","max-video-preview":"max-video-preview:-1"},"canonical":"https:\/\/skabutradisjonsbygg.no\/en\/gala\/","og_locale":"en_US","og_type":"article","og_title":"G\u00e5l\u00e5 - Sk\u00e5bu Tradisjonsbygg AS","og_description":"Cabin plots G\u00e5l\u00e5 (Plots G\u00e5l\u00e5 Eiendom AS) &nbsp; Cabin plots at G\u00e5l\u00e5 with stunning views down to Lake G\u00e5l\u00e5vatnet and all the way into Jotunheimen. G\u00e5l\u00e5 is located on a mountain plateau at 960m above sea level and boasts some of the country's best cross-country ski trails, including a 630km network of trails and its [&hellip;]","og_url":"https:\/\/skabutradisjonsbygg.no\/en\/gala\/","og_site_name":"Sk\u00e5bu Tradisjonsbygg AS","article_modified_time":"2025-05-07T12:31:17+00:00","twitter_card":"summary_large_image","twitter_misc":{"Est. reading time":"8 minutes"},"schema":{"@context":"https:\/\/schema.org","@graph":[{"@type":"WebPage","@id":"https:\/\/skabutradisjonsbygg.no\/en\/gala\/","url":"https:\/\/skabutradisjonsbygg.no\/en\/gala\/","name":"G\u00e5l\u00e5 - Sk\u00e5bu Tradisjonsbygg AS","isPartOf":{"@id":"https:\/\/skabutradisjonsbygg.no\/en\/#website"},"datePublished":"2020-04-30T08:34:16+00:00","dateModified":"2025-05-07T12:31:17+00:00","breadcrumb":{"@id":"https:\/\/skabutradisjonsbygg.no\/en\/gala\/#breadcrumb"},"inLanguage":"en-US","potentialAction":[{"@type":"ReadAction","target":["https:\/\/skabutradisjonsbygg.no\/en\/gala\/"]}]},{"@type":"BreadcrumbList","@id":"https:\/\/skabutradisjonsbygg.no\/en\/gala\/#breadcrumb","itemListElement":[{"@type":"ListItem","position":1,"name":"Hjem","item":"https:\/\/skabutradisjonsbygg.no\/en\/"},{"@type":"ListItem","position":2,"name":"G\u00e5l\u00e5"}]},{"@type":"WebSite","@id":"https:\/\/skabutradisjonsbygg.no\/en\/#website","url":"https:\/\/skabutradisjonsbygg.no\/en\/","name":"Sk\u00e5bu Tradisjonsbygg AS","description":"Tradisjonelle bygg for mennesker i v\u00e5r egen tid","potentialAction":[{"@type":"SearchAction","target":{"@type":"EntryPoint","urlTemplate":"https:\/\/skabutradisjonsbygg.no\/en\/?s={search_term_string}"},"query-input":{"@type":"PropertyValueSpecification","valueRequired":true,"valueName":"search_term_string"}}],"inLanguage":"en-US"}]}},"_links":{"self":[{"href":"https:\/\/skabutradisjonsbygg.no\/en\/wp-json\/wp\/v2\/pages\/5909","targetHints":{"allow":["GET"]}}],"collection":[{"href":"https:\/\/skabutradisjonsbygg.no\/en\/wp-json\/wp\/v2\/pages"}],"about":[{"href":"https:\/\/skabutradisjonsbygg.no\/en\/wp-json\/wp\/v2\/types\/page"}],"author":[{"embeddable":true,"href":"https:\/\/skabutradisjonsbygg.no\/en\/wp-json\/wp\/v2\/users\/5"}],"replies":[{"embeddable":true,"href":"https:\/\/skabutradisjonsbygg.no\/en\/wp-json\/wp\/v2\/comments?post=5909"}],"version-history":[{"count":0,"href":"https:\/\/skabutradisjonsbygg.no\/en\/wp-json\/wp\/v2\/pages\/5909\/revisions"}],"wp:attachment":[{"href":"https:\/\/skabutradisjonsbygg.no\/en\/wp-json\/wp\/v2\/media?parent=5909"}],"curies":[{"name":"wp","href":"https:\/\/api.w.org\/{rel}","templated":true}]}}