{"id":5905,"date":"2024-04-25T10:53:16","date_gmt":"2024-04-25T08:53:16","guid":{"rendered":"https:\/\/skabuhus.no\/cabin-model-gala-construction-process\/"},"modified":"2025-05-08T10:00:09","modified_gmt":"2025-05-08T08:00:09","slug":"cabin-model-gala-construction-process","status":"publish","type":"page","link":"https:\/\/skabutradisjonsbygg.no\/en\/cabin-model-gala-construction-process\/","title":{"rendered":"Cabin model G\u00e5l\u00e5 &#8211; construction process"},"content":{"rendered":"<p>[et_pb_section fb_built=&#8221;1&#8243; _builder_version=&#8221;4.25.0&#8243; _module_preset=&#8221;default&#8221; global_colors_info=&#8221;{}&#8221;][et_pb_row _builder_version=&#8221;4.25.0&#8243; _module_preset=&#8221;default&#8221; global_colors_info=&#8221;{}&#8221;][et_pb_column type=&#8221;4_4&#8243; _builder_version=&#8221;4.25.0&#8243; _module_preset=&#8221;default&#8221; global_colors_info=&#8221;{}&#8221;][et_pb_text _builder_version=&#8221;4.25.0&#8243; _module_preset=&#8221;default&#8221; global_colors_info=&#8221;{}&#8221;]<\/p>\n<h2 style=\"text-align: center;\">Cabin model G\u00e5l\u00e5 built for customer<\/h2>\n<p>[\/et_pb_text][\/et_pb_column][\/et_pb_row][et_pb_row column_structure=&#8221;1_2,1_2&#8243; _builder_version=&#8221;4.25.0&#8243; _module_preset=&#8221;default&#8221; global_colors_info=&#8221;{}&#8221;][et_pb_column type=&#8221;1_2&#8243; _builder_version=&#8221;4.25.0&#8243; _module_preset=&#8221;default&#8221; global_colors_info=&#8221;{}&#8221;][et_pb_image src=&#8221;https:\/\/skabutradisjonsbygg.no\/wp-content\/uploads\/2024\/04\/Fasade-Modell-Gala5.jpg&#8221; title_text=&#8221;Sk\u00e5bu traditional building&#8221; _builder_version=&#8221;4.25.0&#8243; _module_preset=&#8221;default&#8221; hover_enabled=&#8221;0&#8243; global_colors_info=&#8221;{}&#8221; sticky_enabled=&#8221;0&#8243;][\/et_pb_image][\/et_pb_column][et_pb_column type=&#8221;1_2&#8243; _builder_version=&#8221;4.25.0&#8243; _module_preset=&#8221;default&#8221; global_colors_info=&#8221;{}&#8221;][et_pb_image src=&#8221;https:\/\/skabutradisjonsbygg.no\/wp-content\/uploads\/2022\/10\/DSC0390-HDR-1.jpg&#8221; title_text=&#8221;Kitchen cabin model G\u00e5l\u00e5.&#8221; _builder_version=&#8221;4.25.0&#8243; _module_preset=&#8221;default&#8221; global_colors_info=&#8221;{}&#8221;][\/et_pb_image][\/et_pb_column][\/et_pb_row][et_pb_row column_structure=&#8221;1_2,1_2&#8243; _builder_version=&#8221;4.25.0&#8243; _module_preset=&#8221;default&#8221; global_colors_info=&#8221;{}&#8221;][et_pb_column type=&#8221;1_2&#8243; _builder_version=&#8221;4.25.0&#8243; _module_preset=&#8221;default&#8221; global_colors_info=&#8221;{}&#8221;][et_pb_image src=&#8221;https:\/\/skabutradisjonsbygg.no\/wp-content\/uploads\/2022\/10\/DSC0432-HDR-1.jpg&#8221; title_text=&#8221;Living room and kitchen in cabin model G\u00e5l\u00e5.&#8221; _builder_version=&#8221;4.25.0&#8243; _module_preset=&#8221;default&#8221; global_colors_info=&#8221;{}&#8221;][\/et_pb_image][\/et_pb_column][et_pb_column type=&#8221;1_2&#8243; _builder_version=&#8221;4.25.0&#8243; _module_preset=&#8221;default&#8221; global_colors_info=&#8221;{}&#8221;][et_pb_image src=&#8221;https:\/\/skabutradisjonsbygg.no\/wp-content\/uploads\/2024\/04\/Hyttemodell-GalaWEB-5-\u2013-Kopi-scaled.jpg&#8221; title_text=&#8221;Cabin model G\u00e5l\u00e5WEB-5&#8243; _builder_version=&#8221;4.25.0&#8243; _module_preset=&#8221;default&#8221; hover_enabled=&#8221;0&#8243; global_colors_info=&#8221;{}&#8221; sticky_enabled=&#8221;0&#8243;][\/et_pb_image][\/et_pb_column][\/et_pb_row][et_pb_row _builder_version=&#8221;4.25.0&#8243; _module_preset=&#8221;default&#8221; global_colors_info=&#8221;{}&#8221;][et_pb_column type=&#8221;4_4&#8243; _builder_version=&#8221;4.25.0&#8243; _module_preset=&#8221;default&#8221; global_colors_info=&#8221;{}&#8221;][et_pb_gallery gallery_ids=&#8221;5036,5016,5017,5018,5019,5020,5021,5022,5023,5024,5025,5026,5027,5028,5030,5031,5032,5033,5029,5034,5035,5037,5038,5039,5040,5041,5042,5043,5044,5045&#8243; posts_number=&#8221;30&#8243; show_title_and_caption=&#8221;off&#8221; show_pagination=&#8221;off&#8221; _builder_version=&#8221;4.25.0&#8243; _module_preset=&#8221;default&#8221; global_colors_info=&#8221;{}&#8221;][\/et_pb_gallery][\/et_pb_column][\/et_pb_row][\/et_pb_section]<\/p>\n","protected":false},"excerpt":{"rendered":"<p>Cabin model G\u00e5l\u00e5 built for customer<\/p>\n","protected":false},"author":5,"featured_media":0,"parent":0,"menu_order":0,"comment_status":"closed","ping_status":"closed","template":"","meta":{"_et_pb_use_builder":"on","_et_pb_old_content":"","_et_gb_content_width":"","footnotes":""},"class_list":["post-5905","page","type-page","status-publish","hentry"],"yoast_head":"<!-- This site is optimized with the Yoast SEO plugin v27.4 - https:\/\/yoast.com\/product\/yoast-seo-wordpress\/ -->\n<title>Cabin model G\u00e5l\u00e5 - construction process - Sk\u00e5bu Tradisjonsbygg AS<\/title>\n<meta name=\"description\" content=\"Photos showing the construction process and final result of our popular cabin model G\u00e5l\u00e5. A smartly furnished cabin of 80 sqm with a high standard.\" \/>\n<meta name=\"robots\" content=\"index, follow, max-snippet:-1, max-image-preview:large, max-video-preview:-1\" \/>\n<link rel=\"canonical\" href=\"https:\/\/skabutradisjonsbygg.no\/en\/cabin-model-gala-construction-process\/\" \/>\n<meta property=\"og:locale\" content=\"en_US\" \/>\n<meta property=\"og:type\" content=\"article\" \/>\n<meta property=\"og:title\" content=\"Cabin model G\u00e5l\u00e5 - construction process - Sk\u00e5bu Tradisjonsbygg AS\" \/>\n<meta property=\"og:description\" content=\"Photos showing the construction process and final result of our popular cabin model G\u00e5l\u00e5. A smartly furnished cabin of 80 sqm with a high standard.\" \/>\n<meta property=\"og:url\" content=\"https:\/\/skabutradisjonsbygg.no\/en\/cabin-model-gala-construction-process\/\" \/>\n<meta property=\"og:site_name\" content=\"Sk\u00e5bu Tradisjonsbygg AS\" \/>\n<meta property=\"article:modified_time\" content=\"2025-05-08T08:00:09+00:00\" \/>\n<meta name=\"twitter:card\" content=\"summary_large_image\" \/>\n<meta name=\"twitter:label1\" content=\"Est. reading time\" \/>\n\t<meta name=\"twitter:data1\" content=\"2 minutes\" \/>\n<script type=\"application\/ld+json\" class=\"yoast-schema-graph\">{\"@context\":\"https:\\\/\\\/schema.org\",\"@graph\":[{\"@type\":\"WebPage\",\"@id\":\"https:\\\/\\\/skabutradisjonsbygg.no\\\/en\\\/cabin-model-gala-construction-process\\\/\",\"url\":\"https:\\\/\\\/skabutradisjonsbygg.no\\\/en\\\/cabin-model-gala-construction-process\\\/\",\"name\":\"Cabin model G\u00e5l\u00e5 - construction process - Sk\u00e5bu Tradisjonsbygg AS\",\"isPartOf\":{\"@id\":\"https:\\\/\\\/skabutradisjonsbygg.no\\\/en\\\/#website\"},\"datePublished\":\"2024-04-25T08:53:16+00:00\",\"dateModified\":\"2025-05-08T08:00:09+00:00\",\"description\":\"Photos showing the construction process and final result of our popular cabin model G\u00e5l\u00e5. A smartly furnished cabin of 80 sqm with a high standard.\",\"breadcrumb\":{\"@id\":\"https:\\\/\\\/skabutradisjonsbygg.no\\\/en\\\/cabin-model-gala-construction-process\\\/#breadcrumb\"},\"inLanguage\":\"en-US\",\"potentialAction\":[{\"@type\":\"ReadAction\",\"target\":[\"https:\\\/\\\/skabutradisjonsbygg.no\\\/en\\\/cabin-model-gala-construction-process\\\/\"]}]},{\"@type\":\"BreadcrumbList\",\"@id\":\"https:\\\/\\\/skabutradisjonsbygg.no\\\/en\\\/cabin-model-gala-construction-process\\\/#breadcrumb\",\"itemListElement\":[{\"@type\":\"ListItem\",\"position\":1,\"name\":\"Hjem\",\"item\":\"https:\\\/\\\/skabutradisjonsbygg.no\\\/en\\\/\"},{\"@type\":\"ListItem\",\"position\":2,\"name\":\"Cabin model G\u00e5l\u00e5 &#8211; construction process\"}]},{\"@type\":\"WebSite\",\"@id\":\"https:\\\/\\\/skabutradisjonsbygg.no\\\/en\\\/#website\",\"url\":\"https:\\\/\\\/skabutradisjonsbygg.no\\\/en\\\/\",\"name\":\"Sk\u00e5bu Tradisjonsbygg AS\",\"description\":\"Tradisjonelle bygg for mennesker i v\u00e5r egen tid\",\"potentialAction\":[{\"@type\":\"SearchAction\",\"target\":{\"@type\":\"EntryPoint\",\"urlTemplate\":\"https:\\\/\\\/skabutradisjonsbygg.no\\\/en\\\/?s={search_term_string}\"},\"query-input\":{\"@type\":\"PropertyValueSpecification\",\"valueRequired\":true,\"valueName\":\"search_term_string\"}}],\"inLanguage\":\"en-US\"}]}<\/script>\n<!-- \/ Yoast SEO plugin. -->","yoast_head_json":{"title":"Cabin model G\u00e5l\u00e5 - construction process - Sk\u00e5bu Tradisjonsbygg AS","description":"Photos showing the construction process and final result of our popular cabin model G\u00e5l\u00e5. A smartly furnished cabin of 80 sqm with a high standard.","robots":{"index":"index","follow":"follow","max-snippet":"max-snippet:-1","max-image-preview":"max-image-preview:large","max-video-preview":"max-video-preview:-1"},"canonical":"https:\/\/skabutradisjonsbygg.no\/en\/cabin-model-gala-construction-process\/","og_locale":"en_US","og_type":"article","og_title":"Cabin model G\u00e5l\u00e5 - construction process - Sk\u00e5bu Tradisjonsbygg AS","og_description":"Photos showing the construction process and final result of our popular cabin model G\u00e5l\u00e5. A smartly furnished cabin of 80 sqm with a high standard.","og_url":"https:\/\/skabutradisjonsbygg.no\/en\/cabin-model-gala-construction-process\/","og_site_name":"Sk\u00e5bu Tradisjonsbygg AS","article_modified_time":"2025-05-08T08:00:09+00:00","twitter_card":"summary_large_image","twitter_misc":{"Est. reading time":"2 minutes"},"schema":{"@context":"https:\/\/schema.org","@graph":[{"@type":"WebPage","@id":"https:\/\/skabutradisjonsbygg.no\/en\/cabin-model-gala-construction-process\/","url":"https:\/\/skabutradisjonsbygg.no\/en\/cabin-model-gala-construction-process\/","name":"Cabin model G\u00e5l\u00e5 - construction process - Sk\u00e5bu Tradisjonsbygg AS","isPartOf":{"@id":"https:\/\/skabutradisjonsbygg.no\/en\/#website"},"datePublished":"2024-04-25T08:53:16+00:00","dateModified":"2025-05-08T08:00:09+00:00","description":"Photos showing the construction process and final result of our popular cabin model G\u00e5l\u00e5. A smartly furnished cabin of 80 sqm with a high standard.","breadcrumb":{"@id":"https:\/\/skabutradisjonsbygg.no\/en\/cabin-model-gala-construction-process\/#breadcrumb"},"inLanguage":"en-US","potentialAction":[{"@type":"ReadAction","target":["https:\/\/skabutradisjonsbygg.no\/en\/cabin-model-gala-construction-process\/"]}]},{"@type":"BreadcrumbList","@id":"https:\/\/skabutradisjonsbygg.no\/en\/cabin-model-gala-construction-process\/#breadcrumb","itemListElement":[{"@type":"ListItem","position":1,"name":"Hjem","item":"https:\/\/skabutradisjonsbygg.no\/en\/"},{"@type":"ListItem","position":2,"name":"Cabin model G\u00e5l\u00e5 &#8211; construction process"}]},{"@type":"WebSite","@id":"https:\/\/skabutradisjonsbygg.no\/en\/#website","url":"https:\/\/skabutradisjonsbygg.no\/en\/","name":"Sk\u00e5bu Tradisjonsbygg AS","description":"Tradisjonelle bygg for mennesker i v\u00e5r egen tid","potentialAction":[{"@type":"SearchAction","target":{"@type":"EntryPoint","urlTemplate":"https:\/\/skabutradisjonsbygg.no\/en\/?s={search_term_string}"},"query-input":{"@type":"PropertyValueSpecification","valueRequired":true,"valueName":"search_term_string"}}],"inLanguage":"en-US"}]}},"_links":{"self":[{"href":"https:\/\/skabutradisjonsbygg.no\/en\/wp-json\/wp\/v2\/pages\/5905","targetHints":{"allow":["GET"]}}],"collection":[{"href":"https:\/\/skabutradisjonsbygg.no\/en\/wp-json\/wp\/v2\/pages"}],"about":[{"href":"https:\/\/skabutradisjonsbygg.no\/en\/wp-json\/wp\/v2\/types\/page"}],"author":[{"embeddable":true,"href":"https:\/\/skabutradisjonsbygg.no\/en\/wp-json\/wp\/v2\/users\/5"}],"replies":[{"embeddable":true,"href":"https:\/\/skabutradisjonsbygg.no\/en\/wp-json\/wp\/v2\/comments?post=5905"}],"version-history":[{"count":0,"href":"https:\/\/skabutradisjonsbygg.no\/en\/wp-json\/wp\/v2\/pages\/5905\/revisions"}],"wp:attachment":[{"href":"https:\/\/skabutradisjonsbygg.no\/en\/wp-json\/wp\/v2\/media?parent=5905"}],"curies":[{"name":"wp","href":"https:\/\/api.w.org\/{rel}","templated":true}]}}