{"id":5941,"date":"2019-10-24T09:52:36","date_gmt":"2019-10-24T07:52:36","guid":{"rendered":"https:\/\/skabuhus.no\/hauptseite\/"},"modified":"2026-01-06T12:46:14","modified_gmt":"2026-01-06T11:46:14","slug":"hauptseite","status":"publish","type":"page","link":"https:\/\/skabutradisjonsbygg.no\/de\/","title":{"rendered":"Hauptseite"},"content":{"rendered":"<p>[et_pb_section fb_built=&#8220;1&#8243; fullwidth=&#8220;on&#8220; _builder_version=&#8220;4.23.4&#8243; background_color=&#8220;#8F8F8F&#8220; parallax=&#8220;on&#8220; max_width_tablet=&#8220;&#8220; max_width_phone=&#8220;100%&#8220; max_width_last_edited=&#8220;on|desktop&#8220; top_divider_flip=&#8220;vertical&#8220; bottom_divider_style=&#8220;ramp2&#8243; bottom_divider_color=&#8220;#ffffff&#8220; bottom_divider_height=&#8220;90px&#8220; bottom_divider_flip=&#8220;horizontal&#8220; hover_enabled=&#8220;0&#8243; global_colors_info=&#8220;{}&#8220; sticky_enabled=&#8220;0&#8243;][et_pb_fullwidth_slider _builder_version=&#8220;4.27.5&#8243; _module_preset=&#8220;default&#8220; background_image=&#8220;https:\/\/skabutradisjonsbygg.no\/wp-content\/uploads\/2023\/11\/Detalj-frukt-1-of-1.jpg&#8220; custom_button=&#8220;on&#8220; width=&#8220;100%&#8220; content_width=&#8220;130%&#8220; custom_margin=&#8220;-1px||||false|false&#8220; custom_padding=&#8220;450px||||false|false&#8220; animation_style=&#8220;fade&#8220; auto=&#8220;on&#8220; hover_enabled=&#8220;0&#8243; button_text_size_tablet=&#8220;10px&#8220; button_text_size_phone=&#8220;5px&#8220; button_text_size_last_edited=&#8220;on|phone&#8220; global_colors_info=&#8220;{}&#8220; sticky_enabled=&#8220;0&#8243;][et_pb_slide _builder_version=&#8220;4.27.5&#8243; _module_preset=&#8220;default&#8220; background_image=&#8220;https:\/\/skabutradisjonsbygg.no\/wp-content\/uploads\/2026\/01\/Ottesen-redigert-bakgrunn-scaled.jpg&#8220; background_enable_image=&#8220;on&#8220; hover_enabled=&#8220;0&#8243; global_colors_info=&#8220;{}&#8220; sticky_transition=&#8220;on&#8220; title_text=&#8220;Ottesen redigert bakgrunn&#8220; sticky_enabled=&#8220;0&#8243;][\/et_pb_slide][\/et_pb_fullwidth_slider][et_pb_fullwidth_header title=&#8220;Zu den Bedingungen der Natur&#8220; _builder_version=&#8220;4.24.2&#8243; _module_preset=&#8220;default&#8220; background_color=&#8220;#0972AE&#8220; global_colors_info=&#8220;{}&#8220;]<\/p>\n<p>Seit 1989 hat Sk\u00e5bu Tradisjonsbygg einige hundert H\u00fctten gebaut. Keine gleicht der anderen, denn wir helfen Ihnen dabei, etwas Einzigartiges und ganz Individuelles f\u00fcr Sie und Ihre Familie zu schaffen. Wir haben einige sehr sch\u00f6ne H\u00fcttenmodelle entworfen, die Sie als Ausgangspunkt verwenden k\u00f6nnen. Alle haben unser unverwechselbares Aussehen und Gef\u00fchl, mit kr\u00e4ftigen, unverw\u00fcstlichen Pfosten und gro\u00dfen Fenstern f\u00fcr Licht und Aussicht. Wir m\u00f6chten, dass das, was wir bauen, ein Teil der Berge und der Natur wird. Deshalb bauen wir mit erneuerbaren, lokal beschafften Materialien. Wir freuen uns darauf, Sie zu begr\u00fc\u00dfen und Ihnen unsere H\u00fctten, Grundst\u00fccke und M\u00f6glichkeiten zu zeigen!   <\/p>\n<p>[\/et_pb_fullwidth_header][\/et_pb_section][et_pb_section fb_built=&#8220;1&#8243; _builder_version=&#8220;4.24.2&#8243; _module_preset=&#8220;default&#8220; global_colors_info=&#8220;{}&#8220;][et_pb_row _builder_version=&#8220;4.24.2&#8243; _module_preset=&#8220;default&#8220; global_colors_info=&#8220;{}&#8220;][et_pb_column type=&#8220;4_4&#8243; _builder_version=&#8220;4.24.2&#8243; _module_preset=&#8220;default&#8220; global_colors_info=&#8220;{}&#8220;][et_pb_image src=&#8220;https:\/\/skabutradisjonsbygg.no\/wp-content\/uploads\/2024\/07\/Skaget-med-hems-16-9.jpg&#8220; title_text=&#8220;Skaget mit Dachboden 16 9&#8243; url=&#8220;@ET-DC@eyJkeW5hbWljIjp0cnVlLCJjb250ZW50IjoicG9zdF9saW5rX3VybF9wYWdlIiwic2V0dGluZ3MiOnsicG9zdF9pZCI6IjQ5NzAifX0=@&#8220; _builder_version=&#8220;4.27.0&#8243; _dynamic_attributes=&#8220;url&#8220; _module_preset=&#8220;default&#8220; border_width_all=&#8220;1px&#8220; global_colors_info=&#8220;{}&#8220;][\/et_pb_image][\/et_pb_column][\/et_pb_row][et_pb_row _builder_version=&#8220;4.24.2&#8243; _module_preset=&#8220;default&#8220; global_colors_info=&#8220;{}&#8220;][et_pb_column type=&#8220;4_4&#8243; _builder_version=&#8220;4.24.2&#8243; _module_preset=&#8220;default&#8220; global_colors_info=&#8220;{}&#8220;][et_pb_image src=&#8220;https:\/\/skabutradisjonsbygg.no\/wp-content\/uploads\/2022\/10\/DSC0432-HDR-1.jpg&#8220; title_text=&#8220;Wohnzimmer und K\u00fcche im H\u00fcttenmodell G\u00e5l\u00e5.&#8220; url=&#8220;@ET-DC@eyJkeW5hbWljIjp0cnVlLCJjb250ZW50IjoicG9zdF9saW5rX3VybF9wYWdlIiwic2V0dGluZ3MiOnsicG9zdF9pZCI6IjUwMTMifX0=@&#8220; _builder_version=&#8220;4.27.0&#8243; _dynamic_attributes=&#8220;url&#8220; _module_preset=&#8220;default&#8220; border_width_all=&#8220;1px&#8220; global_colors_info=&#8220;{}&#8220;][\/et_pb_image][\/et_pb_column][\/et_pb_row][et_pb_row _builder_version=&#8220;4.24.2&#8243; _module_preset=&#8220;default&#8220; global_colors_info=&#8220;{}&#8220;][et_pb_column type=&#8220;4_4&#8243; _builder_version=&#8220;4.24.2&#8243; _module_preset=&#8220;default&#8220; global_colors_info=&#8220;{}&#8220;][et_pb_image src=&#8220;https:\/\/skabutradisjonsbygg.no\/wp-content\/uploads\/2024\/01\/skabutrad_301123_0795-e1711114487137.jpg&#8220; title_text=&#8220;Sk\u00e5bu Tradisjonsbygg&#8220; _builder_version=&#8220;4.27.0&#8243; _module_preset=&#8220;default&#8220; border_width_all=&#8220;1px&#8220; global_colors_info=&#8220;{}&#8220;][\/et_pb_image][\/et_pb_column][\/et_pb_row][et_pb_row _builder_version=&#8220;4.24.2&#8243; _module_preset=&#8220;default&#8220; global_colors_info=&#8220;{}&#8220;][et_pb_column type=&#8220;4_4&#8243; _builder_version=&#8220;4.24.2&#8243; _module_preset=&#8220;default&#8220; global_colors_info=&#8220;{}&#8220;][et_pb_image src=&#8220;https:\/\/skabutradisjonsbygg.no\/wp-content\/uploads\/2024\/07\/Jotunheimen113_Gjethammer.jpg&#8220; title_text=&#8220;Jotunheimen113_Gjethammer&#8220; _builder_version=&#8220;4.27.4&#8243; _module_preset=&#8220;default&#8220; border_width_all=&#8220;1px&#8220; global_colors_info=&#8220;{}&#8220;][\/et_pb_image][\/et_pb_column][\/et_pb_row][et_pb_row _builder_version=&#8220;4.24.2&#8243; _module_preset=&#8220;default&#8220; global_colors_info=&#8220;{}&#8220;][et_pb_column type=&#8220;4_4&#8243; _builder_version=&#8220;4.24.2&#8243; _module_preset=&#8220;default&#8220; global_colors_info=&#8220;{}&#8220;][et_pb_image src=&#8220;https:\/\/skabutradisjonsbygg.no\/wp-content\/uploads\/2022\/05\/Forsidebilde-web-scaled.jpg&#8220; title_text=&#8220;H\u00fcttenmodell Skaget mit Dachboden und Ruten im Hintergrund.&#8220; _builder_version=&#8220;4.27.4&#8243; _module_preset=&#8220;default&#8220; border_width_all=&#8220;1px&#8220; global_colors_info=&#8220;{}&#8220;][\/et_pb_image][\/et_pb_column][\/et_pb_row][\/et_pb_section][et_pb_section fb_built=&#8220;1&#8243; fullwidth=&#8220;on&#8220; _builder_version=&#8220;4.27.4&#8243; _module_preset=&#8220;default&#8220; global_colors_info=&#8220;{}&#8220;][et_pb_fullwidth_header title=&#8220;Lokale Handwerkskunst seit fast 30 Jahren&#8220; _builder_version=&#8220;4.27.4&#8243; _module_preset=&#8220;default&#8220; background_color=&#8220;#0972AE&#8220; global_colors_info=&#8220;{}&#8220;]<\/p>\n<p>Sk\u00e5bu Tradisjonsbygg wurde 1989 von P\u00e5l Hallvard Virik gegr\u00fcndet und ist seit 1997 als Aktiengesellschaft eingetragen. Das Unternehmen hat seinen Sitz in Sk\u00e5bu, der h\u00f6chstgelegenen bewohnten l\u00e4ndlichen Gemeinde Nordeuropas, und ist der gr\u00f6\u00dfte private Arbeitsplatz in Sk\u00e5bu. Sk\u00e5bu Tradisjonsbygg AS ist ein Meisterbetrieb, ein staatlich anerkannter Ausbildungsbetrieb und ein qualit\u00e4ts-zertifizierter Betrieb.  <\/p>\n<p>&nbsp;<\/p>\n<p>Durch jahrzehntelange Bau- und Restaurierungsprojekte hat Sk\u00e5bu Tradisjonsbygg ein solides Fachwissen in der Blockbau- und Stabbauweise aufgebaut. Die Spezialit\u00e4t von Sk\u00e5bu Tradisjonsbygg ist die Kombinationstechnik, die als Stavlaft bekannt ist. <\/p>\n<p>&nbsp;<\/p>\n<p>Sk\u00e5bu Tradisjonsbygg verf\u00fcgt auch \u00fcber Mitarbeiter mit einer Berufsausbildung als Maurer, Fliesenleger und Pflasterer sowie einer Zertifizierung f\u00fcr Nassr\u00e4ume. Das bei Sk\u00e5bu Tradisjonsbygg verf\u00fcgbare Fachwissen reicht von einem Handwerkszeugnis bis hin zu einem Universit\u00e4tsabschluss in Geschichte. Sk\u00e5bu Tradisjonsbygg AS hebt sich mit dieser Kombination aus Vision und bodenst\u00e4ndigem Handwerk in der Branche ab.  <\/p>\n<p>&nbsp;<\/p>\n<p>Bei Sk\u00e5bu Tradisjonsbygg legen wir Wert auf einen engen Dialog vor, w\u00e4hrend und nach Abschluss des Bauprozesses. Sk\u00e5bu Tradisjonsbygg verf\u00fcgt \u00fcber eine Qualit\u00e4tszertifizierung und wir k\u00fcmmern uns um das gesamte Bauvorhaben vom Antrag bis zur Bezugsfertigkeit des Geb\u00e4udes. Wir erstellen die Baupl\u00e4ne in enger Zusammenarbeit mit Ihnen, damit das Geb\u00e4ude Ihren W\u00fcnschen und Bed\u00fcrfnissen entspricht, und wir koordinieren auch die anderen Lieferanten im Bauprozess, wie z.B. den Fundamentbauer, Klempner und Elektriker. Sie haben es mit weniger Unternehmen zu tun und der Bauprozess wird effizienter und koordinierter.   <\/p>\n<p>&nbsp;<\/p>\n<p>Jede H\u00fctte wird individuell an die W\u00fcnsche und Bed\u00fcrfnisse des Kunden angepasst. Deshalb haben wir auch noch keine zwei v\u00f6llig identischen H\u00fctten gebaut. Unser Ziel ist es, dass unsere Kunden von Anfang bis Ende mit allem zufrieden sind und dass sie bei der Schl\u00fcssel\u00fcbergabe ihre Traumh\u00fctte aufschlie\u00dfen. <\/p>\n<p>&nbsp;<\/p>\n<p>&#8222;Sehr oft stellen wir fest, dass die Leute, f\u00fcr die wir H\u00fctten gebaut haben, zu uns zur\u00fcckkommen, wenn sie eine Garage, einen Schuppen oder eine G\u00e4steh\u00fctte bauen wollen &#8211; das ist das beste Lob, das wir bekommen k\u00f6nnen. Wir haben eine besonders enge Beziehung zu denjenigen, die in Sk\u00e5bu H\u00fctten bauen, denn in diesem kleinen Bergdorf wird jeder Teil der \u00f6rtlichen Gemeinschaft. <\/p>\n<p>[\/et_pb_fullwidth_header][\/et_pb_section]<\/p>\n","protected":false},"excerpt":{"rendered":"<p>Seit 1989 hat Sk\u00e5bu Tradisjonsbygg einige hundert H\u00fctten gebaut. Keine gleicht der anderen, denn wir helfen Ihnen dabei, etwas Einzigartiges und ganz Individuelles f\u00fcr Sie und Ihre Familie zu schaffen. Wir haben einige sehr sch\u00f6ne H\u00fcttenmodelle entworfen, die Sie als Ausgangspunkt verwenden k\u00f6nnen. Alle haben unser unverwechselbares Aussehen und Gef\u00fchl, mit kr\u00e4ftigen, unverw\u00fcstlichen Pfosten und [&hellip;]<\/p>\n","protected":false},"author":2,"featured_media":0,"parent":0,"menu_order":0,"comment_status":"closed","ping_status":"closed","template":"","meta":{"_et_pb_use_builder":"on","_et_pb_old_content":"","_et_gb_content_width":"","footnotes":""},"class_list":["post-5941","page","type-page","status-publish","hentry"],"yoast_head":"<!-- This site is optimized with the Yoast SEO plugin v27.5 - https:\/\/yoast.com\/product\/yoast-seo-wordpress\/ -->\n<title>Hauptseite - Sk\u00e5bu Tradisjonsbygg AS<\/title>\n<meta name=\"robots\" content=\"index, follow, max-snippet:-1, max-image-preview:large, max-video-preview:-1\" \/>\n<link rel=\"canonical\" href=\"https:\/\/skabutradisjonsbygg.no\/de\/\" \/>\n<meta property=\"og:locale\" content=\"de_DE\" \/>\n<meta property=\"og:type\" content=\"article\" \/>\n<meta property=\"og:title\" content=\"Hauptseite - Sk\u00e5bu Tradisjonsbygg AS\" \/>\n<meta property=\"og:description\" content=\"Seit 1989 hat Sk\u00e5bu Tradisjonsbygg einige hundert H\u00fctten gebaut. Keine gleicht der anderen, denn wir helfen Ihnen dabei, etwas Einzigartiges und ganz Individuelles f\u00fcr Sie und Ihre Familie zu schaffen. Wir haben einige sehr sch\u00f6ne H\u00fcttenmodelle entworfen, die Sie als Ausgangspunkt verwenden k\u00f6nnen. Alle haben unser unverwechselbares Aussehen und Gef\u00fchl, mit kr\u00e4ftigen, unverw\u00fcstlichen Pfosten und [&hellip;]\" \/>\n<meta property=\"og:url\" content=\"https:\/\/skabutradisjonsbygg.no\/de\/\" \/>\n<meta property=\"og:site_name\" content=\"Sk\u00e5bu Tradisjonsbygg AS\" \/>\n<meta property=\"article:modified_time\" content=\"2026-01-06T11:46:14+00:00\" \/>\n<meta name=\"twitter:card\" content=\"summary_large_image\" \/>\n<meta name=\"twitter:label1\" content=\"Est. reading time\" \/>\n\t<meta name=\"twitter:data1\" content=\"6\u00a0Minuten\" \/>\n<script type=\"application\/ld+json\" class=\"yoast-schema-graph\">{\"@context\":\"https:\\\/\\\/schema.org\",\"@graph\":[{\"@type\":\"WebPage\",\"@id\":\"https:\\\/\\\/skabutradisjonsbygg.no\\\/de\\\/\",\"url\":\"https:\\\/\\\/skabutradisjonsbygg.no\\\/de\\\/\",\"name\":\"Hauptseite - Sk\u00e5bu Tradisjonsbygg AS\",\"isPartOf\":{\"@id\":\"https:\\\/\\\/skabutradisjonsbygg.no\\\/de\\\/#website\"},\"datePublished\":\"2019-10-24T07:52:36+00:00\",\"dateModified\":\"2026-01-06T11:46:14+00:00\",\"breadcrumb\":{\"@id\":\"https:\\\/\\\/skabutradisjonsbygg.no\\\/de\\\/#breadcrumb\"},\"inLanguage\":\"de\",\"potentialAction\":[{\"@type\":\"ReadAction\",\"target\":[\"https:\\\/\\\/skabutradisjonsbygg.no\\\/de\\\/\"]}]},{\"@type\":\"BreadcrumbList\",\"@id\":\"https:\\\/\\\/skabutradisjonsbygg.no\\\/de\\\/#breadcrumb\",\"itemListElement\":[{\"@type\":\"ListItem\",\"position\":1,\"name\":\"Hjem\",\"item\":\"https:\\\/\\\/skabutradisjonsbygg.no\\\/de\\\/\"},{\"@type\":\"ListItem\",\"position\":2,\"name\":\"Hauptseite\"}]},{\"@type\":\"WebSite\",\"@id\":\"https:\\\/\\\/skabutradisjonsbygg.no\\\/de\\\/#website\",\"url\":\"https:\\\/\\\/skabutradisjonsbygg.no\\\/de\\\/\",\"name\":\"Sk\u00e5bu Tradisjonsbygg AS\",\"description\":\"Tradisjonelle bygg for mennesker i v\u00e5r egen tid\",\"potentialAction\":[{\"@type\":\"SearchAction\",\"target\":{\"@type\":\"EntryPoint\",\"urlTemplate\":\"https:\\\/\\\/skabutradisjonsbygg.no\\\/de\\\/?s={search_term_string}\"},\"query-input\":{\"@type\":\"PropertyValueSpecification\",\"valueRequired\":true,\"valueName\":\"search_term_string\"}}],\"inLanguage\":\"de\"}]}<\/script>\n<!-- \/ Yoast SEO plugin. -->","yoast_head_json":{"title":"Hauptseite - Sk\u00e5bu Tradisjonsbygg AS","robots":{"index":"index","follow":"follow","max-snippet":"max-snippet:-1","max-image-preview":"max-image-preview:large","max-video-preview":"max-video-preview:-1"},"canonical":"https:\/\/skabutradisjonsbygg.no\/de\/","og_locale":"de_DE","og_type":"article","og_title":"Hauptseite - Sk\u00e5bu Tradisjonsbygg AS","og_description":"Seit 1989 hat Sk\u00e5bu Tradisjonsbygg einige hundert H\u00fctten gebaut. Keine gleicht der anderen, denn wir helfen Ihnen dabei, etwas Einzigartiges und ganz Individuelles f\u00fcr Sie und Ihre Familie zu schaffen. Wir haben einige sehr sch\u00f6ne H\u00fcttenmodelle entworfen, die Sie als Ausgangspunkt verwenden k\u00f6nnen. Alle haben unser unverwechselbares Aussehen und Gef\u00fchl, mit kr\u00e4ftigen, unverw\u00fcstlichen Pfosten und [&hellip;]","og_url":"https:\/\/skabutradisjonsbygg.no\/de\/","og_site_name":"Sk\u00e5bu Tradisjonsbygg AS","article_modified_time":"2026-01-06T11:46:14+00:00","twitter_card":"summary_large_image","twitter_misc":{"Est. reading time":"6\u00a0Minuten"},"schema":{"@context":"https:\/\/schema.org","@graph":[{"@type":"WebPage","@id":"https:\/\/skabutradisjonsbygg.no\/de\/","url":"https:\/\/skabutradisjonsbygg.no\/de\/","name":"Hauptseite - Sk\u00e5bu Tradisjonsbygg AS","isPartOf":{"@id":"https:\/\/skabutradisjonsbygg.no\/de\/#website"},"datePublished":"2019-10-24T07:52:36+00:00","dateModified":"2026-01-06T11:46:14+00:00","breadcrumb":{"@id":"https:\/\/skabutradisjonsbygg.no\/de\/#breadcrumb"},"inLanguage":"de","potentialAction":[{"@type":"ReadAction","target":["https:\/\/skabutradisjonsbygg.no\/de\/"]}]},{"@type":"BreadcrumbList","@id":"https:\/\/skabutradisjonsbygg.no\/de\/#breadcrumb","itemListElement":[{"@type":"ListItem","position":1,"name":"Hjem","item":"https:\/\/skabutradisjonsbygg.no\/de\/"},{"@type":"ListItem","position":2,"name":"Hauptseite"}]},{"@type":"WebSite","@id":"https:\/\/skabutradisjonsbygg.no\/de\/#website","url":"https:\/\/skabutradisjonsbygg.no\/de\/","name":"Sk\u00e5bu Tradisjonsbygg AS","description":"Tradisjonelle bygg for mennesker i v\u00e5r egen tid","potentialAction":[{"@type":"SearchAction","target":{"@type":"EntryPoint","urlTemplate":"https:\/\/skabutradisjonsbygg.no\/de\/?s={search_term_string}"},"query-input":{"@type":"PropertyValueSpecification","valueRequired":true,"valueName":"search_term_string"}}],"inLanguage":"de"}]}},"_links":{"self":[{"href":"https:\/\/skabutradisjonsbygg.no\/de\/wp-json\/wp\/v2\/pages\/5941","targetHints":{"allow":["GET"]}}],"collection":[{"href":"https:\/\/skabutradisjonsbygg.no\/de\/wp-json\/wp\/v2\/pages"}],"about":[{"href":"https:\/\/skabutradisjonsbygg.no\/de\/wp-json\/wp\/v2\/types\/page"}],"author":[{"embeddable":true,"href":"https:\/\/skabutradisjonsbygg.no\/de\/wp-json\/wp\/v2\/users\/2"}],"replies":[{"embeddable":true,"href":"https:\/\/skabutradisjonsbygg.no\/de\/wp-json\/wp\/v2\/comments?post=5941"}],"version-history":[{"count":0,"href":"https:\/\/skabutradisjonsbygg.no\/de\/wp-json\/wp\/v2\/pages\/5941\/revisions"}],"wp:attachment":[{"href":"https:\/\/skabutradisjonsbygg.no\/de\/wp-json\/wp\/v2\/media?parent=5941"}],"curies":[{"name":"wp","href":"https:\/\/api.w.org\/{rel}","templated":true}]}}