{"id":5940,"date":"2019-10-28T13:25:48","date_gmt":"2019-10-28T12:25:48","guid":{"rendered":"https:\/\/skabuhus.no\/mitarbeiter\/"},"modified":"2025-08-29T13:38:37","modified_gmt":"2025-08-29T11:38:37","slug":"mitarbeiter","status":"publish","type":"page","link":"https:\/\/skabutradisjonsbygg.no\/de\/mitarbeiter\/","title":{"rendered":"Mitarbeiter"},"content":{"rendered":"<p>[et_pb_section fb_built=&#8220;1&#8243; custom_padding_last_edited=&#8220;on|phone&#8220; _builder_version=&#8220;4.16&#8243; background_color=&#8220;#ffffff&#8220; custom_padding=&#8220;110px||160px||false|false&#8220; custom_padding_tablet=&#8220;&#8220; custom_padding_phone=&#8220;40px||||false|false&#8220; top_divider_color=&#8220;rgba(81,123,189,0.4)&#8220; top_divider_height=&#8220;90px&#8220; top_divider_flip=&#8220;vertical&#8220; global_colors_info=&#8220;{}&#8220;][et_pb_row custom_padding_last_edited=&#8220;on|desktop&#8220; _builder_version=&#8220;4.16&#8243; custom_padding=&#8220;||0px|||&#8220; custom_padding_tablet=&#8220;&#8220; custom_padding_phone=&#8220;||0px||false|false&#8220; global_colors_info=&#8220;{}&#8220;][et_pb_column type=&#8220;4_4&#8243; _builder_version=&#8220;4.16&#8243; global_colors_info=&#8220;{}&#8220;][et_pb_text _builder_version=&#8220;4.16&#8243; text_font=&#8220;||||||||&#8220; header_font=&#8220;||||||||&#8220; global_colors_info=&#8220;{}&#8220;]<\/p>\n<h1 style=\"text-align: center;\">Unsere Mitarbeiter<\/h1>\n<p>[\/et_pb_text][\/et_pb_column][\/et_pb_row][et_pb_row column_structure=&#8220;1_4,1_4,1_4,1_4&#8243; custom_padding_last_edited=&#8220;on|phone&#8220; _builder_version=&#8220;4.23&#8243; custom_margin=&#8220;90px|auto||auto||&#8220; custom_margin_tablet=&#8220;&#8220; custom_margin_phone=&#8220;40px||||false|false&#8220; custom_margin_last_edited=&#8220;on|phone&#8220; custom_padding=&#8220;0px||60px||false|false&#8220; custom_padding_tablet=&#8220;&#8220; custom_padding_phone=&#8220;||10px||false|false&#8220; global_colors_info=&#8220;{}&#8220;][et_pb_column type=&#8220;1_4&#8243; _builder_version=&#8220;4.16&#8243; global_colors_info=&#8220;{}&#8220;][et_pb_image src=&#8220;https:\/\/skabutradisjonsbygg.no\/wp-content\/uploads\/2019\/10\/Pa\u030al_Hallvard_Vik-1.jpg&#8220; _builder_version=&#8220;4.16&#8243; global_colors_info=&#8220;{}&#8220;][\/et_pb_image][et_pb_text _builder_version=&#8220;4.27.4&#8243; custom_margin_tablet=&#8220;||40px||false|false&#8220; custom_margin_phone=&#8220;||40px||false|false&#8220; custom_margin_last_edited=&#8220;on|tablet&#8220; global_colors_info=&#8220;{}&#8220;]<\/p>\n<h4>P\u00e5l Hallvard Virik<\/h4>\n<p>Gesch\u00e4ftsf\u00fchrer<br \/>Baumeister<br \/>Bachelor in Geschichte, Universit\u00e4t Oslo<\/p>\n<p>+47 926 05 101<br \/>pal.hallvard@skabutradisjonsbygg.no<\/p>\n<p>[\/et_pb_text][\/et_pb_column][et_pb_column type=&#8220;1_4&#8243; _builder_version=&#8220;4.16&#8243; global_colors_info=&#8220;{}&#8220;][et_pb_image src=&#8220;https:\/\/skabutradisjonsbygg.no\/wp-content\/uploads\/2022\/08\/Kristin-liten-str.jpg&#8220; title_text=&#8220;Kristin klein str&#8220; _builder_version=&#8220;4.17.6&#8243; global_colors_info=&#8220;{}&#8220;][\/et_pb_image][et_pb_text _builder_version=&#8220;4.16&#8243; header_line_height=&#8220;1.2em&#8220; header_4_line_height=&#8220;1.2em&#8220; custom_margin_tablet=&#8220;||40px||false|false&#8220; custom_margin_phone=&#8220;||40px||false|false&#8220; custom_margin_last_edited=&#8220;on|phone&#8220; global_colors_info=&#8220;{}&#8220;]<\/p>\n<h4>Kristin Huse Sillil\u00f8kken<\/h4>\n<p>B\u00fcroleiter<\/p>\n<p>+47 957 02 353<br \/> kristin@skabutradisjonsbygg.no<\/p>\n<p>[\/et_pb_text][\/et_pb_column][et_pb_column type=&#8220;1_4&#8243; _builder_version=&#8220;4.16&#8243; global_colors_info=&#8220;{}&#8220;][\/et_pb_column][et_pb_column type=&#8220;1_4&#8243; _builder_version=&#8220;4.16&#8243; global_colors_info=&#8220;{}&#8220;][\/et_pb_column][\/et_pb_row][et_pb_row column_structure=&#8220;1_5,1_5,1_5,1_5,1_5&#8243; custom_padding_last_edited=&#8220;on|phone&#8220; _builder_version=&#8220;4.16&#8243; custom_margin=&#8220;90px|auto||auto||&#8220; custom_margin_tablet=&#8220;&#8220; custom_margin_phone=&#8220;40px||||false|false&#8220; custom_margin_last_edited=&#8220;on|phone&#8220; custom_padding=&#8220;0px||60px||false|false&#8220; custom_padding_tablet=&#8220;&#8220; custom_padding_phone=&#8220;||10px||false|false&#8220; global_colors_info=&#8220;{}&#8220;][et_pb_column type=&#8220;1_5&#8243; _builder_version=&#8220;4.16&#8243; global_colors_info=&#8220;{}&#8220;][et_pb_image src=&#8220;https:\/\/skabutradisjonsbygg.no\/wp-content\/uploads\/2019\/10\/J\u00f8rn_Maurstad-1.jpg&#8220; _builder_version=&#8220;4.16&#8243; global_colors_info=&#8220;{}&#8220;][\/et_pb_image][et_pb_text _builder_version=&#8220;4.16&#8243; custom_margin_tablet=&#8220;&#8220; custom_margin_phone=&#8220;||40px||false|false&#8220; custom_margin_last_edited=&#8220;on|phone&#8220; global_colors_info=&#8220;{}&#8220;]<\/p>\n<h4>J\u00f8rn Maurstad<\/h4>\n<p>Zimmermann<br \/>Bauleiter<\/p>\n<p>[\/et_pb_text][\/et_pb_column][et_pb_column type=&#8220;1_5&#8243; _builder_version=&#8220;4.16&#8243; global_colors_info=&#8220;{}&#8220;][et_pb_image src=&#8220;https:\/\/skabutradisjonsbygg.no\/wp-content\/uploads\/2019\/10\/Erling_Magnus_Vaterland-1.jpg&#8220; _builder_version=&#8220;4.16&#8243; global_colors_info=&#8220;{}&#8220;][\/et_pb_image][et_pb_text _builder_version=&#8220;4.16&#8243; header_line_height=&#8220;1.2em&#8220; header_4_line_height=&#8220;1.2em&#8220; custom_margin_tablet=&#8220;&#8220; custom_margin_phone=&#8220;||40px||false|false&#8220; custom_margin_last_edited=&#8220;on|phone&#8220; global_colors_info=&#8220;{}&#8220;]<\/p>\n<h4>Erling Magnus Vaterland<\/h4>\n<p>Zimmermann<\/p>\n<p>[\/et_pb_text][\/et_pb_column][et_pb_column type=&#8220;1_5&#8243; _builder_version=&#8220;4.16&#8243; global_colors_info=&#8220;{}&#8220;][et_pb_image src=&#8220;https:\/\/skabutradisjonsbygg.no\/wp-content\/uploads\/2019\/10\/Henning_Berglund-1.jpg&#8220; _builder_version=&#8220;4.16&#8243; global_colors_info=&#8220;{}&#8220;][\/et_pb_image][et_pb_text _builder_version=&#8220;4.16&#8243; custom_margin_tablet=&#8220;&#8220; custom_margin_phone=&#8220;||40px||false|false&#8220; custom_margin_last_edited=&#8220;on|desktop&#8220; global_colors_info=&#8220;{}&#8220;]<\/p>\n<h4>Henning Berglund<\/h4>\n<p>Zimmermann<br \/>Chefzimmermann<\/p>\n<p>[\/et_pb_text][\/et_pb_column][et_pb_column type=&#8220;1_5&#8243; _builder_version=&#8220;4.16&#8243; global_colors_info=&#8220;{}&#8220;][et_pb_image src=&#8220;https:\/\/skabutradisjonsbygg.no\/wp-content\/uploads\/2025\/08\/Portrett_Johnny2-scaled.jpg&#8220; title_text=&#8220;Portrett_Johnny2&#8243; _builder_version=&#8220;4.27.4&#8243; global_colors_info=&#8220;{}&#8220;][\/et_pb_image][et_pb_text _builder_version=&#8220;4.16&#8243; custom_margin_tablet=&#8220;||40px||false|false&#8220; custom_margin_phone=&#8220;||40px||false|false&#8220; custom_margin_last_edited=&#8220;on|phone&#8220; global_colors_info=&#8220;{}&#8220;]<\/p>\n<h4>Johnny Berglund<\/h4>\n<p>Zimmermann<br \/>Maurer<br \/>Nassraum-zertifiziert<br \/>Bauleiter<\/p>\n<p>[\/et_pb_text][\/et_pb_column][et_pb_column type=&#8220;1_5&#8243; _builder_version=&#8220;4.16&#8243; global_colors_info=&#8220;{}&#8220;][et_pb_image src=&#8220;https:\/\/skabutradisjonsbygg.no\/wp-content\/uploads\/2019\/10\/Henning_R\u00f8nshaugen-1.jpg&#8220; _builder_version=&#8220;4.16&#8243; global_colors_info=&#8220;{}&#8220;][\/et_pb_image][et_pb_text _builder_version=&#8220;4.16&#8243; header_4_line_height=&#8220;1.2em&#8220; custom_margin_tablet=&#8220;&#8220; custom_margin_phone=&#8220;||40px||false|false&#8220; custom_margin_last_edited=&#8220;on|desktop&#8220; global_colors_info=&#8220;{}&#8220;]<\/p>\n<h4>Henning R\u00f8nshaugen<\/h4>\n<p>Zimmermann<br \/>Bauleiter<\/p>\n<p>[\/et_pb_text][\/et_pb_column][\/et_pb_row][et_pb_row column_structure=&#8220;1_5,1_5,1_5,1_5,1_5&#8243; custom_padding_last_edited=&#8220;on|desktop&#8220; _builder_version=&#8220;4.17.6&#8243; custom_margin=&#8220;40px|auto||auto||&#8220; custom_padding=&#8220;||60px|||&#8220; custom_padding_tablet=&#8220;&#8220; custom_padding_phone=&#8220;||0px||false|false&#8220; global_colors_info=&#8220;{}&#8220;][et_pb_column type=&#8220;1_5&#8243; _builder_version=&#8220;4.16&#8243; global_colors_info=&#8220;{}&#8220;][et_pb_image src=&#8220;https:\/\/skabutradisjonsbygg.no\/wp-content\/uploads\/2025\/08\/Visningsbilder-13-2-scaled.jpg&#8220; title_text=&#8220;Visningsbilder-13&#8243; _builder_version=&#8220;4.27.4&#8243; global_colors_info=&#8220;{}&#8220;][\/et_pb_image][et_pb_text _builder_version=&#8220;4.17.3&#8243; custom_margin_tablet=&#8220;||40px||false|false&#8220; custom_margin_phone=&#8220;||40px||false|false&#8220; custom_margin_last_edited=&#8220;on|desktop&#8220; custom_padding=&#8220;||2px|||&#8220; global_colors_info=&#8220;{}&#8220;]<\/p>\n<h4>Sebastian Mocek<\/h4>\n<p>Schreiner<\/p>\n<p>[\/et_pb_text][\/et_pb_column][et_pb_column type=&#8220;1_5&#8243; _builder_version=&#8220;4.16&#8243; global_colors_info=&#8220;{}&#8220;][et_pb_image src=&#8220;https:\/\/skabutradisjonsbygg.no\/wp-content\/uploads\/2025\/08\/Visningsbilder-6-scaled.jpg&#8220; title_text=&#8220;Visningsbilder-6&#8243; _builder_version=&#8220;4.27.4&#8243; global_colors_info=&#8220;{}&#8220;][\/et_pb_image][et_pb_text _builder_version=&#8220;4.16&#8243; custom_padding=&#8220;|||10px||&#8220; global_colors_info=&#8220;{}&#8220;]<\/p>\n<h4>\u00d8ystein Landgraff<\/h4>\n<p>Betonbauer<br \/>Zimmermann<\/p>\n<p>[\/et_pb_text][\/et_pb_column][et_pb_column type=&#8220;1_5&#8243; _builder_version=&#8220;4.17.6&#8243; _module_preset=&#8220;default&#8220; global_colors_info=&#8220;{}&#8220;][et_pb_image src=&#8220;https:\/\/skabutradisjonsbygg.no\/wp-content\/uploads\/2019\/10\/Anna_Lena_Vaterland-1.jpg&#8220; _builder_version=&#8220;4.16&#8243; global_colors_info=&#8220;{}&#8220;][\/et_pb_image][et_pb_text _builder_version=&#8220;4.16&#8243; header_line_height=&#8220;1.2em&#8220; header_4_line_height=&#8220;1.2em&#8220; custom_margin_tablet=&#8220;||40px||false|false&#8220; custom_margin_phone=&#8220;||40px||false|false&#8220; custom_margin_last_edited=&#8220;on|phone&#8220; global_colors_info=&#8220;{}&#8220;]<\/p>\n<h4>Anna Lena Vaterland<\/h4>\n<p>Zimmermann<br \/>Bauleiter<\/p>\n<p>[\/et_pb_text][\/et_pb_column][et_pb_column type=&#8220;1_5&#8243; _builder_version=&#8220;4.16&#8243; global_colors_info=&#8220;{}&#8220;][et_pb_image src=&#8220;https:\/\/skabutradisjonsbygg.no\/wp-content\/uploads\/2019\/10\/Jacek_Zak-1.jpg&#8220; _builder_version=&#8220;4.16&#8243; global_colors_info=&#8220;{}&#8220;][\/et_pb_image][et_pb_text _builder_version=&#8220;4.16&#8243; global_colors_info=&#8220;{}&#8220;]<\/p>\n<h4>Jacek Zak<\/h4>\n<p>Fliesenleger<br \/>Maurer<\/p>\n<p>[\/et_pb_text][\/et_pb_column][et_pb_column type=&#8220;1_5&#8243; _builder_version=&#8220;4.16&#8243; global_colors_info=&#8220;{}&#8220;][et_pb_image src=&#8220;https:\/\/skabutradisjonsbygg.no\/wp-content\/uploads\/2025\/07\/Portrett_Raimondas2-scaled.jpg&#8220; title_text=&#8220;Portrett_Raimondas2&#8243; _builder_version=&#8220;4.27.4&#8243; global_colors_info=&#8220;{}&#8220;][\/et_pb_image][et_pb_text _builder_version=&#8220;4.16&#8243; header_line_height=&#8220;1.2em&#8220; header_4_line_height=&#8220;1.2em&#8220; custom_margin_tablet=&#8220;||40px||false|false&#8220; custom_margin_phone=&#8220;||40px||false|false&#8220; custom_margin_last_edited=&#8220;on|phone&#8220; global_colors_info=&#8220;{}&#8220;]<\/p>\n<h4>Raimondas Giedra<\/h4>\n<p>Zimmermann<br \/>Bauleiter<\/p>\n<p>[\/et_pb_text][\/et_pb_column][\/et_pb_row][et_pb_row column_structure=&#8220;1_5,1_5,1_5,1_5,1_5&#8243; _builder_version=&#8220;4.27.4&#8243; custom_margin=&#8220;40px|auto||auto||&#8220; custom_padding=&#8220;||0px|||&#8220; global_colors_info=&#8220;{}&#8220;][et_pb_column type=&#8220;1_5&#8243; _builder_version=&#8220;4.16&#8243; global_colors_info=&#8220;{}&#8220;][et_pb_image src=&#8220;https:\/\/skabutradisjonsbygg.no\/wp-content\/uploads\/2025\/08\/Visningsbilder-10-scaled.jpg&#8220; _builder_version=&#8220;4.27.4&#8243; hover_enabled=&#8220;0&#8243; global_colors_info=&#8220;{}&#8220; title_text=&#8220;Visningsbilder-10&#8243; sticky_enabled=&#8220;0&#8243;][\/et_pb_image][et_pb_text _builder_version=&#8220;4.17.3&#8243; custom_margin_tablet=&#8220;&#8220; custom_margin_phone=&#8220;||40px||false|false&#8220; custom_margin_last_edited=&#8220;on|desktop&#8220; global_colors_info=&#8220;{}&#8220;]<\/p>\n<h4>Birchan Tecle<\/h4>\n<p>Schreiner<\/p>\n<p>[\/et_pb_text][\/et_pb_column][et_pb_column type=&#8220;1_5&#8243; _builder_version=&#8220;4.27.4&#8243; _module_preset=&#8220;default&#8220; global_colors_info=&#8220;{}&#8220;][et_pb_image src=&#8220;https:\/\/skabutradisjonsbygg.no\/wp-content\/uploads\/2025\/07\/Portrettfoto-scaled.jpg&#8220; title_text=&#8220;Portrettfoto&#8220; _builder_version=&#8220;4.27.4&#8243; hover_enabled=&#8220;0&#8243; global_colors_info=&#8220;{}&#8220; sticky_enabled=&#8220;0&#8243;][\/et_pb_image][et_pb_text _builder_version=&#8220;4.16&#8243; header_line_height=&#8220;1.2em&#8220; header_4_line_height=&#8220;1.2em&#8220; custom_margin_tablet=&#8220;||40px||false|false&#8220; custom_margin_phone=&#8220;||40px||false|false&#8220; custom_margin_last_edited=&#8220;on|phone&#8220; global_colors_info=&#8220;{}&#8220;]<\/p>\n<h4>Lars Tarud<\/h4>\n<p>Zimmermann<br \/>Bauleiter<\/p>\n<p>[\/et_pb_text][\/et_pb_column][et_pb_column type=&#8220;1_5&#8243; _builder_version=&#8220;4.16&#8243; global_colors_info=&#8220;{}&#8220;][et_pb_image src=&#8220;https:\/\/skabutradisjonsbygg.no\/wp-content\/uploads\/2025\/07\/Portrett_Audun2-2-scaled.jpg&#8220; title_text=&#8220;Portrett_Audun2&#8243; _builder_version=&#8220;4.27.4&#8243; global_colors_info=&#8220;{}&#8220;][\/et_pb_image][et_pb_text _builder_version=&#8220;4.27.4&#8243; header_line_height=&#8220;1.2em&#8220; header_4_line_height=&#8220;1.2em&#8220; custom_margin_tablet=&#8220;||40px||false|false&#8220; custom_margin_phone=&#8220;||40px||false|false&#8220; custom_margin_last_edited=&#8220;on|phone&#8220; global_colors_info=&#8220;{}&#8220;]<\/p>\n<h4>Audun Holmen<\/h4>\n<p>Zimmermann<\/p>\n<p>[\/et_pb_text][\/et_pb_column][et_pb_column type=&#8220;1_5&#8243; _builder_version=&#8220;4.16&#8243; global_colors_info=&#8220;{}&#8220;][et_pb_image src=&#8220;https:\/\/skabutradisjonsbygg.no\/wp-content\/uploads\/2025\/08\/20250811_101338-2.jpg&#8220; title_text=&#8220;20250811_101338-2&#8243; _builder_version=&#8220;4.27.4&#8243; global_colors_info=&#8220;{}&#8220;][\/et_pb_image][et_pb_text _builder_version=&#8220;4.27.4&#8243; header_line_height=&#8220;1.2em&#8220; header_4_line_height=&#8220;1.2em&#8220; custom_margin_tablet=&#8220;||40px||false|false&#8220; custom_margin_phone=&#8220;||40px||false|false&#8220; custom_margin_last_edited=&#8220;on|phone&#8220; global_colors_info=&#8220;{}&#8220;]<\/p>\n<h4>Mathias Sletten<\/h4>\n<p>Lehrling<\/p>\n<p>[\/et_pb_text][et_pb_image _builder_version=&#8220;4.16&#8243; global_colors_info=&#8220;{}&#8220;][\/et_pb_image][et_pb_image _builder_version=&#8220;4.16&#8243; global_colors_info=&#8220;{}&#8220;][\/et_pb_image][\/et_pb_column][et_pb_column type=&#8220;1_5&#8243; _builder_version=&#8220;4.16&#8243; global_colors_info=&#8220;{}&#8220;][et_pb_image src=&#8220;https:\/\/skabutradisjonsbygg.no\/wp-content\/uploads\/2025\/08\/Til-nettside-scaled.jpg&#8220; title_text=&#8220;Til nettside&#8220; _builder_version=&#8220;4.27.4&#8243; hover_enabled=&#8220;0&#8243; global_colors_info=&#8220;{}&#8220; sticky_enabled=&#8220;0&#8243;][\/et_pb_image][et_pb_text _builder_version=&#8220;4.27.4&#8243; header_line_height=&#8220;1.2em&#8220; header_4_line_height=&#8220;1.2em&#8220; custom_margin_tablet=&#8220;||40px||false|false&#8220; custom_margin_phone=&#8220;||40px||false|false&#8220; custom_margin_last_edited=&#8220;on|phone&#8220; global_colors_info=&#8220;{}&#8220;]<\/p>\n<h4>Sindre Brenden<\/h4>\n<p>Lehrling<\/p>\n<p>[\/et_pb_text][\/et_pb_column][\/et_pb_row][\/et_pb_section]<\/p>\n","protected":false},"excerpt":{"rendered":"<p>Unsere MitarbeiterP\u00e5l Hallvard Virik Gesch\u00e4ftsf\u00fchrerBaumeisterBachelor in Geschichte, Universit\u00e4t Oslo +47 926 05 101pal.hallvard@skabutradisjonsbygg.noKristin Huse Sillil\u00f8kken B\u00fcroleiter +47 957 02 353 kristin@skabutradisjonsbygg.noJ\u00f8rn Maurstad ZimmermannBauleiterErling Magnus Vaterland ZimmermannHenning Berglund ZimmermannChefzimmermannJohnny Berglund ZimmermannMaurerNassraum-zertifiziertBauleiterHenning R\u00f8nshaugen ZimmermannBauleiterSebastian Mocek Schreiner\u00d8ystein Landgraff BetonbauerZimmermannAnna Lena Vaterland ZimmermannBauleiterJacek Zak FliesenlegerMaurerRaimondas Giedra ZimmermannBauleiterBirchan Tecle SchreinerLars Tarud ZimmermannBauleiterAudun Holmen ZimmermannMathias Sletten LehrlingSindre Brenden Lehrling<\/p>\n","protected":false},"author":2,"featured_media":0,"parent":0,"menu_order":0,"comment_status":"closed","ping_status":"closed","template":"","meta":{"_et_pb_use_builder":"on","_et_pb_old_content":"","_et_gb_content_width":"","footnotes":""},"class_list":["post-5940","page","type-page","status-publish","hentry"],"yoast_head":"<!-- This site is optimized with the Yoast SEO plugin v27.2 - https:\/\/yoast.com\/product\/yoast-seo-wordpress\/ -->\n<title>Mitarbeiter - Sk\u00e5bu Tradisjonsbygg AS<\/title>\n<meta name=\"robots\" content=\"index, follow, max-snippet:-1, max-image-preview:large, max-video-preview:-1\" \/>\n<link rel=\"canonical\" href=\"https:\/\/skabutradisjonsbygg.no\/de\/mitarbeiter\/\" \/>\n<meta property=\"og:locale\" content=\"de_DE\" \/>\n<meta property=\"og:type\" content=\"article\" \/>\n<meta property=\"og:title\" content=\"Mitarbeiter - Sk\u00e5bu Tradisjonsbygg AS\" \/>\n<meta property=\"og:description\" content=\"Unsere MitarbeiterP\u00e5l Hallvard Virik Gesch\u00e4ftsf\u00fchrerBaumeisterBachelor in Geschichte, Universit\u00e4t Oslo +47 926 05 101pal.hallvard@skabutradisjonsbygg.noKristin Huse Sillil\u00f8kken B\u00fcroleiter +47 957 02 353 kristin@skabutradisjonsbygg.noJ\u00f8rn Maurstad ZimmermannBauleiterErling Magnus Vaterland ZimmermannHenning Berglund ZimmermannChefzimmermannJohnny Berglund ZimmermannMaurerNassraum-zertifiziertBauleiterHenning R\u00f8nshaugen ZimmermannBauleiterSebastian Mocek Schreiner\u00d8ystein Landgraff BetonbauerZimmermannAnna Lena Vaterland ZimmermannBauleiterJacek Zak FliesenlegerMaurerRaimondas Giedra ZimmermannBauleiterBirchan Tecle SchreinerLars Tarud ZimmermannBauleiterAudun Holmen ZimmermannMathias Sletten LehrlingSindre Brenden Lehrling\" \/>\n<meta property=\"og:url\" content=\"https:\/\/skabutradisjonsbygg.no\/de\/mitarbeiter\/\" \/>\n<meta property=\"og:site_name\" content=\"Sk\u00e5bu Tradisjonsbygg AS\" \/>\n<meta property=\"article:modified_time\" content=\"2025-08-29T11:38:37+00:00\" \/>\n<meta name=\"twitter:card\" content=\"summary_large_image\" \/>\n<meta name=\"twitter:label1\" content=\"Est. reading time\" \/>\n\t<meta name=\"twitter:data1\" content=\"8\u00a0Minuten\" \/>\n<script type=\"application\/ld+json\" class=\"yoast-schema-graph\">{\"@context\":\"https:\/\/schema.org\",\"@graph\":[{\"@type\":\"WebPage\",\"@id\":\"https:\/\/skabutradisjonsbygg.no\/de\/mitarbeiter\/\",\"url\":\"https:\/\/skabutradisjonsbygg.no\/de\/mitarbeiter\/\",\"name\":\"Mitarbeiter - Sk\u00e5bu Tradisjonsbygg AS\",\"isPartOf\":{\"@id\":\"https:\/\/skabutradisjonsbygg.no\/de\/#website\"},\"datePublished\":\"2019-10-28T12:25:48+00:00\",\"dateModified\":\"2025-08-29T11:38:37+00:00\",\"breadcrumb\":{\"@id\":\"https:\/\/skabutradisjonsbygg.no\/de\/mitarbeiter\/#breadcrumb\"},\"inLanguage\":\"de\",\"potentialAction\":[{\"@type\":\"ReadAction\",\"target\":[\"https:\/\/skabutradisjonsbygg.no\/de\/mitarbeiter\/\"]}]},{\"@type\":\"BreadcrumbList\",\"@id\":\"https:\/\/skabutradisjonsbygg.no\/de\/mitarbeiter\/#breadcrumb\",\"itemListElement\":[{\"@type\":\"ListItem\",\"position\":1,\"name\":\"Hjem\",\"item\":\"https:\/\/skabutradisjonsbygg.no\/de\/\"},{\"@type\":\"ListItem\",\"position\":2,\"name\":\"Mitarbeiter\"}]},{\"@type\":\"WebSite\",\"@id\":\"https:\/\/skabutradisjonsbygg.no\/de\/#website\",\"url\":\"https:\/\/skabutradisjonsbygg.no\/de\/\",\"name\":\"Sk\u00e5bu Tradisjonsbygg AS\",\"description\":\"Tradisjonelle bygg for mennesker i v\u00e5r egen tid\",\"potentialAction\":[{\"@type\":\"SearchAction\",\"target\":{\"@type\":\"EntryPoint\",\"urlTemplate\":\"https:\/\/skabutradisjonsbygg.no\/de\/?s={search_term_string}\"},\"query-input\":{\"@type\":\"PropertyValueSpecification\",\"valueRequired\":true,\"valueName\":\"search_term_string\"}}],\"inLanguage\":\"de\"}]}<\/script>\n<!-- \/ Yoast SEO plugin. -->","yoast_head_json":{"title":"Mitarbeiter - Sk\u00e5bu Tradisjonsbygg AS","robots":{"index":"index","follow":"follow","max-snippet":"max-snippet:-1","max-image-preview":"max-image-preview:large","max-video-preview":"max-video-preview:-1"},"canonical":"https:\/\/skabutradisjonsbygg.no\/de\/mitarbeiter\/","og_locale":"de_DE","og_type":"article","og_title":"Mitarbeiter - Sk\u00e5bu Tradisjonsbygg AS","og_description":"Unsere MitarbeiterP\u00e5l Hallvard Virik Gesch\u00e4ftsf\u00fchrerBaumeisterBachelor in Geschichte, Universit\u00e4t Oslo +47 926 05 101pal.hallvard@skabutradisjonsbygg.noKristin Huse Sillil\u00f8kken B\u00fcroleiter +47 957 02 353 kristin@skabutradisjonsbygg.noJ\u00f8rn Maurstad ZimmermannBauleiterErling Magnus Vaterland ZimmermannHenning Berglund ZimmermannChefzimmermannJohnny Berglund ZimmermannMaurerNassraum-zertifiziertBauleiterHenning R\u00f8nshaugen ZimmermannBauleiterSebastian Mocek Schreiner\u00d8ystein Landgraff BetonbauerZimmermannAnna Lena Vaterland ZimmermannBauleiterJacek Zak FliesenlegerMaurerRaimondas Giedra ZimmermannBauleiterBirchan Tecle SchreinerLars Tarud ZimmermannBauleiterAudun Holmen ZimmermannMathias Sletten LehrlingSindre Brenden Lehrling","og_url":"https:\/\/skabutradisjonsbygg.no\/de\/mitarbeiter\/","og_site_name":"Sk\u00e5bu Tradisjonsbygg AS","article_modified_time":"2025-08-29T11:38:37+00:00","twitter_card":"summary_large_image","twitter_misc":{"Est. reading time":"8\u00a0Minuten"},"schema":{"@context":"https:\/\/schema.org","@graph":[{"@type":"WebPage","@id":"https:\/\/skabutradisjonsbygg.no\/de\/mitarbeiter\/","url":"https:\/\/skabutradisjonsbygg.no\/de\/mitarbeiter\/","name":"Mitarbeiter - Sk\u00e5bu Tradisjonsbygg AS","isPartOf":{"@id":"https:\/\/skabutradisjonsbygg.no\/de\/#website"},"datePublished":"2019-10-28T12:25:48+00:00","dateModified":"2025-08-29T11:38:37+00:00","breadcrumb":{"@id":"https:\/\/skabutradisjonsbygg.no\/de\/mitarbeiter\/#breadcrumb"},"inLanguage":"de","potentialAction":[{"@type":"ReadAction","target":["https:\/\/skabutradisjonsbygg.no\/de\/mitarbeiter\/"]}]},{"@type":"BreadcrumbList","@id":"https:\/\/skabutradisjonsbygg.no\/de\/mitarbeiter\/#breadcrumb","itemListElement":[{"@type":"ListItem","position":1,"name":"Hjem","item":"https:\/\/skabutradisjonsbygg.no\/de\/"},{"@type":"ListItem","position":2,"name":"Mitarbeiter"}]},{"@type":"WebSite","@id":"https:\/\/skabutradisjonsbygg.no\/de\/#website","url":"https:\/\/skabutradisjonsbygg.no\/de\/","name":"Sk\u00e5bu Tradisjonsbygg AS","description":"Tradisjonelle bygg for mennesker i v\u00e5r egen tid","potentialAction":[{"@type":"SearchAction","target":{"@type":"EntryPoint","urlTemplate":"https:\/\/skabutradisjonsbygg.no\/de\/?s={search_term_string}"},"query-input":{"@type":"PropertyValueSpecification","valueRequired":true,"valueName":"search_term_string"}}],"inLanguage":"de"}]}},"_links":{"self":[{"href":"https:\/\/skabutradisjonsbygg.no\/de\/wp-json\/wp\/v2\/pages\/5940","targetHints":{"allow":["GET"]}}],"collection":[{"href":"https:\/\/skabutradisjonsbygg.no\/de\/wp-json\/wp\/v2\/pages"}],"about":[{"href":"https:\/\/skabutradisjonsbygg.no\/de\/wp-json\/wp\/v2\/types\/page"}],"author":[{"embeddable":true,"href":"https:\/\/skabutradisjonsbygg.no\/de\/wp-json\/wp\/v2\/users\/2"}],"replies":[{"embeddable":true,"href":"https:\/\/skabutradisjonsbygg.no\/de\/wp-json\/wp\/v2\/comments?post=5940"}],"version-history":[{"count":0,"href":"https:\/\/skabutradisjonsbygg.no\/de\/wp-json\/wp\/v2\/pages\/5940\/revisions"}],"wp:attachment":[{"href":"https:\/\/skabutradisjonsbygg.no\/de\/wp-json\/wp\/v2\/media?parent=5940"}],"curies":[{"name":"wp","href":"https:\/\/api.w.org\/{rel}","templated":true}]}}