{"id":5938,"date":"2019-10-28T13:04:37","date_gmt":"2019-10-28T12:04:37","guid":{"rendered":"https:\/\/skabuhus.no\/ueber-uns\/"},"modified":"2025-05-26T14:11:43","modified_gmt":"2025-05-26T12:11:43","slug":"ueber-uns","status":"publish","type":"page","link":"https:\/\/skabutradisjonsbygg.no\/de\/ueber-uns\/","title":{"rendered":"\u00dcber uns"},"content":{"rendered":"<p>[et_pb_section fb_built=&#8220;1&#8243; custom_padding_last_edited=&#8220;on|desktop&#8220; _builder_version=&#8220;4.16&#8243; background_color=&#8220;#ffffff&#8220; custom_padding=&#8220;110px||160px||false|false&#8220; custom_padding_tablet=&#8220;&#8220; custom_padding_phone=&#8220;40px||||false|false&#8220; top_divider_color=&#8220;rgba(81,123,189,0.4)&#8220; top_divider_height=&#8220;90px&#8220; top_divider_flip=&#8220;vertical&#8220; bottom_divider_color=&#8220;#0e4b80&#8243; global_colors_info=&#8220;{}&#8220;][et_pb_row custom_padding_last_edited=&#8220;on|phone&#8220; _builder_version=&#8220;4.16&#8243; custom_padding=&#8220;28px||0px||false|false&#8220; custom_padding_tablet=&#8220;&#8220; custom_padding_phone=&#8220;&#8220; global_colors_info=&#8220;{}&#8220;][et_pb_column type=&#8220;4_4&#8243; _builder_version=&#8220;4.16&#8243; global_colors_info=&#8220;{}&#8220;][et_pb_text _builder_version=&#8220;4.16&#8243; text_font=&#8220;||||||||&#8220; header_font=&#8220;||||||||&#8220; custom_padding=&#8220;||0px||false|false&#8220; custom_padding_tablet=&#8220;&#8220; custom_padding_phone=&#8220;||0px||false|false&#8220; custom_padding_last_edited=&#8220;on|desktop&#8220; header_line_height_tablet=&#8220;&#8220; header_line_height_phone=&#8220;1.6em&#8220; header_line_height_last_edited=&#8220;on|phone&#8220; global_colors_info=&#8220;{}&#8220;]<\/p>\n<h1 style=\"text-align: center;\">\u00dcber Sk\u00e5bu Tradisjonsbygg<\/h1>\n<p>[\/et_pb_text][\/et_pb_column][\/et_pb_row][et_pb_row column_structure=&#8220;1_2,1_2&#8243; _builder_version=&#8220;4.16&#8243; custom_margin=&#8220;90px|auto||auto||&#8220; custom_margin_tablet=&#8220;&#8220; custom_margin_phone=&#8220;40px||||false|false&#8220; custom_margin_last_edited=&#8220;on|desktop&#8220; custom_padding=&#8220;0px||60px|||&#8220; border_width_bottom=&#8220;8px&#8220; border_color_bottom=&#8220;#918b64&#8243; global_colors_info=&#8220;{}&#8220;][et_pb_column type=&#8220;1_2&#8243; _builder_version=&#8220;4.16&#8243; global_colors_info=&#8220;{}&#8220;][et_pb_image src=&#8220;https:\/\/skabutradisjonsbygg.no\/wp-content\/uploads\/2019\/10\/245effadf41c6129f4fe7accc564ef86_L.jpg&#8220; _builder_version=&#8220;4.16&#8243; global_colors_info=&#8220;{}&#8220;][\/et_pb_image][\/et_pb_column][et_pb_column type=&#8220;1_2&#8243; _builder_version=&#8220;4.16&#8243; global_colors_info=&#8220;{}&#8220;][et_pb_text _builder_version=&#8220;4.16&#8243; header_2_font_size_tablet=&#8220;&#8220; header_2_font_size_phone=&#8220;24px&#8220; header_2_font_size_last_edited=&#8220;on|phone&#8220; global_colors_info=&#8220;{}&#8220;]<\/p>\n<h2>Unsere Geschichte<\/h2>\n<p>Sk\u00e5bu Tradisjonsbygg wurde 1989 von P\u00e5l Hallvard Virik gegr\u00fcndet und ist seit 1997 als Aktiengesellschaft eingetragen. Das Unternehmen ist der gr\u00f6\u00dfte private Betrieb in Sk\u00e5bu und hat derzeit 14 Mitarbeiter. Sk\u00e5bu Tradisjonsbygg AS ist ein Meisterbetrieb, ein staatlich anerkannter Ausbildungsbetrieb und hat eine Qualit\u00e4tszertifizierung.  <\/p>\n<p>Drei Jahre in Folge seit 2006 sowie in 2017 wurde Sk\u00e5bu Tradisjonsbygg AS von Dagens N\u00e6ringsliv als \u201eGaselle-Unternehmen\u201c ausgezeichnet.<\/p>\n<p>Das Unternehmen hat auch Zusch\u00fcsse von Innovation Norway f\u00fcr das Sk\u00e5buhus-Projekt im Jahr 2005 und Framtidsrettet Tradition im Jahr 2014 erhalten.<\/p>\n<p>Am 15. Juli 2012 hat die Sk\u00e5bu Tradisjonsbygg AS das Tagesgesch\u00e4ft der Sk\u00e5bu Fjellgrend AS \u00fcbernommen. P\u00e5l Hallvard Virik ist der Gesch\u00e4ftsf\u00fchrer sowohl von Sk\u00e5bu Fjellgrend AS als auch von Sk\u00e5bu Tradisjonsbygg AS. <\/p>\n<p>[\/et_pb_text][\/et_pb_column][\/et_pb_row][et_pb_row column_structure=&#8220;1_2,1_2&#8243; _builder_version=&#8220;4.16&#8243; custom_padding=&#8220;60px||60px|||&#8220; border_color_all=&#8220;#f8c47c&#8220; border_width_bottom=&#8220;8px&#8220; global_colors_info=&#8220;{}&#8220;][et_pb_column type=&#8220;1_2&#8243; _builder_version=&#8220;4.16&#8243; global_colors_info=&#8220;{}&#8220;][et_pb_text _builder_version=&#8220;4.16&#8243; header_2_font_size_tablet=&#8220;&#8220; header_2_font_size_phone=&#8220;24px&#8220; header_2_font_size_last_edited=&#8220;on|phone&#8220; global_colors_info=&#8220;{}&#8220;]<\/p>\n<h2><span>Dienstleistungen<\/span><\/h2>\n<p><span>Sk\u00e5bu Tradisjonsbygg verf\u00fcgt \u00fcber eine Qualit\u00e4tszertifizierung und k\u00fcmmert sich oft um das gesamte Bauvorhaben vom Antrag bis zur Bezugsfertigkeit des Geb\u00e4udes. Wir erstellen die Bauzeichnungen in enger Zusammenarbeit mit Ihnen, damit das Geb\u00e4ude Ihren W\u00fcnschen und Bed\u00fcrfnissen entspricht. Wir koordinieren auch die anderen Lieferanten im Bauprozess, wie z.B. den Fundamentbauer, Klempner und Elektriker. So haben Sie es mit weniger Unternehmen zu tun und der Bauprozess verl\u00e4uft effizienter und koordinierter.   <\/span><\/p>\n<p>[\/et_pb_text][\/et_pb_column][et_pb_column type=&#8220;1_2&#8243; _builder_version=&#8220;4.16&#8243; global_colors_info=&#8220;{}&#8220;][et_pb_image src=&#8220;https:\/\/skabutradisjonsbygg.no\/wp-content\/uploads\/2019\/10\/IMG_3345-567-1920-1080-90.jpg&#8220; _builder_version=&#8220;4.16&#8243; global_colors_info=&#8220;{}&#8220;][\/et_pb_image][\/et_pb_column][\/et_pb_row][et_pb_row column_structure=&#8220;1_2,1_2&#8243; _builder_version=&#8220;4.16&#8243; custom_padding=&#8220;60px||60px|||&#8220; border_width_bottom=&#8220;8px&#8220; border_color_bottom=&#8220;#d7e0f1&#8243; global_colors_info=&#8220;{}&#8220;][et_pb_column type=&#8220;1_2&#8243; _builder_version=&#8220;4.16&#8243; global_colors_info=&#8220;{}&#8220;][et_pb_image src=&#8220;https:\/\/skabutradisjonsbygg.no\/wp-content\/uploads\/2019\/10\/c3997142576e6f4d163ead570965368d_L.jpg&#8220; _builder_version=&#8220;4.16&#8243; global_colors_info=&#8220;{}&#8220;][\/et_pb_image][\/et_pb_column][et_pb_column type=&#8220;1_2&#8243; _builder_version=&#8220;4.16&#8243; global_colors_info=&#8220;{}&#8220;][et_pb_text _builder_version=&#8220;4.24.1&#8243; custom_padding=&#8220;||8px|||&#8220; header_2_font_size_tablet=&#8220;&#8220; header_2_font_size_phone=&#8220;24px&#8220; header_2_font_size_last_edited=&#8220;on|phone&#8220; global_colors_info=&#8220;{}&#8220;]<\/p>\n<h2><span>Kompetenzen<\/span><\/h2>\n<p>Durch jahrzehntelange Bau- und Restaurierungsprojekte hat Sk\u00e5bu Tradisjonsbygg ein solides Fachwissen im Block- und im Stabbau aufgebaut. Die Kombinationstechnik beider Bauweisen ist unsere Spezialit\u00e4t. Dar\u00fcber hinaus verf\u00fcgt das Unternehmen \u00fcber Mitarbeiter mit einer speziellen Ausbildung in den Bereichen Maurer, Fliesenleger und Pflasterer sowie einer Zertifizierung f\u00fcr Nassr\u00e4ume. Sk\u00e5bu Tradisjonsbygg AS ist ein staatlich anerkannter Ausbildungsbetrieb. Die Fachkenntnisse unserer Mitarbeiter reichen von einem Handwerkszeugnis bis hin zu einem Universit\u00e4tsabschluss in Geschichte. Mit dieser Kombination aus Vision und bodenst\u00e4ndigem Handwerk hebt sich Sk\u00e5bu Tradisjonsbygg AS in der Branche ab.      <\/p>\n<p>[\/et_pb_text][\/et_pb_column][\/et_pb_row][et_pb_row column_structure=&#8220;1_2,1_2&#8243; _builder_version=&#8220;4.16&#8243; custom_padding=&#8220;60px||60px|||&#8220; border_width_bottom=&#8220;8px&#8220; border_color_bottom=&#8220;#f4a82a&#8220; global_colors_info=&#8220;{}&#8220;][et_pb_column type=&#8220;1_2&#8243; _builder_version=&#8220;4.16&#8243; global_colors_info=&#8220;{}&#8220;][et_pb_text _builder_version=&#8220;4.16&#8243; header_2_font_size_tablet=&#8220;&#8220; header_2_font_size_phone=&#8220;24px&#8220; header_2_font_size_last_edited=&#8220;on|phone&#8220; global_colors_info=&#8220;{}&#8220;]<\/p>\n<h2>Holz<\/h2>\n<p><span>Geb\u00e4ude in kombinierter Stabbau- und Blockbauweise sind \u00f6kologische Geb\u00e4ude. Holz ist ein nat\u00fcrliches Material und zwischen den St\u00e4mmen wird Schafwolle verwendet. Das bedeutet, dass es sich nicht um versiegelte Fl\u00e4chen und W\u00e4nde handelt, sondern um Geb\u00e4ude, die atmen k\u00f6nnen, was auch f\u00fcr ein gutes Raumklima sorgt. Wir bearbeiten die Holzbohlen von Hand, was den W\u00e4nden mehr Leben und Seele verleiht als maschinell bearbeitetes Holz. Solide Handwerkskunst und langsam getrocknetes Holz sind sehr wichtig f\u00fcr die hohe Qualit\u00e4t unserer Blockbauten. Ein Blockhaus ist ein Haus f\u00fcr die Zukunft. Mit einem dichten Dach und einem soliden Fundament kann es hunderte von Jahren \u00fcberdauern.       <\/span><\/p>\n<p>[\/et_pb_text][\/et_pb_column][et_pb_column type=&#8220;1_2&#8243; _builder_version=&#8220;4.16&#8243; global_colors_info=&#8220;{}&#8220;][et_pb_image src=&#8220;https:\/\/skabutradisjonsbygg.no\/wp-content\/uploads\/2019\/10\/9415f9bcd76598f9c08127db1641b596_L.jpg&#8220; _builder_version=&#8220;4.16&#8243; global_colors_info=&#8220;{}&#8220;][\/et_pb_image][\/et_pb_column][\/et_pb_row][et_pb_row column_structure=&#8220;1_2,1_2&#8243; _builder_version=&#8220;4.16&#8243; custom_padding=&#8220;60px||0px|||&#8220; border_color_bottom=&#8220;#f4a82a&#8220; global_colors_info=&#8220;{}&#8220;][et_pb_column type=&#8220;1_2&#8243; _builder_version=&#8220;4.16&#8243; global_colors_info=&#8220;{}&#8220;][et_pb_image src=&#8220;https:\/\/skabutradisjonsbygg.no\/wp-content\/uploads\/2024\/02\/Bilde-kundeforhold-1-scaled.jpg&#8220; title_text=&#8220;Bild Kundenbeziehung-1&#8243; _builder_version=&#8220;4.24.1&#8243; global_colors_info=&#8220;{}&#8220;][\/et_pb_image][\/et_pb_column][et_pb_column type=&#8220;1_2&#8243; _builder_version=&#8220;4.16&#8243; global_colors_info=&#8220;{}&#8220;][et_pb_text _builder_version=&#8220;4.16&#8243; header_2_font_size_tablet=&#8220;&#8220; header_2_font_size_phone=&#8220;24px&#8220; header_2_font_size_last_edited=&#8220;on|phone&#8220; global_colors_info=&#8220;{}&#8220;]<\/p>\n<h2>Kundenbeziehungen<\/h2>\n<p>Wir legen Wert auf einen engen Dialog vor, w\u00e4hrend und nach Abschluss des Bauprozesses. Jede H\u00fctte wird auf die W\u00fcnsche und Bed\u00fcrfnisse des Kunden zugeschnitten. Unser Ziel ist es, dass die Kunden mit unseren Dienstleistungen und Geb\u00e4uden zufrieden sind. Wir stellen oft fest, dass die Leute, f\u00fcr die wir H\u00fctten gebaut haben, zu uns zur\u00fcckkommen, wenn sie eine Garage, einen Schuppen oder eine G\u00e4steh\u00fctte bauen wollen. Das ist das sch\u00f6nste Lob, das wir bekommen k\u00f6nnen. Wenn Sie es w\u00fcnschen, k\u00f6nnen wir Ihnen gerne Referenzen nennen. Wir haben eine besonders enge Beziehung zu denjenigen, die in Sk\u00e5bu H\u00fctten bauen. In diesem kleinen Bergdorf wird jeder Teil der \u00f6rtlichen Gemeinschaft.      <\/p>\n<p>[\/et_pb_text][\/et_pb_column][\/et_pb_row][\/et_pb_section]<\/p>\n","protected":false},"excerpt":{"rendered":"<p>\u00dcber Sk\u00e5bu TradisjonsbyggUnsere Geschichte Sk\u00e5bu Tradisjonsbygg wurde 1989 von P\u00e5l Hallvard Virik gegr\u00fcndet und ist seit 1997 als Aktiengesellschaft eingetragen. Das Unternehmen ist der gr\u00f6\u00dfte private Betrieb in Sk\u00e5bu und hat derzeit 14 Mitarbeiter. Sk\u00e5bu Tradisjonsbygg AS ist ein Meisterbetrieb, ein staatlich anerkannter Ausbildungsbetrieb und hat eine Qualit\u00e4tszertifizierung. Drei Jahre in Folge seit 2006 sowie [&hellip;]<\/p>\n","protected":false},"author":2,"featured_media":0,"parent":0,"menu_order":0,"comment_status":"closed","ping_status":"closed","template":"","meta":{"_et_pb_use_builder":"on","_et_pb_old_content":"","_et_gb_content_width":"","footnotes":""},"class_list":["post-5938","page","type-page","status-publish","hentry"],"yoast_head":"<!-- This site is optimized with the Yoast SEO plugin v27.2 - https:\/\/yoast.com\/product\/yoast-seo-wordpress\/ -->\n<title>\u00dcber uns - Sk\u00e5bu Tradisjonsbygg AS<\/title>\n<meta name=\"robots\" content=\"index, follow, max-snippet:-1, max-image-preview:large, max-video-preview:-1\" \/>\n<link rel=\"canonical\" href=\"https:\/\/skabutradisjonsbygg.no\/de\/ueber-uns\/\" \/>\n<meta property=\"og:locale\" content=\"de_DE\" \/>\n<meta property=\"og:type\" content=\"article\" \/>\n<meta property=\"og:title\" content=\"\u00dcber uns - Sk\u00e5bu Tradisjonsbygg AS\" \/>\n<meta property=\"og:description\" content=\"\u00dcber Sk\u00e5bu TradisjonsbyggUnsere Geschichte Sk\u00e5bu Tradisjonsbygg wurde 1989 von P\u00e5l Hallvard Virik gegr\u00fcndet und ist seit 1997 als Aktiengesellschaft eingetragen. Das Unternehmen ist der gr\u00f6\u00dfte private Betrieb in Sk\u00e5bu und hat derzeit 14 Mitarbeiter. Sk\u00e5bu Tradisjonsbygg AS ist ein Meisterbetrieb, ein staatlich anerkannter Ausbildungsbetrieb und hat eine Qualit\u00e4tszertifizierung. Drei Jahre in Folge seit 2006 sowie [&hellip;]\" \/>\n<meta property=\"og:url\" content=\"https:\/\/skabutradisjonsbygg.no\/de\/ueber-uns\/\" \/>\n<meta property=\"og:site_name\" content=\"Sk\u00e5bu Tradisjonsbygg AS\" \/>\n<meta property=\"article:modified_time\" content=\"2025-05-26T12:11:43+00:00\" \/>\n<meta name=\"twitter:card\" content=\"summary_large_image\" \/>\n<meta name=\"twitter:label1\" content=\"Est. reading time\" \/>\n\t<meta name=\"twitter:data1\" content=\"6\u00a0Minuten\" \/>\n<script type=\"application\/ld+json\" class=\"yoast-schema-graph\">{\"@context\":\"https:\/\/schema.org\",\"@graph\":[{\"@type\":\"WebPage\",\"@id\":\"https:\/\/skabutradisjonsbygg.no\/de\/ueber-uns\/\",\"url\":\"https:\/\/skabutradisjonsbygg.no\/de\/ueber-uns\/\",\"name\":\"\u00dcber uns - Sk\u00e5bu Tradisjonsbygg AS\",\"isPartOf\":{\"@id\":\"https:\/\/skabutradisjonsbygg.no\/de\/#website\"},\"datePublished\":\"2019-10-28T12:04:37+00:00\",\"dateModified\":\"2025-05-26T12:11:43+00:00\",\"breadcrumb\":{\"@id\":\"https:\/\/skabutradisjonsbygg.no\/de\/ueber-uns\/#breadcrumb\"},\"inLanguage\":\"de\",\"potentialAction\":[{\"@type\":\"ReadAction\",\"target\":[\"https:\/\/skabutradisjonsbygg.no\/de\/ueber-uns\/\"]}]},{\"@type\":\"BreadcrumbList\",\"@id\":\"https:\/\/skabutradisjonsbygg.no\/de\/ueber-uns\/#breadcrumb\",\"itemListElement\":[{\"@type\":\"ListItem\",\"position\":1,\"name\":\"Hjem\",\"item\":\"https:\/\/skabutradisjonsbygg.no\/de\/\"},{\"@type\":\"ListItem\",\"position\":2,\"name\":\"\u00dcber uns\"}]},{\"@type\":\"WebSite\",\"@id\":\"https:\/\/skabutradisjonsbygg.no\/de\/#website\",\"url\":\"https:\/\/skabutradisjonsbygg.no\/de\/\",\"name\":\"Sk\u00e5bu Tradisjonsbygg AS\",\"description\":\"Tradisjonelle bygg for mennesker i v\u00e5r egen tid\",\"potentialAction\":[{\"@type\":\"SearchAction\",\"target\":{\"@type\":\"EntryPoint\",\"urlTemplate\":\"https:\/\/skabutradisjonsbygg.no\/de\/?s={search_term_string}\"},\"query-input\":{\"@type\":\"PropertyValueSpecification\",\"valueRequired\":true,\"valueName\":\"search_term_string\"}}],\"inLanguage\":\"de\"}]}<\/script>\n<!-- \/ Yoast SEO plugin. -->","yoast_head_json":{"title":"\u00dcber uns - Sk\u00e5bu Tradisjonsbygg AS","robots":{"index":"index","follow":"follow","max-snippet":"max-snippet:-1","max-image-preview":"max-image-preview:large","max-video-preview":"max-video-preview:-1"},"canonical":"https:\/\/skabutradisjonsbygg.no\/de\/ueber-uns\/","og_locale":"de_DE","og_type":"article","og_title":"\u00dcber uns - Sk\u00e5bu Tradisjonsbygg AS","og_description":"\u00dcber Sk\u00e5bu TradisjonsbyggUnsere Geschichte Sk\u00e5bu Tradisjonsbygg wurde 1989 von P\u00e5l Hallvard Virik gegr\u00fcndet und ist seit 1997 als Aktiengesellschaft eingetragen. Das Unternehmen ist der gr\u00f6\u00dfte private Betrieb in Sk\u00e5bu und hat derzeit 14 Mitarbeiter. Sk\u00e5bu Tradisjonsbygg AS ist ein Meisterbetrieb, ein staatlich anerkannter Ausbildungsbetrieb und hat eine Qualit\u00e4tszertifizierung. Drei Jahre in Folge seit 2006 sowie [&hellip;]","og_url":"https:\/\/skabutradisjonsbygg.no\/de\/ueber-uns\/","og_site_name":"Sk\u00e5bu Tradisjonsbygg AS","article_modified_time":"2025-05-26T12:11:43+00:00","twitter_card":"summary_large_image","twitter_misc":{"Est. reading time":"6\u00a0Minuten"},"schema":{"@context":"https:\/\/schema.org","@graph":[{"@type":"WebPage","@id":"https:\/\/skabutradisjonsbygg.no\/de\/ueber-uns\/","url":"https:\/\/skabutradisjonsbygg.no\/de\/ueber-uns\/","name":"\u00dcber uns - Sk\u00e5bu Tradisjonsbygg AS","isPartOf":{"@id":"https:\/\/skabutradisjonsbygg.no\/de\/#website"},"datePublished":"2019-10-28T12:04:37+00:00","dateModified":"2025-05-26T12:11:43+00:00","breadcrumb":{"@id":"https:\/\/skabutradisjonsbygg.no\/de\/ueber-uns\/#breadcrumb"},"inLanguage":"de","potentialAction":[{"@type":"ReadAction","target":["https:\/\/skabutradisjonsbygg.no\/de\/ueber-uns\/"]}]},{"@type":"BreadcrumbList","@id":"https:\/\/skabutradisjonsbygg.no\/de\/ueber-uns\/#breadcrumb","itemListElement":[{"@type":"ListItem","position":1,"name":"Hjem","item":"https:\/\/skabutradisjonsbygg.no\/de\/"},{"@type":"ListItem","position":2,"name":"\u00dcber uns"}]},{"@type":"WebSite","@id":"https:\/\/skabutradisjonsbygg.no\/de\/#website","url":"https:\/\/skabutradisjonsbygg.no\/de\/","name":"Sk\u00e5bu Tradisjonsbygg AS","description":"Tradisjonelle bygg for mennesker i v\u00e5r egen tid","potentialAction":[{"@type":"SearchAction","target":{"@type":"EntryPoint","urlTemplate":"https:\/\/skabutradisjonsbygg.no\/de\/?s={search_term_string}"},"query-input":{"@type":"PropertyValueSpecification","valueRequired":true,"valueName":"search_term_string"}}],"inLanguage":"de"}]}},"_links":{"self":[{"href":"https:\/\/skabutradisjonsbygg.no\/de\/wp-json\/wp\/v2\/pages\/5938","targetHints":{"allow":["GET"]}}],"collection":[{"href":"https:\/\/skabutradisjonsbygg.no\/de\/wp-json\/wp\/v2\/pages"}],"about":[{"href":"https:\/\/skabutradisjonsbygg.no\/de\/wp-json\/wp\/v2\/types\/page"}],"author":[{"embeddable":true,"href":"https:\/\/skabutradisjonsbygg.no\/de\/wp-json\/wp\/v2\/users\/2"}],"replies":[{"embeddable":true,"href":"https:\/\/skabutradisjonsbygg.no\/de\/wp-json\/wp\/v2\/comments?post=5938"}],"version-history":[{"count":0,"href":"https:\/\/skabutradisjonsbygg.no\/de\/wp-json\/wp\/v2\/pages\/5938\/revisions"}],"wp:attachment":[{"href":"https:\/\/skabutradisjonsbygg.no\/de\/wp-json\/wp\/v2\/media?parent=5938"}],"curies":[{"name":"wp","href":"https:\/\/api.w.org\/{rel}","templated":true}]}}