{"id":5935,"date":"2019-10-30T13:16:26","date_gmt":"2019-10-30T12:16:26","guid":{"rendered":"https:\/\/skabuhus.no\/grundstuecke\/"},"modified":"2025-05-26T14:05:12","modified_gmt":"2025-05-26T12:05:12","slug":"grundstuecke","status":"publish","type":"page","link":"https:\/\/skabutradisjonsbygg.no\/de\/grundstuecke\/","title":{"rendered":"Grundst\u00fccke"},"content":{"rendered":"<p>[et_pb_section fb_built=&#8220;1&#8243; custom_padding_last_edited=&#8220;on|phone&#8220; _builder_version=&#8220;4.16&#8243; background_color=&#8220;#ffffff&#8220; custom_padding=&#8220;109px||160px||false|false&#8220; custom_padding_tablet=&#8220;&#8220; custom_padding_phone=&#8220;40px||||false|false&#8220; top_divider_color=&#8220;rgba(81,123,189,0.4)&#8220; top_divider_height=&#8220;90px&#8220; top_divider_flip=&#8220;vertical&#8220; global_colors_info=&#8220;{}&#8220;][et_pb_row _builder_version=&#8220;4.16&#8243; custom_padding=&#8220;||0px|||&#8220; global_colors_info=&#8220;{}&#8220;][et_pb_column type=&#8220;4_4&#8243; _builder_version=&#8220;4.16&#8243; global_colors_info=&#8220;{}&#8220;][et_pb_text _builder_version=&#8220;4.16&#8243; text_font=&#8220;||||||||&#8220; header_font=&#8220;||||||||&#8220; header_line_height=&#8220;1.4em&#8220; global_colors_info=&#8220;{}&#8220;]<\/p>\n<h1 style=\"text-align: center;\">Unsere Grundst\u00fccke  <\/h1>\n<p>[\/et_pb_text][\/et_pb_column][\/et_pb_row][et_pb_row custom_padding_last_edited=&#8220;on|phone&#8220; _builder_version=&#8220;4.16&#8243; custom_margin=&#8220;90px|auto||auto||&#8220; custom_margin_tablet=&#8220;&#8220; custom_margin_phone=&#8220;40px||||false|false&#8220; custom_margin_last_edited=&#8220;on|phone&#8220; custom_padding=&#8220;0px||100px|||&#8220; custom_padding_tablet=&#8220;||60px||false|false&#8220; custom_padding_phone=&#8220;||60px||false|false&#8220; global_colors_info=&#8220;{}&#8220;][et_pb_column type=&#8220;4_4&#8243; _builder_version=&#8220;4.16&#8243; global_colors_info=&#8220;{}&#8220;][et_pb_blurb title=&#8220;Skardfjellgrenda&#8220; url=&#8220;@ET-DC@eyJkeW5hbWljIjp0cnVlLCJjb250ZW50IjoicG9zdF9saW5rX3VybF9wYWdlIiwic2V0dGluZ3MiOnsicG9zdF9pZCI6IjE4MTQifX0=@&#8220; image=&#8220;https:\/\/skabutradisjonsbygg.no\/wp-content\/uploads\/2019\/11\/Skardfjellgrenda.jpg&#8220; content_max_width=&#8220;100%&#8220; _builder_version=&#8220;4.16&#8243; _dynamic_attributes=&#8220;url&#8220; header_level=&#8220;h3&#8243; background_enable_image=&#8220;off&#8220; global_colors_info=&#8220;{}&#8220;]<\/p>\n<h6>Noch 15 freie Grundst\u00fccke<\/h6>\n<h6><\/h6>\n<p>H\u00fcttengrundst\u00fccke in den Bergen, bis zu 1000 Meter \u00fcber dem Meeresspiegel. Das H\u00fcttengebiet in Sk\u00e5bu ist ideal f\u00fcr Skilanglauf, Radfahren und Wandern. <a name=\"gallery-8562\"><\/a><\/p>\n<div class=\"main_images_wrapper main_images_wrapper_plain profile1\" id=\"main_images_wrapper8562\">\n<div class=\"main_image_slideshow_wrapper\" id=\"main_image_slideshow_wrapper8562\">\n<div class=\"main_large_image\" id=\"main_large_image8562\"><\/div>\n<\/div>\n<\/div>\n<p>[\/et_pb_blurb][et_pb_button button_url=&#8220;@ET-DC@eyJkeW5hbWljIjp0cnVlLCJjb250ZW50IjoicG9zdF9saW5rX3VybF9wYWdlIiwic2V0dGluZ3MiOnsicG9zdF9pZCI6IjE4MTQifX0=@&#8220; button_text=&#8220;Lesen Sie mehr \u00fcber Grundst\u00fccke in Skardfjellgrenda&#8220; button_alignment=&#8220;left&#8220; _builder_version=&#8220;4.16&#8243; _dynamic_attributes=&#8220;button_url&#8220; custom_button=&#8220;on&#8220; button_text_size=&#8220;16px&#8220; button_text_color=&#8220;#0e4b80&#8243; button_bg_color=&#8220;#d7e0f1&#8243; button_border_width=&#8220;0px&#8220; button_border_radius=&#8220;0px&#8220; button_font=&#8220;|600|||||||&#8220; button_use_icon=&#8220;off&#8220; custom_margin=&#8220;|||0px|false|false&#8220; custom_padding=&#8220;15px|0px|15px|26px|false|false&#8220; custom_css_main_element=&#8220;width: 100%;||text-align: left;&#8220; global_colors_info=&#8220;{}&#8220; button_text_color__hover_enabled=&#8220;on|hover&#8220; button_text_color__hover=&#8220;#d7e0f1&#8243; button_bg_color__hover_enabled=&#8220;on|hover&#8220; button_bg_color__hover=&#8220;#0e4b80&#8243; button_bg_enable_color__hover=&#8220;on&#8220;][\/et_pb_button][\/et_pb_column][\/et_pb_row][et_pb_row custom_padding_last_edited=&#8220;on|desktop&#8220; _builder_version=&#8220;4.16&#8243; custom_margin=&#8220;90px|auto||auto||&#8220; custom_margin_tablet=&#8220;40px||||false|false&#8220; custom_margin_phone=&#8220;&#8220; custom_margin_last_edited=&#8220;on|phone&#8220; custom_padding=&#8220;0px||100px|||&#8220; custom_padding_tablet=&#8220;&#8220; custom_padding_phone=&#8220;||60px||false|false&#8220; global_colors_info=&#8220;{}&#8220;][et_pb_column type=&#8220;4_4&#8243; _builder_version=&#8220;4.16&#8243; global_colors_info=&#8220;{}&#8220;][et_pb_blurb title=&#8220;G\u00e5l\u00e5&#8220; url=&#8220;@ET-DC@eyJkeW5hbWljIjp0cnVlLCJjb250ZW50IjoicG9zdF9saW5rX3VybF9wYWdlIiwic2V0dGluZ3MiOnsicG9zdF9pZCI6IjM4MzUifX0=@&#8220; image=&#8220;https:\/\/skabutradisjonsbygg.no\/wp-content\/uploads\/2020\/04\/T\u00e5rn_h\u00f8st-1.jpg&#8220; content_max_width=&#8220;100%&#8220; _builder_version=&#8220;4.16&#8243; _dynamic_attributes=&#8220;url&#8220; header_level=&#8220;h3&#8243; background_enable_image=&#8220;off&#8220; background_size=&#8220;contain&#8220; custom_margin=&#8220;|||0px|false|false&#8220; custom_padding=&#8220;|||0px||&#8220; child_filter_saturate=&#8220;121%&#8220; border_radii_image=&#8220;off|||5px|&#8220; global_colors_info=&#8220;{}&#8220;]<\/p>\n<h6><\/h6>\n<h6><\/h6>\n<p>Wir arbeiten mit G\u00e5l\u00e5 Eiendom AS zusammen, die die besten Grundst\u00fccke in G\u00e5l\u00e5 anbieten, mit atemberaubendem Blick auf den See G\u00e5l\u00e5vatnet und bis nach Jotunheimen.<\/p>\n<p>[\/et_pb_blurb][et_pb_button button_url=&#8220;@ET-DC@eyJkeW5hbWljIjp0cnVlLCJjb250ZW50IjoicG9zdF9saW5rX3VybF9wYWdlIiwic2V0dGluZ3MiOnsicG9zdF9pZCI6IjM4MzUifX0=@&#8220; button_text=&#8220;Lesen Sie mehr \u00fcber Grundst\u00fccke in G\u00e5l\u00e5&#8220; button_alignment=&#8220;left&#8220; _builder_version=&#8220;4.16&#8243; _dynamic_attributes=&#8220;button_url&#8220; custom_button=&#8220;on&#8220; button_text_size=&#8220;16px&#8220; button_text_color=&#8220;#0e4b80&#8243; button_bg_color=&#8220;#d7e0f1&#8243; button_border_width=&#8220;0px&#8220; button_border_radius=&#8220;0px&#8220; button_font=&#8220;|600|||||||&#8220; button_use_icon=&#8220;off&#8220; custom_margin=&#8220;|||0px|false|false&#8220; custom_margin_tablet=&#8220;&#8220; custom_margin_phone=&#8220;||60px||false|false&#8220; custom_margin_last_edited=&#8220;on|desktop&#8220; custom_padding=&#8220;15px|26px|15px|26px|false|false&#8220; custom_css_main_element=&#8220;width: 100%;||text-align: left;&#8220; global_colors_info=&#8220;{}&#8220; button_text_color__hover_enabled=&#8220;on|hover&#8220; button_text_color__hover=&#8220;#d7e0f1&#8243; button_bg_color__hover_enabled=&#8220;on|hover&#8220; button_bg_color__hover=&#8220;#0e4b80&#8243; button_bg_enable_color__hover=&#8220;on&#8220;][\/et_pb_button][\/et_pb_column][\/et_pb_row][et_pb_row _builder_version=&#8220;4.16&#8243; global_colors_info=&#8220;{}&#8220;][et_pb_column type=&#8220;4_4&#8243; _builder_version=&#8220;4.16&#8243; global_colors_info=&#8220;{}&#8220;][et_pb_text _builder_version=&#8220;4.16&#8243; global_colors_info=&#8220;{}&#8220;]<\/p>\n<h2 style=\"text-align: center;\">Geplante H\u00fctten<\/h2>\n<p>[\/et_pb_text][\/et_pb_column][\/et_pb_row][et_pb_row column_structure=&#8220;1_2,1_2&#8243; _builder_version=&#8220;4.0.2&#8243; custom_margin=&#8220;20px||||false|false&#8220; custom_margin_tablet=&#8220;&#8220; custom_margin_phone=&#8220;0px||||false|false&#8220; custom_margin_last_edited=&#8220;on|desktop&#8220; custom_padding=&#8220;0px||0px|||&#8220; global_module=&#8220;731&#8243; saved_tabs=&#8220;all&#8220; global_colors_info=&#8220;{}&#8220;][et_pb_column type=&#8220;1_2&#8243; _builder_version=&#8220;4.16&#8243; global_colors_info=&#8220;{}&#8220;][et_pb_button button_url=&#8220;https:\/\/www.finn.no\/realestate\/leisuresale\/ad.html?finnkode=170373702&#8243; url_new_window=&#8220;on&#8220; button_text=&#8220;Sehen Sie sich das Inserat f\u00fcr eine geplante H\u00fctte mit Eigentumsgrundst\u00fcck in Skardfjellgrenda in Sk\u00e5bu auf FINN.no an: FINN-Code: 170373702&#8243; button_alignment=&#8220;left&#8220; _builder_version=&#8220;4.16&#8243; custom_button=&#8220;on&#8220; button_text_size=&#8220;16px&#8220; button_text_color=&#8220;#0e4b80&#8243; button_bg_color=&#8220;#f8c47c&#8220; button_border_width=&#8220;0px&#8220; button_border_radius=&#8220;0px&#8220; button_font=&#8220;||||||||&#8220; button_use_icon=&#8220;off&#8220; custom_margin=&#8220;|||0px|false|false&#8220; custom_padding=&#8220;15px|26px|15px|26px|false|false&#8220; custom_css_main_element=&#8220;width: 100%;||text-align: left;&#8220; global_colors_info=&#8220;{}&#8220; button_text_color__hover_enabled=&#8220;on|hover&#8220; button_text_color__hover=&#8220;#f8c47c&#8220; button_bg_color__hover_enabled=&#8220;on|hover&#8220; button_bg_color__hover=&#8220;#0e4b80&#8243; button_bg_enable_color__hover=&#8220;on&#8220;][\/et_pb_button][\/et_pb_column][et_pb_column type=&#8220;1_2&#8243; _builder_version=&#8220;4.16&#8243; global_colors_info=&#8220;{}&#8220;][et_pb_button button_url=&#8220;https:\/\/www.finn.no\/realestate\/leisuresale\/ad.html?finnkode=170374821&#8243; url_new_window=&#8220;on&#8220; button_text=&#8220;Sehen Sie sich unsere Anzeige f\u00fcr eine projektierte H\u00fctte mit Grundst\u00fcck in Utsikten, G\u00e5l\u00e5 auf FINN.no an: FINN-Code: 170374821&#8243; button_alignment=&#8220;left&#8220; _builder_version=&#8220;4.16&#8243; custom_button=&#8220;on&#8220; button_text_size=&#8220;16px&#8220; button_text_color=&#8220;#f8c47c&#8220; button_bg_color=&#8220;#0e4b80&#8243; button_border_width=&#8220;0px&#8220; button_border_radius=&#8220;0px&#8220; button_font=&#8220;||||||||&#8220; button_use_icon=&#8220;off&#8220; custom_margin=&#8220;|||0px|false|false&#8220; custom_margin_tablet=&#8220;&#8220; custom_margin_phone=&#8220;||10px|0px|false|false&#8220; custom_margin_last_edited=&#8220;on|desktop&#8220; custom_padding=&#8220;15px|26px|15px|26px|false|false&#8220; custom_padding_tablet=&#8220;&#8220; custom_padding_phone=&#8220;&#8220; custom_padding_last_edited=&#8220;on|phone&#8220; custom_css_main_element=&#8220;width: 100%;||text-align: left;&#8220; global_colors_info=&#8220;{}&#8220; button_text_color__hover_enabled=&#8220;on|desktop&#8220; button_text_color__hover=&#8220;#0e4b80&#8243; button_bg_color__hover_enabled=&#8220;on|hover&#8220; button_bg_color__hover=&#8220;#f8c47c&#8220; button_bg_enable_color__hover=&#8220;on&#8220;][\/et_pb_button][\/et_pb_column][\/et_pb_row][\/et_pb_section]<\/p>\n","protected":false},"excerpt":{"rendered":"<p>Unsere Grundst\u00fccke Noch 15 freie Grundst\u00fccke H\u00fcttengrundst\u00fccke in den Bergen, bis zu 1000 Meter \u00fcber dem Meeresspiegel. Das H\u00fcttengebiet in Sk\u00e5bu ist ideal f\u00fcr Skilanglauf, Radfahren und Wandern. Wir arbeiten mit G\u00e5l\u00e5 Eiendom AS zusammen, die die besten Grundst\u00fccke in G\u00e5l\u00e5 anbieten, mit atemberaubendem Blick auf den See G\u00e5l\u00e5vatnet und bis nach Jotunheimen.Geplante H\u00fctten<\/p>\n","protected":false},"author":2,"featured_media":0,"parent":0,"menu_order":0,"comment_status":"closed","ping_status":"closed","template":"","meta":{"_et_pb_use_builder":"on","_et_pb_old_content":"","_et_gb_content_width":"","footnotes":""},"class_list":["post-5935","page","type-page","status-publish","hentry"],"yoast_head":"<!-- This site is optimized with the Yoast SEO plugin v27.2 - https:\/\/yoast.com\/product\/yoast-seo-wordpress\/ -->\n<title>Grundst\u00fccke - Sk\u00e5bu Tradisjonsbygg AS<\/title>\n<meta name=\"robots\" content=\"index, follow, max-snippet:-1, max-image-preview:large, max-video-preview:-1\" \/>\n<link rel=\"canonical\" href=\"https:\/\/skabutradisjonsbygg.no\/de\/grundstuecke\/\" \/>\n<meta property=\"og:locale\" content=\"de_DE\" \/>\n<meta property=\"og:type\" content=\"article\" \/>\n<meta property=\"og:title\" content=\"Grundst\u00fccke - Sk\u00e5bu Tradisjonsbygg AS\" \/>\n<meta property=\"og:description\" content=\"Unsere Grundst\u00fccke Noch 15 freie Grundst\u00fccke H\u00fcttengrundst\u00fccke in den Bergen, bis zu 1000 Meter \u00fcber dem Meeresspiegel. Das H\u00fcttengebiet in Sk\u00e5bu ist ideal f\u00fcr Skilanglauf, Radfahren und Wandern. Wir arbeiten mit G\u00e5l\u00e5 Eiendom AS zusammen, die die besten Grundst\u00fccke in G\u00e5l\u00e5 anbieten, mit atemberaubendem Blick auf den See G\u00e5l\u00e5vatnet und bis nach Jotunheimen.Geplante H\u00fctten\" \/>\n<meta property=\"og:url\" content=\"https:\/\/skabutradisjonsbygg.no\/de\/grundstuecke\/\" \/>\n<meta property=\"og:site_name\" content=\"Sk\u00e5bu Tradisjonsbygg AS\" \/>\n<meta property=\"article:modified_time\" content=\"2025-05-26T12:05:12+00:00\" \/>\n<meta name=\"twitter:card\" content=\"summary_large_image\" \/>\n<meta name=\"twitter:label1\" content=\"Est. reading time\" \/>\n\t<meta name=\"twitter:data1\" content=\"6\u00a0Minuten\" \/>\n<script type=\"application\/ld+json\" class=\"yoast-schema-graph\">{\"@context\":\"https:\/\/schema.org\",\"@graph\":[{\"@type\":\"WebPage\",\"@id\":\"https:\/\/skabutradisjonsbygg.no\/de\/grundstuecke\/\",\"url\":\"https:\/\/skabutradisjonsbygg.no\/de\/grundstuecke\/\",\"name\":\"Grundst\u00fccke - Sk\u00e5bu Tradisjonsbygg AS\",\"isPartOf\":{\"@id\":\"https:\/\/skabutradisjonsbygg.no\/de\/#website\"},\"datePublished\":\"2019-10-30T12:16:26+00:00\",\"dateModified\":\"2025-05-26T12:05:12+00:00\",\"breadcrumb\":{\"@id\":\"https:\/\/skabutradisjonsbygg.no\/de\/grundstuecke\/#breadcrumb\"},\"inLanguage\":\"de\",\"potentialAction\":[{\"@type\":\"ReadAction\",\"target\":[\"https:\/\/skabutradisjonsbygg.no\/de\/grundstuecke\/\"]}]},{\"@type\":\"BreadcrumbList\",\"@id\":\"https:\/\/skabutradisjonsbygg.no\/de\/grundstuecke\/#breadcrumb\",\"itemListElement\":[{\"@type\":\"ListItem\",\"position\":1,\"name\":\"Hjem\",\"item\":\"https:\/\/skabutradisjonsbygg.no\/de\/\"},{\"@type\":\"ListItem\",\"position\":2,\"name\":\"Grundst\u00fccke\"}]},{\"@type\":\"WebSite\",\"@id\":\"https:\/\/skabutradisjonsbygg.no\/de\/#website\",\"url\":\"https:\/\/skabutradisjonsbygg.no\/de\/\",\"name\":\"Sk\u00e5bu Tradisjonsbygg AS\",\"description\":\"Tradisjonelle bygg for mennesker i v\u00e5r egen tid\",\"potentialAction\":[{\"@type\":\"SearchAction\",\"target\":{\"@type\":\"EntryPoint\",\"urlTemplate\":\"https:\/\/skabutradisjonsbygg.no\/de\/?s={search_term_string}\"},\"query-input\":{\"@type\":\"PropertyValueSpecification\",\"valueRequired\":true,\"valueName\":\"search_term_string\"}}],\"inLanguage\":\"de\"}]}<\/script>\n<!-- \/ Yoast SEO plugin. -->","yoast_head_json":{"title":"Grundst\u00fccke - Sk\u00e5bu Tradisjonsbygg AS","robots":{"index":"index","follow":"follow","max-snippet":"max-snippet:-1","max-image-preview":"max-image-preview:large","max-video-preview":"max-video-preview:-1"},"canonical":"https:\/\/skabutradisjonsbygg.no\/de\/grundstuecke\/","og_locale":"de_DE","og_type":"article","og_title":"Grundst\u00fccke - Sk\u00e5bu Tradisjonsbygg AS","og_description":"Unsere Grundst\u00fccke Noch 15 freie Grundst\u00fccke H\u00fcttengrundst\u00fccke in den Bergen, bis zu 1000 Meter \u00fcber dem Meeresspiegel. Das H\u00fcttengebiet in Sk\u00e5bu ist ideal f\u00fcr Skilanglauf, Radfahren und Wandern. Wir arbeiten mit G\u00e5l\u00e5 Eiendom AS zusammen, die die besten Grundst\u00fccke in G\u00e5l\u00e5 anbieten, mit atemberaubendem Blick auf den See G\u00e5l\u00e5vatnet und bis nach Jotunheimen.Geplante H\u00fctten","og_url":"https:\/\/skabutradisjonsbygg.no\/de\/grundstuecke\/","og_site_name":"Sk\u00e5bu Tradisjonsbygg AS","article_modified_time":"2025-05-26T12:05:12+00:00","twitter_card":"summary_large_image","twitter_misc":{"Est. reading time":"6\u00a0Minuten"},"schema":{"@context":"https:\/\/schema.org","@graph":[{"@type":"WebPage","@id":"https:\/\/skabutradisjonsbygg.no\/de\/grundstuecke\/","url":"https:\/\/skabutradisjonsbygg.no\/de\/grundstuecke\/","name":"Grundst\u00fccke - Sk\u00e5bu Tradisjonsbygg AS","isPartOf":{"@id":"https:\/\/skabutradisjonsbygg.no\/de\/#website"},"datePublished":"2019-10-30T12:16:26+00:00","dateModified":"2025-05-26T12:05:12+00:00","breadcrumb":{"@id":"https:\/\/skabutradisjonsbygg.no\/de\/grundstuecke\/#breadcrumb"},"inLanguage":"de","potentialAction":[{"@type":"ReadAction","target":["https:\/\/skabutradisjonsbygg.no\/de\/grundstuecke\/"]}]},{"@type":"BreadcrumbList","@id":"https:\/\/skabutradisjonsbygg.no\/de\/grundstuecke\/#breadcrumb","itemListElement":[{"@type":"ListItem","position":1,"name":"Hjem","item":"https:\/\/skabutradisjonsbygg.no\/de\/"},{"@type":"ListItem","position":2,"name":"Grundst\u00fccke"}]},{"@type":"WebSite","@id":"https:\/\/skabutradisjonsbygg.no\/de\/#website","url":"https:\/\/skabutradisjonsbygg.no\/de\/","name":"Sk\u00e5bu Tradisjonsbygg AS","description":"Tradisjonelle bygg for mennesker i v\u00e5r egen tid","potentialAction":[{"@type":"SearchAction","target":{"@type":"EntryPoint","urlTemplate":"https:\/\/skabutradisjonsbygg.no\/de\/?s={search_term_string}"},"query-input":{"@type":"PropertyValueSpecification","valueRequired":true,"valueName":"search_term_string"}}],"inLanguage":"de"}]}},"_links":{"self":[{"href":"https:\/\/skabutradisjonsbygg.no\/de\/wp-json\/wp\/v2\/pages\/5935","targetHints":{"allow":["GET"]}}],"collection":[{"href":"https:\/\/skabutradisjonsbygg.no\/de\/wp-json\/wp\/v2\/pages"}],"about":[{"href":"https:\/\/skabutradisjonsbygg.no\/de\/wp-json\/wp\/v2\/types\/page"}],"author":[{"embeddable":true,"href":"https:\/\/skabutradisjonsbygg.no\/de\/wp-json\/wp\/v2\/users\/2"}],"replies":[{"embeddable":true,"href":"https:\/\/skabutradisjonsbygg.no\/de\/wp-json\/wp\/v2\/comments?post=5935"}],"version-history":[{"count":0,"href":"https:\/\/skabutradisjonsbygg.no\/de\/wp-json\/wp\/v2\/pages\/5935\/revisions"}],"wp:attachment":[{"href":"https:\/\/skabutradisjonsbygg.no\/de\/wp-json\/wp\/v2\/media?parent=5935"}],"curies":[{"name":"wp","href":"https:\/\/api.w.org\/{rel}","templated":true}]}}