{"id":5932,"date":"2019-11-01T13:21:44","date_gmt":"2019-11-01T12:21:44","guid":{"rendered":"https:\/\/skabuhus.no\/stangenlift\/"},"modified":"2025-05-26T13:59:04","modified_gmt":"2025-05-26T11:59:04","slug":"stangenlift","status":"publish","type":"page","link":"https:\/\/skabutradisjonsbygg.no\/de\/stangenlift\/","title":{"rendered":"Kombinierte Block- und Stabbauweise (norw.: Stavlaft)"},"content":{"rendered":"<p>[et_pb_section fb_built=&#8220;1&#8243; custom_padding_last_edited=&#8220;on|desktop&#8220; _builder_version=&#8220;4.16&#8243; background_color=&#8220;#ffffff&#8220; custom_padding=&#8220;110px||180px||false|false&#8220; custom_padding_tablet=&#8220;&#8220; custom_padding_phone=&#8220;40px||||false|false&#8220; top_divider_color=&#8220;rgba(81,123,189,0.4)&#8220; top_divider_height=&#8220;90px&#8220; top_divider_flip=&#8220;vertical&#8220; bottom_divider_color=&#8220;#0e4b80&#8243; global_colors_info=&#8220;{}&#8220;][et_pb_row custom_padding_last_edited=&#8220;on|phone&#8220; _builder_version=&#8220;4.16&#8243; custom_padding=&#8220;||0px||false|false&#8220; custom_padding_tablet=&#8220;&#8220; custom_padding_phone=&#8220;&#8220; global_colors_info=&#8220;{}&#8220;][et_pb_column type=&#8220;4_4&#8243; _builder_version=&#8220;4.16&#8243; global_colors_info=&#8220;{}&#8220;][et_pb_text _builder_version=&#8220;4.27.4&#8243; text_font=&#8220;||||||||&#8220; header_font=&#8220;||||||||&#8220; background_color=&#8220;RGBA(255,255,255,0)&#8220; background_enable_image=&#8220;off&#8220; custom_padding=&#8220;||40px||false|false&#8220; custom_padding_tablet=&#8220;&#8220; custom_padding_phone=&#8220;||0px||false|false&#8220; custom_padding_last_edited=&#8220;on|desktop&#8220; header_line_height_tablet=&#8220;&#8220; header_line_height_phone=&#8220;1.6em&#8220; header_line_height_last_edited=&#8220;on|phone&#8220; global_colors_info=&#8220;{}&#8220;]<\/p>\n<h1 style=\"text-align: center;\">H\u00fctten in kombinierter Block- und Stabbauweise<\/h1>\n<p>[\/et_pb_text][\/et_pb_column][\/et_pb_row][et_pb_row _builder_version=&#8220;4.16&#8243; custom_margin=&#8220;40px|auto||auto||&#8220; custom_padding=&#8220;||60px|||&#8220; border_color_bottom=&#8220;#918b64&#8243; global_colors_info=&#8220;{}&#8220;][et_pb_column type=&#8220;4_4&#8243; _builder_version=&#8220;4.16&#8243; global_colors_info=&#8220;{}&#8220;][et_pb_text _builder_version=&#8220;4.27.4&#8243; global_colors_info=&#8220;{}&#8220;]<\/p>\n<h2><span style=\"font-size: 16px;\">Eine H\u00fctte in kombinierter Block- und Stabbauweise von Sk\u00e5bu Tradisjonsbygg AS bietet Ihnen eine einzigartige Kombination aus traditionellen norwegischen Bautechniken und moderner Bautechnologie. Diese Bauweise, die eine Kombination aus Blockbohlen, Stabbauweise und Holzrahmenbau ist, verleiht den H\u00fctten ein sehr solides, \u00e4sthetisch ansprechendes und robustes Aussehen. <\/span><\/h2>\n<div class=\"itemFullText\">\n<p>Neben der sog. Grindbygg-Bauweise ist die Stabkonstruktion die \u00e4lteste norwegische Holzbautechnik und reicht so weit zur\u00fcck, dass es nicht m\u00f6glich ist, das genaue Datum zu bestimmen. Die ersten in Norwegen so errichteten Geb\u00e4ude wurden h\u00f6chstwahrscheinlich von s\u00fcdeurop\u00e4ischen Steins\u00e4ulenbauten inspiriert. Die Stabbau-Konstruktion bestand urspr\u00fcnglich aus breiten, get\u00e4felten Brettern, den sogenannten St\u00e4ben, zwischen starken Schwellen und Pfosten. In Norwegen wird diese Bauweise bereits seit der Wikingerzeit praktiziert. Die norwegischen Stabkirchen sind die \u00e4ltesten erhaltenen Beispiele f\u00fcr fortschrittliche Stabkonstruktionen.    <\/p>\n<p>Unsere H\u00fctten in Stabbauweise sind eine direkte Weiterentwicklung dieser traditionellen Bauweise. Eine H\u00fctte in Stabbauweise oder kombinierter Block- und Stabbauweise von Sk\u00e5bu Tradisjonsbygg AS ist sehr stilvoll und hat ein moderneres Aussehen als reine Blockh\u00fctten. Wie die Stabkirchen zeichnen sich auch unsere H\u00fctten in Stabbauweise durch rustikale L\u00e4ngsschwellen, kr\u00e4ftige Pfosten und stabile Dachpfetten aus Rundholz aus. Zwischen den Pfosten und den Schwellen befinden sich vertikale Paneele (Pf\u00e4hle) als Verkleidung der gut isolierten Au\u00dfenw\u00e4nde. Eine H\u00fctte in kombinierter Block- und Stabbauweise zeichnet sich durch die gleiche Struktur wie die Stabbauweise aus: Dachpfetten, Pfosten und Schwellen aus kr\u00e4ftigem norwegischem Holz, au\u00dferdem handbehauene Giebel aus grobem norwegischem Kiefernholz.    <\/p>\n<p>Bei einer H\u00fctte in Stabbauweise oder kombinierter Bauweise sind Sie in der Wahl des Grundrisses freier als bei einer reinen Blockh\u00fctte. Eine H\u00fctte in Stabbauweise ist langlebig, nachhaltig und robust und bietet Ihnen eine gem\u00fctliche, traditionelle H\u00fcttenatmosph\u00e4re und ein gesundes Raumklima. <\/p>\n<p>In den sp\u00e4ten 1990er Jahren entwickelte Sk\u00e5bu Tradisjonsbygg AS eine v\u00f6llig neue Bauweise f\u00fcr unsere H\u00fctten. Diese Methode modernisierte Stabbau und kombinierten Stab-\/Blockbau als Bauweise und schuf damit eine Alternative f\u00fcr alle, die von einer Bergh\u00fctte tr\u00e4umten, aber keine passende Architektur und keinen passenden Baustil finden konnten. Eine moderne Stab-\/Blockh\u00fctte von uns weist viele Elemente der stolzen norwegischen Bautradition auf, erf\u00fcllt aber gleichzeitig alle heutigen Anforderungen und W\u00fcnsche an Komfort und Nachhaltigkeit. Die Bauweise, die Auswahl der Materialien und die Farben sind an die Natur angepasst, weshalb sich diese Geb\u00e4ude zu jeder Jahreszeit besonders gut in die Berglandschaft einf\u00fcgen. Wir haben mehr als 20 Jahre Erfahrung mit Stab- und Blockh\u00fctten und verwenden nur Holz aus den besten Gebieten Norwegens.    <\/p>\n<p><strong>Wir helfen Ihnen gerne, die beste L\u00f6sung f\u00fcr Sie zu finden!<\/strong> <\/p>\n<\/div>\n<p>[\/et_pb_text][et_pb_button button_url=&#8220;mailto:post@skabutradisjonsbygg.no&#8220; url_new_window=&#8220;on&#8220; button_text=&#8220;Kontaktieren Sie uns f\u00fcr weitere Informationen&#8220; _builder_version=&#8220;4.27.4&#8243; _module_preset=&#8220;default&#8220; global_colors_info=&#8220;{}&#8220;][\/et_pb_button][et_pb_gallery gallery_ids=&#8220;5152,5049,5007,5011&#8243; _builder_version=&#8220;4.27.4&#8243; _module_preset=&#8220;default&#8220; hover_enabled=&#8220;0&#8243; global_colors_info=&#8220;{}&#8220; show_title_and_caption=&#8220;off&#8220; show_pagination=&#8220;off&#8220; sticky_enabled=&#8220;0&#8243;][\/et_pb_gallery][et_pb_text _builder_version=&#8220;4.27.4&#8243; global_colors_info=&#8220;{}&#8220;]<\/p>\n<div class=\"itemFullText\">\n<h2>Vorteile einer H\u00fctte in kombinierter Stab- und Blockbauweise<\/h2>\n<p><strong>\u00c4sthetik und Charme<\/strong>: Eine Stavlaft-H\u00fctte von Sk\u00e5bu Tradisjonsbygg AS hat einen traditionellen und rustikalen Look, der ganz nat\u00fcrlich in die Berge passt und den viele charmant finden. Die stabilen Eckpfosten und die handbehauenen Giebel verleihen den H\u00fctten ein authentisches Aussehen. Wir behandeln das \u00c4u\u00dfere der H\u00fctten standardm\u00e4\u00dfig mit Eisenvitriol. Eisenvitriol eignet sich gut f\u00fcr den Einsatz in trockenem Gebirgsklima, da es eine Behandlung ist, die das Holz nicht versiegelt, sondern jegliche Feuchtigkeit entweichen l\u00e4sst und das Holz austrocknen l\u00e4sst. Dies verhindert Feuchtigkeits- und F\u00e4ulnissch\u00e4den. Eisenvitriol beschleunigt au\u00dferdem den Alterungsprozess in der \u00e4u\u00dfersten Schicht des Holzes, so dass die H\u00fctte schnell von Wind und Wetter gepr\u00e4gt wird und eine sch\u00f6ne Patina erh\u00e4lt.     <\/p>\n<p><strong>Flexibilit\u00e4t:<\/strong> Durch die Kombination von handbehauenen Holzst\u00e4mmen, Pfahlkonstruktion und Holzrahmen erhalten Sie mehr Freiheit bei der Raumaufteilung und Einrichtung. Das macht es einfacher, die H\u00fctte Ihren W\u00fcnschen und Bed\u00fcrfnissen einzurichten anzupassen. <\/p>\n<p><strong>Langlebigkeit:<\/strong> Das handbehauene Holz in den Giebeln sorgt f\u00fcr ein gem\u00fctliches, solides und traditionelles Aussehen, w\u00e4hrend die naturbelassenen Materialien die H\u00fctten robust und langlebig machen. Bei einfacher Pflege h\u00e4lt ein Stab-\/Blockhaus wesentlich l\u00e4nger als eine durchschnittliche H\u00fctte. Holz ist ein nat\u00fcrliches Material, das seit Jahrhunderten f\u00fcr den Bau verwendet wird und f\u00fcr seine St\u00e4rke und Haltbarkeit bekannt ist. Das macht Stab-\/Blockh\u00fctten zu einer langfristigen und zuverl\u00e4ssigen Wahl.   <\/p>\n<p><strong>Umweltfreundlichkeit<\/strong>: Eine Stab- oder Stab-\/Blockh\u00fctte von Sk\u00e5bu Tradisjonsbygg AS tr\u00e4gt zu einer deutlich geringeren CO2-Bilanz bei als die meisten anderen Typen von H\u00fctten. In unseren Standard-Stab-\/Blockh\u00fctten verwenden wir weit mehr Holz als bei den gro\u00dfen H\u00fcttenherstellern \u00fcblich. Neben St\u00e4mmen, Dachpfetten, Pfosten und Schwellen aus grobem norwegischem Holz verwenden wir Holzmaterialien f\u00fcr den Boden, die Struktur, Wandverkleidungen, Decken und Dachst\u00fchle. Im Gegensatz zu vielen anderen H\u00fcttenherstellern verwenden wir kein MDF, keine verarbeiteten Holzplatten, keinen Gips, keinen Kunststoff, kein Fiberglas und keine anderen k\u00fcnstlichen Produkte. Daher verwenden wir einen sehr hohen Prozentsatz an erneuerbaren Materialien, was uns nachhaltiger macht als die meisten Alternativen. Die Verwendung nat\u00fcrlicher Materialien wie Holz tr\u00e4gt im Vergleich zu vielen modernen Baumaterialien zu einer geringeren CO2-Bilanz bei. Holz ist eine erneuerbare Ressource, die auf nachhaltige Weise geerntet werden kann, und es speichert w\u00e4hrend seiner gesamten Lebensdauer Kohlenstoff. Das macht unsere H\u00fctten zu einer umweltfreundlichen Wahl f\u00fcr alle, die ihren \u00f6kologischen Fu\u00dfabdruck verringern m\u00f6chten. Eine Pfahlh\u00fctte ist eine ausgezeichnete Wahl f\u00fcr diejenigen, die eine H\u00fctte mit Charme, Flexibilit\u00e4t und Langlebigkeit suchen. Mit einer Stavlaft-H\u00fctte erhalten Sie das Beste aus beiden Welten &#8211; traditionelle norwegische Bautechniken und moderne Bautechnologie. Diese H\u00fctten sind nicht nur sch\u00f6n anzusehen, sondern auch praktisch und an die heutigen Anforderungen an Energieeffizienz und Flexibilit\u00e4t angepasst. Ganz gleich, ob Sie eine gem\u00fctliche Bergh\u00fctte oder eine ger\u00e4umige Familienh\u00fctte w\u00fcnschen, eine Stavlaft-H\u00fctte von Sk\u00e5bu Tradisjonsbygg AS kann an Ihre W\u00fcnsche und Bed\u00fcrfnisse angepasst werden. Wir von Sk\u00e5bu Tradisjonsbygg AS verf\u00fcgen \u00fcber umfangreiche Erfahrungen mit dieser Bauweise und nicht zuletzt mit der individuellen Anpassung von H\u00fctten an jeden einzelnen Kunden.            <\/p>\n<h2><strong>Bauweise<\/strong><\/h2>\n<p>Eine Stavlaft-H\u00fctte von Sk\u00e5bu Tradisjonsbygg AS wird mit starken \u00e4u\u00dferen Boden- und Deckst\u00e4mmen gebaut. Zwischen den unteren und oberen St\u00e4mmen befinden sich stabile Eckpfosten und Pfosten auf beiden Seiten der Fenster und T\u00fcren. Zwischen den Schwellen und Pfosten sind unsere Stab- und Stab-\/Blockh\u00fctten mit Holzpanel verkleidet. Wir verwenden 12&#8243; f\u00fcr die unteren Balken und 8&#8243; f\u00fcr die oberen Balken. Die Eckpfosten sind 10&#215;10&#8243; und die anderen Pfosten sind 8&#8243; breit. In unseren Stab-\/Blockh\u00fctten werden die Giebel mit grobem norwegischem Kiefernholz von Hand verlegt, w\u00e4hrend in den Stabh\u00fctten die Giebel auf die gleiche Weise wie der Rest der W\u00e4nde gebaut werden. Unabh\u00e4ngig davon, ob Sie sich f\u00fcr eine Stab- oder eine Stab-\/Blockh\u00fctte entscheiden, erhalten Sie stabile Dachpfetten aus Holzst\u00e4mmen, in der Regel Fichte, da Fichte widerstandsf\u00e4higer ist als Kiefer.      <\/p>\n<h2><strong>Warum eine Stavlaft-Kabine w\u00e4hlen?<\/strong><\/h2>\n<p>Wenn Sie sich f\u00fcr eine Stavlaft-H\u00fctte entscheiden, investieren Sie in ein Geb\u00e4ude, das Tradition und modernen Komfort mit einer einzigartigen und unverwechselbaren Architektur\/\u00c4sthetik verbindet. Diese H\u00fctten sind nicht nur sch\u00f6n anzusehen, sondern auch praktisch und sehr gut an die heutigen Anforderungen an Energieeffizienz und Flexibilit\u00e4t angepasst. <\/p>\n<h2><strong>\u00c4sthetik und Charme<\/strong><\/h2>\n<p>Stavlaft-H\u00fctten haben ein einzigartiges und charmantes Aussehen, das sich von allen anderen Geb\u00e4uden abhebt. Die robusten Schwellen, Pfosten und Blockgiebel verleihen den H\u00fctten ein authentisches Gef\u00fchl, das viele anspricht. Diese traditionelle norwegische Bauweise macht eine Stavlaft-H\u00fctte zu einer guten Wahl f\u00fcr alle, die eine H\u00fctte mit Seele und Charakter suchen.  <\/p>\n<h2><strong>Flexibilit\u00e4t<\/strong><\/h2>\n<p>Einer der gr\u00f6\u00dften Vorteile einer Stavlaft-H\u00fctte gegen\u00fcber einer reinen Blockh\u00fctte ist die Flexibilit\u00e4t, die sie bietet. Durch die Kombination aus handbehauenen Holzst\u00e4mmen, Stahlkonstruktion und Holzrahmenbau erhalten Sie eine gr\u00f6\u00dfere Freiheit in Bezug auf die Raumaufteilung und Einrichtung. Das macht es einfacher, die H\u00fctte individuell zu gestalten und an Ihre speziellen W\u00fcnsche und Bed\u00fcrfnisse anzupassen.  <\/p>\n<h2><strong>Energie-Effizienz<\/strong><\/h2>\n<p>Im Holzrahmen und in den Au\u00dfenw\u00e4nden einer Stavlaft-H\u00fctte werden effiziente Baumaterialien wie Windsperren und Isolierung verwendet. Dadurch ist eine H\u00fctte in der Regel energieeffizienter als eine Vollholzh\u00fctte. Das bedeutet auch, dass die H\u00fctten im Winter die W\u00e4rme besser speichern und im Sommer k\u00fchler bleiben als eine Standard-Holzrahmenh\u00fctte. Dies tr\u00e4gt auch zu niedrigeren Energiekosten und einem angenehmeren Raumklima bei.    <\/p>\n<p>&nbsp;<\/p>\n<\/div>\n<p>[\/et_pb_text][et_pb_button button_url=&#8220;mailto:post@skabutradisjonsbygg.no&#8220; url_new_window=&#8220;on&#8220; button_text=&#8220;Kontaktieren Sie uns f\u00fcr weitere Informationen&#8220; _builder_version=&#8220;4.27.4&#8243; _module_preset=&#8220;default&#8220; global_colors_info=&#8220;{}&#8220;][\/et_pb_button][et_pb_image src=&#8220;https:\/\/skabutradisjonsbygg.no\/wp-content\/uploads\/2024\/04\/skabutrad_301123_0855.jpg&#8220; _builder_version=&#8220;4.27.4&#8243; hover_enabled=&#8220;0&#8243; global_colors_info=&#8220;{}&#8220; title_text=&#8220;Sk\u00e5bu Tradisjonsbygg&#8220; sticky_enabled=&#8220;0&#8243;][\/et_pb_image][\/et_pb_column][\/et_pb_row][\/et_pb_section]<\/p>\n","protected":false},"excerpt":{"rendered":"<p>H\u00fctten in kombinierter Block- und StabbauweiseEine H\u00fctte in kombinierter Block- und Stabbauweise von Sk\u00e5bu Tradisjonsbygg AS bietet Ihnen eine einzigartige Kombination aus traditionellen norwegischen Bautechniken und moderner Bautechnologie. Diese Bauweise, die eine Kombination aus Blockbohlen, Stabbauweise und Holzrahmenbau ist, verleiht den H\u00fctten ein sehr solides, \u00e4sthetisch ansprechendes und robustes Aussehen. Neben der sog. Grindbygg-Bauweise ist [&hellip;]<\/p>\n","protected":false},"author":2,"featured_media":0,"parent":0,"menu_order":0,"comment_status":"closed","ping_status":"closed","template":"","meta":{"_et_pb_use_builder":"on","_et_pb_old_content":"","_et_gb_content_width":"","footnotes":""},"class_list":["post-5932","page","type-page","status-publish","hentry"],"yoast_head":"<!-- This site is optimized with the Yoast SEO plugin v27.5 - https:\/\/yoast.com\/product\/yoast-seo-wordpress\/ -->\n<title>Kombinierte Block- und Stabbauweise (norw.: Stavlaft) - Sk\u00e5bu Tradisjonsbygg AS<\/title>\n<meta name=\"robots\" content=\"index, follow, max-snippet:-1, max-image-preview:large, max-video-preview:-1\" \/>\n<link rel=\"canonical\" href=\"https:\/\/skabutradisjonsbygg.no\/de\/stangenlift\/\" \/>\n<meta property=\"og:locale\" content=\"de_DE\" \/>\n<meta property=\"og:type\" content=\"article\" \/>\n<meta property=\"og:title\" content=\"Kombinierte Block- und Stabbauweise (norw.: Stavlaft) - Sk\u00e5bu Tradisjonsbygg AS\" \/>\n<meta property=\"og:description\" content=\"H\u00fctten in kombinierter Block- und StabbauweiseEine H\u00fctte in kombinierter Block- und Stabbauweise von Sk\u00e5bu Tradisjonsbygg AS bietet Ihnen eine einzigartige Kombination aus traditionellen norwegischen Bautechniken und moderner Bautechnologie. Diese Bauweise, die eine Kombination aus Blockbohlen, Stabbauweise und Holzrahmenbau ist, verleiht den H\u00fctten ein sehr solides, \u00e4sthetisch ansprechendes und robustes Aussehen. Neben der sog. Grindbygg-Bauweise ist [&hellip;]\" \/>\n<meta property=\"og:url\" content=\"https:\/\/skabutradisjonsbygg.no\/de\/stangenlift\/\" \/>\n<meta property=\"og:site_name\" content=\"Sk\u00e5bu Tradisjonsbygg AS\" \/>\n<meta property=\"article:modified_time\" content=\"2025-05-26T11:59:04+00:00\" \/>\n<meta name=\"twitter:card\" content=\"summary_large_image\" \/>\n<meta name=\"twitter:label1\" content=\"Est. reading time\" \/>\n\t<meta name=\"twitter:data1\" content=\"9\u00a0Minuten\" \/>\n<script type=\"application\/ld+json\" class=\"yoast-schema-graph\">{\"@context\":\"https:\\\/\\\/schema.org\",\"@graph\":[{\"@type\":\"WebPage\",\"@id\":\"https:\\\/\\\/skabutradisjonsbygg.no\\\/de\\\/stangenlift\\\/\",\"url\":\"https:\\\/\\\/skabutradisjonsbygg.no\\\/de\\\/stangenlift\\\/\",\"name\":\"Kombinierte Block- und Stabbauweise (norw.: Stavlaft) - Sk\u00e5bu Tradisjonsbygg AS\",\"isPartOf\":{\"@id\":\"https:\\\/\\\/skabutradisjonsbygg.no\\\/de\\\/#website\"},\"datePublished\":\"2019-11-01T12:21:44+00:00\",\"dateModified\":\"2025-05-26T11:59:04+00:00\",\"breadcrumb\":{\"@id\":\"https:\\\/\\\/skabutradisjonsbygg.no\\\/de\\\/stangenlift\\\/#breadcrumb\"},\"inLanguage\":\"de\",\"potentialAction\":[{\"@type\":\"ReadAction\",\"target\":[\"https:\\\/\\\/skabutradisjonsbygg.no\\\/de\\\/stangenlift\\\/\"]}]},{\"@type\":\"BreadcrumbList\",\"@id\":\"https:\\\/\\\/skabutradisjonsbygg.no\\\/de\\\/stangenlift\\\/#breadcrumb\",\"itemListElement\":[{\"@type\":\"ListItem\",\"position\":1,\"name\":\"Hjem\",\"item\":\"https:\\\/\\\/skabutradisjonsbygg.no\\\/de\\\/\"},{\"@type\":\"ListItem\",\"position\":2,\"name\":\"Kombinierte Block- und Stabbauweise (norw.: Stavlaft)\"}]},{\"@type\":\"WebSite\",\"@id\":\"https:\\\/\\\/skabutradisjonsbygg.no\\\/de\\\/#website\",\"url\":\"https:\\\/\\\/skabutradisjonsbygg.no\\\/de\\\/\",\"name\":\"Sk\u00e5bu Tradisjonsbygg AS\",\"description\":\"Tradisjonelle bygg for mennesker i v\u00e5r egen tid\",\"potentialAction\":[{\"@type\":\"SearchAction\",\"target\":{\"@type\":\"EntryPoint\",\"urlTemplate\":\"https:\\\/\\\/skabutradisjonsbygg.no\\\/de\\\/?s={search_term_string}\"},\"query-input\":{\"@type\":\"PropertyValueSpecification\",\"valueRequired\":true,\"valueName\":\"search_term_string\"}}],\"inLanguage\":\"de\"}]}<\/script>\n<!-- \/ Yoast SEO plugin. -->","yoast_head_json":{"title":"Kombinierte Block- und Stabbauweise (norw.: Stavlaft) - Sk\u00e5bu Tradisjonsbygg AS","robots":{"index":"index","follow":"follow","max-snippet":"max-snippet:-1","max-image-preview":"max-image-preview:large","max-video-preview":"max-video-preview:-1"},"canonical":"https:\/\/skabutradisjonsbygg.no\/de\/stangenlift\/","og_locale":"de_DE","og_type":"article","og_title":"Kombinierte Block- und Stabbauweise (norw.: Stavlaft) - Sk\u00e5bu Tradisjonsbygg AS","og_description":"H\u00fctten in kombinierter Block- und StabbauweiseEine H\u00fctte in kombinierter Block- und Stabbauweise von Sk\u00e5bu Tradisjonsbygg AS bietet Ihnen eine einzigartige Kombination aus traditionellen norwegischen Bautechniken und moderner Bautechnologie. Diese Bauweise, die eine Kombination aus Blockbohlen, Stabbauweise und Holzrahmenbau ist, verleiht den H\u00fctten ein sehr solides, \u00e4sthetisch ansprechendes und robustes Aussehen. Neben der sog. Grindbygg-Bauweise ist [&hellip;]","og_url":"https:\/\/skabutradisjonsbygg.no\/de\/stangenlift\/","og_site_name":"Sk\u00e5bu Tradisjonsbygg AS","article_modified_time":"2025-05-26T11:59:04+00:00","twitter_card":"summary_large_image","twitter_misc":{"Est. reading time":"9\u00a0Minuten"},"schema":{"@context":"https:\/\/schema.org","@graph":[{"@type":"WebPage","@id":"https:\/\/skabutradisjonsbygg.no\/de\/stangenlift\/","url":"https:\/\/skabutradisjonsbygg.no\/de\/stangenlift\/","name":"Kombinierte Block- und Stabbauweise (norw.: Stavlaft) - Sk\u00e5bu Tradisjonsbygg AS","isPartOf":{"@id":"https:\/\/skabutradisjonsbygg.no\/de\/#website"},"datePublished":"2019-11-01T12:21:44+00:00","dateModified":"2025-05-26T11:59:04+00:00","breadcrumb":{"@id":"https:\/\/skabutradisjonsbygg.no\/de\/stangenlift\/#breadcrumb"},"inLanguage":"de","potentialAction":[{"@type":"ReadAction","target":["https:\/\/skabutradisjonsbygg.no\/de\/stangenlift\/"]}]},{"@type":"BreadcrumbList","@id":"https:\/\/skabutradisjonsbygg.no\/de\/stangenlift\/#breadcrumb","itemListElement":[{"@type":"ListItem","position":1,"name":"Hjem","item":"https:\/\/skabutradisjonsbygg.no\/de\/"},{"@type":"ListItem","position":2,"name":"Kombinierte Block- und Stabbauweise (norw.: Stavlaft)"}]},{"@type":"WebSite","@id":"https:\/\/skabutradisjonsbygg.no\/de\/#website","url":"https:\/\/skabutradisjonsbygg.no\/de\/","name":"Sk\u00e5bu Tradisjonsbygg AS","description":"Tradisjonelle bygg for mennesker i v\u00e5r egen tid","potentialAction":[{"@type":"SearchAction","target":{"@type":"EntryPoint","urlTemplate":"https:\/\/skabutradisjonsbygg.no\/de\/?s={search_term_string}"},"query-input":{"@type":"PropertyValueSpecification","valueRequired":true,"valueName":"search_term_string"}}],"inLanguage":"de"}]}},"_links":{"self":[{"href":"https:\/\/skabutradisjonsbygg.no\/de\/wp-json\/wp\/v2\/pages\/5932","targetHints":{"allow":["GET"]}}],"collection":[{"href":"https:\/\/skabutradisjonsbygg.no\/de\/wp-json\/wp\/v2\/pages"}],"about":[{"href":"https:\/\/skabutradisjonsbygg.no\/de\/wp-json\/wp\/v2\/types\/page"}],"author":[{"embeddable":true,"href":"https:\/\/skabutradisjonsbygg.no\/de\/wp-json\/wp\/v2\/users\/2"}],"replies":[{"embeddable":true,"href":"https:\/\/skabutradisjonsbygg.no\/de\/wp-json\/wp\/v2\/comments?post=5932"}],"version-history":[{"count":0,"href":"https:\/\/skabutradisjonsbygg.no\/de\/wp-json\/wp\/v2\/pages\/5932\/revisions"}],"wp:attachment":[{"href":"https:\/\/skabutradisjonsbygg.no\/de\/wp-json\/wp\/v2\/media?parent=5932"}],"curies":[{"name":"wp","href":"https:\/\/api.w.org\/{rel}","templated":true}]}}