{"id":5924,"date":"2019-11-01T13:27:48","date_gmt":"2019-11-01T12:27:48","guid":{"rendered":"https:\/\/skabuhus.no\/standort\/"},"modified":"2025-05-26T13:47:31","modified_gmt":"2025-05-26T11:47:31","slug":"standort","status":"publish","type":"page","link":"https:\/\/skabutradisjonsbygg.no\/de\/standort\/","title":{"rendered":"Standort"},"content":{"rendered":"<p>[et_pb_section fb_built=&#8220;1&#8243; custom_padding_last_edited=&#8220;on|desktop&#8220; _builder_version=&#8220;4.0.2&#8243; background_color=&#8220;#ffffff&#8220; custom_padding=&#8220;110px||160px||false|false&#8220; custom_padding_tablet=&#8220;&#8220; custom_padding_phone=&#8220;40px||||false|false&#8220; top_divider_color=&#8220;rgba(81,123,189,0.4)&#8220; top_divider_height=&#8220;90px&#8220; top_divider_flip=&#8220;vertical&#8220; bottom_divider_color=&#8220;#0e4b80&#8243;][et_pb_row custom_padding_last_edited=&#8220;on|phone&#8220; _builder_version=&#8220;4.0.2&#8243; custom_padding=&#8220;||0px||false|false&#8220; custom_padding_tablet=&#8220;&#8220; custom_padding_phone=&#8220;&#8220;][et_pb_column type=&#8220;4_4&#8243; _builder_version=&#8220;4.0.2&#8243;][et_pb_text _builder_version=&#8220;4.0.2&#8243; text_font=&#8220;||||||||&#8220; header_font=&#8220;||||||||&#8220; custom_padding=&#8220;||0px||false|false&#8220; custom_padding_tablet=&#8220;&#8220; custom_padding_phone=&#8220;||0px||false|false&#8220; custom_padding_last_edited=&#8220;on|desktop&#8220; header_line_height_tablet=&#8220;&#8220; header_line_height_phone=&#8220;1.6em&#8220; header_line_height_last_edited=&#8220;on|phone&#8220;]<\/p>\n<h1 style=\"text-align: center;\">Standort<\/h1>\n<p>[\/et_pb_text][\/et_pb_column][\/et_pb_row][et_pb_row column_structure=&#8220;1_2,1_2&#8243; _builder_version=&#8220;4.0.2&#8243; custom_margin=&#8220;90px|auto||auto||&#8220; custom_margin_tablet=&#8220;&#8220; custom_margin_phone=&#8220;40px||||false|false&#8220; custom_margin_last_edited=&#8220;on|desktop&#8220; custom_padding=&#8220;0px||0px|||&#8220; border_color_bottom=&#8220;#918b64&#8243;][et_pb_column type=&#8220;1_2&#8243; _builder_version=&#8220;4.0.2&#8243;][et_pb_image src=&#8220;https:\/\/skabutradisjonsbygg.no\/wp-content\/uploads\/2020\/03\/KART.jpg&#8220; _builder_version=&#8220;4.0.2&#8243;][\/et_pb_image][\/et_pb_column][et_pb_column type=&#8220;1_2&#8243; _builder_version=&#8220;4.0.2&#8243;][et_pb_text _builder_version=&#8220;4.0.2&#8243; header_2_font_size_tablet=&#8220;&#8220; header_2_font_size_phone=&#8220;24px&#8220; header_2_font_size_last_edited=&#8220;on|desktop&#8220;]<\/p>\n<h2>Finden Sie Ihren Weg<\/h2>\n<p>Sk\u00e5bu liegt in Richtung Jotunheimen, auf halbem Weg zwischen Oslo und Trondheim. Die Fahrtzeit von Oslo betr\u00e4gt ca. 3 Stunden 15 Minuten. Sk\u00e5bu liegt n\u00e4her an Oslo, als Sie vielleicht denken?    <\/p>\n<p>Das Bergdorf liegt oben in einem Seitental des Gudbrandsdal oberhalb von Vinstra und gilt als die h\u00f6chstgelegene l\u00e4ndliche Gemeinde Nordeuropas.<\/p>\n<p>Von Vinstra aus nehmen Sie die Strasse 255 nach Sk\u00e5bu. Die Fahrt dauert ca. 25 Minuten. Alternativ nehmen Sie die Strasse 255 von Lillehammer &#8211; \u00fcber Gausdal und Espedalen &#8211; nach Sk\u00e5bu. Dies ist die schnellste Route von Oslo aus.    <\/p>\n<p>Der Jotunheimvegen von Sk\u00e5bu nach Valdresflya, die vielleicht sch\u00f6nste Touristenroute Norwegens, ist ein ausgezeichneter Ausgangspunkt f\u00fcr Besseggen-Touren. Auch von Sk\u00e5bu nach Glitterheim und Sjoa gibt es in den Sommermonaten eine direkte Route. Im gleichen Zeitraum k\u00f6nnen Sie die Peer-Gynt-Stra\u00dfe zwischen Sk\u00e5bu und G\u00e5l\u00e5 befahren.  <\/p>\n<div class=\"main_images_wrapper main_images_wrapper_plain profile1\" id=\"main_images_wrapper7764\">\n<div class=\"main_image_slideshow_wrapper\" id=\"main_image_slideshow_wrapper7764\">\n<div class=\"main_large_image\" id=\"main_large_image7764\"><\/div>\n<\/div>\n<\/div>\n<p>[\/et_pb_text][\/et_pb_column][\/et_pb_row][\/et_pb_section]<\/p>\n","protected":false},"excerpt":{"rendered":"<p>StandortFinden Sie Ihren Weg Sk\u00e5bu liegt in Richtung Jotunheimen, auf halbem Weg zwischen Oslo und Trondheim. Die Fahrtzeit von Oslo betr\u00e4gt ca. 3 Stunden 15 Minuten. Sk\u00e5bu liegt n\u00e4her an Oslo, als Sie vielleicht denken? Das Bergdorf liegt oben in einem Seitental des Gudbrandsdal oberhalb von Vinstra und gilt als die h\u00f6chstgelegene l\u00e4ndliche Gemeinde Nordeuropas. [&hellip;]<\/p>\n","protected":false},"author":2,"featured_media":0,"parent":0,"menu_order":0,"comment_status":"closed","ping_status":"closed","template":"","meta":{"_et_pb_use_builder":"on","_et_pb_old_content":"","_et_gb_content_width":"","footnotes":""},"class_list":["post-5924","page","type-page","status-publish","hentry"],"yoast_head":"<!-- This site is optimized with the Yoast SEO plugin v27.2 - https:\/\/yoast.com\/product\/yoast-seo-wordpress\/ -->\n<title>Standort - Sk\u00e5bu Tradisjonsbygg AS<\/title>\n<meta name=\"robots\" content=\"index, follow, max-snippet:-1, max-image-preview:large, max-video-preview:-1\" \/>\n<link rel=\"canonical\" href=\"https:\/\/skabutradisjonsbygg.no\/de\/standort\/\" \/>\n<meta property=\"og:locale\" content=\"de_DE\" \/>\n<meta property=\"og:type\" content=\"article\" \/>\n<meta property=\"og:title\" content=\"Standort - Sk\u00e5bu Tradisjonsbygg AS\" \/>\n<meta property=\"og:description\" content=\"StandortFinden Sie Ihren Weg Sk\u00e5bu liegt in Richtung Jotunheimen, auf halbem Weg zwischen Oslo und Trondheim. Die Fahrtzeit von Oslo betr\u00e4gt ca. 3 Stunden 15 Minuten. Sk\u00e5bu liegt n\u00e4her an Oslo, als Sie vielleicht denken? Das Bergdorf liegt oben in einem Seitental des Gudbrandsdal oberhalb von Vinstra und gilt als die h\u00f6chstgelegene l\u00e4ndliche Gemeinde Nordeuropas. [&hellip;]\" \/>\n<meta property=\"og:url\" content=\"https:\/\/skabutradisjonsbygg.no\/de\/standort\/\" \/>\n<meta property=\"og:site_name\" content=\"Sk\u00e5bu Tradisjonsbygg AS\" \/>\n<meta property=\"article:modified_time\" content=\"2025-05-26T11:47:31+00:00\" \/>\n<meta name=\"twitter:card\" content=\"summary_large_image\" \/>\n<meta name=\"twitter:label1\" content=\"Est. reading time\" \/>\n\t<meta name=\"twitter:data1\" content=\"2\u00a0Minuten\" \/>\n<script type=\"application\/ld+json\" class=\"yoast-schema-graph\">{\"@context\":\"https:\/\/schema.org\",\"@graph\":[{\"@type\":\"WebPage\",\"@id\":\"https:\/\/skabutradisjonsbygg.no\/de\/standort\/\",\"url\":\"https:\/\/skabutradisjonsbygg.no\/de\/standort\/\",\"name\":\"Standort - Sk\u00e5bu Tradisjonsbygg AS\",\"isPartOf\":{\"@id\":\"https:\/\/skabutradisjonsbygg.no\/de\/#website\"},\"datePublished\":\"2019-11-01T12:27:48+00:00\",\"dateModified\":\"2025-05-26T11:47:31+00:00\",\"breadcrumb\":{\"@id\":\"https:\/\/skabutradisjonsbygg.no\/de\/standort\/#breadcrumb\"},\"inLanguage\":\"de\",\"potentialAction\":[{\"@type\":\"ReadAction\",\"target\":[\"https:\/\/skabutradisjonsbygg.no\/de\/standort\/\"]}]},{\"@type\":\"BreadcrumbList\",\"@id\":\"https:\/\/skabutradisjonsbygg.no\/de\/standort\/#breadcrumb\",\"itemListElement\":[{\"@type\":\"ListItem\",\"position\":1,\"name\":\"Hjem\",\"item\":\"https:\/\/skabutradisjonsbygg.no\/de\/\"},{\"@type\":\"ListItem\",\"position\":2,\"name\":\"Standort\"}]},{\"@type\":\"WebSite\",\"@id\":\"https:\/\/skabutradisjonsbygg.no\/de\/#website\",\"url\":\"https:\/\/skabutradisjonsbygg.no\/de\/\",\"name\":\"Sk\u00e5bu Tradisjonsbygg AS\",\"description\":\"Tradisjonelle bygg for mennesker i v\u00e5r egen tid\",\"potentialAction\":[{\"@type\":\"SearchAction\",\"target\":{\"@type\":\"EntryPoint\",\"urlTemplate\":\"https:\/\/skabutradisjonsbygg.no\/de\/?s={search_term_string}\"},\"query-input\":{\"@type\":\"PropertyValueSpecification\",\"valueRequired\":true,\"valueName\":\"search_term_string\"}}],\"inLanguage\":\"de\"}]}<\/script>\n<!-- \/ Yoast SEO plugin. -->","yoast_head_json":{"title":"Standort - Sk\u00e5bu Tradisjonsbygg AS","robots":{"index":"index","follow":"follow","max-snippet":"max-snippet:-1","max-image-preview":"max-image-preview:large","max-video-preview":"max-video-preview:-1"},"canonical":"https:\/\/skabutradisjonsbygg.no\/de\/standort\/","og_locale":"de_DE","og_type":"article","og_title":"Standort - Sk\u00e5bu Tradisjonsbygg AS","og_description":"StandortFinden Sie Ihren Weg Sk\u00e5bu liegt in Richtung Jotunheimen, auf halbem Weg zwischen Oslo und Trondheim. Die Fahrtzeit von Oslo betr\u00e4gt ca. 3 Stunden 15 Minuten. Sk\u00e5bu liegt n\u00e4her an Oslo, als Sie vielleicht denken? Das Bergdorf liegt oben in einem Seitental des Gudbrandsdal oberhalb von Vinstra und gilt als die h\u00f6chstgelegene l\u00e4ndliche Gemeinde Nordeuropas. [&hellip;]","og_url":"https:\/\/skabutradisjonsbygg.no\/de\/standort\/","og_site_name":"Sk\u00e5bu Tradisjonsbygg AS","article_modified_time":"2025-05-26T11:47:31+00:00","twitter_card":"summary_large_image","twitter_misc":{"Est. reading time":"2\u00a0Minuten"},"schema":{"@context":"https:\/\/schema.org","@graph":[{"@type":"WebPage","@id":"https:\/\/skabutradisjonsbygg.no\/de\/standort\/","url":"https:\/\/skabutradisjonsbygg.no\/de\/standort\/","name":"Standort - Sk\u00e5bu Tradisjonsbygg AS","isPartOf":{"@id":"https:\/\/skabutradisjonsbygg.no\/de\/#website"},"datePublished":"2019-11-01T12:27:48+00:00","dateModified":"2025-05-26T11:47:31+00:00","breadcrumb":{"@id":"https:\/\/skabutradisjonsbygg.no\/de\/standort\/#breadcrumb"},"inLanguage":"de","potentialAction":[{"@type":"ReadAction","target":["https:\/\/skabutradisjonsbygg.no\/de\/standort\/"]}]},{"@type":"BreadcrumbList","@id":"https:\/\/skabutradisjonsbygg.no\/de\/standort\/#breadcrumb","itemListElement":[{"@type":"ListItem","position":1,"name":"Hjem","item":"https:\/\/skabutradisjonsbygg.no\/de\/"},{"@type":"ListItem","position":2,"name":"Standort"}]},{"@type":"WebSite","@id":"https:\/\/skabutradisjonsbygg.no\/de\/#website","url":"https:\/\/skabutradisjonsbygg.no\/de\/","name":"Sk\u00e5bu Tradisjonsbygg AS","description":"Tradisjonelle bygg for mennesker i v\u00e5r egen tid","potentialAction":[{"@type":"SearchAction","target":{"@type":"EntryPoint","urlTemplate":"https:\/\/skabutradisjonsbygg.no\/de\/?s={search_term_string}"},"query-input":{"@type":"PropertyValueSpecification","valueRequired":true,"valueName":"search_term_string"}}],"inLanguage":"de"}]}},"_links":{"self":[{"href":"https:\/\/skabutradisjonsbygg.no\/de\/wp-json\/wp\/v2\/pages\/5924","targetHints":{"allow":["GET"]}}],"collection":[{"href":"https:\/\/skabutradisjonsbygg.no\/de\/wp-json\/wp\/v2\/pages"}],"about":[{"href":"https:\/\/skabutradisjonsbygg.no\/de\/wp-json\/wp\/v2\/types\/page"}],"author":[{"embeddable":true,"href":"https:\/\/skabutradisjonsbygg.no\/de\/wp-json\/wp\/v2\/users\/2"}],"replies":[{"embeddable":true,"href":"https:\/\/skabutradisjonsbygg.no\/de\/wp-json\/wp\/v2\/comments?post=5924"}],"version-history":[{"count":0,"href":"https:\/\/skabutradisjonsbygg.no\/de\/wp-json\/wp\/v2\/pages\/5924\/revisions"}],"wp:attachment":[{"href":"https:\/\/skabutradisjonsbygg.no\/de\/wp-json\/wp\/v2\/media?parent=5924"}],"curies":[{"name":"wp","href":"https:\/\/api.w.org\/{rel}","templated":true}]}}