{"id":5923,"date":"2019-10-30T13:33:59","date_gmt":"2019-10-30T12:33:59","guid":{"rendered":"https:\/\/skabuhus.no\/unsere-aktivitaeten\/"},"modified":"2025-05-26T14:03:46","modified_gmt":"2025-05-26T12:03:46","slug":"unsere-aktivitaeten","status":"publish","type":"page","link":"https:\/\/skabutradisjonsbygg.no\/de\/unsere-aktivitaeten\/","title":{"rendered":"Unsere Aktivit\u00e4ten"},"content":{"rendered":"<p>[et_pb_section fb_built=&#8220;1&#8243; custom_padding_last_edited=&#8220;on|desktop&#8220; _builder_version=&#8220;4.16&#8243; background_color=&#8220;#ffffff&#8220; custom_padding=&#8220;110px||160px||false|false&#8220; custom_padding_tablet=&#8220;&#8220; custom_padding_phone=&#8220;40px||||false|false&#8220; top_divider_color=&#8220;rgba(81,123,189,0.4)&#8220; top_divider_height=&#8220;90px&#8220; top_divider_flip=&#8220;vertical&#8220; bottom_divider_color=&#8220;#0e4b80&#8243; global_colors_info=&#8220;{}&#8220;][et_pb_row custom_padding_last_edited=&#8220;on|phone&#8220; _builder_version=&#8220;4.16&#8243; custom_padding=&#8220;||0px||false|false&#8220; custom_padding_tablet=&#8220;&#8220; custom_padding_phone=&#8220;&#8220; global_colors_info=&#8220;{}&#8220;][et_pb_column type=&#8220;4_4&#8243; _builder_version=&#8220;4.16&#8243; global_colors_info=&#8220;{}&#8220;][et_pb_text _builder_version=&#8220;4.16&#8243; text_font=&#8220;||||||||&#8220; header_font=&#8220;||||||||&#8220; custom_padding=&#8220;||0px||false|false&#8220; custom_padding_tablet=&#8220;&#8220; custom_padding_phone=&#8220;||0px||false|false&#8220; custom_padding_last_edited=&#8220;on|desktop&#8220; header_line_height_tablet=&#8220;&#8220; header_line_height_phone=&#8220;1.6em&#8220; header_line_height_last_edited=&#8220;on|phone&#8220; global_colors_info=&#8220;{}&#8220;]<\/p>\n<h1 style=\"text-align: center;\">Unsere Aktivit\u00e4ten<\/h1>\n<p>[\/et_pb_text][\/et_pb_column][\/et_pb_row][et_pb_row column_structure=&#8220;1_2,1_2&#8243; _builder_version=&#8220;4.16&#8243; custom_margin=&#8220;90px|auto||auto||&#8220; custom_margin_tablet=&#8220;&#8220; custom_margin_phone=&#8220;40px||||false|false&#8220; custom_margin_last_edited=&#8220;on|desktop&#8220; custom_padding=&#8220;0px||60px|||&#8220; border_width_bottom=&#8220;8px&#8220; border_color_bottom=&#8220;#918b64&#8243; global_colors_info=&#8220;{}&#8220;][et_pb_column type=&#8220;1_2&#8243; _builder_version=&#8220;4.16&#8243; global_colors_info=&#8220;{}&#8220;][et_pb_image src=&#8220;https:\/\/skabutradisjonsbygg.no\/wp-content\/uploads\/2019\/10\/Sk__bufjellet_mot_jotunheimen_mars_2017-959-1020-680-90.jpg&#8220; url_new_window=&#8220;on&#8220; _builder_version=&#8220;4.16&#8243; global_colors_info=&#8220;{}&#8220;][\/et_pb_image][et_pb_text _builder_version=&#8220;4.16&#8243; text_font_size=&#8220;9px&#8220; custom_margin=&#8220;-34px||||false|false&#8220; global_colors_info=&#8220;{}&#8220;]<\/p>\n<p>Foto: Anne Mari Lo<\/p>\n<p>[\/et_pb_text][\/et_pb_column][et_pb_column type=&#8220;1_2&#8243; _builder_version=&#8220;4.16&#8243; global_colors_info=&#8220;{}&#8220;][et_pb_text _builder_version=&#8220;4.16&#8243; link_option_url_new_window=&#8220;on&#8220; header_2_font_size_tablet=&#8220;&#8220; header_2_font_size_phone=&#8220;24px&#8220; header_2_font_size_last_edited=&#8220;on|desktop&#8220; global_colors_info=&#8220;{}&#8220;]<\/p>\n<h2>Skilanglauf<\/h2>\n<p>Mit seinem ausgedehnten Loipennetz ist der H\u00fcttenort Sk\u00e5bu wie geschaffen f\u00fcr den Skilanglauf. Und das Beste von allem: Sie m\u00fcssen sich keine Gedanken \u00fcber Warteschlangen auf den Skipisten machen. Im Sk\u00e5bufjellet k\u00f6nnen Sie noch die Stille h\u00f6ren. Sk\u00e5bu ist Nordeuropas h\u00f6chstgelegene Dorfgemeinschaft und schneesicher. Erkundigen Sie sich, wo und wann es gespurte <span style=\"color: #517bbd;\"><a style=\"color: #517bbd;\" href=\"http:\/\/stll.no\/\" target=\"_blank\" rel=\"noopener noreferrer\">Skiloipen<\/a><\/span> gibt.    <\/p>\n<p>[\/et_pb_text][\/et_pb_column][\/et_pb_row][et_pb_row column_structure=&#8220;1_2,1_2&#8243; _builder_version=&#8220;4.16&#8243; custom_padding=&#8220;60px||60px|||&#8220; border_color_all=&#8220;#f8c47c&#8220; border_width_bottom=&#8220;8px&#8220; global_colors_info=&#8220;{}&#8220;][et_pb_column type=&#8220;1_2&#8243; _builder_version=&#8220;4.16&#8243; global_colors_info=&#8220;{}&#8220;][et_pb_text _builder_version=&#8220;4.17.4&#8243; header_2_font_size_tablet=&#8220;&#8220; header_2_font_size_phone=&#8220;24px&#8220; header_2_font_size_last_edited=&#8220;on|desktop&#8220; global_colors_info=&#8220;{}&#8220;]<\/p>\n<h2>Wandern<\/h2>\n<p><span>In den Bergen von Sk\u00e5bu wimmelt es nur so von Wegen und Pfaden. Deshalb ist Sk\u00e5bu der perfekte Ort f\u00fcr einen Aufenthalt, wenn Sie gerne wandern. Vom Skardfjellet, direkt oberhalb der H\u00fcttengrundst\u00fccke in Skardfjellgrenda, k\u00f6nnen Sie in vier Nationalparks sehen: Jotunheimen, Reinheimen, Langsua und Rondane. In den Sommermonaten gibt es mehrere offene Stra\u00dfen, \u00fcber die Sie schnell zum Besseggen oder Glittertind gelangen k\u00f6nnen.   <\/span><\/p>\n<p>[\/et_pb_text][\/et_pb_column][et_pb_column type=&#8220;1_2&#8243; _builder_version=&#8220;4.16&#8243; global_colors_info=&#8220;{}&#8220;][et_pb_image src=&#8220;https:\/\/skabutradisjonsbygg.no\/wp-content\/uploads\/2020\/03\/fOTTUR.jpg&#8220; title_text=&#8220;Wandern&#8220; _builder_version=&#8220;4.16&#8243; global_colors_info=&#8220;{}&#8220;][\/et_pb_image][et_pb_text _builder_version=&#8220;4.27.2&#8243; text_font_size=&#8220;9px&#8220; custom_margin=&#8220;-34px||||false|false&#8220; global_colors_info=&#8220;{}&#8220;]<\/p>\n<p style=\"text-align: right;\">Foto: Anne Mari Lo<\/p>\n<p>[\/et_pb_text][\/et_pb_column][\/et_pb_row][et_pb_row column_structure=&#8220;1_2,1_2&#8243; _builder_version=&#8220;4.16&#8243; custom_padding=&#8220;60px||60px|||&#8220; border_width_bottom=&#8220;8px&#8220; border_color_bottom=&#8220;#d7e0f1&#8243; global_colors_info=&#8220;{}&#8220;][et_pb_column type=&#8220;1_2&#8243; _builder_version=&#8220;4.16&#8243; global_colors_info=&#8220;{}&#8220;][et_pb_image src=&#8220;https:\/\/skabutradisjonsbygg.no\/wp-content\/uploads\/2024\/10\/rittvinnere-2012.jpg&#8220; title_text=&#8220;Rennsieger-2012&#8243; _builder_version=&#8220;4.27.2&#8243; global_colors_info=&#8220;{}&#8220;][\/et_pb_image][et_pb_text _builder_version=&#8220;4.16&#8243; text_font_size=&#8220;9px&#8220; custom_margin=&#8220;-34px||||false|false&#8220; global_colors_info=&#8220;{}&#8220;]<\/p>\n<p>Foto: Anne Mari Lo<\/p>\n<p>[\/et_pb_text][\/et_pb_column][et_pb_column type=&#8220;1_2&#8243; _builder_version=&#8220;4.16&#8243; global_colors_info=&#8220;{}&#8220;][et_pb_text _builder_version=&#8220;4.16&#8243; header_2_font_size_tablet=&#8220;&#8220; header_2_font_size_phone=&#8220;24px&#8220; header_2_font_size_last_edited=&#8220;on|desktop&#8220; global_colors_info=&#8220;{}&#8220;]<\/p>\n<h2><span>Fahrrad<\/span><\/h2>\n<p>Sk\u00e5bu ist das Urlaubsziel f\u00fcr alle, die sich gerne bewegen und fit halten. Wenn Sie Ihr Fahrrad mit nach Sk\u00e5bu bringen, erwarten Sie viele abwechslungsreiche Radtouren oder Radfahrtraining auf Stra\u00dfen und Wegen. <\/p>\n<div class=\"main_images_wrapper main_images_wrapper_plain profile1\" id=\"main_images_wrapper1148\">\n<div class=\"main_image_slideshow_wrapper\" id=\"main_image_slideshow_wrapper1148\">\n<div class=\"main_large_image\" id=\"main_large_image1148\"><\/div>\n<\/div>\n<\/div>\n<p>[\/et_pb_text][\/et_pb_column][\/et_pb_row][et_pb_row column_structure=&#8220;1_2,1_2&#8243; _builder_version=&#8220;4.16&#8243; custom_padding=&#8220;60px||60px|||&#8220; border_width_bottom=&#8220;8px&#8220; border_color_bottom=&#8220;#f4a82a&#8220; global_colors_info=&#8220;{}&#8220;][et_pb_column type=&#8220;1_2&#8243; _builder_version=&#8220;4.16&#8243; global_colors_info=&#8220;{}&#8220;][et_pb_text _builder_version=&#8220;4.16&#8243; header_2_font_size_tablet=&#8220;&#8220; header_2_font_size_phone=&#8220;24px&#8220; header_2_font_size_last_edited=&#8220;on|desktop&#8220; global_colors_info=&#8220;{}&#8220;]<\/p>\n<h2>Angeln<\/h2>\n<p>Schon in der Steinzeit fischten die Menschen im Bergsee Olstappen in Sk\u00e5bu. Der Fischfang ist immer noch ein wichtiger Teil der Kultur in dem Bergdorf. Neben dem Angeln mit der Rute haben auch das Netz- und Otterfischen eine lange Tradition. Wer eine H\u00fctte in Sk\u00e5bu hat, kann auch in vielen guten Bergseen in der Umgebung angeln.   <\/p>\n<div class=\"main_images_wrapper main_images_wrapper_plain profile1\" id=\"main_images_wrapper1288\">\n<div class=\"main_image_slideshow_wrapper\" id=\"main_image_slideshow_wrapper1288\">\n<div class=\"main_large_image\" id=\"main_large_image1288\"><\/div>\n<\/div>\n<\/div>\n<p>[\/et_pb_text][\/et_pb_column][et_pb_column type=&#8220;1_2&#8243; _builder_version=&#8220;4.16&#8243; global_colors_info=&#8220;{}&#8220;][et_pb_image src=&#8220;https:\/\/skabutradisjonsbygg.no\/wp-content\/uploads\/2019\/10\/Fiske-200-1020-680-90.jpg&#8220; _builder_version=&#8220;4.16&#8243; global_colors_info=&#8220;{}&#8220;][\/et_pb_image][et_pb_text _builder_version=&#8220;4.16&#8243; text_font_size=&#8220;9px&#8220; custom_margin=&#8220;-34px||||false|false&#8220; global_colors_info=&#8220;{}&#8220;]<\/p>\n<p style=\"text-align: right;\">Foto: Anne Mari Lo<\/p>\n<p>[\/et_pb_text][\/et_pb_column][\/et_pb_row][et_pb_row column_structure=&#8220;1_2,1_2&#8243; _builder_version=&#8220;4.16&#8243; custom_padding=&#8220;60px||0px|||&#8220; border_color_bottom=&#8220;#f4a82a&#8220; global_colors_info=&#8220;{}&#8220;][et_pb_column type=&#8220;1_2&#8243; _builder_version=&#8220;4.16&#8243; global_colors_info=&#8220;{}&#8220;][et_pb_image src=&#8220;https:\/\/skabutradisjonsbygg.no\/wp-content\/uploads\/2019\/10\/Rypestegg_p___festningen_5-213-1020-680-90.jpg&#8220; _builder_version=&#8220;4.16&#8243; global_colors_info=&#8220;{}&#8220;][\/et_pb_image][et_pb_text _builder_version=&#8220;4.16&#8243; text_font_size=&#8220;9px&#8220; custom_margin=&#8220;-34px||||false|false&#8220; global_colors_info=&#8220;{}&#8220;]<\/p>\n<p>Foto: Sjur Sande<\/p>\n<p>[\/et_pb_text][\/et_pb_column][et_pb_column type=&#8220;1_2&#8243; _builder_version=&#8220;4.16&#8243; global_colors_info=&#8220;{}&#8220;][et_pb_text _builder_version=&#8220;4.17.4&#8243; header_2_font_size_tablet=&#8220;&#8220; header_2_font_size_phone=&#8220;24px&#8220; header_2_font_size_last_edited=&#8220;on|phone&#8220; global_colors_info=&#8220;{}&#8220;]<\/p>\n<h2>Jagen<\/h2>\n<p><span id=\"fbPhotoSnowliftCaption\" data-ft=\"{\"tn\":\"K\"}\" tabindex=\"0\">Die Steinzeitmenschen jagten und fingen bereits vor 10.000 Jahren am Bergsee Olstappen.<\/span><span id=\"fbPhotoSnowliftTagList\"> <\/span><span>Im Fr\u00fchjahr 2014 fanden Arch\u00e4ologen verbrannte Elchknochen, bemerkenswerte Spuren der alten Jagd- und Fallenstellerkultur in Sk\u00e5bu. Dies ist der \u00e4lteste Fund von Elchknochen in Norwegen und geh\u00f6rt zu den \u00e4ltesten menschlichen Funden des Landes. <\/span><\/p>\n<div class=\"main_images_wrapper main_images_wrapper_plain profile1\" id=\"main_images_wrapper7520\">\n<div class=\"main_image_slideshow_wrapper\" id=\"main_image_slideshow_wrapper7520\">\n<div class=\"main_large_image\" id=\"main_large_image7520\"><\/div>\n<\/div>\n<\/div>\n<p>[\/et_pb_text][\/et_pb_column][\/et_pb_row][\/et_pb_section]<\/p>\n","protected":false},"excerpt":{"rendered":"<p>Unsere Aktivit\u00e4tenFoto: Anne Mari LoSkilanglauf Mit seinem ausgedehnten Loipennetz ist der H\u00fcttenort Sk\u00e5bu wie geschaffen f\u00fcr den Skilanglauf. Und das Beste von allem: Sie m\u00fcssen sich keine Gedanken \u00fcber Warteschlangen auf den Skipisten machen. Im Sk\u00e5bufjellet k\u00f6nnen Sie noch die Stille h\u00f6ren. Sk\u00e5bu ist Nordeuropas h\u00f6chstgelegene Dorfgemeinschaft und schneesicher. Erkundigen Sie sich, wo und wann [&hellip;]<\/p>\n","protected":false},"author":2,"featured_media":0,"parent":0,"menu_order":0,"comment_status":"closed","ping_status":"closed","template":"","meta":{"_et_pb_use_builder":"on","_et_pb_old_content":"","_et_gb_content_width":"","footnotes":""},"class_list":["post-5923","page","type-page","status-publish","hentry"],"yoast_head":"<!-- This site is optimized with the Yoast SEO plugin v27.5 - https:\/\/yoast.com\/product\/yoast-seo-wordpress\/ -->\n<title>Unsere Aktivit\u00e4ten - Sk\u00e5bu Tradisjonsbygg AS<\/title>\n<meta name=\"robots\" content=\"index, follow, max-snippet:-1, max-image-preview:large, max-video-preview:-1\" \/>\n<link rel=\"canonical\" href=\"https:\/\/skabutradisjonsbygg.no\/de\/unsere-aktivitaeten\/\" \/>\n<meta property=\"og:locale\" content=\"de_DE\" \/>\n<meta property=\"og:type\" content=\"article\" \/>\n<meta property=\"og:title\" content=\"Unsere Aktivit\u00e4ten - Sk\u00e5bu Tradisjonsbygg AS\" \/>\n<meta property=\"og:description\" content=\"Unsere Aktivit\u00e4tenFoto: Anne Mari LoSkilanglauf Mit seinem ausgedehnten Loipennetz ist der H\u00fcttenort Sk\u00e5bu wie geschaffen f\u00fcr den Skilanglauf. Und das Beste von allem: Sie m\u00fcssen sich keine Gedanken \u00fcber Warteschlangen auf den Skipisten machen. Im Sk\u00e5bufjellet k\u00f6nnen Sie noch die Stille h\u00f6ren. Sk\u00e5bu ist Nordeuropas h\u00f6chstgelegene Dorfgemeinschaft und schneesicher. Erkundigen Sie sich, wo und wann [&hellip;]\" \/>\n<meta property=\"og:url\" content=\"https:\/\/skabutradisjonsbygg.no\/de\/unsere-aktivitaeten\/\" \/>\n<meta property=\"og:site_name\" content=\"Sk\u00e5bu Tradisjonsbygg AS\" \/>\n<meta property=\"article:modified_time\" content=\"2025-05-26T12:03:46+00:00\" \/>\n<meta name=\"twitter:card\" content=\"summary_large_image\" \/>\n<meta name=\"twitter:label1\" content=\"Est. reading time\" \/>\n\t<meta name=\"twitter:data1\" content=\"5\u00a0Minuten\" \/>\n<script type=\"application\/ld+json\" class=\"yoast-schema-graph\">{\"@context\":\"https:\\\/\\\/schema.org\",\"@graph\":[{\"@type\":\"WebPage\",\"@id\":\"https:\\\/\\\/skabutradisjonsbygg.no\\\/de\\\/unsere-aktivitaeten\\\/\",\"url\":\"https:\\\/\\\/skabutradisjonsbygg.no\\\/de\\\/unsere-aktivitaeten\\\/\",\"name\":\"Unsere Aktivit\u00e4ten - Sk\u00e5bu Tradisjonsbygg AS\",\"isPartOf\":{\"@id\":\"https:\\\/\\\/skabutradisjonsbygg.no\\\/de\\\/#website\"},\"datePublished\":\"2019-10-30T12:33:59+00:00\",\"dateModified\":\"2025-05-26T12:03:46+00:00\",\"breadcrumb\":{\"@id\":\"https:\\\/\\\/skabutradisjonsbygg.no\\\/de\\\/unsere-aktivitaeten\\\/#breadcrumb\"},\"inLanguage\":\"de\",\"potentialAction\":[{\"@type\":\"ReadAction\",\"target\":[\"https:\\\/\\\/skabutradisjonsbygg.no\\\/de\\\/unsere-aktivitaeten\\\/\"]}]},{\"@type\":\"BreadcrumbList\",\"@id\":\"https:\\\/\\\/skabutradisjonsbygg.no\\\/de\\\/unsere-aktivitaeten\\\/#breadcrumb\",\"itemListElement\":[{\"@type\":\"ListItem\",\"position\":1,\"name\":\"Hjem\",\"item\":\"https:\\\/\\\/skabutradisjonsbygg.no\\\/de\\\/\"},{\"@type\":\"ListItem\",\"position\":2,\"name\":\"Unsere Aktivit\u00e4ten\"}]},{\"@type\":\"WebSite\",\"@id\":\"https:\\\/\\\/skabutradisjonsbygg.no\\\/de\\\/#website\",\"url\":\"https:\\\/\\\/skabutradisjonsbygg.no\\\/de\\\/\",\"name\":\"Sk\u00e5bu Tradisjonsbygg AS\",\"description\":\"Tradisjonelle bygg for mennesker i v\u00e5r egen tid\",\"potentialAction\":[{\"@type\":\"SearchAction\",\"target\":{\"@type\":\"EntryPoint\",\"urlTemplate\":\"https:\\\/\\\/skabutradisjonsbygg.no\\\/de\\\/?s={search_term_string}\"},\"query-input\":{\"@type\":\"PropertyValueSpecification\",\"valueRequired\":true,\"valueName\":\"search_term_string\"}}],\"inLanguage\":\"de\"}]}<\/script>\n<!-- \/ Yoast SEO plugin. -->","yoast_head_json":{"title":"Unsere Aktivit\u00e4ten - Sk\u00e5bu Tradisjonsbygg AS","robots":{"index":"index","follow":"follow","max-snippet":"max-snippet:-1","max-image-preview":"max-image-preview:large","max-video-preview":"max-video-preview:-1"},"canonical":"https:\/\/skabutradisjonsbygg.no\/de\/unsere-aktivitaeten\/","og_locale":"de_DE","og_type":"article","og_title":"Unsere Aktivit\u00e4ten - Sk\u00e5bu Tradisjonsbygg AS","og_description":"Unsere Aktivit\u00e4tenFoto: Anne Mari LoSkilanglauf Mit seinem ausgedehnten Loipennetz ist der H\u00fcttenort Sk\u00e5bu wie geschaffen f\u00fcr den Skilanglauf. Und das Beste von allem: Sie m\u00fcssen sich keine Gedanken \u00fcber Warteschlangen auf den Skipisten machen. Im Sk\u00e5bufjellet k\u00f6nnen Sie noch die Stille h\u00f6ren. Sk\u00e5bu ist Nordeuropas h\u00f6chstgelegene Dorfgemeinschaft und schneesicher. Erkundigen Sie sich, wo und wann [&hellip;]","og_url":"https:\/\/skabutradisjonsbygg.no\/de\/unsere-aktivitaeten\/","og_site_name":"Sk\u00e5bu Tradisjonsbygg AS","article_modified_time":"2025-05-26T12:03:46+00:00","twitter_card":"summary_large_image","twitter_misc":{"Est. reading time":"5\u00a0Minuten"},"schema":{"@context":"https:\/\/schema.org","@graph":[{"@type":"WebPage","@id":"https:\/\/skabutradisjonsbygg.no\/de\/unsere-aktivitaeten\/","url":"https:\/\/skabutradisjonsbygg.no\/de\/unsere-aktivitaeten\/","name":"Unsere Aktivit\u00e4ten - Sk\u00e5bu Tradisjonsbygg AS","isPartOf":{"@id":"https:\/\/skabutradisjonsbygg.no\/de\/#website"},"datePublished":"2019-10-30T12:33:59+00:00","dateModified":"2025-05-26T12:03:46+00:00","breadcrumb":{"@id":"https:\/\/skabutradisjonsbygg.no\/de\/unsere-aktivitaeten\/#breadcrumb"},"inLanguage":"de","potentialAction":[{"@type":"ReadAction","target":["https:\/\/skabutradisjonsbygg.no\/de\/unsere-aktivitaeten\/"]}]},{"@type":"BreadcrumbList","@id":"https:\/\/skabutradisjonsbygg.no\/de\/unsere-aktivitaeten\/#breadcrumb","itemListElement":[{"@type":"ListItem","position":1,"name":"Hjem","item":"https:\/\/skabutradisjonsbygg.no\/de\/"},{"@type":"ListItem","position":2,"name":"Unsere Aktivit\u00e4ten"}]},{"@type":"WebSite","@id":"https:\/\/skabutradisjonsbygg.no\/de\/#website","url":"https:\/\/skabutradisjonsbygg.no\/de\/","name":"Sk\u00e5bu Tradisjonsbygg AS","description":"Tradisjonelle bygg for mennesker i v\u00e5r egen tid","potentialAction":[{"@type":"SearchAction","target":{"@type":"EntryPoint","urlTemplate":"https:\/\/skabutradisjonsbygg.no\/de\/?s={search_term_string}"},"query-input":{"@type":"PropertyValueSpecification","valueRequired":true,"valueName":"search_term_string"}}],"inLanguage":"de"}]}},"_links":{"self":[{"href":"https:\/\/skabutradisjonsbygg.no\/de\/wp-json\/wp\/v2\/pages\/5923","targetHints":{"allow":["GET"]}}],"collection":[{"href":"https:\/\/skabutradisjonsbygg.no\/de\/wp-json\/wp\/v2\/pages"}],"about":[{"href":"https:\/\/skabutradisjonsbygg.no\/de\/wp-json\/wp\/v2\/types\/page"}],"author":[{"embeddable":true,"href":"https:\/\/skabutradisjonsbygg.no\/de\/wp-json\/wp\/v2\/users\/2"}],"replies":[{"embeddable":true,"href":"https:\/\/skabutradisjonsbygg.no\/de\/wp-json\/wp\/v2\/comments?post=5923"}],"version-history":[{"count":0,"href":"https:\/\/skabutradisjonsbygg.no\/de\/wp-json\/wp\/v2\/pages\/5923\/revisions"}],"wp:attachment":[{"href":"https:\/\/skabutradisjonsbygg.no\/de\/wp-json\/wp\/v2\/media?parent=5923"}],"curies":[{"name":"wp","href":"https:\/\/api.w.org\/{rel}","templated":true}]}}