{"id":5921,"date":"2019-11-20T13:54:56","date_gmt":"2019-11-20T12:54:56","guid":{"rendered":"https:\/\/skabuhus.no\/datenschutzbestimmungen\/"},"modified":"2025-05-26T13:24:12","modified_gmt":"2025-05-26T11:24:12","slug":"datenschutzbestimmungen","status":"publish","type":"page","link":"https:\/\/skabutradisjonsbygg.no\/de\/datenschutzbestimmungen\/","title":{"rendered":"Datenschutzbestimmungen"},"content":{"rendered":"<p>[et_pb_section fb_built=&#8220;1&#8243; custom_padding_last_edited=&#8220;on|desktop&#8220; _builder_version=&#8220;4.16&#8243; background_color=&#8220;#ffffff&#8220; custom_padding=&#8220;110px||180px||false|false&#8220; custom_padding_tablet=&#8220;&#8220; custom_padding_phone=&#8220;40px||||false|false&#8220; top_divider_color=&#8220;rgba(81,123,189,0.4)&#8220; top_divider_height=&#8220;90px&#8220; top_divider_flip=&#8220;vertical&#8220; bottom_divider_color=&#8220;#0e4b80&#8243; global_colors_info=&#8220;{}&#8220;][et_pb_row custom_padding_last_edited=&#8220;on|phone&#8220; _builder_version=&#8220;4.16&#8243; custom_padding=&#8220;28px||0px||false|false&#8220; custom_padding_tablet=&#8220;&#8220; custom_padding_phone=&#8220;&#8220; global_colors_info=&#8220;{}&#8220;][et_pb_column type=&#8220;4_4&#8243; _builder_version=&#8220;4.16&#8243; global_colors_info=&#8220;{}&#8220;][et_pb_text _builder_version=&#8220;4.16&#8243; text_font=&#8220;||||||||&#8220; header_font=&#8220;||||||||&#8220; custom_padding=&#8220;||0px||false|false&#8220; custom_padding_tablet=&#8220;&#8220; custom_padding_phone=&#8220;||0px||false|false&#8220; custom_padding_last_edited=&#8220;on|desktop&#8220; header_line_height_tablet=&#8220;&#8220; header_line_height_phone=&#8220;1.6em&#8220; header_line_height_last_edited=&#8220;on|phone&#8220; global_colors_info=&#8220;{}&#8220;]<\/p>\n<h1 style=\"text-align: center;\">Datenschutzbestimmungen<\/h1>\n<p>[\/et_pb_text][\/et_pb_column][\/et_pb_row][et_pb_row _builder_version=&#8220;4.16&#8243; custom_margin=&#8220;90px|auto||auto||&#8220; custom_margin_tablet=&#8220;&#8220; custom_margin_phone=&#8220;40px||||false|false&#8220; custom_margin_last_edited=&#8220;on|desktop&#8220; custom_padding=&#8220;0px||60px|||&#8220; border_color_bottom=&#8220;#918b64&#8243; global_colors_info=&#8220;{}&#8220;][et_pb_column type=&#8220;4_4&#8243; _builder_version=&#8220;4.16&#8243; global_colors_info=&#8220;{}&#8220;][et_pb_text _builder_version=&#8220;4.16&#8243; hover_enabled=&#8220;0&#8243; header_2_font_size_tablet=&#8220;&#8220; header_2_font_size_phone=&#8220;24px&#8220; header_2_font_size_last_edited=&#8220;on|phone&#8220; global_colors_info=&#8220;{}&#8220; sticky_enabled=&#8220;0&#8243;]<\/p>\n<p><strong>Datenschutzbestimmungen<\/strong><\/p>\n<p>Sk\u00e5bu Tradisjonsbygg (&#8222;wir&#8220;) respektiert Ihre Privatsph\u00e4re und verarbeitet personenbezogene Daten als Datenverantwortlicher in \u00dcbereinstimmung mit dem Gesetz \u00fcber personenbezogene Daten. Diese Bedingungen geben Ihnen Auskunft dar\u00fcber, wie wir Informationen \u00fcber Sie verarbeiten. <\/p>\n<p><strong><\/strong><\/p>\n<p><strong>Welche Informationen wir verarbeiten und wie wir sie nutzen<\/strong><\/p>\n<p>Wir verarbeiten Besucherdaten. Dies sind Informationen, die der Server automatisch generiert, wenn jemand unsere Website besucht. Dazu geh\u00f6ren in der Regel die heruntergeladenen Seiten, die Uhrzeit, die Seite, von der Sie gekommen sind, die IP-Adresse, der Ger\u00e4tetyp (z.B. iPhone), der Browsertyp und das Betriebssystem. Die Besucherinformationen werden in anonymisierter Form f\u00fcr den Betrieb und die Weiterentwicklung der Website verwendet.   <\/p>\n<p>Wenn Sie Informationen in Anmeldeformulare eintragen, verarbeiten wir auch die Informationen, die Sie in den Anmeldeformularen eintragen. Diese Informationen werden f\u00fcr die Verwaltung der Dienste verwendet. Ihre E-Mail-Adresse kann verwendet werden, um Ihnen Werbung zuzusenden, wenn Sie dem zugestimmt haben oder dies anderweitig nach norwegischem Recht zul\u00e4ssig ist.  <\/p>\n<p>Wir verarbeiten auch Ihre Anfragen und Ihr Feedback, wenn Sie freiwillig mit uns Kontakt aufnehmen oder uns Feedback zu unserer Website geben.<\/p>\n<p><strong><\/strong><\/p>\n<p><strong>Offenlegung gegen\u00fcber Dritten<\/strong><\/p>\n<p>Wir k\u00f6nnen f\u00fcr die Erbringung bestimmter Datenverarbeitungsdienste auf Drittanbieter zur\u00fcckgreifen, die als unsere autorisierten &#8222;Datenverarbeiter&#8220; handeln. Beispiele f\u00fcr Datenverarbeiter k\u00f6nnen IT-L\u00f6sungen oder Anbieter von Datenanalysen sein, die Informationen in unserem Auftrag verarbeiten. So k\u00f6nnen wir zum Beispiel Dienste von Drittanbietern in Anspruch nehmen, um Inhalte zu personalisieren, E-Mails von Nutzern zu sammeln, E-Mails zu versenden, Marketingunterst\u00fctzung zu leisten und Kundendienst zu bieten.  <\/p>\n<p><strong><\/strong><\/p>\n<p><strong>Wie speichern wir die Daten?<\/strong><\/p>\n<p>Wir haben technische, physische und organisatorische Ma\u00dfnahmen ergriffen, um zu verhindern, dass personenbezogene Daten verloren gehen oder Unbefugte Zugang zu den Daten erhalten. Dazu geh\u00f6rt auch die verschl\u00fcsselte Speicherung der Informationen, sofern erforderlich.Besucherdaten werden kontinuierlich gel\u00f6scht\/anonymisiert. Andere Informationen, die wir von Ihnen erhalten, werden gel\u00f6scht, wenn wir sie nicht mehr speichern m\u00fcssen.<\/p>\n<p><strong><\/strong><\/p>\n<p><strong>Links<\/strong><\/p>\n<p>Skabuhus.no enth\u00e4lt Links zu Websites, die anderen geh\u00f6ren und von ihnen betrieben werden. Diese Datenschutzbestimmungen gelten nur f\u00fcr Skabuhus.no, und wir sind nicht daf\u00fcr verantwortlich, wie Ihre pers\u00f6nlichen Daten auf externen Websites verarbeitet werden. Wir empfehlen Ihnen, die Datenschutzerkl\u00e4rungen aller Websites, die Sie besuchen, zu \u00fcberpr\u00fcfen.  <\/p>\n<p><strong><\/strong><\/p>\n<p><strong>\u00c4nderungen<\/strong><\/p>\n<p>Wir werden \u00c4nderungen an der Datenschutzrichtlinie auf der Website ver\u00f6ffentlichen. Ihre fortgesetzte Nutzung der Website bedeutet, dass Sie die ge\u00e4nderte Datenschutzrichtlinie akzeptieren. Nutzer der Website sollten die Datenschutzrichtlinie regelm\u00e4\u00dfig \u00fcberpr\u00fcfen.  <\/p>\n<p><strong><\/strong><\/p>\n<p><strong>Ihre Rechte<\/strong><\/p>\n<p>Sie haben das Recht, Zugang, Berichtigung, Einschr\u00e4nkung und L\u00f6schung der bei uns gespeicherten personenbezogenen Daten zu verlangen und eine Kopie der personenbezogenen Daten zu erhalten. Anfragen \u00fcber die Verarbeitung personenbezogener Daten und Antr\u00e4ge auf Zugang sollten an die unten angegebene Kontaktstelle gerichtet werden.   <\/p>\n<p>Sie haben auch das Recht, gegen bestimmte Arten der Verarbeitung Widerspruch einzulegen und, falls wir Sie um Ihre Zustimmung zur Datenverarbeitung gebeten haben, diese Zustimmung zu widerrufen. Wenn wir Daten verarbeiten, weil wir ein berechtigtes Interesse daran haben, haben Sie ebenfalls das Recht, dem zu widersprechen. Diese Rechte k\u00f6nnen in bestimmten Situationen eingeschr\u00e4nkt sein &#8211; zum Beispiel, wenn wir nachweisen k\u00f6nnen, dass wir gesetzlich zur Verarbeitung von Daten verpflichtet sind.  <\/p>\n<p>Bitte beachten Sie, dass der Widerruf einer Einwilligung nicht die Rechtm\u00e4\u00dfigkeit der Verarbeitung ber\u00fchrt, die auf der Grundlage einer Einwilligung erfolgt ist, die vor dem Widerruf erteilt wurde.<\/p>\n<p><strong><\/strong><\/p>\n<p><strong>Cookies<\/strong><\/p>\n<p><strong><\/strong><\/p>\n<p>[\/et_pb_text][et_pb_code _builder_version=&#8220;4.27.4&#8243; _module_preset=&#8220;default&#8220; hover_enabled=&#8220;0&#8243; sticky_enabled=&#8220;0&#8243;]<script id=\"CookieDeclaration\" src=\"https:\/\/consent.cookiebot.com\/ca1ccb47-dbd8-4d87-9bee-78d5799dfa9c\/cd.js\" type=\"text\/javascript\" async><\/script>[\/et_pb_code][\/et_pb_column][\/et_pb_row][\/et_pb_section]<\/p>\n","protected":false},"excerpt":{"rendered":"<p>DatenschutzbestimmungenDatenschutzbestimmungen Sk\u00e5bu Tradisjonsbygg (&#8222;wir&#8220;) respektiert Ihre Privatsph\u00e4re und verarbeitet personenbezogene Daten als Datenverantwortlicher in \u00dcbereinstimmung mit dem Gesetz \u00fcber personenbezogene Daten. Diese Bedingungen geben Ihnen Auskunft dar\u00fcber, wie wir Informationen \u00fcber Sie verarbeiten. Welche Informationen wir verarbeiten und wie wir sie nutzen Wir verarbeiten Besucherdaten. Dies sind Informationen, die der Server automatisch generiert, wenn jemand [&hellip;]<\/p>\n","protected":false},"author":2,"featured_media":0,"parent":0,"menu_order":0,"comment_status":"closed","ping_status":"closed","template":"","meta":{"_et_pb_use_builder":"on","_et_pb_old_content":"","_et_gb_content_width":"","footnotes":""},"class_list":["post-5921","page","type-page","status-publish","hentry"],"yoast_head":"<!-- This site is optimized with the Yoast SEO plugin v27.4 - https:\/\/yoast.com\/product\/yoast-seo-wordpress\/ -->\n<title>Datenschutzbestimmungen - Sk\u00e5bu Tradisjonsbygg AS<\/title>\n<meta name=\"robots\" content=\"index, follow, max-snippet:-1, max-image-preview:large, max-video-preview:-1\" \/>\n<link rel=\"canonical\" href=\"https:\/\/skabutradisjonsbygg.no\/de\/datenschutzbestimmungen\/\" \/>\n<meta property=\"og:locale\" content=\"de_DE\" \/>\n<meta property=\"og:type\" content=\"article\" \/>\n<meta property=\"og:title\" content=\"Datenschutzbestimmungen - Sk\u00e5bu Tradisjonsbygg AS\" \/>\n<meta property=\"og:description\" content=\"DatenschutzbestimmungenDatenschutzbestimmungen Sk\u00e5bu Tradisjonsbygg (&quot;wir&quot;) respektiert Ihre Privatsph\u00e4re und verarbeitet personenbezogene Daten als Datenverantwortlicher in \u00dcbereinstimmung mit dem Gesetz \u00fcber personenbezogene Daten. Diese Bedingungen geben Ihnen Auskunft dar\u00fcber, wie wir Informationen \u00fcber Sie verarbeiten. Welche Informationen wir verarbeiten und wie wir sie nutzen Wir verarbeiten Besucherdaten. Dies sind Informationen, die der Server automatisch generiert, wenn jemand [&hellip;]\" \/>\n<meta property=\"og:url\" content=\"https:\/\/skabutradisjonsbygg.no\/de\/datenschutzbestimmungen\/\" \/>\n<meta property=\"og:site_name\" content=\"Sk\u00e5bu Tradisjonsbygg AS\" \/>\n<meta property=\"article:modified_time\" content=\"2025-05-26T11:24:12+00:00\" \/>\n<meta name=\"twitter:card\" content=\"summary_large_image\" \/>\n<meta name=\"twitter:label1\" content=\"Est. reading time\" \/>\n\t<meta name=\"twitter:data1\" content=\"4\u00a0Minuten\" \/>\n<script type=\"application\/ld+json\" class=\"yoast-schema-graph\">{\"@context\":\"https:\\\/\\\/schema.org\",\"@graph\":[{\"@type\":\"WebPage\",\"@id\":\"https:\\\/\\\/skabutradisjonsbygg.no\\\/de\\\/datenschutzbestimmungen\\\/\",\"url\":\"https:\\\/\\\/skabutradisjonsbygg.no\\\/de\\\/datenschutzbestimmungen\\\/\",\"name\":\"Datenschutzbestimmungen - Sk\u00e5bu Tradisjonsbygg AS\",\"isPartOf\":{\"@id\":\"https:\\\/\\\/skabutradisjonsbygg.no\\\/de\\\/#website\"},\"datePublished\":\"2019-11-20T12:54:56+00:00\",\"dateModified\":\"2025-05-26T11:24:12+00:00\",\"breadcrumb\":{\"@id\":\"https:\\\/\\\/skabutradisjonsbygg.no\\\/de\\\/datenschutzbestimmungen\\\/#breadcrumb\"},\"inLanguage\":\"de\",\"potentialAction\":[{\"@type\":\"ReadAction\",\"target\":[\"https:\\\/\\\/skabutradisjonsbygg.no\\\/de\\\/datenschutzbestimmungen\\\/\"]}]},{\"@type\":\"BreadcrumbList\",\"@id\":\"https:\\\/\\\/skabutradisjonsbygg.no\\\/de\\\/datenschutzbestimmungen\\\/#breadcrumb\",\"itemListElement\":[{\"@type\":\"ListItem\",\"position\":1,\"name\":\"Hjem\",\"item\":\"https:\\\/\\\/skabutradisjonsbygg.no\\\/de\\\/\"},{\"@type\":\"ListItem\",\"position\":2,\"name\":\"Datenschutzbestimmungen\"}]},{\"@type\":\"WebSite\",\"@id\":\"https:\\\/\\\/skabutradisjonsbygg.no\\\/de\\\/#website\",\"url\":\"https:\\\/\\\/skabutradisjonsbygg.no\\\/de\\\/\",\"name\":\"Sk\u00e5bu Tradisjonsbygg AS\",\"description\":\"Tradisjonelle bygg for mennesker i v\u00e5r egen tid\",\"potentialAction\":[{\"@type\":\"SearchAction\",\"target\":{\"@type\":\"EntryPoint\",\"urlTemplate\":\"https:\\\/\\\/skabutradisjonsbygg.no\\\/de\\\/?s={search_term_string}\"},\"query-input\":{\"@type\":\"PropertyValueSpecification\",\"valueRequired\":true,\"valueName\":\"search_term_string\"}}],\"inLanguage\":\"de\"}]}<\/script>\n<!-- \/ Yoast SEO plugin. -->","yoast_head_json":{"title":"Datenschutzbestimmungen - Sk\u00e5bu Tradisjonsbygg AS","robots":{"index":"index","follow":"follow","max-snippet":"max-snippet:-1","max-image-preview":"max-image-preview:large","max-video-preview":"max-video-preview:-1"},"canonical":"https:\/\/skabutradisjonsbygg.no\/de\/datenschutzbestimmungen\/","og_locale":"de_DE","og_type":"article","og_title":"Datenschutzbestimmungen - Sk\u00e5bu Tradisjonsbygg AS","og_description":"DatenschutzbestimmungenDatenschutzbestimmungen Sk\u00e5bu Tradisjonsbygg (\"wir\") respektiert Ihre Privatsph\u00e4re und verarbeitet personenbezogene Daten als Datenverantwortlicher in \u00dcbereinstimmung mit dem Gesetz \u00fcber personenbezogene Daten. Diese Bedingungen geben Ihnen Auskunft dar\u00fcber, wie wir Informationen \u00fcber Sie verarbeiten. Welche Informationen wir verarbeiten und wie wir sie nutzen Wir verarbeiten Besucherdaten. Dies sind Informationen, die der Server automatisch generiert, wenn jemand [&hellip;]","og_url":"https:\/\/skabutradisjonsbygg.no\/de\/datenschutzbestimmungen\/","og_site_name":"Sk\u00e5bu Tradisjonsbygg AS","article_modified_time":"2025-05-26T11:24:12+00:00","twitter_card":"summary_large_image","twitter_misc":{"Est. reading time":"4\u00a0Minuten"},"schema":{"@context":"https:\/\/schema.org","@graph":[{"@type":"WebPage","@id":"https:\/\/skabutradisjonsbygg.no\/de\/datenschutzbestimmungen\/","url":"https:\/\/skabutradisjonsbygg.no\/de\/datenschutzbestimmungen\/","name":"Datenschutzbestimmungen - Sk\u00e5bu Tradisjonsbygg AS","isPartOf":{"@id":"https:\/\/skabutradisjonsbygg.no\/de\/#website"},"datePublished":"2019-11-20T12:54:56+00:00","dateModified":"2025-05-26T11:24:12+00:00","breadcrumb":{"@id":"https:\/\/skabutradisjonsbygg.no\/de\/datenschutzbestimmungen\/#breadcrumb"},"inLanguage":"de","potentialAction":[{"@type":"ReadAction","target":["https:\/\/skabutradisjonsbygg.no\/de\/datenschutzbestimmungen\/"]}]},{"@type":"BreadcrumbList","@id":"https:\/\/skabutradisjonsbygg.no\/de\/datenschutzbestimmungen\/#breadcrumb","itemListElement":[{"@type":"ListItem","position":1,"name":"Hjem","item":"https:\/\/skabutradisjonsbygg.no\/de\/"},{"@type":"ListItem","position":2,"name":"Datenschutzbestimmungen"}]},{"@type":"WebSite","@id":"https:\/\/skabutradisjonsbygg.no\/de\/#website","url":"https:\/\/skabutradisjonsbygg.no\/de\/","name":"Sk\u00e5bu Tradisjonsbygg AS","description":"Tradisjonelle bygg for mennesker i v\u00e5r egen tid","potentialAction":[{"@type":"SearchAction","target":{"@type":"EntryPoint","urlTemplate":"https:\/\/skabutradisjonsbygg.no\/de\/?s={search_term_string}"},"query-input":{"@type":"PropertyValueSpecification","valueRequired":true,"valueName":"search_term_string"}}],"inLanguage":"de"}]}},"_links":{"self":[{"href":"https:\/\/skabutradisjonsbygg.no\/de\/wp-json\/wp\/v2\/pages\/5921","targetHints":{"allow":["GET"]}}],"collection":[{"href":"https:\/\/skabutradisjonsbygg.no\/de\/wp-json\/wp\/v2\/pages"}],"about":[{"href":"https:\/\/skabutradisjonsbygg.no\/de\/wp-json\/wp\/v2\/types\/page"}],"author":[{"embeddable":true,"href":"https:\/\/skabutradisjonsbygg.no\/de\/wp-json\/wp\/v2\/users\/2"}],"replies":[{"embeddable":true,"href":"https:\/\/skabutradisjonsbygg.no\/de\/wp-json\/wp\/v2\/comments?post=5921"}],"version-history":[{"count":0,"href":"https:\/\/skabutradisjonsbygg.no\/de\/wp-json\/wp\/v2\/pages\/5921\/revisions"}],"wp:attachment":[{"href":"https:\/\/skabutradisjonsbygg.no\/de\/wp-json\/wp\/v2\/media?parent=5921"}],"curies":[{"name":"wp","href":"https:\/\/api.w.org\/{rel}","templated":true}]}}