{"id":5919,"date":"2019-11-04T08:27:57","date_gmt":"2019-11-04T07:27:57","guid":{"rendered":"https:\/\/skabuhus.no\/bauelemente\/"},"modified":"2025-05-26T13:30:45","modified_gmt":"2025-05-26T11:30:45","slug":"bauelemente","status":"publish","type":"page","link":"https:\/\/skabutradisjonsbygg.no\/de\/bauelemente\/","title":{"rendered":"Bauelemente"},"content":{"rendered":"<p>[et_pb_section fb_built=&#8220;1&#8243; custom_padding_last_edited=&#8220;on|phone&#8220; _builder_version=&#8220;4.0.2&#8243; background_color=&#8220;#ffffff&#8220; custom_padding=&#8220;109px||180px||false|false&#8220; custom_padding_tablet=&#8220;&#8220; custom_padding_phone=&#8220;40px||||false|false&#8220; top_divider_color=&#8220;rgba(81,123,189,0.4)&#8220; top_divider_height=&#8220;90px&#8220; top_divider_flip=&#8220;vertical&#8220;][et_pb_row _builder_version=&#8220;4.0.2&#8243; custom_padding=&#8220;||0px|||&#8220;][et_pb_column type=&#8220;4_4&#8243; _builder_version=&#8220;4.0.2&#8243;][et_pb_text _builder_version=&#8220;4.0.2&#8243; text_font=&#8220;||||||||&#8220; header_font=&#8220;||||||||&#8220;]<\/p>\n<h1 style=\"text-align: center;\">Bauelemente<\/h1>\n<p>[\/et_pb_text][\/et_pb_column][\/et_pb_row][et_pb_row column_structure=&#8220;1_2,1_2&#8243; custom_padding_last_edited=&#8220;on|phone&#8220; _builder_version=&#8220;4.0.2&#8243; custom_margin=&#8220;90px|auto||auto||&#8220; custom_padding=&#8220;0px||100px|||&#8220; custom_padding_tablet=&#8220;||60px||false|false&#8220; custom_padding_phone=&#8220;||60px||false|false&#8220;][et_pb_column type=&#8220;1_2&#8243; _builder_version=&#8220;4.0.2&#8243;][et_pb_blurb title=&#8220;Rohbau in Stavlaft&#8220; url=&#8220;@ET-DC@eyJkeW5hbWljIjp0cnVlLCJjb250ZW50IjoicG9zdF9saW5rX3VybF9wcm9qZWN0Iiwic2V0dGluZ3MiOnsicG9zdF9pZCI6IjE0MDEifX0=@&#8220; image=&#8220;https:\/\/skabutradisjonsbygg.no\/wp-content\/uploads\/2019\/11\/ra\u030abygg_stavlaft.jpg&#8220; content_max_width_tablet=&#8220;100%&#8220; content_max_width_phone=&#8220;&#8220; content_max_width_last_edited=&#8220;on|tablet&#8220; _builder_version=&#8220;4.0.2&#8243; _dynamic_attributes=&#8220;url&#8220; background_enable_image=&#8220;off&#8220;]<\/p>\n<p><span>Rohbau in Stavlaft-Technik von Sk\u00e5bu Tradisjonsbygg mit Pfosten und Schwellen, Blockgiebeln und Dachpfetten aus grober, norwegischer Malm-Kiefer.<\/span><\/p>\n<p>[\/et_pb_blurb][et_pb_button button_url=&#8220;@ET-DC@eyJkeW5hbWljIjp0cnVlLCJjb250ZW50IjoicG9zdF9saW5rX3VybF9wcm9qZWN0Iiwic2V0dGluZ3MiOnsicG9zdF9pZCI6IjE0MDEifX0=@&#8220; button_text=&#8220;Lesen Sie mehr \u00fcber Rohbau in Stavlaft&#8220; button_alignment=&#8220;left&#8220; _builder_version=&#8220;4.0.2&#8243; _dynamic_attributes=&#8220;button_url&#8220; custom_button=&#8220;on&#8220; button_text_size=&#8220;16px&#8220; button_text_color=&#8220;#0e4b80&#8243; button_bg_color=&#8220;#d7e0f1&#8243; button_border_width=&#8220;0px&#8220; button_border_radius=&#8220;0px&#8220; button_font=&#8220;|600|||||||&#8220; button_use_icon=&#8220;off&#8220; custom_margin=&#8220;|||0px|false|false&#8220; custom_margin_tablet=&#8220;||60px||false|false&#8220; custom_margin_phone=&#8220;||60px||false|false&#8220; custom_margin_last_edited=&#8220;on|phone&#8220; custom_padding=&#8220;15px|0px|15px|26px|false|false&#8220; custom_css_main_element=&#8220;width: 100%;||text-align: left;&#8220; button_text_color__hover_enabled=&#8220;on|hover&#8220; button_text_color__hover=&#8220;#d7e0f1&#8243; button_bg_color__hover_enabled=&#8220;on|hover&#8220; button_bg_color__hover=&#8220;#0e4b80&#8243; button_bg_enable_color__hover=&#8220;on&#8220;][\/et_pb_button][\/et_pb_column][et_pb_column type=&#8220;1_2&#8243; _builder_version=&#8220;4.0.2&#8243;][et_pb_blurb title=&#8220;M\u00f6bel f\u00fcr drau\u00dfen&#8220; url=&#8220;@ET-DC@eyJkeW5hbWljIjp0cnVlLCJjb250ZW50IjoicG9zdF9saW5rX3VybF9wYWdlIiwic2V0dGluZ3MiOnsicG9zdF9pZCI6IjE0MzIifX0=@&#8220; image=&#8220;https:\/\/skabutradisjonsbygg.no\/wp-content\/uploads\/2019\/11\/IMG_7175-70-1920-1080-90_thumb.jpg&#8220; content_max_width_tablet=&#8220;100%&#8220; content_max_width_phone=&#8220;&#8220; content_max_width_last_edited=&#8220;on|tablet&#8220; _builder_version=&#8220;4.0.2&#8243; _dynamic_attributes=&#8220;url&#8220; background_enable_image=&#8220;off&#8220;]<\/p>\n<p><span>Sk\u00e5bu Tradisjonsbygg stellt Outdoor-M\u00f6bel aus den robusten Holzst\u00e4mmen her, die wir normalerweise zum Bau von H\u00fctten und H\u00e4usern verwenden.<\/span><\/p>\n<p>[\/et_pb_blurb][et_pb_button button_url=&#8220;@ET-DC@eyJkeW5hbWljIjp0cnVlLCJjb250ZW50IjoicG9zdF9saW5rX3VybF9wYWdlIiwic2V0dGluZ3MiOnsicG9zdF9pZCI6IjE0MzIifX0=@&#8220; button_text=&#8220;Lesen Sie mehr \u00fcber Outdoor-M\u00f6bel&#8220; button_alignment=&#8220;left&#8220; _builder_version=&#8220;4.0.2&#8243; _dynamic_attributes=&#8220;button_url&#8220; custom_button=&#8220;on&#8220; button_text_size=&#8220;16px&#8220; button_text_color=&#8220;#0e4b80&#8243; button_bg_color=&#8220;#d7e0f1&#8243; button_border_width=&#8220;0px&#8220; button_border_radius=&#8220;0px&#8220; button_font=&#8220;|600|||||||&#8220; button_use_icon=&#8220;off&#8220; custom_margin=&#8220;||0px|0px|false|false&#8220; custom_margin_tablet=&#8220;||60px||false|false&#8220; custom_margin_phone=&#8220;||60px||false|false&#8220; custom_margin_last_edited=&#8220;on|phone&#8220; custom_padding=&#8220;15px|0px|15px|26px|false|false&#8220; custom_css_main_element=&#8220;width: 100%;||text-align: left;&#8220; button_text_color__hover_enabled=&#8220;on|hover&#8220; button_text_color__hover=&#8220;#d7e0f1&#8243; button_bg_color__hover_enabled=&#8220;on|hover&#8220; button_bg_color__hover=&#8220;#0e4b80&#8243; button_bg_enable_color__hover=&#8220;on&#8220;][\/et_pb_button][\/et_pb_column][\/et_pb_row][et_pb_row column_structure=&#8220;1_2,1_2&#8243; custom_padding_last_edited=&#8220;on|desktop&#8220; _builder_version=&#8220;4.0.2&#8243; custom_padding=&#8220;30px||100px||false|&#8220; custom_padding_tablet=&#8220;&#8220; custom_padding_phone=&#8220;||60px||false|false&#8220;][et_pb_column type=&#8220;1_2&#8243; _builder_version=&#8220;4.0.2&#8243;][et_pb_blurb title=&#8220;Andere Elemente&#8220; url=&#8220;@ET-DC@eyJkeW5hbWljIjp0cnVlLCJjb250ZW50IjoicG9zdF9saW5rX3VybF9wcm9qZWN0Iiwic2V0dGluZ3MiOnsicG9zdF9pZCI6IjE0MjUifX0=@&#8220; image=&#8220;https:\/\/skabutradisjonsbygg.no\/wp-content\/uploads\/2019\/11\/andre_elementer_thumb.jpg&#8220; content_max_width_tablet=&#8220;100%&#8220; content_max_width_phone=&#8220;&#8220; content_max_width_last_edited=&#8220;on|tablet&#8220; _builder_version=&#8220;4.0.2&#8243; _dynamic_attributes=&#8220;url&#8220; background_enable_image=&#8220;off&#8220;]<\/p>\n<p><span>Sk\u00e5bu Tradisjonsbygg kann alles liefern, von einzelnen Bauelementen bis hin zu schl\u00fcsselfertigen H\u00fctten oder H\u00e4usern. Die meisten Dinge sind m\u00f6glich. <\/span><\/p>\n<p>[\/et_pb_blurb][et_pb_button button_url=&#8220;@ET-DC@eyJkeW5hbWljIjp0cnVlLCJjb250ZW50IjoicG9zdF9saW5rX3VybF9wcm9qZWN0Iiwic2V0dGluZ3MiOnsicG9zdF9pZCI6IjE0MjUifX0=@&#8220; button_text=&#8220;Lesen Sie mehr \u00fcber andere Elemente&#8220; button_alignment=&#8220;left&#8220; _builder_version=&#8220;4.0.2&#8243; _dynamic_attributes=&#8220;button_url&#8220; custom_button=&#8220;on&#8220; button_text_size=&#8220;16px&#8220; button_text_color=&#8220;#0e4b80&#8243; button_bg_color=&#8220;#d7e0f1&#8243; button_border_width=&#8220;0px&#8220; button_border_radius=&#8220;0px&#8220; button_font=&#8220;|600|||||||&#8220; button_use_icon=&#8220;off&#8220; custom_margin=&#8220;|||0px|false|false&#8220; custom_margin_tablet=&#8220;&#8220; custom_margin_phone=&#8220;||60px||false|false&#8220; custom_margin_last_edited=&#8220;on|desktop&#8220; custom_padding=&#8220;15px|0px|15px|26px|false|false&#8220; custom_css_main_element=&#8220;width: 100%;||text-align: left;&#8220; button_text_color__hover_enabled=&#8220;on|hover&#8220; button_text_color__hover=&#8220;#d7e0f1&#8243; button_bg_color__hover_enabled=&#8220;on|hover&#8220; button_bg_color__hover=&#8220;#0e4b80&#8243; button_bg_enable_color__hover=&#8220;on&#8220;][\/et_pb_button][\/et_pb_column][et_pb_column type=&#8220;1_2&#8243; _builder_version=&#8220;4.0.2&#8243;][et_pb_blurb title=&#8220;Wandelemente&#8220; url=&#8220;@ET-DC@eyJkeW5hbWljIjp0cnVlLCJjb250ZW50IjoicG9zdF9saW5rX3VybF9wcm9qZWN0Iiwic2V0dGluZ3MiOnsicG9zdF9pZCI6IjE0MDgifX0=@&#8220; image=&#8220;https:\/\/skabutradisjonsbygg.no\/wp-content\/uploads\/2019\/11\/veggelementer.jpg&#8220; content_max_width_tablet=&#8220;100%&#8220; content_max_width_phone=&#8220;&#8220; content_max_width_last_edited=&#8220;on|tablet&#8220; _builder_version=&#8220;4.0.2&#8243; _dynamic_attributes=&#8220;url&#8220; background_enable_image=&#8220;off&#8220;]<\/p>\n<p><span>Sk\u00e5bu Tradisjonsbygg stellt vorgefertigte Wandelemente f\u00fcr H\u00fctten im Innenbereich unter stabilen Bedingungen her.<\/span><\/p>\n<p>[\/et_pb_blurb][et_pb_button button_url=&#8220;@ET-DC@eyJkeW5hbWljIjp0cnVlLCJjb250ZW50IjoicG9zdF9saW5rX3VybF9wcm9qZWN0Iiwic2V0dGluZ3MiOnsicG9zdF9pZCI6IjE0MDgifX0=@&#8220; button_text=&#8220;Lesen Sie mehr \u00fcber Wandelemente&#8220; button_alignment=&#8220;left&#8220; _builder_version=&#8220;4.0.2&#8243; _dynamic_attributes=&#8220;button_url&#8220; custom_button=&#8220;on&#8220; button_text_size=&#8220;16px&#8220; button_text_color=&#8220;#0e4b80&#8243; button_bg_color=&#8220;#d7e0f1&#8243; button_border_width=&#8220;0px&#8220; button_border_radius=&#8220;0px&#8220; button_font=&#8220;|600|||||||&#8220; button_use_icon=&#8220;off&#8220; custom_margin=&#8220;|||0px|false|false&#8220; custom_margin_tablet=&#8220;&#8220; custom_margin_phone=&#8220;||0px||false|false&#8220; custom_margin_last_edited=&#8220;on|desktop&#8220; custom_padding=&#8220;15px|0px|15px|26px|false|false&#8220; custom_css_main_element=&#8220;width: 100%;||text-align: left;&#8220; button_text_color__hover_enabled=&#8220;on|hover&#8220; button_text_color__hover=&#8220;#d7e0f1&#8243; button_bg_color__hover_enabled=&#8220;on|hover&#8220; button_bg_color__hover=&#8220;#0e4b80&#8243; button_bg_enable_color__hover=&#8220;on&#8220;][\/et_pb_button][\/et_pb_column][\/et_pb_row][et_pb_row _builder_version=&#8220;4.0.2&#8243;][et_pb_column type=&#8220;4_4&#8243; _builder_version=&#8220;4.0.2&#8243;][et_pb_text _builder_version=&#8220;4.0.2&#8243; text_orientation=&#8220;center&#8220;]<\/p>\n<h2>Geplante H\u00fctten<\/h2>\n<p>[\/et_pb_text][\/et_pb_column][\/et_pb_row][et_pb_row column_structure=&#8220;1_2,1_2&#8243; _builder_version=&#8220;4.0.2&#8243; custom_margin=&#8220;20px||||false|false&#8220; custom_margin_tablet=&#8220;&#8220; custom_margin_phone=&#8220;0px||||false|false&#8220; custom_margin_last_edited=&#8220;on|desktop&#8220; custom_padding=&#8220;0px||0px|||&#8220; global_module=&#8220;731&#8243; saved_tabs=&#8220;all&#8220;][et_pb_column type=&#8220;1_2&#8243; _builder_version=&#8220;4.0.2&#8243;][et_pb_button button_url=&#8220;http:\/\/m.finn.no\/realestate\/leisuresale\/ad.html?finnkode=45640517&#8243; url_new_window=&#8220;on&#8220; button_text=&#8220;Sehen Sie sich unsere Anzeige f\u00fcr eine geplante H\u00fctte mit Grundst\u00fcck in Skardfjellgrenda in Sk\u00e5bu auf FINN.no an: FINN-Code: 45640517&#8243; button_alignment=&#8220;left&#8220; _builder_version=&#8220;4.0.2&#8243; custom_button=&#8220;on&#8220; button_text_size=&#8220;16px&#8220; button_text_color=&#8220;#f8c47c&#8220; button_bg_color=&#8220;#0e4b80&#8243; button_border_width=&#8220;0px&#8220; button_border_radius=&#8220;0px&#8220; button_font=&#8220;||||||||&#8220; button_use_icon=&#8220;off&#8220; custom_margin=&#8220;|||0px|false|false&#8220; custom_margin_tablet=&#8220;&#8220; custom_margin_phone=&#8220;||10px|0px|false|false&#8220; custom_margin_last_edited=&#8220;on|desktop&#8220; custom_padding=&#8220;15px|26px|15px|26px|false|false&#8220; custom_padding_tablet=&#8220;&#8220; custom_padding_phone=&#8220;&#8220; custom_padding_last_edited=&#8220;on|phone&#8220; custom_css_main_element=&#8220;width: 100%;||text-align: left;&#8220; button_text_color__hover_enabled=&#8220;on|desktop&#8220; button_text_color__hover=&#8220;#0e4b80&#8243; button_bg_color__hover_enabled=&#8220;on|hover&#8220; button_bg_color__hover=&#8220;#f8c47c&#8220; button_bg_enable_color__hover=&#8220;on&#8220;][\/et_pb_button][et_pb_button button_url=&#8220;https:\/\/www.finn.no\/realestate\/leisuresale\/ad.html?finnkode=170373702&#8243; url_new_window=&#8220;on&#8220; button_text=&#8220;Sehen Sie sich das Inserat f\u00fcr eine geplante H\u00fctte mit Grundst\u00fcck in Skardfjellgrenda in Sk\u00e5bu auf FINN.no an: FINN-Code: 170373702&#8243; button_alignment=&#8220;left&#8220; _builder_version=&#8220;4.0.2&#8243; custom_button=&#8220;on&#8220; button_text_size=&#8220;16px&#8220; button_text_color=&#8220;#0e4b80&#8243; button_bg_color=&#8220;#f8c47c&#8220; button_border_width=&#8220;0px&#8220; button_border_radius=&#8220;0px&#8220; button_font=&#8220;||||||||&#8220; button_use_icon=&#8220;off&#8220; custom_margin=&#8220;|||0px|false|false&#8220; custom_padding=&#8220;15px|26px|15px|26px|false|false&#8220; custom_css_main_element=&#8220;width: 100%;||text-align: left;&#8220; button_text_color__hover_enabled=&#8220;on|hover&#8220; button_text_color__hover=&#8220;#f8c47c&#8220; button_bg_color__hover_enabled=&#8220;on|hover&#8220; button_bg_color__hover=&#8220;#0e4b80&#8243; button_bg_enable_color__hover=&#8220;on&#8220;][\/et_pb_button][\/et_pb_column][et_pb_column type=&#8220;1_2&#8243; _builder_version=&#8220;4.0.2&#8243;][et_pb_button button_url=&#8220;https:\/\/www.finn.no\/realestate\/leisuresale\/ad.html?finnkode=61701074&#8243; url_new_window=&#8220;on&#8220; button_text=&#8220;Sehen Sie sich die Anzeige f\u00fcr eine geplante H\u00fctte mit Grundst\u00fcck in Heimstulen in Sk\u00e5bu auf FINN.no an: FINN-Code: 61701074&#8243; button_alignment=&#8220;left&#8220; _builder_version=&#8220;4.0.2&#8243; custom_button=&#8220;on&#8220; button_text_size=&#8220;16px&#8220; button_text_color=&#8220;#0e4b80&#8243; button_bg_color=&#8220;#f8c47c&#8220; button_border_width=&#8220;0px&#8220; button_border_radius=&#8220;0px&#8220; button_font=&#8220;||||||||&#8220; button_use_icon=&#8220;off&#8220; custom_margin=&#8220;|||0px|false|false&#8220; custom_padding=&#8220;15px|26px|15px|26px|false|false&#8220; custom_css_main_element=&#8220;width: 100%;||text-align: left;&#8220; button_text_color__hover_enabled=&#8220;on|hover&#8220; button_text_color__hover=&#8220;#f8c47c&#8220; button_bg_color__hover_enabled=&#8220;on|hover&#8220; button_bg_color__hover=&#8220;#0e4b80&#8243; button_bg_enable_color__hover=&#8220;on&#8220;][\/et_pb_button][et_pb_button button_url=&#8220;https:\/\/www.finn.no\/realestate\/leisuresale\/ad.html?finnkode=170374821&#8243; url_new_window=&#8220;on&#8220; button_text=&#8220;Sehen Sie unsere Anzeige f\u00fcr eine projektierte H\u00fctte mit Grundst\u00fcck in Utsikten, G\u00e5l\u00e5 auf FINN.no an: FINN-Code: 170374821&#8243; button_alignment=&#8220;left&#8220; _builder_version=&#8220;4.0.2&#8243; custom_button=&#8220;on&#8220; button_text_size=&#8220;16px&#8220; button_text_color=&#8220;#f8c47c&#8220; button_bg_color=&#8220;#0e4b80&#8243; button_border_width=&#8220;0px&#8220; button_border_radius=&#8220;0px&#8220; button_font=&#8220;||||||||&#8220; button_use_icon=&#8220;off&#8220; custom_margin=&#8220;|||0px|false|false&#8220; custom_margin_tablet=&#8220;&#8220; custom_margin_phone=&#8220;||10px|0px|false|false&#8220; custom_margin_last_edited=&#8220;on|desktop&#8220; custom_padding=&#8220;15px|26px|15px|26px|false|false&#8220; custom_padding_tablet=&#8220;&#8220; custom_padding_phone=&#8220;&#8220; custom_padding_last_edited=&#8220;on|phone&#8220; custom_css_main_element=&#8220;width: 100%;||text-align: left;&#8220; button_text_color__hover_enabled=&#8220;on|desktop&#8220; button_text_color__hover=&#8220;#0e4b80&#8243; button_bg_color__hover_enabled=&#8220;on|hover&#8220; button_bg_color__hover=&#8220;#f8c47c&#8220; button_bg_enable_color__hover=&#8220;on&#8220;][\/et_pb_button][\/et_pb_column][\/et_pb_row][\/et_pb_section]<\/p>\n","protected":false},"excerpt":{"rendered":"<p>BauelementeRohbau in Stavlaft-Technik von Sk\u00e5bu Tradisjonsbygg mit Pfosten und Schwellen, Blockgiebeln und Dachpfetten aus grober, norwegischer Malm-Kiefer.Sk\u00e5bu Tradisjonsbygg stellt Outdoor-M\u00f6bel aus den robusten Holzst\u00e4mmen her, die wir normalerweise zum Bau von H\u00fctten und H\u00e4usern verwenden.Sk\u00e5bu Tradisjonsbygg kann alles liefern, von einzelnen Bauelementen bis hin zu schl\u00fcsselfertigen H\u00fctten oder H\u00e4usern. Die meisten Dinge sind m\u00f6glich. Sk\u00e5bu [&hellip;]<\/p>\n","protected":false},"author":2,"featured_media":0,"parent":0,"menu_order":0,"comment_status":"closed","ping_status":"closed","template":"","meta":{"_et_pb_use_builder":"on","_et_pb_old_content":"","_et_gb_content_width":"","footnotes":""},"class_list":["post-5919","page","type-page","status-publish","hentry"],"yoast_head":"<!-- This site is optimized with the Yoast SEO plugin v27.2 - https:\/\/yoast.com\/product\/yoast-seo-wordpress\/ -->\n<title>Bauelemente - Sk\u00e5bu Tradisjonsbygg AS<\/title>\n<meta name=\"robots\" content=\"index, follow, max-snippet:-1, max-image-preview:large, max-video-preview:-1\" \/>\n<link rel=\"canonical\" href=\"https:\/\/skabutradisjonsbygg.no\/de\/bauelemente\/\" \/>\n<meta property=\"og:locale\" content=\"de_DE\" \/>\n<meta property=\"og:type\" content=\"article\" \/>\n<meta property=\"og:title\" content=\"Bauelemente - Sk\u00e5bu Tradisjonsbygg AS\" \/>\n<meta property=\"og:description\" content=\"BauelementeRohbau in Stavlaft-Technik von Sk\u00e5bu Tradisjonsbygg mit Pfosten und Schwellen, Blockgiebeln und Dachpfetten aus grober, norwegischer Malm-Kiefer.Sk\u00e5bu Tradisjonsbygg stellt Outdoor-M\u00f6bel aus den robusten Holzst\u00e4mmen her, die wir normalerweise zum Bau von H\u00fctten und H\u00e4usern verwenden.Sk\u00e5bu Tradisjonsbygg kann alles liefern, von einzelnen Bauelementen bis hin zu schl\u00fcsselfertigen H\u00fctten oder H\u00e4usern. Die meisten Dinge sind m\u00f6glich. Sk\u00e5bu [&hellip;]\" \/>\n<meta property=\"og:url\" content=\"https:\/\/skabutradisjonsbygg.no\/de\/bauelemente\/\" \/>\n<meta property=\"og:site_name\" content=\"Sk\u00e5bu Tradisjonsbygg AS\" \/>\n<meta property=\"article:modified_time\" content=\"2025-05-26T11:30:45+00:00\" \/>\n<meta name=\"twitter:card\" content=\"summary_large_image\" \/>\n<meta name=\"twitter:label1\" content=\"Est. reading time\" \/>\n\t<meta name=\"twitter:data1\" content=\"9\u00a0Minuten\" \/>\n<script type=\"application\/ld+json\" class=\"yoast-schema-graph\">{\"@context\":\"https:\/\/schema.org\",\"@graph\":[{\"@type\":\"WebPage\",\"@id\":\"https:\/\/skabutradisjonsbygg.no\/de\/bauelemente\/\",\"url\":\"https:\/\/skabutradisjonsbygg.no\/de\/bauelemente\/\",\"name\":\"Bauelemente - Sk\u00e5bu Tradisjonsbygg AS\",\"isPartOf\":{\"@id\":\"https:\/\/skabutradisjonsbygg.no\/de\/#website\"},\"datePublished\":\"2019-11-04T07:27:57+00:00\",\"dateModified\":\"2025-05-26T11:30:45+00:00\",\"breadcrumb\":{\"@id\":\"https:\/\/skabutradisjonsbygg.no\/de\/bauelemente\/#breadcrumb\"},\"inLanguage\":\"de\",\"potentialAction\":[{\"@type\":\"ReadAction\",\"target\":[\"https:\/\/skabutradisjonsbygg.no\/de\/bauelemente\/\"]}]},{\"@type\":\"BreadcrumbList\",\"@id\":\"https:\/\/skabutradisjonsbygg.no\/de\/bauelemente\/#breadcrumb\",\"itemListElement\":[{\"@type\":\"ListItem\",\"position\":1,\"name\":\"Hjem\",\"item\":\"https:\/\/skabutradisjonsbygg.no\/de\/\"},{\"@type\":\"ListItem\",\"position\":2,\"name\":\"Bauelemente\"}]},{\"@type\":\"WebSite\",\"@id\":\"https:\/\/skabutradisjonsbygg.no\/de\/#website\",\"url\":\"https:\/\/skabutradisjonsbygg.no\/de\/\",\"name\":\"Sk\u00e5bu Tradisjonsbygg AS\",\"description\":\"Tradisjonelle bygg for mennesker i v\u00e5r egen tid\",\"potentialAction\":[{\"@type\":\"SearchAction\",\"target\":{\"@type\":\"EntryPoint\",\"urlTemplate\":\"https:\/\/skabutradisjonsbygg.no\/de\/?s={search_term_string}\"},\"query-input\":{\"@type\":\"PropertyValueSpecification\",\"valueRequired\":true,\"valueName\":\"search_term_string\"}}],\"inLanguage\":\"de\"}]}<\/script>\n<!-- \/ Yoast SEO plugin. -->","yoast_head_json":{"title":"Bauelemente - Sk\u00e5bu Tradisjonsbygg AS","robots":{"index":"index","follow":"follow","max-snippet":"max-snippet:-1","max-image-preview":"max-image-preview:large","max-video-preview":"max-video-preview:-1"},"canonical":"https:\/\/skabutradisjonsbygg.no\/de\/bauelemente\/","og_locale":"de_DE","og_type":"article","og_title":"Bauelemente - Sk\u00e5bu Tradisjonsbygg AS","og_description":"BauelementeRohbau in Stavlaft-Technik von Sk\u00e5bu Tradisjonsbygg mit Pfosten und Schwellen, Blockgiebeln und Dachpfetten aus grober, norwegischer Malm-Kiefer.Sk\u00e5bu Tradisjonsbygg stellt Outdoor-M\u00f6bel aus den robusten Holzst\u00e4mmen her, die wir normalerweise zum Bau von H\u00fctten und H\u00e4usern verwenden.Sk\u00e5bu Tradisjonsbygg kann alles liefern, von einzelnen Bauelementen bis hin zu schl\u00fcsselfertigen H\u00fctten oder H\u00e4usern. Die meisten Dinge sind m\u00f6glich. Sk\u00e5bu [&hellip;]","og_url":"https:\/\/skabutradisjonsbygg.no\/de\/bauelemente\/","og_site_name":"Sk\u00e5bu Tradisjonsbygg AS","article_modified_time":"2025-05-26T11:30:45+00:00","twitter_card":"summary_large_image","twitter_misc":{"Est. reading time":"9\u00a0Minuten"},"schema":{"@context":"https:\/\/schema.org","@graph":[{"@type":"WebPage","@id":"https:\/\/skabutradisjonsbygg.no\/de\/bauelemente\/","url":"https:\/\/skabutradisjonsbygg.no\/de\/bauelemente\/","name":"Bauelemente - Sk\u00e5bu Tradisjonsbygg AS","isPartOf":{"@id":"https:\/\/skabutradisjonsbygg.no\/de\/#website"},"datePublished":"2019-11-04T07:27:57+00:00","dateModified":"2025-05-26T11:30:45+00:00","breadcrumb":{"@id":"https:\/\/skabutradisjonsbygg.no\/de\/bauelemente\/#breadcrumb"},"inLanguage":"de","potentialAction":[{"@type":"ReadAction","target":["https:\/\/skabutradisjonsbygg.no\/de\/bauelemente\/"]}]},{"@type":"BreadcrumbList","@id":"https:\/\/skabutradisjonsbygg.no\/de\/bauelemente\/#breadcrumb","itemListElement":[{"@type":"ListItem","position":1,"name":"Hjem","item":"https:\/\/skabutradisjonsbygg.no\/de\/"},{"@type":"ListItem","position":2,"name":"Bauelemente"}]},{"@type":"WebSite","@id":"https:\/\/skabutradisjonsbygg.no\/de\/#website","url":"https:\/\/skabutradisjonsbygg.no\/de\/","name":"Sk\u00e5bu Tradisjonsbygg AS","description":"Tradisjonelle bygg for mennesker i v\u00e5r egen tid","potentialAction":[{"@type":"SearchAction","target":{"@type":"EntryPoint","urlTemplate":"https:\/\/skabutradisjonsbygg.no\/de\/?s={search_term_string}"},"query-input":{"@type":"PropertyValueSpecification","valueRequired":true,"valueName":"search_term_string"}}],"inLanguage":"de"}]}},"_links":{"self":[{"href":"https:\/\/skabutradisjonsbygg.no\/de\/wp-json\/wp\/v2\/pages\/5919","targetHints":{"allow":["GET"]}}],"collection":[{"href":"https:\/\/skabutradisjonsbygg.no\/de\/wp-json\/wp\/v2\/pages"}],"about":[{"href":"https:\/\/skabutradisjonsbygg.no\/de\/wp-json\/wp\/v2\/types\/page"}],"author":[{"embeddable":true,"href":"https:\/\/skabutradisjonsbygg.no\/de\/wp-json\/wp\/v2\/users\/2"}],"replies":[{"embeddable":true,"href":"https:\/\/skabutradisjonsbygg.no\/de\/wp-json\/wp\/v2\/comments?post=5919"}],"version-history":[{"count":0,"href":"https:\/\/skabutradisjonsbygg.no\/de\/wp-json\/wp\/v2\/pages\/5919\/revisions"}],"wp:attachment":[{"href":"https:\/\/skabutradisjonsbygg.no\/de\/wp-json\/wp\/v2\/media?parent=5919"}],"curies":[{"name":"wp","href":"https:\/\/api.w.org\/{rel}","templated":true}]}}