{"id":5916,"date":"2020-03-06T09:37:33","date_gmt":"2020-03-06T08:37:33","guid":{"rendered":"https:\/\/skabuhus.no\/galerie\/"},"modified":"2025-05-26T13:03:54","modified_gmt":"2025-05-26T11:03:54","slug":"galerie","status":"publish","type":"page","link":"https:\/\/skabutradisjonsbygg.no\/de\/galerie\/","title":{"rendered":"Galerie"},"content":{"rendered":"<p>[et_pb_section fb_built=&#8220;1&#8243; custom_padding_last_edited=&#8220;on|phone&#8220; _builder_version=&#8220;4.16&#8243; custom_padding=&#8220;0px||0px||false|false&#8220; custom_padding_tablet=&#8220;&#8220; custom_padding_phone=&#8220;&#8220; bottom_divider_color=&#8220;rgba(81,123,189,0.4)&#8220; bottom_divider_height=&#8220;90px&#8220; border_color_bottom=&#8220;#918b64&#8243; global_colors_info=&#8220;{}&#8220;][et_pb_row _builder_version=&#8220;4.16&#8243; width_tablet=&#8220;&#8220; width_phone=&#8220;100%&#8220; width_last_edited=&#8220;on|phone&#8220; module_alignment=&#8220;center&#8220; global_colors_info=&#8220;{}&#8220;][et_pb_column type=&#8220;4_4&#8243; _builder_version=&#8220;4.16&#8243; global_colors_info=&#8220;{}&#8220;][et_pb_slider use_bg_overlay=&#8220;off&#8220; arrows_custom_color=&#8220;#f8c47c&#8220; dot_nav_custom_color=&#8220;#f8c47c&#8220; _builder_version=&#8220;4.23.1&#8243; content_max_width=&#8220;100%&#8220; min_height=&#8220;600px&#8220; min_height_tablet=&#8220;&#8220; min_height_phone=&#8220;240px&#8220; min_height_last_edited=&#8220;on|phone&#8220; height=&#8220;620px&#8220; height_tablet=&#8220;&#8220; height_phone=&#8220;auto&#8220; height_last_edited=&#8220;on|phone&#8220; max_height=&#8220;600px&#8220; max_height_tablet=&#8220;&#8220; max_height_phone=&#8220;&#8220; max_height_last_edited=&#8220;on|phone&#8220; custom_padding=&#8220;0px||0px||false|false&#8220; hover_enabled=&#8220;0&#8243; global_colors_info=&#8220;{}&#8220; custom_css_slide_description_last_edited=&#8220;on|tablet&#8220; custom_css_slide_description_phone=&#8220;text-align: center;padding-top: 43vh !important;&#8220; sticky_enabled=&#8220;0&#8243;][et_pb_slide _builder_version=&#8220;4.16&#8243; background_image=&#8220;https:\/\/skabutradisjonsbygg.no\/wp-content\/uploads\/2019\/11\/skrdfjellgrenda_mot_skabu_august-79-1920-1080-90-1.jpg&#8220; background_enable_image=&#8220;on&#8220; custom_padding=&#8220;570px||||false|false&#8220; global_colors_info=&#8220;{}&#8220; sticky_transition=&#8220;on&#8220;]<\/p>\n<p>Foto: Anne Mari Lo<\/p>\n<p>[\/et_pb_slide][et_pb_slide _builder_version=&#8220;4.16&#8243; background_image=&#8220;https:\/\/skabutradisjonsbygg.no\/wp-content\/uploads\/2020\/03\/DSC0409.jpg&#8220; background_enable_image=&#8220;on&#8220; global_colors_info=&#8220;{}&#8220; sticky_transition=&#8220;on&#8220;][\/et_pb_slide][et_pb_slide _builder_version=&#8220;4.16&#8243; background_image=&#8220;https:\/\/skabutradisjonsbygg.no\/wp-content\/uploads\/2020\/03\/DSC0439.jpg&#8220; background_enable_image=&#8220;on&#8220; global_colors_info=&#8220;{}&#8220; sticky_transition=&#8220;on&#8220;][\/et_pb_slide][et_pb_slide _builder_version=&#8220;4.16&#8243; background_image=&#8220;https:\/\/skabutradisjonsbygg.no\/wp-content\/uploads\/2020\/03\/DSC0476.jpg&#8220; background_enable_image=&#8220;on&#8220; global_colors_info=&#8220;{}&#8220; sticky_transition=&#8220;on&#8220;][\/et_pb_slide][et_pb_slide _builder_version=&#8220;4.16&#8243; background_image=&#8220;https:\/\/skabutradisjonsbygg.no\/wp-content\/uploads\/2020\/03\/DSC0500.jpg&#8220; background_enable_image=&#8220;on&#8220; global_colors_info=&#8220;{}&#8220; sticky_transition=&#8220;on&#8220;][\/et_pb_slide][et_pb_slide _builder_version=&#8220;4.16&#8243; background_image=&#8220;https:\/\/skabutradisjonsbygg.no\/wp-content\/uploads\/2020\/03\/DSC0487.jpg&#8220; background_enable_image=&#8220;on&#8220; global_colors_info=&#8220;{}&#8220; sticky_transition=&#8220;on&#8220;][\/et_pb_slide][et_pb_slide _builder_version=&#8220;4.16&#8243; background_image=&#8220;https:\/\/skabutradisjonsbygg.no\/wp-content\/uploads\/2019\/10\/IMG_5985-175-1020-680-90.jpg&#8220; background_enable_image=&#8220;on&#8220; custom_padding=&#8220;570px||||false|false&#8220; global_colors_info=&#8220;{}&#8220; sticky_transition=&#8220;on&#8220;]<\/p>\n<p>Foto: Anne Mari Lo<\/p>\n<p>[\/et_pb_slide][et_pb_slide _builder_version=&#8220;4.16&#8243; background_image=&#8220;https:\/\/skabutradisjonsbygg.no\/wp-content\/uploads\/2020\/03\/fOTTUR.jpg&#8220; background_enable_image=&#8220;on&#8220; custom_padding=&#8220;570px||||false|false&#8220; global_colors_info=&#8220;{}&#8220; sticky_transition=&#8220;on&#8220;]<\/p>\n<p>Foto: Anne Mari Lo<\/p>\n<p>[\/et_pb_slide][\/et_pb_slider][\/et_pb_column][\/et_pb_row][et_pb_row custom_padding_last_edited=&#8220;on|phone&#8220; _builder_version=&#8220;4.16&#8243; custom_margin=&#8220;1px|auto||auto|false|false&#8220; custom_margin_tablet=&#8220;&#8220; custom_margin_phone=&#8220;0px|auto|||false|false&#8220; custom_margin_last_edited=&#8220;on|phone&#8220; custom_padding=&#8220;1px||||false|false&#8220; custom_padding_tablet=&#8220;&#8220; custom_padding_phone=&#8220;0px||||false|false&#8220; global_colors_info=&#8220;{}&#8220;][et_pb_column type=&#8220;4_4&#8243; _builder_version=&#8220;4.16&#8243; global_colors_info=&#8220;{}&#8220;][et_pb_text _builder_version=&#8220;4.16&#8243; header_text_color=&#8220;#303030&#8243; header_3_text_color=&#8220;#0e4b80&#8243; text_orientation=&#8220;center&#8220; custom_margin=&#8220;30px|80px||80px|false|false&#8220; custom_margin_tablet=&#8220;&#8220; custom_margin_phone=&#8220;|0px||0px|false|false&#8220; custom_margin_last_edited=&#8220;on|phone&#8220; custom_padding=&#8220;||60px||false|false&#8220; custom_padding_tablet=&#8220;&#8220; custom_padding_phone=&#8220;||30px||false|false&#8220; custom_padding_last_edited=&#8220;on|phone&#8220; header_line_height_tablet=&#8220;&#8220; header_line_height_phone=&#8220;1.4em&#8220; header_line_height_last_edited=&#8220;on|phone&#8220; global_colors_info=&#8220;{}&#8220;]<\/p>\n<h1>Galerie<\/h1>\n<p>&nbsp;<\/p>\n<p><span>Sk\u00e5bu, Nordeuropas h\u00f6chstgelegenes bewohntes Bergdorf. Ein ideales Gebiet f\u00fcr   <\/span><a href=\"https:\/\/skabutradisjonsbygg.no\/de\/?page_id=5923\">Skilanglauf<span>, <\/span>Radfahren<span> und<\/span> Wandern<\/a><span>. <\/span>Blick auf den Olstappen-See, wo die Menschen seit 10.000 Jahren <a href=\"https:\/\/skabutradisjonsbygg.no\/de\/?page_id=5923\" rel=\"alternate\">jagen und fischen<\/a>.<\/p>\n<p>[\/et_pb_text][\/et_pb_column][\/et_pb_row][et_pb_row column_structure=&#8220;1_2,1_2&#8243; custom_padding_last_edited=&#8220;on|phone&#8220; _builder_version=&#8220;4.16&#8243; custom_padding=&#8220;0px||80px||false|false&#8220; custom_padding_tablet=&#8220;&#8220; custom_padding_phone=&#8220;0px||80px||false|false&#8220; border_width_bottom=&#8220;8px&#8220; border_color_bottom=&#8220;#f4a82a&#8220; global_colors_info=&#8220;{}&#8220;][et_pb_column type=&#8220;1_2&#8243; _builder_version=&#8220;4.16&#8243; global_colors_info=&#8220;{}&#8220;][\/et_pb_column][et_pb_column type=&#8220;1_2&#8243; _builder_version=&#8220;4.16&#8243; global_colors_info=&#8220;{}&#8220;][\/et_pb_column][\/et_pb_row][\/et_pb_section][et_pb_section fb_built=&#8220;1&#8243; custom_padding_last_edited=&#8220;on|phone&#8220; _builder_version=&#8220;4.16&#8243; background_color=&#8220;#ffffff&#8220; custom_padding=&#8220;80px||||false|false&#8220; custom_padding_tablet=&#8220;&#8220; custom_padding_phone=&#8220;80px||||false|false&#8220; top_divider_color=&#8220;rgba(81,123,189,0.4)&#8220; top_divider_height=&#8220;90px&#8220; top_divider_flip=&#8220;vertical&#8220; global_colors_info=&#8220;{}&#8220;][et_pb_row _builder_version=&#8220;4.16&#8243; custom_padding=&#8220;0px|||||&#8220; global_colors_info=&#8220;{}&#8220;][et_pb_column type=&#8220;4_4&#8243; _builder_version=&#8220;4.16&#8243; global_colors_info=&#8220;{}&#8220;][et_pb_text _builder_version=&#8220;4.16&#8243; text_font=&#8220;||||||||&#8220; header_font=&#8220;||||on||||&#8220; custom_padding=&#8220;||30px||false|false&#8220; custom_padding_tablet=&#8220;&#8220; custom_padding_phone=&#8220;&#8220; custom_padding_last_edited=&#8220;on|phone&#8220; header_2_font_size_tablet=&#8220;&#8220; header_2_font_size_phone=&#8220;26px&#8220; header_2_font_size_last_edited=&#8220;on|phone&#8220; global_colors_info=&#8220;{}&#8220;]<\/p>\n<h2 style=\"text-align: center;\">Unsere H\u00fcttenmodelle<\/h2>\n<p>[\/et_pb_text][\/et_pb_column][\/et_pb_row][et_pb_row column_structure=&#8220;1_3,1_3,1_3&#8243; _builder_version=&#8220;4.16&#8243; custom_padding=&#8220;1px||0px||false|false&#8220; global_colors_info=&#8220;{}&#8220;][et_pb_column type=&#8220;1_3&#8243; _builder_version=&#8220;4.16&#8243; global_colors_info=&#8220;{}&#8220;][et_pb_blurb title=&#8220;H\u00fcttenmodell Skardfjell&#8220; url=&#8220;@ET-DC@eyJkeW5hbWljIjp0cnVlLCJjb250ZW50IjoicG9zdF9saW5rX3VybF9wcm9qZWN0Iiwic2V0dGluZ3MiOnsicG9zdF9pZCI6IjEwMzYifX0=@&#8220; image=&#8220;https:\/\/skabutradisjonsbygg.no\/wp-content\/uploads\/2019\/11\/IMG_6567-417-1020-680-90-1-e1629982354887.jpg&#8220; _builder_version=&#8220;4.16&#8243; _dynamic_attributes=&#8220;url&#8220; custom_padding=&#8220;||0px||false|false&#8220; custom_padding_tablet=&#8220;&#8220; custom_padding_phone=&#8220;||40px||false|false&#8220; custom_padding_last_edited=&#8220;on|phone&#8220; global_colors_info=&#8220;{}&#8220;][\/et_pb_blurb][\/et_pb_column][et_pb_column type=&#8220;1_3&#8243; _builder_version=&#8220;4.16&#8243; global_colors_info=&#8220;{}&#8220;][et_pb_blurb title=&#8220;Kabinenmodell G\u00e5l\u00e5&#8220; url=&#8220;@ET-DC@eyJkeW5hbWljIjp0cnVlLCJjb250ZW50IjoicG9zdF9saW5rX3VybF9wcm9qZWN0Iiwic2V0dGluZ3MiOnsicG9zdF9pZCI6IjEwNTYifX0=@&#8220; image=&#8220;https:\/\/skabutradisjonsbygg.no\/wp-content\/uploads\/2020\/02\/G\u00e5l\u00e5-80.jpg&#8220; _builder_version=&#8220;4.23&#8243; _dynamic_attributes=&#8220;url&#8220; custom_padding=&#8220;||0px|||&#8220; custom_padding_tablet=&#8220;&#8220; custom_padding_phone=&#8220;||40px||false|false&#8220; custom_padding_last_edited=&#8220;on|phone&#8220; global_colors_info=&#8220;{}&#8220;][\/et_pb_blurb][\/et_pb_column][et_pb_column type=&#8220;1_3&#8243; _builder_version=&#8220;4.16&#8243; global_colors_info=&#8220;{}&#8220;][et_pb_blurb title=&#8220;Kabinenmodell Gr\u00e5h\u00f8&#8220; url=&#8220;@ET-DC@eyJkeW5hbWljIjp0cnVlLCJjb250ZW50IjoicG9zdF9saW5rX3VybF9wcm9qZWN0Iiwic2V0dGluZ3MiOnsicG9zdF9pZCI6IjEwOTcifX0=@&#8220; image=&#8220;https:\/\/skabutradisjonsbygg.no\/wp-content\/uploads\/2019\/10\/1_IMG_0523_3-1020-1920-1080-90.jpg&#8220; _builder_version=&#8220;4.16&#8243; _dynamic_attributes=&#8220;url&#8220; global_colors_info=&#8220;{}&#8220;][\/et_pb_blurb][\/et_pb_column][\/et_pb_row][et_pb_row _builder_version=&#8220;4.16&#8243; custom_padding=&#8220;0px|||||&#8220; global_colors_info=&#8220;{}&#8220;][et_pb_column type=&#8220;4_4&#8243; _builder_version=&#8220;4.16&#8243; global_colors_info=&#8220;{}&#8220;][et_pb_button button_url=&#8220;@ET-DC@eyJkeW5hbWljIjp0cnVlLCJjb250ZW50IjoicG9zdF9saW5rX3VybF9wYWdlIiwic2V0dGluZ3MiOnsicG9zdF9pZCI6IjIyNCJ9fQ==@&#8220; button_text=&#8220;Alle H\u00fcttenmodelle ansehen&#8220; button_alignment=&#8220;left&#8220; _builder_version=&#8220;4.16&#8243; _dynamic_attributes=&#8220;button_url&#8220; custom_button=&#8220;on&#8220; button_text_size=&#8220;16px&#8220; button_text_color=&#8220;#0e4b80&#8243; button_bg_color=&#8220;#d7e0f1&#8243; button_border_width=&#8220;0px&#8220; button_border_radius=&#8220;0px&#8220; button_font=&#8220;|600|||||||&#8220; button_use_icon=&#8220;off&#8220; custom_margin=&#8220;40px|||0px|false|false&#8220; custom_padding=&#8220;15px|0px|15px|0px|false|false&#8220; custom_css_main_element=&#8220;width: 100%;||text-align:center;&#8220; global_colors_info=&#8220;{}&#8220; button_text_color__hover_enabled=&#8220;on|hover&#8220; button_text_color__hover=&#8220;#d7e0f1&#8243; button_bg_color__hover_enabled=&#8220;on|hover&#8220; button_bg_color__hover=&#8220;#0e4b80&#8243; button_bg_enable_color__hover=&#8220;on&#8220;][\/et_pb_button][\/et_pb_column][\/et_pb_row][\/et_pb_section]<\/p>\n","protected":false},"excerpt":{"rendered":"<p>Foto: Anne Mari LoFoto: Anne Mari LoFoto: Anne Mari LoGalerie &nbsp; Sk\u00e5bu, Nordeuropas h\u00f6chstgelegenes bewohntes Bergdorf. Ein ideales Gebiet f\u00fcr Skilanglauf, Radfahren und Wandern. Blick auf den Olstappen-See, wo die Menschen seit 10.000 Jahren jagen und fischen.Unsere H\u00fcttenmodelle<\/p>\n","protected":false},"author":5,"featured_media":0,"parent":0,"menu_order":0,"comment_status":"closed","ping_status":"closed","template":"","meta":{"_et_pb_use_builder":"on","_et_pb_old_content":"","_et_gb_content_width":"","footnotes":""},"class_list":["post-5916","page","type-page","status-publish","hentry"],"yoast_head":"<!-- This site is optimized with the Yoast SEO plugin v27.5 - https:\/\/yoast.com\/product\/yoast-seo-wordpress\/ -->\n<title>Galerie - Sk\u00e5bu Tradisjonsbygg AS<\/title>\n<meta name=\"robots\" content=\"index, follow, max-snippet:-1, max-image-preview:large, max-video-preview:-1\" \/>\n<link rel=\"canonical\" href=\"https:\/\/skabutradisjonsbygg.no\/de\/galerie\/\" \/>\n<meta property=\"og:locale\" content=\"de_DE\" \/>\n<meta property=\"og:type\" content=\"article\" \/>\n<meta property=\"og:title\" content=\"Galerie - Sk\u00e5bu Tradisjonsbygg AS\" \/>\n<meta property=\"og:description\" content=\"Foto: Anne Mari LoFoto: Anne Mari LoFoto: Anne Mari LoGalerie &nbsp; Sk\u00e5bu, Nordeuropas h\u00f6chstgelegenes bewohntes Bergdorf. Ein ideales Gebiet f\u00fcr Skilanglauf, Radfahren und Wandern. Blick auf den Olstappen-See, wo die Menschen seit 10.000 Jahren jagen und fischen.Unsere H\u00fcttenmodelle\" \/>\n<meta property=\"og:url\" content=\"https:\/\/skabutradisjonsbygg.no\/de\/galerie\/\" \/>\n<meta property=\"og:site_name\" content=\"Sk\u00e5bu Tradisjonsbygg AS\" \/>\n<meta property=\"article:modified_time\" content=\"2025-05-26T11:03:54+00:00\" \/>\n<meta name=\"twitter:card\" content=\"summary_large_image\" \/>\n<meta name=\"twitter:label1\" content=\"Est. reading time\" \/>\n\t<meta name=\"twitter:data1\" content=\"6\u00a0Minuten\" \/>\n<script type=\"application\/ld+json\" class=\"yoast-schema-graph\">{\"@context\":\"https:\\\/\\\/schema.org\",\"@graph\":[{\"@type\":\"WebPage\",\"@id\":\"https:\\\/\\\/skabutradisjonsbygg.no\\\/de\\\/galerie\\\/\",\"url\":\"https:\\\/\\\/skabutradisjonsbygg.no\\\/de\\\/galerie\\\/\",\"name\":\"Galerie - Sk\u00e5bu Tradisjonsbygg AS\",\"isPartOf\":{\"@id\":\"https:\\\/\\\/skabutradisjonsbygg.no\\\/de\\\/#website\"},\"datePublished\":\"2020-03-06T08:37:33+00:00\",\"dateModified\":\"2025-05-26T11:03:54+00:00\",\"breadcrumb\":{\"@id\":\"https:\\\/\\\/skabutradisjonsbygg.no\\\/de\\\/galerie\\\/#breadcrumb\"},\"inLanguage\":\"de\",\"potentialAction\":[{\"@type\":\"ReadAction\",\"target\":[\"https:\\\/\\\/skabutradisjonsbygg.no\\\/de\\\/galerie\\\/\"]}]},{\"@type\":\"BreadcrumbList\",\"@id\":\"https:\\\/\\\/skabutradisjonsbygg.no\\\/de\\\/galerie\\\/#breadcrumb\",\"itemListElement\":[{\"@type\":\"ListItem\",\"position\":1,\"name\":\"Hjem\",\"item\":\"https:\\\/\\\/skabutradisjonsbygg.no\\\/de\\\/\"},{\"@type\":\"ListItem\",\"position\":2,\"name\":\"Galerie\"}]},{\"@type\":\"WebSite\",\"@id\":\"https:\\\/\\\/skabutradisjonsbygg.no\\\/de\\\/#website\",\"url\":\"https:\\\/\\\/skabutradisjonsbygg.no\\\/de\\\/\",\"name\":\"Sk\u00e5bu Tradisjonsbygg AS\",\"description\":\"Tradisjonelle bygg for mennesker i v\u00e5r egen tid\",\"potentialAction\":[{\"@type\":\"SearchAction\",\"target\":{\"@type\":\"EntryPoint\",\"urlTemplate\":\"https:\\\/\\\/skabutradisjonsbygg.no\\\/de\\\/?s={search_term_string}\"},\"query-input\":{\"@type\":\"PropertyValueSpecification\",\"valueRequired\":true,\"valueName\":\"search_term_string\"}}],\"inLanguage\":\"de\"}]}<\/script>\n<!-- \/ Yoast SEO plugin. -->","yoast_head_json":{"title":"Galerie - Sk\u00e5bu Tradisjonsbygg AS","robots":{"index":"index","follow":"follow","max-snippet":"max-snippet:-1","max-image-preview":"max-image-preview:large","max-video-preview":"max-video-preview:-1"},"canonical":"https:\/\/skabutradisjonsbygg.no\/de\/galerie\/","og_locale":"de_DE","og_type":"article","og_title":"Galerie - Sk\u00e5bu Tradisjonsbygg AS","og_description":"Foto: Anne Mari LoFoto: Anne Mari LoFoto: Anne Mari LoGalerie &nbsp; Sk\u00e5bu, Nordeuropas h\u00f6chstgelegenes bewohntes Bergdorf. Ein ideales Gebiet f\u00fcr Skilanglauf, Radfahren und Wandern. Blick auf den Olstappen-See, wo die Menschen seit 10.000 Jahren jagen und fischen.Unsere H\u00fcttenmodelle","og_url":"https:\/\/skabutradisjonsbygg.no\/de\/galerie\/","og_site_name":"Sk\u00e5bu Tradisjonsbygg AS","article_modified_time":"2025-05-26T11:03:54+00:00","twitter_card":"summary_large_image","twitter_misc":{"Est. reading time":"6\u00a0Minuten"},"schema":{"@context":"https:\/\/schema.org","@graph":[{"@type":"WebPage","@id":"https:\/\/skabutradisjonsbygg.no\/de\/galerie\/","url":"https:\/\/skabutradisjonsbygg.no\/de\/galerie\/","name":"Galerie - Sk\u00e5bu Tradisjonsbygg AS","isPartOf":{"@id":"https:\/\/skabutradisjonsbygg.no\/de\/#website"},"datePublished":"2020-03-06T08:37:33+00:00","dateModified":"2025-05-26T11:03:54+00:00","breadcrumb":{"@id":"https:\/\/skabutradisjonsbygg.no\/de\/galerie\/#breadcrumb"},"inLanguage":"de","potentialAction":[{"@type":"ReadAction","target":["https:\/\/skabutradisjonsbygg.no\/de\/galerie\/"]}]},{"@type":"BreadcrumbList","@id":"https:\/\/skabutradisjonsbygg.no\/de\/galerie\/#breadcrumb","itemListElement":[{"@type":"ListItem","position":1,"name":"Hjem","item":"https:\/\/skabutradisjonsbygg.no\/de\/"},{"@type":"ListItem","position":2,"name":"Galerie"}]},{"@type":"WebSite","@id":"https:\/\/skabutradisjonsbygg.no\/de\/#website","url":"https:\/\/skabutradisjonsbygg.no\/de\/","name":"Sk\u00e5bu Tradisjonsbygg AS","description":"Tradisjonelle bygg for mennesker i v\u00e5r egen tid","potentialAction":[{"@type":"SearchAction","target":{"@type":"EntryPoint","urlTemplate":"https:\/\/skabutradisjonsbygg.no\/de\/?s={search_term_string}"},"query-input":{"@type":"PropertyValueSpecification","valueRequired":true,"valueName":"search_term_string"}}],"inLanguage":"de"}]}},"_links":{"self":[{"href":"https:\/\/skabutradisjonsbygg.no\/de\/wp-json\/wp\/v2\/pages\/5916","targetHints":{"allow":["GET"]}}],"collection":[{"href":"https:\/\/skabutradisjonsbygg.no\/de\/wp-json\/wp\/v2\/pages"}],"about":[{"href":"https:\/\/skabutradisjonsbygg.no\/de\/wp-json\/wp\/v2\/types\/page"}],"author":[{"embeddable":true,"href":"https:\/\/skabutradisjonsbygg.no\/de\/wp-json\/wp\/v2\/users\/5"}],"replies":[{"embeddable":true,"href":"https:\/\/skabutradisjonsbygg.no\/de\/wp-json\/wp\/v2\/comments?post=5916"}],"version-history":[{"count":0,"href":"https:\/\/skabutradisjonsbygg.no\/de\/wp-json\/wp\/v2\/pages\/5916\/revisions"}],"wp:attachment":[{"href":"https:\/\/skabutradisjonsbygg.no\/de\/wp-json\/wp\/v2\/media?parent=5916"}],"curies":[{"name":"wp","href":"https:\/\/api.w.org\/{rel}","templated":true}]}}