{"id":5914,"date":"2019-11-20T09:28:14","date_gmt":"2019-11-20T08:28:14","guid":{"rendered":"https:\/\/skabuhus.no\/skardfjellgrenda\/"},"modified":"2025-05-26T13:25:54","modified_gmt":"2025-05-26T11:25:54","slug":"skardfjellgrenda","status":"publish","type":"page","link":"https:\/\/skabutradisjonsbygg.no\/de\/skardfjellgrenda\/","title":{"rendered":"Skardfjellgrenda"},"content":{"rendered":"<p>[et_pb_section fb_built=&#8220;1&#8243; custom_padding_last_edited=&#8220;on|phone&#8220; _builder_version=&#8220;4.16&#8243; custom_padding=&#8220;0px||0px||false|false&#8220; custom_padding_tablet=&#8220;&#8220; custom_padding_phone=&#8220;&#8220; bottom_divider_color=&#8220;rgba(81,123,189,0.4)&#8220; bottom_divider_height=&#8220;90px&#8220; border_color_bottom=&#8220;#918b64&#8243; global_colors_info=&#8220;{}&#8220;][et_pb_row custom_padding_last_edited=&#8220;on|phone&#8220; _builder_version=&#8220;4.16&#8243; custom_margin=&#8220;1px||||false|false&#8220; custom_margin_tablet=&#8220;&#8220; custom_margin_phone=&#8220;0px|auto||auto|false|false&#8220; custom_margin_last_edited=&#8220;on|phone&#8220; custom_padding=&#8220;26px||||false|false&#8220; custom_padding_tablet=&#8220;&#8220; custom_padding_phone=&#8220;0px||||false|false&#8220; global_colors_info=&#8220;{}&#8220;][et_pb_column type=&#8220;4_4&#8243; _builder_version=&#8220;4.16&#8243; global_colors_info=&#8220;{}&#8220;][et_pb_slider use_bg_overlay=&#8220;off&#8220; arrows_custom_color=&#8220;#f8c47c&#8220; dot_nav_custom_color=&#8220;#f8c47c&#8220; _builder_version=&#8220;4.24.2&#8243; content_max_width=&#8220;100%&#8220; min_height=&#8220;600px&#8220; min_height_tablet=&#8220;&#8220; min_height_phone=&#8220;240px&#8220; min_height_last_edited=&#8220;on|phone&#8220; height=&#8220;620px&#8220; height_tablet=&#8220;370px&#8220; height_phone=&#8220;270px&#8220; height_last_edited=&#8220;on|phone&#8220; max_height=&#8220;600px&#8220; max_height_tablet=&#8220;&#8220; max_height_phone=&#8220;&#8220; max_height_last_edited=&#8220;on|phone&#8220; custom_padding=&#8220;0px||0px||false|false&#8220; global_colors_info=&#8220;{}&#8220; custom_css_slide_description_last_edited=&#8220;on|tablet&#8220; custom_css_slide_description_phone=&#8220;text-align: center;padding-top: 43vh !important;&#8220;][et_pb_slide use_bg_overlay=&#8220;off&#8220; arrows_custom_color=&#8220;#f8c47c&#8220; dot_nav_custom_color=&#8220;#f8c47c&#8220; _builder_version=&#8220;4.16&#8243; background_enable_color=&#8220;off&#8220; background_enable_image=&#8220;off&#8220; background_video_mp4=&#8220;https:\/\/skabutradisjonsbygg.no\/wp-content\/uploads\/2019\/11\/Skaabu_Fjellgrend_dronevideo_2min_web.mp4&#8243; background_enable_video_mp4=&#8220;on&#8220; custom_padding=&#8220;570px||||false|false&#8220; global_colors_info=&#8220;{}&#8220; sticky_transition=&#8220;on&#8220;][\/et_pb_slide][et_pb_slide _builder_version=&#8220;4.24.2&#8243; background_color=&#8220;rgba(0,0,0,0)&#8220; background_enable_color=&#8220;on&#8220; background_image=&#8220;https:\/\/skabutradisjonsbygg.no\/wp-content\/uploads\/2020\/03\/DSC0487.jpg&#8220; background_enable_image=&#8220;on&#8220; background_size=&#8220;contain&#8220; custom_padding=&#8220;570px||||false|false&#8220; global_colors_info=&#8220;{}&#8220; sticky_transition=&#8220;on&#8220;][\/et_pb_slide][et_pb_slide _builder_version=&#8220;4.16&#8243; background_color=&#8220;rgba(0,0,0,0)&#8220; background_enable_color=&#8220;on&#8220; background_image=&#8220;https:\/\/skabutradisjonsbygg.no\/wp-content\/uploads\/2020\/04\/skipar_hytte_sign.jpg&#8220; background_enable_image=&#8220;on&#8220; background_size=&#8220;contain&#8220; custom_padding=&#8220;570px||||false|false&#8220; global_colors_info=&#8220;{}&#8220; sticky_transition=&#8220;on&#8220;][\/et_pb_slide][et_pb_slide _builder_version=&#8220;4.24.2&#8243; background_color=&#8220;rgba(0,0,0,0)&#8220; background_enable_color=&#8220;on&#8220; background_image=&#8220;https:\/\/skabutradisjonsbygg.no\/wp-content\/uploads\/2022\/05\/Forsidebilde-web-scaled.jpg&#8220; background_enable_image=&#8220;on&#8220; background_size=&#8220;contain&#8220; custom_padding=&#8220;570px||||false|false&#8220; global_colors_info=&#8220;{}&#8220; sticky_transition=&#8220;on&#8220;][\/et_pb_slide][et_pb_slide _builder_version=&#8220;4.16&#8243; background_color=&#8220;rgba(0,0,0,0)&#8220; background_enable_color=&#8220;on&#8220; background_image=&#8220;https:\/\/skabutradisjonsbygg.no\/wp-content\/uploads\/2020\/03\/DSC0409.jpg&#8220; background_enable_image=&#8220;on&#8220; background_size=&#8220;contain&#8220; global_colors_info=&#8220;{}&#8220; sticky_transition=&#8220;on&#8220;][\/et_pb_slide][et_pb_slide _builder_version=&#8220;4.16&#8243; _module_preset=&#8220;default&#8220; background_image=&#8220;https:\/\/skabutradisjonsbygg.no\/wp-content\/uploads\/2020\/07\/DSC0778.jpg&#8220; background_enable_image=&#8220;on&#8220; global_colors_info=&#8220;{}&#8220; sticky_transition=&#8220;on&#8220;][\/et_pb_slide][\/et_pb_slider][et_pb_text _builder_version=&#8220;4.27.4&#8243; header_text_color=&#8220;#303030&#8243; header_3_text_color=&#8220;#0e4b80&#8243; text_orientation=&#8220;center&#8220; custom_margin=&#8220;60px|80px||80px|false|false&#8220; custom_margin_tablet=&#8220;&#8220; custom_margin_phone=&#8220;|-10px||-10px|false|false&#8220; custom_margin_last_edited=&#8220;on|desktop&#8220; custom_padding=&#8220;||60px||false|false&#8220; custom_padding_tablet=&#8220;&#8220; custom_padding_phone=&#8220;|0px|30px|0px|false|false&#8220; custom_padding_last_edited=&#8220;on|phone&#8220; hover_enabled=&#8220;0&#8243; header_line_height_tablet=&#8220;&#8220; header_line_height_phone=&#8220;1.4em&#8220; header_line_height_last_edited=&#8220;on|phone&#8220; global_colors_info=&#8220;{}&#8220; sticky_enabled=&#8220;0&#8243;]<\/p>\n<h1>H\u00fcttengrundst\u00fccke Sk\u00e5bu, Skardfjellgrenda<\/h1>\n<h3>(noch 15 freie Grundst\u00fccke<span>)<\/span><\/h3>\n<p>&nbsp;<\/p>\n<p><a href=\"https:\/\/skabutradisjonsbygg.no\/index.php\/hyttetomter\/skardfjellgrenda\/tomtekart\" rel=\"alternate\">H\u00fcttengrundst\u00fccke<\/a><span> in den Bergen, bis zu 1000 Meter \u00fcber dem Meeresspiegel, in einem lebendigen Bergdorf. Das H\u00fcttengebiet in Sk\u00e5bu ist ideal f\u00fcr Skilanglauf, Radfahren und Wandern.<\/span><\/p>\n<p>[\/et_pb_text][\/et_pb_column][\/et_pb_row][et_pb_row column_structure=&#8220;1_2,1_2&#8243; custom_padding_last_edited=&#8220;on|phone&#8220; _builder_version=&#8220;4.16&#8243; custom_padding=&#8220;0px||32px||false|false&#8220; custom_padding_tablet=&#8220;&#8220; custom_padding_phone=&#8220;0px||80px||false|false&#8220; border_width_bottom=&#8220;8px&#8220; border_color_bottom=&#8220;#f4a82a&#8220; global_colors_info=&#8220;{}&#8220;][et_pb_column type=&#8220;1_2&#8243; _builder_version=&#8220;4.16&#8243; global_colors_info=&#8220;{}&#8220;][et_pb_text _builder_version=&#8220;4.23.4&#8243; _dynamic_attributes=&#8220;link_option_url&#8220; text_text_color=&#8220;#ffffff&#8220; header_4_text_color=&#8220;#ffffff&#8220; background_color=&#8220;#0e4b80&#8243; custom_padding=&#8220;30px|30px|30px|30px|false|false&#8220; link_option_url=&#8220;@ET-DC@eyJkeW5hbWljIjp0cnVlLCJjb250ZW50IjoicG9zdF9saW5rX3VybF9wYWdlIiwic2V0dGluZ3MiOnsicG9zdF9pZCI6IjQ1MzcifX0=@&#8220; link_option_url_new_window=&#8220;on&#8220; global_colors_info=&#8220;{}&#8220;]<\/p>\n<h4><a href=\"https:\/\/skabutradisjonsbygg.no\/de\/skardfjellgrenda-immobilienkarte\/\">Lageplan<\/a><\/h4>\n<p><a href=\"https:\/\/skabutradisjonsbygg.no\/de\/skardfjellgrenda-immobilienkarte\/\"><span style=\"color: #ffffff;\">Sehen Sie sich die \u00dcbersicht der unbebauten Grundst\u00fccke in Skardfjellgrenda an<\/span><\/a><br \/><span style=\"color: #ffffff;\"><\/span><\/p>\n<p>[\/et_pb_text][\/et_pb_column][et_pb_column type=&#8220;1_2&#8243; _builder_version=&#8220;4.16&#8243; global_colors_info=&#8220;{}&#8220;][et_pb_text _builder_version=&#8220;4.23.4&#8243; text_text_color=&#8220;#ffffff&#8220; header_4_text_color=&#8220;#ffffff&#8220; background_color=&#8220;#517bbd&#8220; height=&#8220;115px&#8220; custom_padding=&#8220;30px|30px|30px|30px|false|false&#8220; global_colors_info=&#8220;{}&#8220;]<\/p>\n<p><strong>Information\/Besichtigung<\/strong><\/p>\n<p>P\u00e5l Hallvard Virik 92605101<\/p>\n<p>[\/et_pb_text][\/et_pb_column][\/et_pb_row][\/et_pb_section][et_pb_section fb_built=&#8220;1&#8243; custom_padding_last_edited=&#8220;on|phone&#8220; _builder_version=&#8220;4.16&#8243; background_color=&#8220;#ffffff&#8220; custom_padding=&#8220;80px||||false|false&#8220; custom_padding_tablet=&#8220;&#8220; custom_padding_phone=&#8220;80px||||false|false&#8220; top_divider_color=&#8220;rgba(81,123,189,0.4)&#8220; top_divider_height=&#8220;90px&#8220; top_divider_flip=&#8220;vertical&#8220; global_colors_info=&#8220;{}&#8220;][et_pb_row _builder_version=&#8220;4.16&#8243; custom_padding=&#8220;0px|||||&#8220; global_colors_info=&#8220;{}&#8220;][et_pb_column type=&#8220;4_4&#8243; _builder_version=&#8220;4.16&#8243; global_colors_info=&#8220;{}&#8220;][et_pb_text _builder_version=&#8220;4.16&#8243; text_font=&#8220;||||||||&#8220; header_font=&#8220;||||on||||&#8220; custom_padding=&#8220;||30px||false|false&#8220; custom_padding_tablet=&#8220;&#8220; custom_padding_phone=&#8220;&#8220; custom_padding_last_edited=&#8220;on|phone&#8220; header_2_font_size_tablet=&#8220;&#8220; header_2_font_size_phone=&#8220;26px&#8220; header_2_font_size_last_edited=&#8220;on|phone&#8220; global_colors_info=&#8220;{}&#8220;]<\/p>\n<h2 style=\"text-align: center;\">Unsere H\u00fcttenmodelle<\/h2>\n<p>[\/et_pb_text][\/et_pb_column][\/et_pb_row][et_pb_row column_structure=&#8220;1_3,1_3,1_3&#8243; _builder_version=&#8220;4.16&#8243; custom_padding=&#8220;1px||0px||false|false&#8220; global_colors_info=&#8220;{}&#8220;][et_pb_column type=&#8220;1_3&#8243; _builder_version=&#8220;4.16&#8243; global_colors_info=&#8220;{}&#8220;][et_pb_blurb title=&#8220;H\u00fcttenmodell Sikkilsdal&#8220; url=&#8220;@ET-DC@eyJkeW5hbWljIjp0cnVlLCJjb250ZW50IjoicG9zdF9saW5rX3VybF9wcm9qZWN0Iiwic2V0dGluZ3MiOnsicG9zdF9pZCI6IjI4NzYifX0=@&#8220; image=&#8220;https:\/\/skabutradisjonsbygg.no\/wp-content\/uploads\/2024\/06\/Thornes_WEB-8-scaled.jpg&#8220; _builder_version=&#8220;4.27.0&#8243; _dynamic_attributes=&#8220;url&#8220; custom_padding=&#8220;||0px||false|false&#8220; custom_padding_tablet=&#8220;&#8220; custom_padding_phone=&#8220;||40px||false|false&#8220; custom_padding_last_edited=&#8220;on|phone&#8220; global_colors_info=&#8220;{}&#8220;][\/et_pb_blurb][\/et_pb_column][et_pb_column type=&#8220;1_3&#8243; _builder_version=&#8220;4.16&#8243; global_colors_info=&#8220;{}&#8220;][et_pb_blurb title=&#8220;H\u00fcttenmodell G\u00e5l\u00e5&#8220; url=&#8220;@ET-DC@eyJkeW5hbWljIjp0cnVlLCJjb250ZW50IjoicG9zdF9saW5rX3VybF9wcm9qZWN0Iiwic2V0dGluZ3MiOnsicG9zdF9pZCI6IjI4NDYifX0=@&#8220; image=&#8220;https:\/\/skabutradisjonsbygg.no\/wp-content\/uploads\/2024\/04\/Hyttemodell-GalaWEB-5-\u2013-Kopi-scaled.jpg&#8220; _builder_version=&#8220;4.27.0&#8243; _dynamic_attributes=&#8220;url&#8220; custom_padding=&#8220;||0px|||&#8220; custom_padding_tablet=&#8220;&#8220; custom_padding_phone=&#8220;||40px||false|false&#8220; custom_padding_last_edited=&#8220;on|phone&#8220; global_colors_info=&#8220;{}&#8220;][\/et_pb_blurb][\/et_pb_column][et_pb_column type=&#8220;1_3&#8243; _builder_version=&#8220;4.16&#8243; global_colors_info=&#8220;{}&#8220;][et_pb_blurb title=&#8220;H\u00fcttenmodell Skaget mit Dachboden&#8220; url=&#8220;@ET-DC@eyJkeW5hbWljIjp0cnVlLCJjb250ZW50IjoicG9zdF9saW5rX3VybF9wcm9qZWN0Iiwic2V0dGluZ3MiOnsicG9zdF9pZCI6IjEwNzQifX0=@&#8220; image=&#8220;https:\/\/skabutradisjonsbygg.no\/wp-content\/uploads\/2024\/07\/Skaget-med-hems-16-9.jpg&#8220; _builder_version=&#8220;4.27.0&#8243; _dynamic_attributes=&#8220;url&#8220; global_colors_info=&#8220;{}&#8220;][\/et_pb_blurb][\/et_pb_column][\/et_pb_row][et_pb_row _builder_version=&#8220;4.16&#8243; custom_padding=&#8220;0px|||||&#8220; global_colors_info=&#8220;{}&#8220;][et_pb_column type=&#8220;4_4&#8243; _builder_version=&#8220;4.16&#8243; global_colors_info=&#8220;{}&#8220;][et_pb_button button_url=&#8220;@ET-DC@eyJkeW5hbWljIjp0cnVlLCJjb250ZW50IjoicG9zdF9saW5rX3VybF9wYWdlIiwic2V0dGluZ3MiOnsicG9zdF9pZCI6IjIyNCJ9fQ==@&#8220; button_text=&#8220;Alle H\u00fctten ansehen&#8220; button_alignment=&#8220;left&#8220; _builder_version=&#8220;4.16&#8243; _dynamic_attributes=&#8220;button_url&#8220; custom_button=&#8220;on&#8220; button_text_size=&#8220;16px&#8220; button_text_color=&#8220;#0e4b80&#8243; button_bg_color=&#8220;#d7e0f1&#8243; button_border_width=&#8220;0px&#8220; button_border_radius=&#8220;0px&#8220; button_font=&#8220;|600|||||||&#8220; button_use_icon=&#8220;off&#8220; custom_margin=&#8220;40px|||0px|false|false&#8220; custom_padding=&#8220;15px|0px|15px|0px|false|false&#8220; custom_css_main_element=&#8220;width: 100%;||text-align:center;&#8220; global_colors_info=&#8220;{}&#8220; button_text_color__hover_enabled=&#8220;on|hover&#8220; button_text_color__hover=&#8220;#d7e0f1&#8243; button_bg_color__hover_enabled=&#8220;on|hover&#8220; button_bg_color__hover=&#8220;#0e4b80&#8243; button_bg_enable_color__hover=&#8220;on&#8220;][\/et_pb_button][\/et_pb_column][\/et_pb_row][\/et_pb_section]<\/p>\n","protected":false},"excerpt":{"rendered":"<p>H\u00fcttengrundst\u00fccke Sk\u00e5bu, Skardfjellgrenda (noch 15 freie Grundst\u00fccke) &nbsp; H\u00fcttengrundst\u00fccke in den Bergen, bis zu 1000 Meter \u00fcber dem Meeresspiegel, in einem lebendigen Bergdorf. Das H\u00fcttengebiet in Sk\u00e5bu ist ideal f\u00fcr Skilanglauf, Radfahren und Wandern.Lageplan Sehen Sie sich die \u00dcbersicht der unbebauten Grundst\u00fccke in Skardfjellgrenda anInformation\/Besichtigung P\u00e5l Hallvard Virik 92605101Unsere H\u00fcttenmodelle<\/p>\n","protected":false},"author":2,"featured_media":0,"parent":0,"menu_order":0,"comment_status":"closed","ping_status":"closed","template":"","meta":{"_et_pb_use_builder":"on","_et_pb_old_content":"","_et_gb_content_width":"","footnotes":""},"class_list":["post-5914","page","type-page","status-publish","hentry"],"yoast_head":"<!-- This site is optimized with the Yoast SEO plugin v27.2 - https:\/\/yoast.com\/product\/yoast-seo-wordpress\/ -->\n<title>Skardfjellgrenda - Sk\u00e5bu Tradisjonsbygg AS<\/title>\n<meta name=\"robots\" content=\"index, follow, max-snippet:-1, max-image-preview:large, max-video-preview:-1\" \/>\n<link rel=\"canonical\" href=\"https:\/\/skabutradisjonsbygg.no\/de\/skardfjellgrenda\/\" \/>\n<meta property=\"og:locale\" content=\"de_DE\" \/>\n<meta property=\"og:type\" content=\"article\" \/>\n<meta property=\"og:title\" content=\"Skardfjellgrenda - Sk\u00e5bu Tradisjonsbygg AS\" \/>\n<meta property=\"og:description\" content=\"H\u00fcttengrundst\u00fccke Sk\u00e5bu, Skardfjellgrenda (noch 15 freie Grundst\u00fccke) &nbsp; H\u00fcttengrundst\u00fccke in den Bergen, bis zu 1000 Meter \u00fcber dem Meeresspiegel, in einem lebendigen Bergdorf. Das H\u00fcttengebiet in Sk\u00e5bu ist ideal f\u00fcr Skilanglauf, Radfahren und Wandern.Lageplan Sehen Sie sich die \u00dcbersicht der unbebauten Grundst\u00fccke in Skardfjellgrenda anInformation\/Besichtigung P\u00e5l Hallvard Virik 92605101Unsere H\u00fcttenmodelle\" \/>\n<meta property=\"og:url\" content=\"https:\/\/skabutradisjonsbygg.no\/de\/skardfjellgrenda\/\" \/>\n<meta property=\"og:site_name\" content=\"Sk\u00e5bu Tradisjonsbygg AS\" \/>\n<meta property=\"article:modified_time\" content=\"2025-05-26T11:25:54+00:00\" \/>\n<meta name=\"twitter:card\" content=\"summary_large_image\" \/>\n<meta name=\"twitter:label1\" content=\"Est. reading time\" \/>\n\t<meta name=\"twitter:data1\" content=\"7\u00a0Minuten\" \/>\n<script type=\"application\/ld+json\" class=\"yoast-schema-graph\">{\"@context\":\"https:\/\/schema.org\",\"@graph\":[{\"@type\":\"WebPage\",\"@id\":\"https:\/\/skabutradisjonsbygg.no\/de\/skardfjellgrenda\/\",\"url\":\"https:\/\/skabutradisjonsbygg.no\/de\/skardfjellgrenda\/\",\"name\":\"Skardfjellgrenda - Sk\u00e5bu Tradisjonsbygg AS\",\"isPartOf\":{\"@id\":\"https:\/\/skabutradisjonsbygg.no\/de\/#website\"},\"datePublished\":\"2019-11-20T08:28:14+00:00\",\"dateModified\":\"2025-05-26T11:25:54+00:00\",\"breadcrumb\":{\"@id\":\"https:\/\/skabutradisjonsbygg.no\/de\/skardfjellgrenda\/#breadcrumb\"},\"inLanguage\":\"de\",\"potentialAction\":[{\"@type\":\"ReadAction\",\"target\":[\"https:\/\/skabutradisjonsbygg.no\/de\/skardfjellgrenda\/\"]}]},{\"@type\":\"BreadcrumbList\",\"@id\":\"https:\/\/skabutradisjonsbygg.no\/de\/skardfjellgrenda\/#breadcrumb\",\"itemListElement\":[{\"@type\":\"ListItem\",\"position\":1,\"name\":\"Hjem\",\"item\":\"https:\/\/skabutradisjonsbygg.no\/de\/\"},{\"@type\":\"ListItem\",\"position\":2,\"name\":\"Skardfjellgrenda\"}]},{\"@type\":\"WebSite\",\"@id\":\"https:\/\/skabutradisjonsbygg.no\/de\/#website\",\"url\":\"https:\/\/skabutradisjonsbygg.no\/de\/\",\"name\":\"Sk\u00e5bu Tradisjonsbygg AS\",\"description\":\"Tradisjonelle bygg for mennesker i v\u00e5r egen tid\",\"potentialAction\":[{\"@type\":\"SearchAction\",\"target\":{\"@type\":\"EntryPoint\",\"urlTemplate\":\"https:\/\/skabutradisjonsbygg.no\/de\/?s={search_term_string}\"},\"query-input\":{\"@type\":\"PropertyValueSpecification\",\"valueRequired\":true,\"valueName\":\"search_term_string\"}}],\"inLanguage\":\"de\"}]}<\/script>\n<!-- \/ Yoast SEO plugin. -->","yoast_head_json":{"title":"Skardfjellgrenda - Sk\u00e5bu Tradisjonsbygg AS","robots":{"index":"index","follow":"follow","max-snippet":"max-snippet:-1","max-image-preview":"max-image-preview:large","max-video-preview":"max-video-preview:-1"},"canonical":"https:\/\/skabutradisjonsbygg.no\/de\/skardfjellgrenda\/","og_locale":"de_DE","og_type":"article","og_title":"Skardfjellgrenda - Sk\u00e5bu Tradisjonsbygg AS","og_description":"H\u00fcttengrundst\u00fccke Sk\u00e5bu, Skardfjellgrenda (noch 15 freie Grundst\u00fccke) &nbsp; H\u00fcttengrundst\u00fccke in den Bergen, bis zu 1000 Meter \u00fcber dem Meeresspiegel, in einem lebendigen Bergdorf. Das H\u00fcttengebiet in Sk\u00e5bu ist ideal f\u00fcr Skilanglauf, Radfahren und Wandern.Lageplan Sehen Sie sich die \u00dcbersicht der unbebauten Grundst\u00fccke in Skardfjellgrenda anInformation\/Besichtigung P\u00e5l Hallvard Virik 92605101Unsere H\u00fcttenmodelle","og_url":"https:\/\/skabutradisjonsbygg.no\/de\/skardfjellgrenda\/","og_site_name":"Sk\u00e5bu Tradisjonsbygg AS","article_modified_time":"2025-05-26T11:25:54+00:00","twitter_card":"summary_large_image","twitter_misc":{"Est. reading time":"7\u00a0Minuten"},"schema":{"@context":"https:\/\/schema.org","@graph":[{"@type":"WebPage","@id":"https:\/\/skabutradisjonsbygg.no\/de\/skardfjellgrenda\/","url":"https:\/\/skabutradisjonsbygg.no\/de\/skardfjellgrenda\/","name":"Skardfjellgrenda - Sk\u00e5bu Tradisjonsbygg AS","isPartOf":{"@id":"https:\/\/skabutradisjonsbygg.no\/de\/#website"},"datePublished":"2019-11-20T08:28:14+00:00","dateModified":"2025-05-26T11:25:54+00:00","breadcrumb":{"@id":"https:\/\/skabutradisjonsbygg.no\/de\/skardfjellgrenda\/#breadcrumb"},"inLanguage":"de","potentialAction":[{"@type":"ReadAction","target":["https:\/\/skabutradisjonsbygg.no\/de\/skardfjellgrenda\/"]}]},{"@type":"BreadcrumbList","@id":"https:\/\/skabutradisjonsbygg.no\/de\/skardfjellgrenda\/#breadcrumb","itemListElement":[{"@type":"ListItem","position":1,"name":"Hjem","item":"https:\/\/skabutradisjonsbygg.no\/de\/"},{"@type":"ListItem","position":2,"name":"Skardfjellgrenda"}]},{"@type":"WebSite","@id":"https:\/\/skabutradisjonsbygg.no\/de\/#website","url":"https:\/\/skabutradisjonsbygg.no\/de\/","name":"Sk\u00e5bu Tradisjonsbygg AS","description":"Tradisjonelle bygg for mennesker i v\u00e5r egen tid","potentialAction":[{"@type":"SearchAction","target":{"@type":"EntryPoint","urlTemplate":"https:\/\/skabutradisjonsbygg.no\/de\/?s={search_term_string}"},"query-input":{"@type":"PropertyValueSpecification","valueRequired":true,"valueName":"search_term_string"}}],"inLanguage":"de"}]}},"_links":{"self":[{"href":"https:\/\/skabutradisjonsbygg.no\/de\/wp-json\/wp\/v2\/pages\/5914","targetHints":{"allow":["GET"]}}],"collection":[{"href":"https:\/\/skabutradisjonsbygg.no\/de\/wp-json\/wp\/v2\/pages"}],"about":[{"href":"https:\/\/skabutradisjonsbygg.no\/de\/wp-json\/wp\/v2\/types\/page"}],"author":[{"embeddable":true,"href":"https:\/\/skabutradisjonsbygg.no\/de\/wp-json\/wp\/v2\/users\/2"}],"replies":[{"embeddable":true,"href":"https:\/\/skabutradisjonsbygg.no\/de\/wp-json\/wp\/v2\/comments?post=5914"}],"version-history":[{"count":0,"href":"https:\/\/skabutradisjonsbygg.no\/de\/wp-json\/wp\/v2\/pages\/5914\/revisions"}],"wp:attachment":[{"href":"https:\/\/skabutradisjonsbygg.no\/de\/wp-json\/wp\/v2\/media?parent=5914"}],"curies":[{"name":"wp","href":"https:\/\/api.w.org\/{rel}","templated":true}]}}