{"id":5912,"date":"2025-03-03T11:44:17","date_gmt":"2025-03-03T10:44:17","guid":{"rendered":"https:\/\/skabuhus.no\/loftige-kabine\/"},"modified":"2025-05-26T12:56:11","modified_gmt":"2025-05-26T10:56:11","slug":"loftige-kabine","status":"publish","type":"page","link":"https:\/\/skabutradisjonsbygg.no\/de\/loftige-kabine\/","title":{"rendered":"Blockh\u00fctte"},"content":{"rendered":"<p>[et_pb_section fb_built=&#8220;1&#8243; custom_padding_last_edited=&#8220;on|desktop&#8220; _builder_version=&#8220;4.16&#8243; background_color=&#8220;#ffffff&#8220; custom_padding=&#8220;110px||180px||false|false&#8220; custom_padding_tablet=&#8220;&#8220; custom_padding_phone=&#8220;40px||||false|false&#8220; top_divider_color=&#8220;rgba(81,123,189,0.4)&#8220; top_divider_height=&#8220;90px&#8220; top_divider_flip=&#8220;vertical&#8220; bottom_divider_color=&#8220;#0e4b80&#8243; global_colors_info=&#8220;{}&#8220;][et_pb_row custom_padding_last_edited=&#8220;on|phone&#8220; _builder_version=&#8220;4.16&#8243; custom_padding=&#8220;||0px||false|false&#8220; custom_padding_tablet=&#8220;&#8220; custom_padding_phone=&#8220;&#8220; global_colors_info=&#8220;{}&#8220;][et_pb_column type=&#8220;4_4&#8243; _builder_version=&#8220;4.16&#8243; global_colors_info=&#8220;{}&#8220;][et_pb_text _builder_version=&#8220;4.27.4&#8243; text_font=&#8220;||||||||&#8220; header_font=&#8220;||||||||&#8220; custom_padding=&#8220;||40px||false|false&#8220; custom_padding_tablet=&#8220;&#8220; custom_padding_phone=&#8220;||0px||false|false&#8220; custom_padding_last_edited=&#8220;on|desktop&#8220; header_line_height_tablet=&#8220;&#8220; header_line_height_phone=&#8220;1.6em&#8220; header_line_height_last_edited=&#8220;on|phone&#8220; global_colors_info=&#8220;{}&#8220;]<\/p>\n<h1>Blockh\u00fctte<\/h1>\n<p>[\/et_pb_text][\/et_pb_column][\/et_pb_row][et_pb_row _builder_version=&#8220;4.16&#8243; custom_margin=&#8220;40px|auto||auto||&#8220; custom_padding=&#8220;||60px|||&#8220; border_color_bottom=&#8220;#918b64&#8243; global_colors_info=&#8220;{}&#8220;][et_pb_column type=&#8220;4_4&#8243; _builder_version=&#8220;4.16&#8243; global_colors_info=&#8220;{}&#8220;][et_pb_text _builder_version=&#8220;4.27.4&#8243; global_colors_info=&#8220;{}&#8220;]<\/p>\n<h2><strong>Blockh\u00fctte (norw.: laftet hytte)- eine Tradition mit Wurzeln in der norwegischen Kultur<\/strong><\/h2>\n<p>Blockh\u00fctten haben in Norwegen eine lange Tradition &#8211; und fast jede alte Blockh\u00fctte ist Teil unseres kulturellen Erbes. Die Blockbau-Technik wird in Norwegen seit Jahrhunderten verwendet, und es ist leicht zu verstehen, warum. Diese traditionelle Bauweise verbindet \u00c4sthetik, Funktionalit\u00e4t und Langlebigkeit und hat die Generationen \u00fcberdauert. Bei Sk\u00e5bu Tradisjonsbygg verwenden wir jetzt die Stabbau-Technik und die kombinierte Stab-\/Blockbau-Technik als Bautechnik. Dies ist eine verbesserte und moderne Version der Blockh\u00fctte, aber mindestens so robust, funktionell und langlebig wie eine normale Blockh\u00fctte. Unsere Bautechnik kombiniert das Beste der Blockh\u00fctte, \u00c4sthetik und Anpassung an die Natur, mit gro\u00dfen Fenstern, zugluftfreien W\u00e4nden und den heutigen Komfortanforderungen.     <\/p>\n<h2><strong>Was ist eine Blockh\u00fctte ?<\/strong><\/h2>\n<p>Ein Blockhaus wird mit einer Technik gebaut, bei der die St\u00e4mme horizontal \u00fcbereinander gestapelt werden. In den Ecken einer Blockh\u00fctte sind die St\u00e4mme Kerben versehen, die die St\u00e4mme in allen Ecken miteinander verbinden. Die Gesamtheit der robusten St\u00e4mme, die \u00fcbereinander geschoben und an den Ecken zusammengepresst werden, ist au\u00dfergew\u00f6hnlich solide und haltbar.   <\/p>\n<h2><strong>Der Ursprung der Blockbauweise<\/strong><\/h2>\n<p>Die Blockbauweise stammt h\u00f6chstwahrscheinlich aus Russland und verbreitete sich w\u00e4hrend der Wikingerzeit nach Norwegen. Sie verbreitete sich auch in gr\u00f6\u00dferen Teilen Europas, aber erst in Skandinavien, vor allem in Norwegen, fasste diese Baumethode Fu\u00df. In Norwegen war die Blockbauweise im Mittelalter und bis weit ins 19. Jahrhundert hinein fast die einzige Form des Bauens auf dem Land. Zuvor hatten sich die ersten Wikinger von s\u00fcdeurop\u00e4ischen Steins\u00e4ulenbauten inspirieren lassen. Die Langh\u00e4user der Wikinger wurden aus Steinmauern, Holzs\u00e4ulen und Torf gebaut.    <\/p>\n<h2><strong>Blockbauweise in der norwegischen Architektur <\/strong><\/h2>\n<p>In Norwegen wurden Holzs\u00e4ulen schlie\u00dflich als tragende Strukturen in Geb\u00e4uden verwendet. Die bekanntesten Beispiele sind die Stabkirchen und die Torh\u00e4user in Westnorwegen. In Stabkirchen sind die h\u00f6lzernen S\u00e4ulen die tragende Struktur \u00fcber dem unteren Balken und unter dem oberen Balken. Heute werden die tragenden Holzs\u00e4ulen auch als Pfosten bezeichnet. In Stabkirchen und anderen Stabbauten wurde der Raum zwischen den Baumst\u00e4mmen und den Holzs\u00e4ulen (Pfosten) mit dicken, breiten Brettern, den sogenannten St\u00e4ben, ausgef\u00fcllt, daher der Begriff Stabbau.    <\/p>\n<p>Nach der Wikingerzeit entstand die unverwechselbare norwegische Tradition des Stabbaus: Der Blockbau wurde mit der Stabbauweise kombiniert. Dies wurde in den verschiedenen Teilen des Landes unterschiedlich gehandhabt. In Westnorwegen wurde das Blockhaus oft mit horizontalen Paneelen verkleidet, um die Blockw\u00e4nde vor Zugluft und Sturzregen zu sch\u00fctzen. In Ostnorwegen ist das Klima weniger feucht und rau, so dass hier gr\u00f6\u00dfere Teile der Blockbaukonstruktion den Elementen ausgesetzt sein k\u00f6nnen. Im Gudbrandsdal war es \u00fcblich, an einer L\u00e4ngsseite eines Blockhauses einen Aussengang in einer Stabkonstruktion anzubauen. Auf diese Weise haben wir den unverwechselbaren norwegischen Baustil entwickelt, der aus einer Kombination von Stab- und Blockbau besteht.     <\/p>\n<p>Bei norwegischen Holzbauten war die Kombination aus Stab- und Blockbau bis zum Ende des 19. Jahrhunderts praktisch die einzige Bauform und bis zum Zweiten Weltkrieg die bei weitem am h\u00e4ufigsten verwendete Bautechnik, als dann die Holzrahmenbauweise die Oberhand gewann und nahezu ausschlie\u00dflich verwendet wurde. Nach dem Krieg wurde die norwegische Blockbau-Tradition durch den Bau von kleinen H\u00fctten, Jagd- und Fischerh\u00fctten in den Bergen aufrechterhalten. Mit dem wirtschaftlichen Aufschwung in den 1970er und 80er Jahren wurde die Tradition des Blockbaus in Norwegen wiederbelebt. Immer mehr Menschen konnten es sich leisten, ein eigenes Haus in den Bergen zu bauen, und sie bauten in dem Stil, den sie bei ihren Besuchen in den Bergen kennengelernt hatten, eine Blockh\u00fctte, da dies den Geb\u00e4uden entsprach, die es in den Bergen bereits gab, n\u00e4mlich den verschiedenen Blockgeb\u00e4uden auf den vielen Bergbauernh\u00f6fen.    <\/p>\n<p>In den sp\u00e4ten 1990er Jahren wollten wir von Sk\u00e5bu Tradisjonsbygg AS den K\u00e4ufern von H\u00fctten etwas mehr als nur Holzrahmenh\u00fctten anbieten. H\u00fctten in Holzrahmenbauweise wurden immer beliebter, aber wir waren der Meinung, dass es ihnen an Charme, Stil und Tradition fehlte. Wir wollten auch modernere Geb\u00e4ude liefern, aber wir wollten, dass sie solide, robust und tief in der norwegischen Bautradition verwurzelt sind, damit sie etwas Echtes und Wiedererkennbares an sich haben. Deshalb haben wir unsere Baumethoden Stabbau und kombinierten Stab-\/Blockbau entwickelt. Dies ist ein Baustil, der das Beste aus der Blockh\u00fctte herausholt: traditionelle Architektur, robuste Bauweise mit Leben und Seele und nachhaltige Materialverwendung, die sich gut in die Natur einf\u00fcgt. Kr\u00e4ftige Boden- und Deckbalken, rustikale Holzpfosten, handbehauene Giebel mit gro\u00dfen Rundholztraufen verleihen unseren H\u00fctten mindestens so viel rustikalen Charme wie eine altmodische Blockh\u00fctte. Bei einer Stab- oder Stab-\/Blockh\u00fctte haben Sie au\u00dferdem weitaus mehr Spielraum f\u00fcr die individuelle Gestaltung des Grundrisses, gro\u00dfe Fenster und moderne Komfortanspr\u00fcche als bei einer Blockh\u00fctte.      <\/p>\n<p><strong><\/strong><\/p>\n<p>[\/et_pb_text][et_pb_button button_url=&#8220;mailto:post@skabutradisjonsbygg.no&#8220; url_new_window=&#8220;on&#8220; button_text=&#8220;Kontaktieren Sie uns f\u00fcr weitere Informationen&#8220; _builder_version=&#8220;4.27.4&#8243; _module_preset=&#8220;default&#8220; global_colors_info=&#8220;{}&#8220;][\/et_pb_button][et_pb_gallery gallery_ids=&#8220;5101,4959,4034,1346&#8243; _builder_version=&#8220;4.27.4&#8243; _module_preset=&#8220;default&#8220; hover_enabled=&#8220;0&#8243; global_colors_info=&#8220;{}&#8220; sticky_enabled=&#8220;0&#8243; show_title_and_caption=&#8220;off&#8220; show_pagination=&#8220;off&#8220;][\/et_pb_gallery][et_pb_text _builder_version=&#8220;4.27.4&#8243; global_colors_info=&#8220;{}&#8220;]<\/p>\n<h2><strong>Nachhaltigkeit und Blockh\u00fctten im Vergleich zu Stab- oder Stab-\/Block-Konstruktionen<\/strong><\/h2>\n<p>Holz ist ein erneuerbares und nachhaltiges Material f\u00fcr H\u00fctten. Eine Blockh\u00fctte hat einen etwas h\u00f6heren Holzanteil als H\u00fctten in Stab- oder Stab-\/Blockbauweise. Andererseits sind diese beiden Bauweisen wesentlich dichter und besser isoliert als eine Blockh\u00fctte und verbraucht daher weniger Energie f\u00fcr Betrieb und Heizung. In einer Stabkonstruktion und einer Stab-\/Blockkontruktion wird die W\u00e4rme in Dachbalken und Holzgiebeln auf die gleiche Weise gespeichert wie in einer Blockh\u00fctte. In einer Blockh\u00fctte speichert das Holz aber auch die K\u00e4lte, die beim Heizen nach au\u00dfen abgestrahlt wird, so dass das Heizen l\u00e4nger dauert und ressourcenintensiver ist als in unseren H\u00fctten. Dieser negative Effekt wird in einer Stab-\/Blockh\u00fctte vermieden, da die W\u00e4nde dicht und gut isoliert sind und daher keine K\u00e4lte speichern, die in den Raum abgestrahlt wird.     <\/p>\n<p>Eine heute gebaute Blockh\u00fctte wird haupts\u00e4chlich in einem osteurop\u00e4ischen Land hergestellt. Das Holz in einer vorgefertigten H\u00fctte hat ein sehr gro\u00dfes Volumen und ein hohes Gewicht. Es wird per Lastwagen und F\u00e4hre nach Norwegen transportiert, und die Zimmerleute kommen mit dem Flugzeug und einem Lieferwagen nach Norwegen, um das Haus zusammenzubauen und fertigzustellen. Dies tr\u00e4gt zu gro\u00dfen Treibhausgasemissionen bei und bedeutet, dass diese Art von H\u00fctten einen relativ gro\u00dfen CO2-Fu\u00dfabdruck hat. Unsere H\u00fctten werden vor Ort von einheimischen Handwerkern und mit einheimischen nachwachsenden Rohstoffen gebaut und sind somit eine nachhaltigere, energiesparende und klimafreundlichere Bauweise. Auch unsere H\u00fctten werden mit dem Lastwagen zur Baustelle transportiert, genau wie die Blockh\u00fctten aus Lettland oder Litauen. Bei den Treibhausgasemissionen besteht jedoch ein gro\u00dfer Unterschied zwischen dem Transport unserer H\u00fctten \u00fcber 30 oder 80 Kilometer von Sk\u00e5bu nach G\u00e5l\u00e5 oder Hafjell und dem Transport einer vorgefertigten H\u00fctte \u00fcber mehrere hundert Kilometer von Lettland nach G\u00e5l\u00e5 oder Hafjell.      <\/p>\n<p><strong>Vor- und Nachteile einer Blockh\u00fctte im Vergleich zu Sk\u00e5bu-H\u00fcttenin Stab- oder Stab-\/Blockbauweise<\/strong><\/p>\n<p><strong> <\/strong><\/p>\n<ol>\n<li>Architektur<\/li>\n<\/ol>\n<p>Eine H\u00fctte in Stab- oder Stab-\/Blockbauweise bietet eine gr\u00f6\u00dfere architektonische Freiheit als eine Blockh\u00fctte, da eine Blockh\u00fctte durch die Verbindungen in allen Ecken und notwendige tragende Holzw\u00e4nde begrenzt ist. H\u00fctten in Stab- oder Stab-\/Blockbauweise sind nicht daran gebunden und k\u00f6nnen Fenster in den Ecken und Raumaufteilungen haben, die nicht durch tragende W\u00e4nde begrenzt sind. <\/p>\n<ol start=\"2\">\n<li>Bautradition<\/li>\n<\/ol>\n<p>Blockbauweise ist eine traditionelle Bauweise aus Russland, wo sie irgendwann nach 500 n. Chr. entstanden ist. Stab- oder Stab-\/Blockbauweise ist eine ausgepr\u00e4gte norwegische Bautradition, die sowohl auf der Steins\u00e4ulenkonstruktion, einer Bauweise aus der Antike mehrere tausend Jahre vor Christus, als auch auf Blockbau basiert. In Norwegen entwickelte sich nach der Wikingerzeit eine ausgepr\u00e4gte norwegische Bautradition, die aus einer Kombination von Block- und Stab-Konstruktionen besteht. Sk\u00e5bu-H\u00fctten beruhen mit ihren Bauweisen damit weitgehend auf Traditionen, die bis in die Antike zur\u00fcckreichen, w\u00e4hrend eine Blockh\u00fctte auf einer 1000-1500 Jahre alten russischen Tradition beruht.   <\/p>\n<ol start=\"3\">\n<li>W\u00e4rmespeicherung<\/li>\n<\/ol>\n<p>Sowohl Blockh\u00fctten als auch Sk\u00e5bu-H\u00fctten speichern W\u00e4rme in den Holzst\u00e4mmen, aber da eine Blockh\u00fctte ein gr\u00f6\u00dferes Volumen an Holz hat, speichert sie mehr W\u00e4rme. Allerdings ben\u00f6tigt eine Blockh\u00fctte viel mehr Energie zum Aufheizen. <\/p>\n<ol start=\"4\">\n<li>Dichtigkeit<\/li>\n<\/ol>\n<p>Eine Sk\u00e5bu-H\u00fctte ist wesentlich luftdichter als eine Blockh\u00fctte und wird daher von Wind und Sturzregen weniger beeintr\u00e4chtigt als eine Blockh\u00fctte. Eine Sk\u00e5bu-H\u00fctte hat mehrere Formen des Schutzes gegen Wind und Wetter, darunter eine Verkleidung, eine Windschutzmembran und Windschutzplatten an den Au\u00dfenw\u00e4nden. Eine Blockh\u00fctte hat nur Holz als Schutz. Holz ist ein lebendiges Material, das nach dem Einbau jahrelang schrumpft, sinkt und sich verzieht. Eine Blockh\u00fctte ist daher etwas anf\u00e4lliger f\u00fcr Zugluft und undichte Stellen in der Konstruktion.     <\/p>\n<ol start=\"5\">\n<li>\u00c4sthetik und Charme<\/li>\n<\/ol>\n<p>Eie sch\u00f6ne Blockh\u00fctte und unsere H\u00fctten in Stab- oder Stab-\/Blockbauweise haben gro\u00dfe \u00e4sthetische Gemeinsamkeiten: robuste Balken\/Pfosten und Dachpfetten, die einen soliden und rustikalen Ausdruck vermitteln. Beide sind gute Vertreter norwegischer Bautraditionen, haben einen einzigartigen Charakter und strahlen f\u00fcr viele einen unverwechselbaren Charme aus. <\/p>\n<ol start=\"6\">\n<li>Umweltfreundlichkeit<\/li>\n<\/ol>\n<p>Ein Blockhaus, das von lokalen Holzf\u00e4llern mit lokalem Holz gebaut und vor Ort errichtet wird, ist wahrscheinlich die nachhaltigste und umweltfreundlichste Art, eine H\u00fctte zu bauen, vorausgesetzt, dass die Erdarbeiten, der Bodenbelag, die Dacheindeckung, die Fenster, die Sanit\u00e4r- und Elektroarbeiten ebenfalls vor Ort mit nachhaltigen Materialien ausgef\u00fchrt werden. Leider wird eine Blockh\u00fctte selten oder nie auf diese Weise gebaut. Meistens wird eine vorgefertigte H\u00fctte in Osteuropa hergestellt und zusammen mit ausl\u00e4ndischen Zimmerleuten und Baumaterialien aus Osteuropa in die norwegischen Berge transportiert. Sk\u00e5bu-H\u00fctten hingegen werden in Sk\u00e5bu mit einheimischem Holz, einheimischen Baumaterialien, einheimischen Zimmerleuten und Subunternehmern hergestellt. Sk\u00e5bu-H\u00fctten enthalten einen sehr hohen Anteil an erneuerbaren Materialien in den Geb\u00e4uden. Eine Sk\u00e5bu-H\u00fctte ist wesentlich umweltfreundlicher und nachhaltiger als eine herk\u00f6mmliche Blockh\u00fctte und hat deutlich geringere Treibhausgasemissionen.     <\/p>\n<ol start=\"7\">\n<li>Leistung der Isolierung<\/li>\n<\/ol>\n<p>In einer Blockh\u00fctte gibt es au\u00dfer dem Holz selbst keine weitere Isolierung in den W\u00e4nden. Die Isolierf\u00e4higkeit des Holzes ist begrenzt, wird aber durch den W\u00e4rmespeichereffekt etwas ausgeglichen. In jedem Fall ist die D\u00e4mmkapazit\u00e4t einer Holzwand deutlich geringer als die einer Sk\u00e5bu-H\u00fctte in Stab- oder Stab-\/Blockbauweise, die mit einer Holzpanelverkleidung, einer Luftschicht, einer doppelten Windsperre, 20 cm D\u00e4mmung, einer inneren Dampfsperre, einer inneren Lattung und einer inneren Kiefernverkleidung ausgestattet ist.  <\/p>\n<p>Obwohl vieles relativ \u00e4hnlich ist, schneidet eine Sk\u00e5bu-H\u00fctte in den meisten F\u00e4llen besser ab als eine Blockh\u00fctte, vor allem wegen der besseren Umweltfreundlichkeit, Dichte und Isolierung.<\/p>\n<p><strong>Wir helfen Ihnen gerne, die beste L\u00f6sung f\u00fcr Sie zu finden!  <\/strong><\/p>\n<p>[\/et_pb_text][et_pb_button button_url=&#8220;mailto:post@skabutradisjonsbygg.no&#8220; url_new_window=&#8220;on&#8220; button_text=&#8220;Kontaktieren Sie uns f\u00fcr weitere Informationen&#8220; _builder_version=&#8220;4.27.4&#8243; _module_preset=&#8220;default&#8220; global_colors_info=&#8220;{}&#8220;][\/et_pb_button][et_pb_image src=&#8220;https:\/\/skabutradisjonsbygg.no\/wp-content\/uploads\/2025\/03\/Hyttemodell-Fefor.jpg&#8220; _builder_version=&#8220;4.27.4&#8243; hover_enabled=&#8220;0&#8243; global_colors_info=&#8220;{}&#8220; title_text=&#8220;Kabinenmodell Fefor in Stangenscheune&#8220; sticky_enabled=&#8220;0&#8243;][\/et_pb_image][\/et_pb_column][\/et_pb_row][\/et_pb_section]<\/p>\n","protected":false},"excerpt":{"rendered":"<p>Blockh\u00fctteBlockh\u00fctte (norw.: laftet hytte)- eine Tradition mit Wurzeln in der norwegischen Kultur Blockh\u00fctten haben in Norwegen eine lange Tradition &#8211; und fast jede alte Blockh\u00fctte ist Teil unseres kulturellen Erbes. Die Blockbau-Technik wird in Norwegen seit Jahrhunderten verwendet, und es ist leicht zu verstehen, warum. Diese traditionelle Bauweise verbindet \u00c4sthetik, Funktionalit\u00e4t und Langlebigkeit und hat [&hellip;]<\/p>\n","protected":false},"author":4,"featured_media":0,"parent":0,"menu_order":0,"comment_status":"closed","ping_status":"closed","template":"","meta":{"_et_pb_use_builder":"on","_et_pb_old_content":"","_et_gb_content_width":"","footnotes":""},"class_list":["post-5912","page","type-page","status-publish","hentry"],"yoast_head":"<!-- This site is optimized with the Yoast SEO plugin v27.2 - https:\/\/yoast.com\/product\/yoast-seo-wordpress\/ -->\n<title>Blockh\u00fctte - Sk\u00e5bu Tradisjonsbygg AS<\/title>\n<meta name=\"robots\" content=\"index, follow, max-snippet:-1, max-image-preview:large, max-video-preview:-1\" \/>\n<link rel=\"canonical\" href=\"https:\/\/skabutradisjonsbygg.no\/de\/loftige-kabine\/\" \/>\n<meta property=\"og:locale\" content=\"de_DE\" \/>\n<meta property=\"og:type\" content=\"article\" \/>\n<meta property=\"og:title\" content=\"Blockh\u00fctte - Sk\u00e5bu Tradisjonsbygg AS\" \/>\n<meta property=\"og:description\" content=\"Blockh\u00fctteBlockh\u00fctte (norw.: laftet hytte)- eine Tradition mit Wurzeln in der norwegischen Kultur Blockh\u00fctten haben in Norwegen eine lange Tradition - und fast jede alte Blockh\u00fctte ist Teil unseres kulturellen Erbes. Die Blockbau-Technik wird in Norwegen seit Jahrhunderten verwendet, und es ist leicht zu verstehen, warum. Diese traditionelle Bauweise verbindet \u00c4sthetik, Funktionalit\u00e4t und Langlebigkeit und hat [&hellip;]\" \/>\n<meta property=\"og:url\" content=\"https:\/\/skabutradisjonsbygg.no\/de\/loftige-kabine\/\" \/>\n<meta property=\"og:site_name\" content=\"Sk\u00e5bu Tradisjonsbygg AS\" \/>\n<meta property=\"article:modified_time\" content=\"2025-05-26T10:56:11+00:00\" \/>\n<meta name=\"twitter:card\" content=\"summary_large_image\" \/>\n<meta name=\"twitter:label1\" content=\"Est. reading time\" \/>\n\t<meta name=\"twitter:data1\" content=\"10\u00a0Minuten\" \/>\n<script type=\"application\/ld+json\" class=\"yoast-schema-graph\">{\"@context\":\"https:\/\/schema.org\",\"@graph\":[{\"@type\":\"WebPage\",\"@id\":\"https:\/\/skabutradisjonsbygg.no\/de\/loftige-kabine\/\",\"url\":\"https:\/\/skabutradisjonsbygg.no\/de\/loftige-kabine\/\",\"name\":\"Blockh\u00fctte - Sk\u00e5bu Tradisjonsbygg AS\",\"isPartOf\":{\"@id\":\"https:\/\/skabutradisjonsbygg.no\/de\/#website\"},\"datePublished\":\"2025-03-03T10:44:17+00:00\",\"dateModified\":\"2025-05-26T10:56:11+00:00\",\"breadcrumb\":{\"@id\":\"https:\/\/skabutradisjonsbygg.no\/de\/loftige-kabine\/#breadcrumb\"},\"inLanguage\":\"de\",\"potentialAction\":[{\"@type\":\"ReadAction\",\"target\":[\"https:\/\/skabutradisjonsbygg.no\/de\/loftige-kabine\/\"]}]},{\"@type\":\"BreadcrumbList\",\"@id\":\"https:\/\/skabutradisjonsbygg.no\/de\/loftige-kabine\/#breadcrumb\",\"itemListElement\":[{\"@type\":\"ListItem\",\"position\":1,\"name\":\"Hjem\",\"item\":\"https:\/\/skabutradisjonsbygg.no\/de\/\"},{\"@type\":\"ListItem\",\"position\":2,\"name\":\"Blockh\u00fctte\"}]},{\"@type\":\"WebSite\",\"@id\":\"https:\/\/skabutradisjonsbygg.no\/de\/#website\",\"url\":\"https:\/\/skabutradisjonsbygg.no\/de\/\",\"name\":\"Sk\u00e5bu Tradisjonsbygg AS\",\"description\":\"Tradisjonelle bygg for mennesker i v\u00e5r egen tid\",\"potentialAction\":[{\"@type\":\"SearchAction\",\"target\":{\"@type\":\"EntryPoint\",\"urlTemplate\":\"https:\/\/skabutradisjonsbygg.no\/de\/?s={search_term_string}\"},\"query-input\":{\"@type\":\"PropertyValueSpecification\",\"valueRequired\":true,\"valueName\":\"search_term_string\"}}],\"inLanguage\":\"de\"}]}<\/script>\n<!-- \/ Yoast SEO plugin. -->","yoast_head_json":{"title":"Blockh\u00fctte - Sk\u00e5bu Tradisjonsbygg AS","robots":{"index":"index","follow":"follow","max-snippet":"max-snippet:-1","max-image-preview":"max-image-preview:large","max-video-preview":"max-video-preview:-1"},"canonical":"https:\/\/skabutradisjonsbygg.no\/de\/loftige-kabine\/","og_locale":"de_DE","og_type":"article","og_title":"Blockh\u00fctte - Sk\u00e5bu Tradisjonsbygg AS","og_description":"Blockh\u00fctteBlockh\u00fctte (norw.: laftet hytte)- eine Tradition mit Wurzeln in der norwegischen Kultur Blockh\u00fctten haben in Norwegen eine lange Tradition - und fast jede alte Blockh\u00fctte ist Teil unseres kulturellen Erbes. Die Blockbau-Technik wird in Norwegen seit Jahrhunderten verwendet, und es ist leicht zu verstehen, warum. Diese traditionelle Bauweise verbindet \u00c4sthetik, Funktionalit\u00e4t und Langlebigkeit und hat [&hellip;]","og_url":"https:\/\/skabutradisjonsbygg.no\/de\/loftige-kabine\/","og_site_name":"Sk\u00e5bu Tradisjonsbygg AS","article_modified_time":"2025-05-26T10:56:11+00:00","twitter_card":"summary_large_image","twitter_misc":{"Est. reading time":"10\u00a0Minuten"},"schema":{"@context":"https:\/\/schema.org","@graph":[{"@type":"WebPage","@id":"https:\/\/skabutradisjonsbygg.no\/de\/loftige-kabine\/","url":"https:\/\/skabutradisjonsbygg.no\/de\/loftige-kabine\/","name":"Blockh\u00fctte - Sk\u00e5bu Tradisjonsbygg AS","isPartOf":{"@id":"https:\/\/skabutradisjonsbygg.no\/de\/#website"},"datePublished":"2025-03-03T10:44:17+00:00","dateModified":"2025-05-26T10:56:11+00:00","breadcrumb":{"@id":"https:\/\/skabutradisjonsbygg.no\/de\/loftige-kabine\/#breadcrumb"},"inLanguage":"de","potentialAction":[{"@type":"ReadAction","target":["https:\/\/skabutradisjonsbygg.no\/de\/loftige-kabine\/"]}]},{"@type":"BreadcrumbList","@id":"https:\/\/skabutradisjonsbygg.no\/de\/loftige-kabine\/#breadcrumb","itemListElement":[{"@type":"ListItem","position":1,"name":"Hjem","item":"https:\/\/skabutradisjonsbygg.no\/de\/"},{"@type":"ListItem","position":2,"name":"Blockh\u00fctte"}]},{"@type":"WebSite","@id":"https:\/\/skabutradisjonsbygg.no\/de\/#website","url":"https:\/\/skabutradisjonsbygg.no\/de\/","name":"Sk\u00e5bu Tradisjonsbygg AS","description":"Tradisjonelle bygg for mennesker i v\u00e5r egen tid","potentialAction":[{"@type":"SearchAction","target":{"@type":"EntryPoint","urlTemplate":"https:\/\/skabutradisjonsbygg.no\/de\/?s={search_term_string}"},"query-input":{"@type":"PropertyValueSpecification","valueRequired":true,"valueName":"search_term_string"}}],"inLanguage":"de"}]}},"_links":{"self":[{"href":"https:\/\/skabutradisjonsbygg.no\/de\/wp-json\/wp\/v2\/pages\/5912","targetHints":{"allow":["GET"]}}],"collection":[{"href":"https:\/\/skabutradisjonsbygg.no\/de\/wp-json\/wp\/v2\/pages"}],"about":[{"href":"https:\/\/skabutradisjonsbygg.no\/de\/wp-json\/wp\/v2\/types\/page"}],"author":[{"embeddable":true,"href":"https:\/\/skabutradisjonsbygg.no\/de\/wp-json\/wp\/v2\/users\/4"}],"replies":[{"embeddable":true,"href":"https:\/\/skabutradisjonsbygg.no\/de\/wp-json\/wp\/v2\/comments?post=5912"}],"version-history":[{"count":0,"href":"https:\/\/skabutradisjonsbygg.no\/de\/wp-json\/wp\/v2\/pages\/5912\/revisions"}],"wp:attachment":[{"href":"https:\/\/skabutradisjonsbygg.no\/de\/wp-json\/wp\/v2\/media?parent=5912"}],"curies":[{"name":"wp","href":"https:\/\/api.w.org\/{rel}","templated":true}]}}