{"id":5906,"date":"2024-04-25T10:53:16","date_gmt":"2024-04-25T08:53:16","guid":{"rendered":"https:\/\/skabuhus.no\/kabinenmodell-gala-bauprozess\/"},"modified":"2025-05-26T12:58:48","modified_gmt":"2025-05-26T10:58:48","slug":"kabinenmodell-gala-bauprozess","status":"publish","type":"page","link":"https:\/\/skabutradisjonsbygg.no\/de\/kabinenmodell-gala-bauprozess\/","title":{"rendered":"H\u00fcttenmodell G\u00e5l\u00e5 &#8211; Bauprozess"},"content":{"rendered":"<p>[et_pb_section fb_built=&#8220;1&#8243; _builder_version=&#8220;4.25.0&#8243; _module_preset=&#8220;default&#8220; global_colors_info=&#8220;{}&#8220;][et_pb_row _builder_version=&#8220;4.25.0&#8243; _module_preset=&#8220;default&#8220; global_colors_info=&#8220;{}&#8220;][et_pb_column type=&#8220;4_4&#8243; _builder_version=&#8220;4.25.0&#8243; _module_preset=&#8220;default&#8220; global_colors_info=&#8220;{}&#8220;][et_pb_text _builder_version=&#8220;4.25.0&#8243; _module_preset=&#8220;default&#8220; global_colors_info=&#8220;{}&#8220;]<\/p>\n<h2 style=\"text-align: center;\">H\u00fcttenmodell G\u00e5l\u00e5 f\u00fcr Kunden gebaut<\/h2>\n<p>[\/et_pb_text][\/et_pb_column][\/et_pb_row][et_pb_row column_structure=&#8220;1_2,1_2&#8243; _builder_version=&#8220;4.25.0&#8243; _module_preset=&#8220;default&#8220; global_colors_info=&#8220;{}&#8220;][et_pb_column type=&#8220;1_2&#8243; _builder_version=&#8220;4.25.0&#8243; _module_preset=&#8220;default&#8220; global_colors_info=&#8220;{}&#8220;][et_pb_image src=&#8220;https:\/\/skabutradisjonsbygg.no\/wp-content\/uploads\/2024\/04\/Fasade-Modell-Gala5.jpg&#8220; title_text=&#8220;Sk\u00e5bu Tradisjonsbygg&#8220; _builder_version=&#8220;4.25.0&#8243; _module_preset=&#8220;default&#8220; hover_enabled=&#8220;0&#8243; global_colors_info=&#8220;{}&#8220; sticky_enabled=&#8220;0&#8243;][\/et_pb_image][\/et_pb_column][et_pb_column type=&#8220;1_2&#8243; _builder_version=&#8220;4.25.0&#8243; _module_preset=&#8220;default&#8220; global_colors_info=&#8220;{}&#8220;][et_pb_image src=&#8220;https:\/\/skabutradisjonsbygg.no\/wp-content\/uploads\/2022\/10\/DSC0390-HDR-1.jpg&#8220; title_text=&#8220;K\u00fcche H\u00fcttenmodell G\u00e5l\u00e5.&#8220; _builder_version=&#8220;4.25.0&#8243; _module_preset=&#8220;default&#8220; global_colors_info=&#8220;{}&#8220;][\/et_pb_image][\/et_pb_column][\/et_pb_row][et_pb_row column_structure=&#8220;1_2,1_2&#8243; _builder_version=&#8220;4.25.0&#8243; _module_preset=&#8220;default&#8220; global_colors_info=&#8220;{}&#8220;][et_pb_column type=&#8220;1_2&#8243; _builder_version=&#8220;4.25.0&#8243; _module_preset=&#8220;default&#8220; global_colors_info=&#8220;{}&#8220;][et_pb_image src=&#8220;https:\/\/skabutradisjonsbygg.no\/wp-content\/uploads\/2022\/10\/DSC0432-HDR-1.jpg&#8220; title_text=&#8220;Wohnzimmer und K\u00fcche im H\u00fcttenmodell G\u00e5l\u00e5.&#8220; _builder_version=&#8220;4.25.0&#8243; _module_preset=&#8220;default&#8220; global_colors_info=&#8220;{}&#8220;][\/et_pb_image][\/et_pb_column][et_pb_column type=&#8220;1_2&#8243; _builder_version=&#8220;4.25.0&#8243; _module_preset=&#8220;default&#8220; global_colors_info=&#8220;{}&#8220;][et_pb_image src=&#8220;https:\/\/skabutradisjonsbygg.no\/wp-content\/uploads\/2024\/04\/Hyttemodell-GalaWEB-5-\u2013-Kopi-scaled.jpg&#8220; title_text=&#8220;Kabinenmodell G\u00e5l\u00e5WEB-5 &#8211; Kopieren&#8220; _builder_version=&#8220;4.25.0&#8243; _module_preset=&#8220;default&#8220; hover_enabled=&#8220;0&#8243; global_colors_info=&#8220;{}&#8220; sticky_enabled=&#8220;0&#8243;][\/et_pb_image][\/et_pb_column][\/et_pb_row][et_pb_row _builder_version=&#8220;4.25.0&#8243; _module_preset=&#8220;default&#8220; global_colors_info=&#8220;{}&#8220;][et_pb_column type=&#8220;4_4&#8243; _builder_version=&#8220;4.25.0&#8243; _module_preset=&#8220;default&#8220; global_colors_info=&#8220;{}&#8220;][et_pb_gallery gallery_ids=&#8220;5036,5016,5017,5018,5019,5020,5021,5022,5023,5024,5025,5026,5027,5028,5030,5031,5032,5033,5029,5034,5035,5037,5038,5039,5040,5041,5042,5043,5044,5045&#8243; posts_number=&#8220;30&#8243; show_title_and_caption=&#8220;off&#8220; show_pagination=&#8220;off&#8220; _builder_version=&#8220;4.25.0&#8243; _module_preset=&#8220;default&#8220; global_colors_info=&#8220;{}&#8220;][\/et_pb_gallery][\/et_pb_column][\/et_pb_row][\/et_pb_section]<\/p>\n","protected":false},"excerpt":{"rendered":"<p>H\u00fcttenmodell G\u00e5l\u00e5 f\u00fcr Kunden gebaut<\/p>\n","protected":false},"author":5,"featured_media":0,"parent":0,"menu_order":0,"comment_status":"closed","ping_status":"closed","template":"","meta":{"_et_pb_use_builder":"on","_et_pb_old_content":"","_et_gb_content_width":"","footnotes":""},"class_list":["post-5906","page","type-page","status-publish","hentry"],"yoast_head":"<!-- This site is optimized with the Yoast SEO plugin v27.2 - https:\/\/yoast.com\/product\/yoast-seo-wordpress\/ -->\n<title>H\u00fcttenmodell G\u00e5l\u00e5 - Bauprozess - Sk\u00e5bu Tradisjonsbygg AS<\/title>\n<meta name=\"description\" content=\"Fotos, die den Bauprozess und das Endergebnis unseres beliebten H\u00fcttenmodells G\u00e5l\u00e5 zeigen. Eine chic eingerichtete H\u00fctte von 80 Quadratmetern mit einem hohen Standard.\" \/>\n<meta name=\"robots\" content=\"index, follow, max-snippet:-1, max-image-preview:large, max-video-preview:-1\" \/>\n<link rel=\"canonical\" href=\"https:\/\/skabutradisjonsbygg.no\/de\/kabinenmodell-gala-bauprozess\/\" \/>\n<meta property=\"og:locale\" content=\"de_DE\" \/>\n<meta property=\"og:type\" content=\"article\" \/>\n<meta property=\"og:title\" content=\"H\u00fcttenmodell G\u00e5l\u00e5 - Bauprozess - Sk\u00e5bu Tradisjonsbygg AS\" \/>\n<meta property=\"og:description\" content=\"Fotos, die den Bauprozess und das Endergebnis unseres beliebten H\u00fcttenmodells G\u00e5l\u00e5 zeigen. Eine chic eingerichtete H\u00fctte von 80 Quadratmetern mit einem hohen Standard.\" \/>\n<meta property=\"og:url\" content=\"https:\/\/skabutradisjonsbygg.no\/de\/kabinenmodell-gala-bauprozess\/\" \/>\n<meta property=\"og:site_name\" content=\"Sk\u00e5bu Tradisjonsbygg AS\" \/>\n<meta property=\"article:modified_time\" content=\"2025-05-26T10:58:48+00:00\" \/>\n<meta name=\"twitter:card\" content=\"summary_large_image\" \/>\n<meta name=\"twitter:label1\" content=\"Est. reading time\" \/>\n\t<meta name=\"twitter:data1\" content=\"2\u00a0Minuten\" \/>\n<script type=\"application\/ld+json\" class=\"yoast-schema-graph\">{\"@context\":\"https:\/\/schema.org\",\"@graph\":[{\"@type\":\"WebPage\",\"@id\":\"https:\/\/skabutradisjonsbygg.no\/de\/kabinenmodell-gala-bauprozess\/\",\"url\":\"https:\/\/skabutradisjonsbygg.no\/de\/kabinenmodell-gala-bauprozess\/\",\"name\":\"H\u00fcttenmodell G\u00e5l\u00e5 - Bauprozess - Sk\u00e5bu Tradisjonsbygg AS\",\"isPartOf\":{\"@id\":\"https:\/\/skabutradisjonsbygg.no\/de\/#website\"},\"datePublished\":\"2024-04-25T08:53:16+00:00\",\"dateModified\":\"2025-05-26T10:58:48+00:00\",\"description\":\"Fotos, die den Bauprozess und das Endergebnis unseres beliebten H\u00fcttenmodells G\u00e5l\u00e5 zeigen. Eine chic eingerichtete H\u00fctte von 80 Quadratmetern mit einem hohen Standard.\",\"breadcrumb\":{\"@id\":\"https:\/\/skabutradisjonsbygg.no\/de\/kabinenmodell-gala-bauprozess\/#breadcrumb\"},\"inLanguage\":\"de\",\"potentialAction\":[{\"@type\":\"ReadAction\",\"target\":[\"https:\/\/skabutradisjonsbygg.no\/de\/kabinenmodell-gala-bauprozess\/\"]}]},{\"@type\":\"BreadcrumbList\",\"@id\":\"https:\/\/skabutradisjonsbygg.no\/de\/kabinenmodell-gala-bauprozess\/#breadcrumb\",\"itemListElement\":[{\"@type\":\"ListItem\",\"position\":1,\"name\":\"Hjem\",\"item\":\"https:\/\/skabutradisjonsbygg.no\/de\/\"},{\"@type\":\"ListItem\",\"position\":2,\"name\":\"H\u00fcttenmodell G\u00e5l\u00e5 &#8211; Bauprozess\"}]},{\"@type\":\"WebSite\",\"@id\":\"https:\/\/skabutradisjonsbygg.no\/de\/#website\",\"url\":\"https:\/\/skabutradisjonsbygg.no\/de\/\",\"name\":\"Sk\u00e5bu Tradisjonsbygg AS\",\"description\":\"Tradisjonelle bygg for mennesker i v\u00e5r egen tid\",\"potentialAction\":[{\"@type\":\"SearchAction\",\"target\":{\"@type\":\"EntryPoint\",\"urlTemplate\":\"https:\/\/skabutradisjonsbygg.no\/de\/?s={search_term_string}\"},\"query-input\":{\"@type\":\"PropertyValueSpecification\",\"valueRequired\":true,\"valueName\":\"search_term_string\"}}],\"inLanguage\":\"de\"}]}<\/script>\n<!-- \/ Yoast SEO plugin. -->","yoast_head_json":{"title":"H\u00fcttenmodell G\u00e5l\u00e5 - Bauprozess - Sk\u00e5bu Tradisjonsbygg AS","description":"Fotos, die den Bauprozess und das Endergebnis unseres beliebten H\u00fcttenmodells G\u00e5l\u00e5 zeigen. Eine chic eingerichtete H\u00fctte von 80 Quadratmetern mit einem hohen Standard.","robots":{"index":"index","follow":"follow","max-snippet":"max-snippet:-1","max-image-preview":"max-image-preview:large","max-video-preview":"max-video-preview:-1"},"canonical":"https:\/\/skabutradisjonsbygg.no\/de\/kabinenmodell-gala-bauprozess\/","og_locale":"de_DE","og_type":"article","og_title":"H\u00fcttenmodell G\u00e5l\u00e5 - Bauprozess - Sk\u00e5bu Tradisjonsbygg AS","og_description":"Fotos, die den Bauprozess und das Endergebnis unseres beliebten H\u00fcttenmodells G\u00e5l\u00e5 zeigen. Eine chic eingerichtete H\u00fctte von 80 Quadratmetern mit einem hohen Standard.","og_url":"https:\/\/skabutradisjonsbygg.no\/de\/kabinenmodell-gala-bauprozess\/","og_site_name":"Sk\u00e5bu Tradisjonsbygg AS","article_modified_time":"2025-05-26T10:58:48+00:00","twitter_card":"summary_large_image","twitter_misc":{"Est. reading time":"2\u00a0Minuten"},"schema":{"@context":"https:\/\/schema.org","@graph":[{"@type":"WebPage","@id":"https:\/\/skabutradisjonsbygg.no\/de\/kabinenmodell-gala-bauprozess\/","url":"https:\/\/skabutradisjonsbygg.no\/de\/kabinenmodell-gala-bauprozess\/","name":"H\u00fcttenmodell G\u00e5l\u00e5 - Bauprozess - Sk\u00e5bu Tradisjonsbygg AS","isPartOf":{"@id":"https:\/\/skabutradisjonsbygg.no\/de\/#website"},"datePublished":"2024-04-25T08:53:16+00:00","dateModified":"2025-05-26T10:58:48+00:00","description":"Fotos, die den Bauprozess und das Endergebnis unseres beliebten H\u00fcttenmodells G\u00e5l\u00e5 zeigen. Eine chic eingerichtete H\u00fctte von 80 Quadratmetern mit einem hohen Standard.","breadcrumb":{"@id":"https:\/\/skabutradisjonsbygg.no\/de\/kabinenmodell-gala-bauprozess\/#breadcrumb"},"inLanguage":"de","potentialAction":[{"@type":"ReadAction","target":["https:\/\/skabutradisjonsbygg.no\/de\/kabinenmodell-gala-bauprozess\/"]}]},{"@type":"BreadcrumbList","@id":"https:\/\/skabutradisjonsbygg.no\/de\/kabinenmodell-gala-bauprozess\/#breadcrumb","itemListElement":[{"@type":"ListItem","position":1,"name":"Hjem","item":"https:\/\/skabutradisjonsbygg.no\/de\/"},{"@type":"ListItem","position":2,"name":"H\u00fcttenmodell G\u00e5l\u00e5 &#8211; Bauprozess"}]},{"@type":"WebSite","@id":"https:\/\/skabutradisjonsbygg.no\/de\/#website","url":"https:\/\/skabutradisjonsbygg.no\/de\/","name":"Sk\u00e5bu Tradisjonsbygg AS","description":"Tradisjonelle bygg for mennesker i v\u00e5r egen tid","potentialAction":[{"@type":"SearchAction","target":{"@type":"EntryPoint","urlTemplate":"https:\/\/skabutradisjonsbygg.no\/de\/?s={search_term_string}"},"query-input":{"@type":"PropertyValueSpecification","valueRequired":true,"valueName":"search_term_string"}}],"inLanguage":"de"}]}},"_links":{"self":[{"href":"https:\/\/skabutradisjonsbygg.no\/de\/wp-json\/wp\/v2\/pages\/5906","targetHints":{"allow":["GET"]}}],"collection":[{"href":"https:\/\/skabutradisjonsbygg.no\/de\/wp-json\/wp\/v2\/pages"}],"about":[{"href":"https:\/\/skabutradisjonsbygg.no\/de\/wp-json\/wp\/v2\/types\/page"}],"author":[{"embeddable":true,"href":"https:\/\/skabutradisjonsbygg.no\/de\/wp-json\/wp\/v2\/users\/5"}],"replies":[{"embeddable":true,"href":"https:\/\/skabutradisjonsbygg.no\/de\/wp-json\/wp\/v2\/comments?post=5906"}],"version-history":[{"count":0,"href":"https:\/\/skabutradisjonsbygg.no\/de\/wp-json\/wp\/v2\/pages\/5906\/revisions"}],"wp:attachment":[{"href":"https:\/\/skabutradisjonsbygg.no\/de\/wp-json\/wp\/v2\/media?parent=5906"}],"curies":[{"name":"wp","href":"https:\/\/api.w.org\/{rel}","templated":true}]}}