{"id":5899,"date":"2024-04-16T13:37:47","date_gmt":"2024-04-16T11:37:47","guid":{"rendered":"https:\/\/skabuhus.no\/projektbilder-skaget-med-hems\/"},"modified":"2025-05-26T13:00:06","modified_gmt":"2025-05-26T11:00:06","slug":"projektbilder-skaget-med-hems","status":"publish","type":"page","link":"https:\/\/skabutradisjonsbygg.no\/de\/projektbilder-skaget-med-hems\/","title":{"rendered":"Projektbilder Skaget mit Dachboden"},"content":{"rendered":"<p>[et_pb_section fb_built=&#8220;1&#8243; custom_padding_last_edited=&#8220;on|phone&#8220; _builder_version=&#8220;4.16&#8243; background_color=&#8220;#ffffff&#8220; custom_padding=&#8220;110px||160px||false|false&#8220; custom_padding_tablet=&#8220;&#8220; custom_padding_phone=&#8220;40px||||false|false&#8220; top_divider_color=&#8220;rgba(81,123,189,0.4)&#8220; top_divider_height=&#8220;90px&#8220; top_divider_flip=&#8220;vertical&#8220; global_colors_info=&#8220;{}&#8220;][et_pb_row custom_padding_last_edited=&#8220;on|desktop&#8220; _builder_version=&#8220;4.16&#8243; custom_padding=&#8220;||0px|||&#8220; custom_padding_tablet=&#8220;&#8220; custom_padding_phone=&#8220;||0px||false|false&#8220; global_colors_info=&#8220;{}&#8220;][et_pb_column type=&#8220;4_4&#8243; _builder_version=&#8220;4.16&#8243; global_colors_info=&#8220;{}&#8220;][et_pb_text _builder_version=&#8220;4.24.3&#8243; text_font=&#8220;||||||||&#8220; header_font=&#8220;||||||||&#8220; global_colors_info=&#8220;{}&#8220;]<\/p>\n<h3 style=\"text-align: center;\">H\u00fcttenmodell Skaget Dachboden, gebaut f\u00fcr einen Kunden<\/h3>\n<p>[\/et_pb_text][\/et_pb_column][\/et_pb_row][et_pb_row _builder_version=&#8220;4.25.0&#8243; _module_preset=&#8220;default&#8220; column_structure=&#8220;1_2,1_2&#8243;][et_pb_column _builder_version=&#8220;4.25.0&#8243; _module_preset=&#8220;default&#8220; type=&#8220;1_2&#8243;][et_pb_image src=&#8220;https:\/\/skabutradisjonsbygg.no\/wp-content\/uploads\/2024\/03\/skabutrad_301123_0837-scaled.jpg&#8220; _builder_version=&#8220;4.25.0&#8243; _module_preset=&#8220;default&#8220; title_text=&#8220;Sk\u00e5bu Tradisjonsbygg&#8220; hover_enabled=&#8220;0&#8243; sticky_enabled=&#8220;0&#8243;][\/et_pb_image][\/et_pb_column][et_pb_column _builder_version=&#8220;4.25.0&#8243; _module_preset=&#8220;default&#8220; type=&#8220;1_2&#8243;][et_pb_image src=&#8220;https:\/\/skabutradisjonsbygg.no\/wp-content\/uploads\/2024\/04\/skabutrad_301123_0816-\u2013-Kopi.jpg&#8220; _builder_version=&#8220;4.25.0&#8243; _module_preset=&#8220;default&#8220; title_text=&#8220;Sk\u00e5bu Tradisjonsbygg&#8220; hover_enabled=&#8220;0&#8243; sticky_enabled=&#8220;0&#8243;][\/et_pb_image][\/et_pb_column][\/et_pb_row][et_pb_row _builder_version=&#8220;4.25.0&#8243; _module_preset=&#8220;default&#8220; column_structure=&#8220;1_2,1_2&#8243;][et_pb_column _builder_version=&#8220;4.25.0&#8243; _module_preset=&#8220;default&#8220; type=&#8220;1_2&#8243;][et_pb_image src=&#8220;https:\/\/skabutradisjonsbygg.no\/wp-content\/uploads\/2024\/04\/Resized-2-5-scaled.jpg&#8220; _builder_version=&#8220;4.25.0&#8243; _module_preset=&#8220;default&#8220; title_text=&#8220;Gem\u00fctliches Bad mit nat\u00fcrlichen Materialien und Spa-Atmosph\u00e4re.&#8220; hover_enabled=&#8220;0&#8243; sticky_enabled=&#8220;0&#8243;][\/et_pb_image][\/et_pb_column][et_pb_column _builder_version=&#8220;4.25.0&#8243; _module_preset=&#8220;default&#8220; type=&#8220;1_2&#8243;][et_pb_image src=&#8220;https:\/\/skabutradisjonsbygg.no\/wp-content\/uploads\/2024\/04\/Resized-3185-scaled.jpg&#8220; _builder_version=&#8220;4.25.0&#8243; _module_preset=&#8220;default&#8220; title_text=&#8220;Das Esszimmer im H\u00fcttenmodell Skaget mit Loft.&#8220; hover_enabled=&#8220;0&#8243; sticky_enabled=&#8220;0&#8243;][\/et_pb_image][\/et_pb_column][\/et_pb_row][et_pb_row custom_padding_last_edited=&#8220;on|phone&#8220; _builder_version=&#8220;4.24.3&#8243; custom_margin=&#8220;90px|auto||auto||&#8220; custom_margin_tablet=&#8220;&#8220; custom_margin_phone=&#8220;40px||||false|false&#8220; custom_margin_last_edited=&#8220;on|phone&#8220; custom_padding=&#8220;0px||60px||false|false&#8220; custom_padding_tablet=&#8220;&#8220; custom_padding_phone=&#8220;||10px||false|false&#8220; global_colors_info=&#8220;{}&#8220;][et_pb_column type=&#8220;4_4&#8243; _builder_version=&#8220;4.16&#8243; global_colors_info=&#8220;{}&#8220;][et_pb_gallery gallery_ids=&#8220;4988,4998,4997,4974,4973,4972,4971,4989,4983,4984,4991,4992,4979,4994,4995,4993,4976,4975,4980,4987,4986,4981,5000,5001,5002,5003,5004,5005,5006,5007&#8243; posts_number=&#8220;30&#8243; show_title_and_caption=&#8220;off&#8220; show_pagination=&#8220;off&#8220; _builder_version=&#8220;4.24.3&#8243; _module_preset=&#8220;default&#8220; global_colors_info=&#8220;{}&#8220;][\/et_pb_gallery][\/et_pb_column][\/et_pb_row][\/et_pb_section]<\/p>\n","protected":false},"excerpt":{"rendered":"<p>H\u00fcttenmodell Skaget Dachboden, gebaut f\u00fcr einen Kunden<\/p>\n","protected":false},"author":5,"featured_media":0,"parent":0,"menu_order":0,"comment_status":"closed","ping_status":"closed","template":"","meta":{"_et_pb_use_builder":"on","_et_pb_old_content":"","_et_gb_content_width":"","footnotes":""},"class_list":["post-5899","page","type-page","status-publish","hentry"],"yoast_head":"<!-- This site is optimized with the Yoast SEO plugin v27.5 - https:\/\/yoast.com\/product\/yoast-seo-wordpress\/ -->\n<title>Projektbilder Skaget mit Dachboden - Sk\u00e5bu Tradisjonsbygg AS<\/title>\n<meta name=\"robots\" content=\"index, follow, max-snippet:-1, max-image-preview:large, max-video-preview:-1\" \/>\n<link rel=\"canonical\" href=\"https:\/\/skabutradisjonsbygg.no\/de\/projektbilder-skaget-med-hems\/\" \/>\n<meta property=\"og:locale\" content=\"de_DE\" \/>\n<meta property=\"og:type\" content=\"article\" \/>\n<meta property=\"og:title\" content=\"Projektbilder Skaget mit Dachboden - Sk\u00e5bu Tradisjonsbygg AS\" \/>\n<meta property=\"og:description\" content=\"H\u00fcttenmodell Skaget Dachboden, gebaut f\u00fcr einen Kunden\" \/>\n<meta property=\"og:url\" content=\"https:\/\/skabutradisjonsbygg.no\/de\/projektbilder-skaget-med-hems\/\" \/>\n<meta property=\"og:site_name\" content=\"Sk\u00e5bu Tradisjonsbygg AS\" \/>\n<meta property=\"article:modified_time\" content=\"2025-05-26T11:00:06+00:00\" \/>\n<meta name=\"twitter:card\" content=\"summary_large_image\" \/>\n<meta name=\"twitter:label1\" content=\"Est. reading time\" \/>\n\t<meta name=\"twitter:data1\" content=\"2\u00a0Minuten\" \/>\n<script type=\"application\/ld+json\" class=\"yoast-schema-graph\">{\"@context\":\"https:\\\/\\\/schema.org\",\"@graph\":[{\"@type\":\"WebPage\",\"@id\":\"https:\\\/\\\/skabutradisjonsbygg.no\\\/de\\\/projektbilder-skaget-med-hems\\\/\",\"url\":\"https:\\\/\\\/skabutradisjonsbygg.no\\\/de\\\/projektbilder-skaget-med-hems\\\/\",\"name\":\"Projektbilder Skaget mit Dachboden - Sk\u00e5bu Tradisjonsbygg AS\",\"isPartOf\":{\"@id\":\"https:\\\/\\\/skabutradisjonsbygg.no\\\/de\\\/#website\"},\"datePublished\":\"2024-04-16T11:37:47+00:00\",\"dateModified\":\"2025-05-26T11:00:06+00:00\",\"breadcrumb\":{\"@id\":\"https:\\\/\\\/skabutradisjonsbygg.no\\\/de\\\/projektbilder-skaget-med-hems\\\/#breadcrumb\"},\"inLanguage\":\"de\",\"potentialAction\":[{\"@type\":\"ReadAction\",\"target\":[\"https:\\\/\\\/skabutradisjonsbygg.no\\\/de\\\/projektbilder-skaget-med-hems\\\/\"]}]},{\"@type\":\"BreadcrumbList\",\"@id\":\"https:\\\/\\\/skabutradisjonsbygg.no\\\/de\\\/projektbilder-skaget-med-hems\\\/#breadcrumb\",\"itemListElement\":[{\"@type\":\"ListItem\",\"position\":1,\"name\":\"Hjem\",\"item\":\"https:\\\/\\\/skabutradisjonsbygg.no\\\/de\\\/\"},{\"@type\":\"ListItem\",\"position\":2,\"name\":\"Projektbilder Skaget mit Dachboden\"}]},{\"@type\":\"WebSite\",\"@id\":\"https:\\\/\\\/skabutradisjonsbygg.no\\\/de\\\/#website\",\"url\":\"https:\\\/\\\/skabutradisjonsbygg.no\\\/de\\\/\",\"name\":\"Sk\u00e5bu Tradisjonsbygg AS\",\"description\":\"Tradisjonelle bygg for mennesker i v\u00e5r egen tid\",\"potentialAction\":[{\"@type\":\"SearchAction\",\"target\":{\"@type\":\"EntryPoint\",\"urlTemplate\":\"https:\\\/\\\/skabutradisjonsbygg.no\\\/de\\\/?s={search_term_string}\"},\"query-input\":{\"@type\":\"PropertyValueSpecification\",\"valueRequired\":true,\"valueName\":\"search_term_string\"}}],\"inLanguage\":\"de\"}]}<\/script>\n<!-- \/ Yoast SEO plugin. -->","yoast_head_json":{"title":"Projektbilder Skaget mit Dachboden - Sk\u00e5bu Tradisjonsbygg AS","robots":{"index":"index","follow":"follow","max-snippet":"max-snippet:-1","max-image-preview":"max-image-preview:large","max-video-preview":"max-video-preview:-1"},"canonical":"https:\/\/skabutradisjonsbygg.no\/de\/projektbilder-skaget-med-hems\/","og_locale":"de_DE","og_type":"article","og_title":"Projektbilder Skaget mit Dachboden - Sk\u00e5bu Tradisjonsbygg AS","og_description":"H\u00fcttenmodell Skaget Dachboden, gebaut f\u00fcr einen Kunden","og_url":"https:\/\/skabutradisjonsbygg.no\/de\/projektbilder-skaget-med-hems\/","og_site_name":"Sk\u00e5bu Tradisjonsbygg AS","article_modified_time":"2025-05-26T11:00:06+00:00","twitter_card":"summary_large_image","twitter_misc":{"Est. reading time":"2\u00a0Minuten"},"schema":{"@context":"https:\/\/schema.org","@graph":[{"@type":"WebPage","@id":"https:\/\/skabutradisjonsbygg.no\/de\/projektbilder-skaget-med-hems\/","url":"https:\/\/skabutradisjonsbygg.no\/de\/projektbilder-skaget-med-hems\/","name":"Projektbilder Skaget mit Dachboden - Sk\u00e5bu Tradisjonsbygg AS","isPartOf":{"@id":"https:\/\/skabutradisjonsbygg.no\/de\/#website"},"datePublished":"2024-04-16T11:37:47+00:00","dateModified":"2025-05-26T11:00:06+00:00","breadcrumb":{"@id":"https:\/\/skabutradisjonsbygg.no\/de\/projektbilder-skaget-med-hems\/#breadcrumb"},"inLanguage":"de","potentialAction":[{"@type":"ReadAction","target":["https:\/\/skabutradisjonsbygg.no\/de\/projektbilder-skaget-med-hems\/"]}]},{"@type":"BreadcrumbList","@id":"https:\/\/skabutradisjonsbygg.no\/de\/projektbilder-skaget-med-hems\/#breadcrumb","itemListElement":[{"@type":"ListItem","position":1,"name":"Hjem","item":"https:\/\/skabutradisjonsbygg.no\/de\/"},{"@type":"ListItem","position":2,"name":"Projektbilder Skaget mit Dachboden"}]},{"@type":"WebSite","@id":"https:\/\/skabutradisjonsbygg.no\/de\/#website","url":"https:\/\/skabutradisjonsbygg.no\/de\/","name":"Sk\u00e5bu Tradisjonsbygg AS","description":"Tradisjonelle bygg for mennesker i v\u00e5r egen tid","potentialAction":[{"@type":"SearchAction","target":{"@type":"EntryPoint","urlTemplate":"https:\/\/skabutradisjonsbygg.no\/de\/?s={search_term_string}"},"query-input":{"@type":"PropertyValueSpecification","valueRequired":true,"valueName":"search_term_string"}}],"inLanguage":"de"}]}},"_links":{"self":[{"href":"https:\/\/skabutradisjonsbygg.no\/de\/wp-json\/wp\/v2\/pages\/5899","targetHints":{"allow":["GET"]}}],"collection":[{"href":"https:\/\/skabutradisjonsbygg.no\/de\/wp-json\/wp\/v2\/pages"}],"about":[{"href":"https:\/\/skabutradisjonsbygg.no\/de\/wp-json\/wp\/v2\/types\/page"}],"author":[{"embeddable":true,"href":"https:\/\/skabutradisjonsbygg.no\/de\/wp-json\/wp\/v2\/users\/5"}],"replies":[{"embeddable":true,"href":"https:\/\/skabutradisjonsbygg.no\/de\/wp-json\/wp\/v2\/comments?post=5899"}],"version-history":[{"count":0,"href":"https:\/\/skabutradisjonsbygg.no\/de\/wp-json\/wp\/v2\/pages\/5899\/revisions"}],"wp:attachment":[{"href":"https:\/\/skabutradisjonsbygg.no\/de\/wp-json\/wp\/v2\/media?parent=5899"}],"curies":[{"name":"wp","href":"https:\/\/api.w.org\/{rel}","templated":true}]}}